{"id":8455,"date":"2019-12-12T16:49:13","date_gmt":"2019-12-20T18:16:40","guid":{"rendered":"https:\/\/www.centre-region.eu\/product\/fsc-protection-de-telephone\/"},"modified":"2020-07-25T08:09:08","modified_gmt":"2020-07-25T08:09:08","slug":"fsc-telephone-protection","status":"publish","type":"product","link":"https:\/\/centre-region.eu\/fr\/produit\/fsc-telephone-protection\/","title":{"rendered":"CORRECTEUR D\u2019\u00c9TAT FONCTIONNEL \u00ab EMF TELEPHONE PROTECTION \u00bb"},"content":{"rendered":"","protected":false},"excerpt":{"rendered":"<p>Le CEF \u00ab PATCH ANTI ONDES \u00bb<strong> <\/strong>a \u00e9t\u00e9 cr\u00e9\u00e9 pour prot\u00e9ger son utilisateur des ondes \u00e9lectromagn\u00e9tiques \u00e9mises par son t\u00e9l\u00e9phone.<\/p>\n<p>C\u2019est<strong> <\/strong>un mince bloc de silicone autocollant avec \u00e0 l\u2019int\u00e9rieur un \u00e9l\u00e9ment actif qui peut \u00eatre qualifi\u00e9 de mini-CEF. Il peut \u00eatre coll\u00e9 \u00e0 l\u2019arri\u00e8re de votre t\u00e9l\u00e9phone, tablette ou ordinateur portable.<\/p>\n<p>Dimensions : diam\u00e8tre \u2013 3 cm, \u00e9paisseur \u2013 3 mm.<\/p>\n","protected":false},"featured_media":8342,"comment_status":"open","ping_status":"closed","template":"","meta":{"site-sidebar-layout":"no-sidebar","site-content-layout":"page-builder","ast-global-header-display":"","ast-main-header-display":"","ast-hfb-above-header-display":"","ast-hfb-below-header-display":"","ast-hfb-mobile-header-display":"","site-post-title":"disabled","ast-breadcrumbs-content":"","ast-featured-img":"disabled","footer-sml-layout":"","theme-transparent-header-meta":"default","adv-header-id-meta":"","stick-header-meta":"","header-above-stick-meta":"","header-main-stick-meta":"","header-below-stick-meta":""},"product_cat":[141],"product_tag":[],"class_list":{"0":"post-8455","1":"product","2":"type-product","3":"status-publish","4":"has-post-thumbnail","6":"product_cat-accessoires","7":"desktop-align-center","8":"tablet-align-center","9":"mobile-align-center","10":"ast-product-gallery-layout-horizontal-slider","11":"ast-magnify-disabled","12":"ast-product-tabs-layout-horizontal","14":"first","15":"outofstock","16":"taxable","17":"shipping-taxable","18":"purchasable","19":"product-type-simple","20":"add-to-wishlist-after_add_to_cart"},"acf":[],"yoast_head":"<!-- This site is optimized with the Yoast SEO plugin v22.2 - https:\/\/yoast.com\/wordpress\/plugins\/seo\/ -->\n<title>Acheter CORRECTEUR D\u2019\u00c9TAT FONCTIONNEL \u00ab EMF TELEPHONE PROTECTION \u00bb \u2014 Prix \u2705 \u200b\u200bet Photo - Centre-Region<\/title>\n<meta name=\"description\" content=\"Le meilleur prix pour la plaque de Koltsov \u23e9CORRECTEUR D\u2019\u00c9TAT FONCTIONNEL \u00ab EMF TELEPHONE PROTECTION \u00bb\u23ea protection contre Ondes \u00c9lectromagn\u00e9tiques 4G, 5G, Wi-Fi dans notre boutique en ligne! 10% de r\u00e9duction sur votre premi\u00e8re commande | Distributeur officiel | Livraison Mondiale | Commandez maintenant!\" \/>\n<meta name=\"robots\" content=\"index, follow, max-snippet:-1, max-image-preview:large, max-video-preview:-1\" \/>\n<link rel=\"canonical\" href=\"https:\/\/centre-region.eu\/fr\/produit\/fsc-telephone-protection\/\" \/>\n<meta property=\"og:locale\" content=\"fr_FR\" \/>\n<meta property=\"og:type\" content=\"article\" \/>\n<meta property=\"og:title\" content=\"Acheter CORRECTEUR D\u2019\u00c9TAT FONCTIONNEL \u00ab EMF TELEPHONE PROTECTION \u00bb \u2014 Prix \u2705 \u200b\u200bet Photo - Centre-Region\" \/>\n<meta property=\"og:description\" content=\"Le meilleur prix pour la plaque de Koltsov \u23e9CORRECTEUR D\u2019\u00c9TAT FONCTIONNEL \u00ab EMF TELEPHONE PROTECTION \u00bb\u23ea protection contre Ondes \u00c9lectromagn\u00e9tiques 4G, 5G, Wi-Fi dans notre boutique en ligne! 10% de r\u00e9duction sur votre premi\u00e8re commande | Distributeur officiel | Livraison Mondiale | Commandez maintenant!\" \/>\n<meta property=\"og:url\" content=\"https:\/\/centre-region.eu\/fr\/produit\/fsc-telephone-protection\/\" \/>\n<meta property=\"og:site_name\" content=\"Centre-Region\" \/>\n<meta property=\"article:modified_time\" content=\"2020-07-25T08:09:08+00:00\" \/>\n<meta property=\"og:image\" content=\"https:\/\/centre-region.eu\/wp-content\/uploads\/2019\/12\/Protect-tel-1.jpg\" \/>\n\t<meta property=\"og:image:width\" content=\"600\" \/>\n\t<meta property=\"og:image:height\" content=\"600\" \/>\n\t<meta property=\"og:image:type\" content=\"image\/jpeg\" \/>\n<meta name=\"twitter:card\" content=\"summary_large_image\" \/>\n<script type=\"application\/ld+json\" class=\"yoast-schema-graph\">{\"@context\":\"https:\/\/schema.org\",\"@graph\":[{\"@type\":\"WebPage\",\"@id\":\"https:\/\/centre-region.eu\/fr\/produit\/fsc-telephone-protection\/\",\"url\":\"https:\/\/centre-region.eu\/fr\/produit\/fsc-telephone-protection\/\",\"name\":\"Acheter CORRECTEUR D\u2019\u00c9TAT FONCTIONNEL \u00ab EMF TELEPHONE PROTECTION \u00bb \u2014 Prix \u2705 \u200b\u200bet Photo - Centre-Region\",\"isPartOf\":{\"@id\":\"https:\/\/centre-region.eu\/fr\/#website\"},\"primaryImageOfPage\":{\"@id\":\"https:\/\/centre-region.eu\/fr\/produit\/fsc-telephone-protection\/#primaryimage\"},\"image\":{\"@id\":\"https:\/\/centre-region.eu\/fr\/produit\/fsc-telephone-protection\/#primaryimage\"},\"thumbnailUrl\":\"https:\/\/centre-region.eu\/wp-content\/uploads\/2019\/12\/Protect-tel-1.jpg\",\"datePublished\":\"2019-12-20T18:16:40+00:00\",\"dateModified\":\"2020-07-25T08:09:08+00:00\",\"description\":\"Le meilleur prix pour la plaque de Koltsov \u23e9CORRECTEUR D\u2019\u00c9TAT FONCTIONNEL \u00ab EMF TELEPHONE PROTECTION \u00bb\u23ea protection contre Ondes \u00c9lectromagn\u00e9tiques 4G, 5G, Wi-Fi dans notre boutique en ligne! 10% de r\u00e9duction sur votre premi\u00e8re commande | Distributeur officiel | Livraison Mondiale | Commandez maintenant!\",\"breadcrumb\":{\"@id\":\"https:\/\/centre-region.eu\/fr\/produit\/fsc-telephone-protection\/#breadcrumb\"},\"inLanguage\":\"fr-FR\",\"potentialAction\":[{\"@type\":\"ReadAction\",\"target\":[\"https:\/\/centre-region.eu\/fr\/produit\/fsc-telephone-protection\/\"]}]},{\"@type\":\"ImageObject\",\"inLanguage\":\"fr-FR\",\"@id\":\"https:\/\/centre-region.eu\/fr\/produit\/fsc-telephone-protection\/#primaryimage\",\"url\":\"https:\/\/centre-region.eu\/wp-content\/uploads\/2019\/12\/Protect-tel-1.jpg\",\"contentUrl\":\"https:\/\/centre-region.eu\/wp-content\/uploads\/2019\/12\/Protect-tel-1.jpg\",\"width\":600,\"height\":600},{\"@type\":\"BreadcrumbList\",\"@id\":\"https:\/\/centre-region.eu\/fr\/produit\/fsc-telephone-protection\/#breadcrumb\",\"itemListElement\":[{\"@type\":\"ListItem\",\"position\":1,\"name\":\"Home\",\"item\":\"https:\/\/centre-region.eu\/fr\/\"},{\"@type\":\"ListItem\",\"position\":2,\"name\":\"Boutique\",\"item\":\"https:\/\/centre-region.eu\/fr\/boutique\/\"},{\"@type\":\"ListItem\",\"position\":3,\"name\":\"CORRECTEUR D\u2019\u00c9TAT FONCTIONNEL \u00ab EMF TELEPHONE PROTECTION \u00bb\"}]},{\"@type\":\"WebSite\",\"@id\":\"https:\/\/centre-region.eu\/fr\/#website\",\"url\":\"https:\/\/centre-region.eu\/fr\/\",\"name\":\"Centre-Region\",\"description\":\"official European representative of the \u00abCentre Region\u00bb company\",\"publisher\":{\"@id\":\"https:\/\/centre-region.eu\/fr\/#organization\"},\"potentialAction\":[{\"@type\":\"SearchAction\",\"target\":{\"@type\":\"EntryPoint\",\"urlTemplate\":\"https:\/\/centre-region.eu\/fr\/?s={search_term_string}\"},\"query-input\":\"required name=search_term_string\"}],\"inLanguage\":\"fr-FR\"},{\"@type\":\"Organization\",\"@id\":\"https:\/\/centre-region.eu\/fr\/#organization\",\"name\":\"Centre-Region\",\"url\":\"https:\/\/centre-region.eu\/fr\/\",\"logo\":{\"@type\":\"ImageObject\",\"inLanguage\":\"fr-FR\",\"@id\":\"https:\/\/centre-region.eu\/fr\/#\/schema\/logo\/image\/\",\"url\":\"https:\/\/centre-region.eu\/wp-content\/uploads\/2019\/11\/Logo-Centre-Region-eu-5-1.svg\",\"contentUrl\":\"https:\/\/centre-region.eu\/wp-content\/uploads\/2019\/11\/Logo-Centre-Region-eu-5-1.svg\",\"caption\":\"Centre-Region\"},\"image\":{\"@id\":\"https:\/\/centre-region.eu\/fr\/#\/schema\/logo\/image\/\"}}]}<\/script>\n<!-- \/ Yoast SEO plugin. -->","yoast_head_json":{"title":"Acheter CORRECTEUR D\u2019\u00c9TAT FONCTIONNEL \u00ab EMF TELEPHONE PROTECTION \u00bb \u2014 Prix \u2705 \u200b\u200bet Photo - Centre-Region","description":"Le meilleur prix pour la plaque de Koltsov \u23e9CORRECTEUR D\u2019\u00c9TAT FONCTIONNEL \u00ab EMF TELEPHONE PROTECTION \u00bb\u23ea protection contre Ondes \u00c9lectromagn\u00e9tiques 4G, 5G, Wi-Fi dans notre boutique en ligne! 10% de r\u00e9duction sur votre premi\u00e8re commande | Distributeur officiel | Livraison Mondiale | Commandez maintenant!","robots":{"index":"index","follow":"follow","max-snippet":"max-snippet:-1","max-image-preview":"max-image-preview:large","max-video-preview":"max-video-preview:-1"},"canonical":"https:\/\/centre-region.eu\/fr\/produit\/fsc-telephone-protection\/","og_locale":"fr_FR","og_type":"article","og_title":"Acheter CORRECTEUR D\u2019\u00c9TAT FONCTIONNEL \u00ab EMF TELEPHONE PROTECTION \u00bb \u2014 Prix \u2705 \u200b\u200bet Photo - Centre-Region","og_description":"Le meilleur prix pour la plaque de Koltsov \u23e9CORRECTEUR D\u2019\u00c9TAT FONCTIONNEL \u00ab EMF TELEPHONE PROTECTION \u00bb\u23ea protection contre Ondes \u00c9lectromagn\u00e9tiques 4G, 5G, Wi-Fi dans notre boutique en ligne! 10% de r\u00e9duction sur votre premi\u00e8re commande | Distributeur officiel | Livraison Mondiale | Commandez maintenant!","og_url":"https:\/\/centre-region.eu\/fr\/produit\/fsc-telephone-protection\/","og_site_name":"Centre-Region","article_modified_time":"2020-07-25T08:09:08+00:00","og_image":[{"width":600,"height":600,"url":"https:\/\/centre-region.eu\/wp-content\/uploads\/2019\/12\/Protect-tel-1.jpg","type":"image\/jpeg"}],"twitter_card":"summary_large_image","schema":{"@context":"https:\/\/schema.org","@graph":[{"@type":"WebPage","@id":"https:\/\/centre-region.eu\/fr\/produit\/fsc-telephone-protection\/","url":"https:\/\/centre-region.eu\/fr\/produit\/fsc-telephone-protection\/","name":"Acheter CORRECTEUR D\u2019\u00c9TAT FONCTIONNEL \u00ab EMF TELEPHONE PROTECTION \u00bb \u2014 Prix \u2705 \u200b\u200bet Photo - Centre-Region","isPartOf":{"@id":"https:\/\/centre-region.eu\/fr\/#website"},"primaryImageOfPage":{"@id":"https:\/\/centre-region.eu\/fr\/produit\/fsc-telephone-protection\/#primaryimage"},"image":{"@id":"https:\/\/centre-region.eu\/fr\/produit\/fsc-telephone-protection\/#primaryimage"},"thumbnailUrl":"https:\/\/centre-region.eu\/wp-content\/uploads\/2019\/12\/Protect-tel-1.jpg","datePublished":"2019-12-20T18:16:40+00:00","dateModified":"2020-07-25T08:09:08+00:00","description":"Le meilleur prix pour la plaque de Koltsov \u23e9CORRECTEUR D\u2019\u00c9TAT FONCTIONNEL \u00ab EMF TELEPHONE PROTECTION \u00bb\u23ea protection contre Ondes \u00c9lectromagn\u00e9tiques 4G, 5G, Wi-Fi dans notre boutique en ligne! 10% de r\u00e9duction sur votre premi\u00e8re commande | Distributeur officiel | Livraison Mondiale | Commandez maintenant!","breadcrumb":{"@id":"https:\/\/centre-region.eu\/fr\/produit\/fsc-telephone-protection\/#breadcrumb"},"inLanguage":"fr-FR","potentialAction":[{"@type":"ReadAction","target":["https:\/\/centre-region.eu\/fr\/produit\/fsc-telephone-protection\/"]}]},{"@type":"ImageObject","inLanguage":"fr-FR","@id":"https:\/\/centre-region.eu\/fr\/produit\/fsc-telephone-protection\/#primaryimage","url":"https:\/\/centre-region.eu\/wp-content\/uploads\/2019\/12\/Protect-tel-1.jpg","contentUrl":"https:\/\/centre-region.eu\/wp-content\/uploads\/2019\/12\/Protect-tel-1.jpg","width":600,"height":600},{"@type":"BreadcrumbList","@id":"https:\/\/centre-region.eu\/fr\/produit\/fsc-telephone-protection\/#breadcrumb","itemListElement":[{"@type":"ListItem","position":1,"name":"Home","item":"https:\/\/centre-region.eu\/fr\/"},{"@type":"ListItem","position":2,"name":"Boutique","item":"https:\/\/centre-region.eu\/fr\/boutique\/"},{"@type":"ListItem","position":3,"name":"CORRECTEUR D\u2019\u00c9TAT FONCTIONNEL \u00ab EMF TELEPHONE PROTECTION \u00bb"}]},{"@type":"WebSite","@id":"https:\/\/centre-region.eu\/fr\/#website","url":"https:\/\/centre-region.eu\/fr\/","name":"Centre-Region","description":"official European representative of the \u00abCentre Region\u00bb company","publisher":{"@id":"https:\/\/centre-region.eu\/fr\/#organization"},"potentialAction":[{"@type":"SearchAction","target":{"@type":"EntryPoint","urlTemplate":"https:\/\/centre-region.eu\/fr\/?s={search_term_string}"},"query-input":"required name=search_term_string"}],"inLanguage":"fr-FR"},{"@type":"Organization","@id":"https:\/\/centre-region.eu\/fr\/#organization","name":"Centre-Region","url":"https:\/\/centre-region.eu\/fr\/","logo":{"@type":"ImageObject","inLanguage":"fr-FR","@id":"https:\/\/centre-region.eu\/fr\/#\/schema\/logo\/image\/","url":"https:\/\/centre-region.eu\/wp-content\/uploads\/2019\/11\/Logo-Centre-Region-eu-5-1.svg","contentUrl":"https:\/\/centre-region.eu\/wp-content\/uploads\/2019\/11\/Logo-Centre-Region-eu-5-1.svg","caption":"Centre-Region"},"image":{"@id":"https:\/\/centre-region.eu\/fr\/#\/schema\/logo\/image\/"}}]}},"_links":{"self":[{"href":"https:\/\/centre-region.eu\/fr\/wp-json\/wp\/v2\/product\/8455","targetHints":{"allow":["GET"]}}],"collection":[{"href":"https:\/\/centre-region.eu\/fr\/wp-json\/wp\/v2\/product"}],"about":[{"href":"https:\/\/centre-region.eu\/fr\/wp-json\/wp\/v2\/types\/product"}],"replies":[{"embeddable":true,"href":"https:\/\/centre-region.eu\/fr\/wp-json\/wp\/v2\/comments?post=8455"}],"version-history":[{"count":4,"href":"https:\/\/centre-region.eu\/fr\/wp-json\/wp\/v2\/product\/8455\/revisions"}],"predecessor-version":[{"id":13853,"href":"https:\/\/centre-region.eu\/fr\/wp-json\/wp\/v2\/product\/8455\/revisions\/13853"}],"wp:featuredmedia":[{"embeddable":true,"href":"https:\/\/centre-region.eu\/fr\/wp-json\/wp\/v2\/media\/8342"}],"wp:attachment":[{"href":"https:\/\/centre-region.eu\/fr\/wp-json\/wp\/v2\/media?parent=8455"}],"wp:term":[{"taxonomy":"product_cat","embeddable":true,"href":"https:\/\/centre-region.eu\/fr\/wp-json\/wp\/v2\/product_cat?post=8455"},{"taxonomy":"product_tag","embeddable":true,"href":"https:\/\/centre-region.eu\/fr\/wp-json\/wp\/v2\/product_tag?post=8455"}],"curies":[{"name":"wp","href":"https:\/\/api.w.org\/{rel}","templated":true}]}}