{"id":25462,"date":"2023-03-12T19:11:36","date_gmt":"2023-03-12T19:21:38","guid":{"rendered":"https:\/\/centre-region.eu\/?post_type=product&#038;p=25462"},"modified":"2023-03-12T19:47:54","modified_gmt":"2023-03-12T19:47:54","slug":"cef-bracelet-pacificateur","status":"publish","type":"product","link":"https:\/\/centre-region.eu\/fr\/produit\/cef-bracelet-pacificateur\/","title":{"rendered":"CORRECTEUR D\u2019\u00c9TAT FONCTIONNEL-BRACELET \u00abD\u00c9FENSEUR\u00bb"},"content":{"rendered":"","protected":false},"excerpt":{"rendered":"<p>promeut un espace s\u00fbr pour prot\u00e9ger la vie et la sant\u00e9, en vous aidant \u00e0 obtenir de l&#8217;aide lorsque vous en avez besoin<\/p>\n","protected":false},"featured_media":8322,"comment_status":"open","ping_status":"closed","template":"","meta":{"site-sidebar-layout":"default","site-content-layout":"default","ast-global-header-display":"","ast-main-header-display":"","ast-hfb-above-header-display":"","ast-hfb-below-header-display":"","ast-hfb-mobile-header-display":"","site-post-title":"","ast-breadcrumbs-content":"","ast-featured-img":"","footer-sml-layout":"","theme-transparent-header-meta":"default","adv-header-id-meta":"","stick-header-meta":"","header-above-stick-meta":"","header-main-stick-meta":"","header-below-stick-meta":""},"product_cat":[165],"product_tag":[],"class_list":{"0":"post-25462","1":"product","2":"type-product","3":"status-publish","4":"has-post-thumbnail","6":"product_cat-cef-bracelets-fr","7":"desktop-align-center","8":"tablet-align-center","9":"mobile-align-center","10":"ast-product-gallery-layout-horizontal-slider","11":"ast-magnify-disabled","12":"ast-product-tabs-layout-horizontal","14":"first","15":"instock","16":"sale","17":"taxable","18":"shipping-taxable","19":"purchasable","20":"product-type-simple","21":"add-to-wishlist-after_add_to_cart"},"acf":[],"yoast_head":"<!-- This site is optimized with the Yoast SEO plugin v22.2 - https:\/\/yoast.com\/wordpress\/plugins\/seo\/ -->\n<title>Acheter CORRECTEUR D\u2019\u00c9TAT FONCTIONNEL-BRACELET \u00abD\u00c9FENSEUR\u00bb \u2014 Prix \u2705 \u200b\u200bet Photo - Centre-Region<\/title>\n<meta name=\"description\" content=\"Bester Preis f\u00fcr \u23e9CORRECTEUR D\u2019\u00c9TAT FONCTIONNEL-BRACELET \u00abD\u00c9FENSEUR\u00bb \u23ea zum Schutz vor EMF, 4G, 5G in unserem Online-Shop! Weltweite Lieferung | Erhalten Sie 10% Rabatt auf Ihre erste Bestellung | Offizieller H\u00e4ndler | Ausf\u00fchrliches Benutzerhandbuch. Bestellen Sie jetzt!\" \/>\n<meta name=\"robots\" content=\"index, follow, max-snippet:-1, max-image-preview:large, max-video-preview:-1\" \/>\n<link rel=\"canonical\" href=\"https:\/\/centre-region.eu\/fr\/produit\/cef-bracelet-pacificateur\/\" \/>\n<meta property=\"og:locale\" content=\"fr_FR\" \/>\n<meta property=\"og:type\" content=\"article\" \/>\n<meta property=\"og:title\" content=\"Acheter CORRECTEUR D\u2019\u00c9TAT FONCTIONNEL-BRACELET \u00abD\u00c9FENSEUR\u00bb \u2014 Prix \u2705 \u200b\u200bet Photo - Centre-Region\" \/>\n<meta property=\"og:description\" content=\"Bester Preis f\u00fcr \u23e9CORRECTEUR D\u2019\u00c9TAT FONCTIONNEL-BRACELET \u00abD\u00c9FENSEUR\u00bb \u23ea zum Schutz vor EMF, 4G, 5G in unserem Online-Shop! Weltweite Lieferung | Erhalten Sie 10% Rabatt auf Ihre erste Bestellung | Offizieller H\u00e4ndler | Ausf\u00fchrliches Benutzerhandbuch. Bestellen Sie jetzt!\" \/>\n<meta property=\"og:url\" content=\"https:\/\/centre-region.eu\/fr\/produit\/cef-bracelet-pacificateur\/\" \/>\n<meta property=\"og:site_name\" content=\"Centre-Region\" \/>\n<meta property=\"article:modified_time\" content=\"2023-03-12T19:47:54+00:00\" \/>\n<meta property=\"og:image\" content=\"https:\/\/centre-region.eu\/wp-content\/uploads\/2019\/12\/Bracelet-Gris.jpg\" \/>\n\t<meta property=\"og:image:width\" content=\"600\" \/>\n\t<meta property=\"og:image:height\" content=\"600\" \/>\n\t<meta property=\"og:image:type\" content=\"image\/jpeg\" \/>\n<meta name=\"twitter:card\" content=\"summary_large_image\" \/>\n<script type=\"application\/ld+json\" class=\"yoast-schema-graph\">{\"@context\":\"https:\/\/schema.org\",\"@graph\":[{\"@type\":\"WebPage\",\"@id\":\"https:\/\/centre-region.eu\/fr\/produit\/cef-bracelet-pacificateur\/\",\"url\":\"https:\/\/centre-region.eu\/fr\/produit\/cef-bracelet-pacificateur\/\",\"name\":\"Acheter CORRECTEUR D\u2019\u00c9TAT FONCTIONNEL-BRACELET \u00abD\u00c9FENSEUR\u00bb \u2014 Prix \u2705 \u200b\u200bet Photo - Centre-Region\",\"isPartOf\":{\"@id\":\"https:\/\/centre-region.eu\/fr\/#website\"},\"primaryImageOfPage\":{\"@id\":\"https:\/\/centre-region.eu\/fr\/produit\/cef-bracelet-pacificateur\/#primaryimage\"},\"image\":{\"@id\":\"https:\/\/centre-region.eu\/fr\/produit\/cef-bracelet-pacificateur\/#primaryimage\"},\"thumbnailUrl\":\"https:\/\/centre-region.eu\/wp-content\/uploads\/2019\/12\/Bracelet-Gris.jpg\",\"datePublished\":\"2023-03-12T19:21:38+00:00\",\"dateModified\":\"2023-03-12T19:47:54+00:00\",\"description\":\"Bester Preis f\u00fcr \u23e9CORRECTEUR D\u2019\u00c9TAT FONCTIONNEL-BRACELET \u00abD\u00c9FENSEUR\u00bb \u23ea zum Schutz vor EMF, 4G, 5G in unserem Online-Shop! Weltweite Lieferung | Erhalten Sie 10% Rabatt auf Ihre erste Bestellung | Offizieller H\u00e4ndler | Ausf\u00fchrliches Benutzerhandbuch. Bestellen Sie jetzt!\",\"breadcrumb\":{\"@id\":\"https:\/\/centre-region.eu\/fr\/produit\/cef-bracelet-pacificateur\/#breadcrumb\"},\"inLanguage\":\"fr-FR\",\"potentialAction\":[{\"@type\":\"ReadAction\",\"target\":[\"https:\/\/centre-region.eu\/fr\/produit\/cef-bracelet-pacificateur\/\"]}]},{\"@type\":\"ImageObject\",\"inLanguage\":\"fr-FR\",\"@id\":\"https:\/\/centre-region.eu\/fr\/produit\/cef-bracelet-pacificateur\/#primaryimage\",\"url\":\"https:\/\/centre-region.eu\/wp-content\/uploads\/2019\/12\/Bracelet-Gris.jpg\",\"contentUrl\":\"https:\/\/centre-region.eu\/wp-content\/uploads\/2019\/12\/Bracelet-Gris.jpg\",\"width\":600,\"height\":600},{\"@type\":\"BreadcrumbList\",\"@id\":\"https:\/\/centre-region.eu\/fr\/produit\/cef-bracelet-pacificateur\/#breadcrumb\",\"itemListElement\":[{\"@type\":\"ListItem\",\"position\":1,\"name\":\"Home\",\"item\":\"https:\/\/centre-region.eu\/fr\/\"},{\"@type\":\"ListItem\",\"position\":2,\"name\":\"Boutique\",\"item\":\"https:\/\/centre-region.eu\/fr\/boutique\/\"},{\"@type\":\"ListItem\",\"position\":3,\"name\":\"CORRECTEUR D\u2019\u00c9TAT FONCTIONNEL-BRACELET \u00abD\u00c9FENSEUR\u00bb\"}]},{\"@type\":\"WebSite\",\"@id\":\"https:\/\/centre-region.eu\/fr\/#website\",\"url\":\"https:\/\/centre-region.eu\/fr\/\",\"name\":\"Centre-Region\",\"description\":\"official European representative of the \u00abCentre Region\u00bb company\",\"publisher\":{\"@id\":\"https:\/\/centre-region.eu\/fr\/#organization\"},\"potentialAction\":[{\"@type\":\"SearchAction\",\"target\":{\"@type\":\"EntryPoint\",\"urlTemplate\":\"https:\/\/centre-region.eu\/fr\/?s={search_term_string}\"},\"query-input\":\"required name=search_term_string\"}],\"inLanguage\":\"fr-FR\"},{\"@type\":\"Organization\",\"@id\":\"https:\/\/centre-region.eu\/fr\/#organization\",\"name\":\"Centre-Region\",\"url\":\"https:\/\/centre-region.eu\/fr\/\",\"logo\":{\"@type\":\"ImageObject\",\"inLanguage\":\"fr-FR\",\"@id\":\"https:\/\/centre-region.eu\/fr\/#\/schema\/logo\/image\/\",\"url\":\"https:\/\/centre-region.eu\/wp-content\/uploads\/2019\/11\/Logo-Centre-Region-eu-5-1.svg\",\"contentUrl\":\"https:\/\/centre-region.eu\/wp-content\/uploads\/2019\/11\/Logo-Centre-Region-eu-5-1.svg\",\"caption\":\"Centre-Region\"},\"image\":{\"@id\":\"https:\/\/centre-region.eu\/fr\/#\/schema\/logo\/image\/\"}}]}<\/script>\n<!-- \/ Yoast SEO plugin. -->","yoast_head_json":{"title":"Acheter CORRECTEUR D\u2019\u00c9TAT FONCTIONNEL-BRACELET \u00abD\u00c9FENSEUR\u00bb \u2014 Prix \u2705 \u200b\u200bet Photo - Centre-Region","description":"Bester Preis f\u00fcr \u23e9CORRECTEUR D\u2019\u00c9TAT FONCTIONNEL-BRACELET \u00abD\u00c9FENSEUR\u00bb \u23ea zum Schutz vor EMF, 4G, 5G in unserem Online-Shop! Weltweite Lieferung | Erhalten Sie 10% Rabatt auf Ihre erste Bestellung | Offizieller H\u00e4ndler | Ausf\u00fchrliches Benutzerhandbuch. Bestellen Sie jetzt!","robots":{"index":"index","follow":"follow","max-snippet":"max-snippet:-1","max-image-preview":"max-image-preview:large","max-video-preview":"max-video-preview:-1"},"canonical":"https:\/\/centre-region.eu\/fr\/produit\/cef-bracelet-pacificateur\/","og_locale":"fr_FR","og_type":"article","og_title":"Acheter CORRECTEUR D\u2019\u00c9TAT FONCTIONNEL-BRACELET \u00abD\u00c9FENSEUR\u00bb \u2014 Prix \u2705 \u200b\u200bet Photo - Centre-Region","og_description":"Bester Preis f\u00fcr \u23e9CORRECTEUR D\u2019\u00c9TAT FONCTIONNEL-BRACELET \u00abD\u00c9FENSEUR\u00bb \u23ea zum Schutz vor EMF, 4G, 5G in unserem Online-Shop! Weltweite Lieferung | Erhalten Sie 10% Rabatt auf Ihre erste Bestellung | Offizieller H\u00e4ndler | Ausf\u00fchrliches Benutzerhandbuch. Bestellen Sie jetzt!","og_url":"https:\/\/centre-region.eu\/fr\/produit\/cef-bracelet-pacificateur\/","og_site_name":"Centre-Region","article_modified_time":"2023-03-12T19:47:54+00:00","og_image":[{"width":600,"height":600,"url":"https:\/\/centre-region.eu\/wp-content\/uploads\/2019\/12\/Bracelet-Gris.jpg","type":"image\/jpeg"}],"twitter_card":"summary_large_image","schema":{"@context":"https:\/\/schema.org","@graph":[{"@type":"WebPage","@id":"https:\/\/centre-region.eu\/fr\/produit\/cef-bracelet-pacificateur\/","url":"https:\/\/centre-region.eu\/fr\/produit\/cef-bracelet-pacificateur\/","name":"Acheter CORRECTEUR D\u2019\u00c9TAT FONCTIONNEL-BRACELET \u00abD\u00c9FENSEUR\u00bb \u2014 Prix \u2705 \u200b\u200bet Photo - Centre-Region","isPartOf":{"@id":"https:\/\/centre-region.eu\/fr\/#website"},"primaryImageOfPage":{"@id":"https:\/\/centre-region.eu\/fr\/produit\/cef-bracelet-pacificateur\/#primaryimage"},"image":{"@id":"https:\/\/centre-region.eu\/fr\/produit\/cef-bracelet-pacificateur\/#primaryimage"},"thumbnailUrl":"https:\/\/centre-region.eu\/wp-content\/uploads\/2019\/12\/Bracelet-Gris.jpg","datePublished":"2023-03-12T19:21:38+00:00","dateModified":"2023-03-12T19:47:54+00:00","description":"Bester Preis f\u00fcr \u23e9CORRECTEUR D\u2019\u00c9TAT FONCTIONNEL-BRACELET \u00abD\u00c9FENSEUR\u00bb \u23ea zum Schutz vor EMF, 4G, 5G in unserem Online-Shop! Weltweite Lieferung | Erhalten Sie 10% Rabatt auf Ihre erste Bestellung | Offizieller H\u00e4ndler | Ausf\u00fchrliches Benutzerhandbuch. Bestellen Sie jetzt!","breadcrumb":{"@id":"https:\/\/centre-region.eu\/fr\/produit\/cef-bracelet-pacificateur\/#breadcrumb"},"inLanguage":"fr-FR","potentialAction":[{"@type":"ReadAction","target":["https:\/\/centre-region.eu\/fr\/produit\/cef-bracelet-pacificateur\/"]}]},{"@type":"ImageObject","inLanguage":"fr-FR","@id":"https:\/\/centre-region.eu\/fr\/produit\/cef-bracelet-pacificateur\/#primaryimage","url":"https:\/\/centre-region.eu\/wp-content\/uploads\/2019\/12\/Bracelet-Gris.jpg","contentUrl":"https:\/\/centre-region.eu\/wp-content\/uploads\/2019\/12\/Bracelet-Gris.jpg","width":600,"height":600},{"@type":"BreadcrumbList","@id":"https:\/\/centre-region.eu\/fr\/produit\/cef-bracelet-pacificateur\/#breadcrumb","itemListElement":[{"@type":"ListItem","position":1,"name":"Home","item":"https:\/\/centre-region.eu\/fr\/"},{"@type":"ListItem","position":2,"name":"Boutique","item":"https:\/\/centre-region.eu\/fr\/boutique\/"},{"@type":"ListItem","position":3,"name":"CORRECTEUR D\u2019\u00c9TAT FONCTIONNEL-BRACELET \u00abD\u00c9FENSEUR\u00bb"}]},{"@type":"WebSite","@id":"https:\/\/centre-region.eu\/fr\/#website","url":"https:\/\/centre-region.eu\/fr\/","name":"Centre-Region","description":"official European representative of the \u00abCentre Region\u00bb company","publisher":{"@id":"https:\/\/centre-region.eu\/fr\/#organization"},"potentialAction":[{"@type":"SearchAction","target":{"@type":"EntryPoint","urlTemplate":"https:\/\/centre-region.eu\/fr\/?s={search_term_string}"},"query-input":"required name=search_term_string"}],"inLanguage":"fr-FR"},{"@type":"Organization","@id":"https:\/\/centre-region.eu\/fr\/#organization","name":"Centre-Region","url":"https:\/\/centre-region.eu\/fr\/","logo":{"@type":"ImageObject","inLanguage":"fr-FR","@id":"https:\/\/centre-region.eu\/fr\/#\/schema\/logo\/image\/","url":"https:\/\/centre-region.eu\/wp-content\/uploads\/2019\/11\/Logo-Centre-Region-eu-5-1.svg","contentUrl":"https:\/\/centre-region.eu\/wp-content\/uploads\/2019\/11\/Logo-Centre-Region-eu-5-1.svg","caption":"Centre-Region"},"image":{"@id":"https:\/\/centre-region.eu\/fr\/#\/schema\/logo\/image\/"}}]}},"_links":{"self":[{"href":"https:\/\/centre-region.eu\/fr\/wp-json\/wp\/v2\/product\/25462","targetHints":{"allow":["GET"]}}],"collection":[{"href":"https:\/\/centre-region.eu\/fr\/wp-json\/wp\/v2\/product"}],"about":[{"href":"https:\/\/centre-region.eu\/fr\/wp-json\/wp\/v2\/types\/product"}],"replies":[{"embeddable":true,"href":"https:\/\/centre-region.eu\/fr\/wp-json\/wp\/v2\/comments?post=25462"}],"version-history":[{"count":3,"href":"https:\/\/centre-region.eu\/fr\/wp-json\/wp\/v2\/product\/25462\/revisions"}],"predecessor-version":[{"id":25475,"href":"https:\/\/centre-region.eu\/fr\/wp-json\/wp\/v2\/product\/25462\/revisions\/25475"}],"wp:featuredmedia":[{"embeddable":true,"href":"https:\/\/centre-region.eu\/fr\/wp-json\/wp\/v2\/media\/8322"}],"wp:attachment":[{"href":"https:\/\/centre-region.eu\/fr\/wp-json\/wp\/v2\/media?parent=25462"}],"wp:term":[{"taxonomy":"product_cat","embeddable":true,"href":"https:\/\/centre-region.eu\/fr\/wp-json\/wp\/v2\/product_cat?post=25462"},{"taxonomy":"product_tag","embeddable":true,"href":"https:\/\/centre-region.eu\/fr\/wp-json\/wp\/v2\/product_tag?post=25462"}],"curies":[{"name":"wp","href":"https:\/\/api.w.org\/{rel}","templated":true}]}}