{"id":24307,"date":"2022-12-21T18:02:45","date_gmt":"2022-12-21T18:09:42","guid":{"rendered":"https:\/\/centre-region.eu\/product\/correcteur-detat-fonctionnel-grotte-de-kuza-zanzibar-a-8-elements\/"},"modified":"2025-11-12T21:14:12","modified_gmt":"2025-11-12T21:14:12","slug":"correcteur-etat-fonctionnel-grotte-de-kuza-zanzibar-with-8-elements","status":"publish","type":"product","link":"https:\/\/centre-region.eu\/fr\/produit\/correcteur-etat-fonctionnel-grotte-de-kuza-zanzibar-with-8-elements\/","title":{"rendered":"CORRECTEUR D\u2019\u00c9TAT FONCTIONNEL \u00abGROTTE DE KUZA. ZANZIBAR\u00bb \u00e0 8 \u00e9l\u00e9ments"},"content":{"rendered":"","protected":false},"excerpt":{"rendered":"<p>Le CEF \u00abGrotte de Kuza. Zanzibar\u00bb aide \u00e0 g\u00e9rer les exp\u00e9riences n\u00e9gatives et psychologiquement traumatisantes du pr\u00e9sent afin de r\u00e9tablir la sant\u00e9 mentale et physique.<\/p>\n","protected":false},"featured_media":26540,"comment_status":"open","ping_status":"closed","template":"","meta":{"site-sidebar-layout":"default","site-content-layout":"default","ast-global-header-display":"","ast-main-header-display":"","ast-hfb-above-header-display":"","ast-hfb-below-header-display":"","ast-hfb-mobile-header-display":"","site-post-title":"","ast-breadcrumbs-content":"","ast-featured-img":"","footer-sml-layout":"","theme-transparent-header-meta":"default","adv-header-id-meta":"","stick-header-meta":"","header-above-stick-meta":"","header-main-stick-meta":"","header-below-stick-meta":""},"product_cat":[132,140],"product_tag":[],"class_list":{"0":"post-24307","1":"product","2":"type-product","3":"status-publish","4":"has-post-thumbnail","6":"product_cat-correcteur-detat-fonctionnel","7":"product_cat-serie-elite","8":"desktop-align-center","9":"tablet-align-center","10":"mobile-align-center","11":"ast-product-gallery-layout-horizontal-slider","12":"ast-product-gallery-with-no-image","13":"ast-magnify-disabled","14":"ast-product-tabs-layout-horizontal","16":"first","17":"outofstock","18":"sale","19":"taxable","20":"shipping-taxable","21":"purchasable","22":"product-type-simple","23":"add-to-wishlist-after_add_to_cart"},"acf":[],"yoast_head":"<!-- This site is optimized with the Yoast SEO plugin v22.2 - https:\/\/yoast.com\/wordpress\/plugins\/seo\/ -->\n<title>CORRECTEUR D\u2019\u00c9TAT FONCTIONNEL \u00abGROTTE DE KUZA. ZANZIBAR\u00bb \u00e0 8 \u00e9l\u00e9ments \u00e0 acheter - prix \u2705 et photo - Centre-Region<\/title>\n<meta name=\"description\" content=\"Meilleur prix pour \u23e9CORRECTEUR D\u2019\u00c9TAT FONCTIONNEL \u00abGROTTE DE KUZA. ZANZIBAR\u00bb \u00e0 8 \u00e9l\u00e9ments \u23ea contre les ondes \u00e9lectromagn\u00e9tiques, 4G, 5G dans notre boutique en ligne! 15% de r\u00e9duction sur votre premi\u00e8re commande | Distributeur officiel | Livraison Mondiale Commandez maintenant!\" \/>\n<meta name=\"robots\" content=\"index, follow, max-snippet:-1, max-image-preview:large, max-video-preview:-1\" \/>\n<link rel=\"canonical\" href=\"https:\/\/centre-region.eu\/fr\/produit\/correcteur-etat-fonctionnel-grotte-de-kuza-zanzibar-with-8-elements\/\" \/>\n<meta property=\"og:locale\" content=\"fr_FR\" \/>\n<meta property=\"og:type\" content=\"article\" \/>\n<meta property=\"og:title\" content=\"CORRECTEUR D\u2019\u00c9TAT FONCTIONNEL \u00abGROTTE DE KUZA. ZANZIBAR\u00bb \u00e0 8 \u00e9l\u00e9ments \u00e0 acheter - prix \u2705 et photo - Centre-Region\" \/>\n<meta property=\"og:description\" content=\"Meilleur prix pour \u23e9CORRECTEUR D\u2019\u00c9TAT FONCTIONNEL \u00abGROTTE DE KUZA. ZANZIBAR\u00bb \u00e0 8 \u00e9l\u00e9ments \u23ea contre les ondes \u00e9lectromagn\u00e9tiques, 4G, 5G dans notre boutique en ligne! 15% de r\u00e9duction sur votre premi\u00e8re commande | Distributeur officiel | Livraison Mondiale Commandez maintenant!\" \/>\n<meta property=\"og:url\" content=\"https:\/\/centre-region.eu\/fr\/produit\/correcteur-etat-fonctionnel-grotte-de-kuza-zanzibar-with-8-elements\/\" \/>\n<meta property=\"og:site_name\" content=\"Centre-Region\" \/>\n<meta property=\"article:modified_time\" content=\"2025-11-12T21:14:12+00:00\" \/>\n<meta property=\"og:image\" content=\"https:\/\/centre-region.eu\/wp-content\/uploads\/2022\/12\/192-KUZA-CAVE-ZANZIBAR-Kolzov-platte.jpg\" \/>\n\t<meta property=\"og:image:width\" content=\"600\" \/>\n\t<meta property=\"og:image:height\" content=\"600\" \/>\n\t<meta property=\"og:image:type\" content=\"image\/jpeg\" \/>\n<meta name=\"twitter:card\" content=\"summary_large_image\" \/>\n<script type=\"application\/ld+json\" class=\"yoast-schema-graph\">{\"@context\":\"https:\/\/schema.org\",\"@graph\":[{\"@type\":\"WebPage\",\"@id\":\"https:\/\/centre-region.eu\/fr\/produit\/correcteur-etat-fonctionnel-grotte-de-kuza-zanzibar-with-8-elements\/\",\"url\":\"https:\/\/centre-region.eu\/fr\/produit\/correcteur-etat-fonctionnel-grotte-de-kuza-zanzibar-with-8-elements\/\",\"name\":\"CORRECTEUR D\u2019\u00c9TAT FONCTIONNEL \u00abGROTTE DE KUZA. ZANZIBAR\u00bb \u00e0 8 \u00e9l\u00e9ments \u00e0 acheter - prix \u2705 et photo - Centre-Region\",\"isPartOf\":{\"@id\":\"https:\/\/centre-region.eu\/fr\/#website\"},\"primaryImageOfPage\":{\"@id\":\"https:\/\/centre-region.eu\/fr\/produit\/correcteur-etat-fonctionnel-grotte-de-kuza-zanzibar-with-8-elements\/#primaryimage\"},\"image\":{\"@id\":\"https:\/\/centre-region.eu\/fr\/produit\/correcteur-etat-fonctionnel-grotte-de-kuza-zanzibar-with-8-elements\/#primaryimage\"},\"thumbnailUrl\":\"https:\/\/centre-region.eu\/wp-content\/uploads\/2022\/12\/192-KUZA-CAVE-ZANZIBAR-Kolzov-platte-1.jpg\",\"datePublished\":\"2022-12-21T18:09:42+00:00\",\"dateModified\":\"2025-11-12T21:14:12+00:00\",\"description\":\"Meilleur prix pour \u23e9CORRECTEUR D\u2019\u00c9TAT FONCTIONNEL \u00abGROTTE DE KUZA. ZANZIBAR\u00bb \u00e0 8 \u00e9l\u00e9ments \u23ea contre les ondes \u00e9lectromagn\u00e9tiques, 4G, 5G dans notre boutique en ligne! 15% de r\u00e9duction sur votre premi\u00e8re commande | Distributeur officiel | Livraison Mondiale Commandez maintenant!\",\"breadcrumb\":{\"@id\":\"https:\/\/centre-region.eu\/fr\/produit\/correcteur-etat-fonctionnel-grotte-de-kuza-zanzibar-with-8-elements\/#breadcrumb\"},\"inLanguage\":\"fr-FR\",\"potentialAction\":[{\"@type\":\"ReadAction\",\"target\":[\"https:\/\/centre-region.eu\/fr\/produit\/correcteur-etat-fonctionnel-grotte-de-kuza-zanzibar-with-8-elements\/\"]}]},{\"@type\":\"ImageObject\",\"inLanguage\":\"fr-FR\",\"@id\":\"https:\/\/centre-region.eu\/fr\/produit\/correcteur-etat-fonctionnel-grotte-de-kuza-zanzibar-with-8-elements\/#primaryimage\",\"url\":\"https:\/\/centre-region.eu\/wp-content\/uploads\/2022\/12\/192-KUZA-CAVE-ZANZIBAR-Kolzov-platte-1.jpg\",\"contentUrl\":\"https:\/\/centre-region.eu\/wp-content\/uploads\/2022\/12\/192-KUZA-CAVE-ZANZIBAR-Kolzov-platte-1.jpg\",\"width\":600,\"height\":600},{\"@type\":\"BreadcrumbList\",\"@id\":\"https:\/\/centre-region.eu\/fr\/produit\/correcteur-etat-fonctionnel-grotte-de-kuza-zanzibar-with-8-elements\/#breadcrumb\",\"itemListElement\":[{\"@type\":\"ListItem\",\"position\":1,\"name\":\"Home\",\"item\":\"https:\/\/centre-region.eu\/fr\/\"},{\"@type\":\"ListItem\",\"position\":2,\"name\":\"Boutique\",\"item\":\"https:\/\/centre-region.eu\/fr\/boutique\/\"},{\"@type\":\"ListItem\",\"position\":3,\"name\":\"CORRECTEUR D\u2019\u00c9TAT FONCTIONNEL \u00abGROTTE DE KUZA. ZANZIBAR\u00bb \u00e0 8 \u00e9l\u00e9ments\"}]},{\"@type\":\"WebSite\",\"@id\":\"https:\/\/centre-region.eu\/fr\/#website\",\"url\":\"https:\/\/centre-region.eu\/fr\/\",\"name\":\"Centre-Region\",\"description\":\"official European representative of the \u00abCentre Region\u00bb company\",\"publisher\":{\"@id\":\"https:\/\/centre-region.eu\/fr\/#organization\"},\"potentialAction\":[{\"@type\":\"SearchAction\",\"target\":{\"@type\":\"EntryPoint\",\"urlTemplate\":\"https:\/\/centre-region.eu\/fr\/?s={search_term_string}\"},\"query-input\":\"required name=search_term_string\"}],\"inLanguage\":\"fr-FR\"},{\"@type\":\"Organization\",\"@id\":\"https:\/\/centre-region.eu\/fr\/#organization\",\"name\":\"Centre-Region\",\"url\":\"https:\/\/centre-region.eu\/fr\/\",\"logo\":{\"@type\":\"ImageObject\",\"inLanguage\":\"fr-FR\",\"@id\":\"https:\/\/centre-region.eu\/fr\/#\/schema\/logo\/image\/\",\"url\":\"https:\/\/centre-region.eu\/wp-content\/uploads\/2019\/11\/Logo-Centre-Region-eu-5-1.svg\",\"contentUrl\":\"https:\/\/centre-region.eu\/wp-content\/uploads\/2019\/11\/Logo-Centre-Region-eu-5-1.svg\",\"caption\":\"Centre-Region\"},\"image\":{\"@id\":\"https:\/\/centre-region.eu\/fr\/#\/schema\/logo\/image\/\"}}]}<\/script>\n<!-- \/ Yoast SEO plugin. -->","yoast_head_json":{"title":"CORRECTEUR D\u2019\u00c9TAT FONCTIONNEL \u00abGROTTE DE KUZA. ZANZIBAR\u00bb \u00e0 8 \u00e9l\u00e9ments \u00e0 acheter - prix \u2705 et photo - Centre-Region","description":"Meilleur prix pour \u23e9CORRECTEUR D\u2019\u00c9TAT FONCTIONNEL \u00abGROTTE DE KUZA. ZANZIBAR\u00bb \u00e0 8 \u00e9l\u00e9ments \u23ea contre les ondes \u00e9lectromagn\u00e9tiques, 4G, 5G dans notre boutique en ligne! 15% de r\u00e9duction sur votre premi\u00e8re commande | Distributeur officiel | Livraison Mondiale Commandez maintenant!","robots":{"index":"index","follow":"follow","max-snippet":"max-snippet:-1","max-image-preview":"max-image-preview:large","max-video-preview":"max-video-preview:-1"},"canonical":"https:\/\/centre-region.eu\/fr\/produit\/correcteur-etat-fonctionnel-grotte-de-kuza-zanzibar-with-8-elements\/","og_locale":"fr_FR","og_type":"article","og_title":"CORRECTEUR D\u2019\u00c9TAT FONCTIONNEL \u00abGROTTE DE KUZA. ZANZIBAR\u00bb \u00e0 8 \u00e9l\u00e9ments \u00e0 acheter - prix \u2705 et photo - Centre-Region","og_description":"Meilleur prix pour \u23e9CORRECTEUR D\u2019\u00c9TAT FONCTIONNEL \u00abGROTTE DE KUZA. ZANZIBAR\u00bb \u00e0 8 \u00e9l\u00e9ments \u23ea contre les ondes \u00e9lectromagn\u00e9tiques, 4G, 5G dans notre boutique en ligne! 15% de r\u00e9duction sur votre premi\u00e8re commande | Distributeur officiel | Livraison Mondiale Commandez maintenant!","og_url":"https:\/\/centre-region.eu\/fr\/produit\/correcteur-etat-fonctionnel-grotte-de-kuza-zanzibar-with-8-elements\/","og_site_name":"Centre-Region","article_modified_time":"2025-11-12T21:14:12+00:00","og_image":[{"width":600,"height":600,"url":"https:\/\/centre-region.eu\/wp-content\/uploads\/2022\/12\/192-KUZA-CAVE-ZANZIBAR-Kolzov-platte.jpg","type":"image\/jpeg"}],"twitter_card":"summary_large_image","schema":{"@context":"https:\/\/schema.org","@graph":[{"@type":"WebPage","@id":"https:\/\/centre-region.eu\/fr\/produit\/correcteur-etat-fonctionnel-grotte-de-kuza-zanzibar-with-8-elements\/","url":"https:\/\/centre-region.eu\/fr\/produit\/correcteur-etat-fonctionnel-grotte-de-kuza-zanzibar-with-8-elements\/","name":"CORRECTEUR D\u2019\u00c9TAT FONCTIONNEL \u00abGROTTE DE KUZA. ZANZIBAR\u00bb \u00e0 8 \u00e9l\u00e9ments \u00e0 acheter - prix \u2705 et photo - Centre-Region","isPartOf":{"@id":"https:\/\/centre-region.eu\/fr\/#website"},"primaryImageOfPage":{"@id":"https:\/\/centre-region.eu\/fr\/produit\/correcteur-etat-fonctionnel-grotte-de-kuza-zanzibar-with-8-elements\/#primaryimage"},"image":{"@id":"https:\/\/centre-region.eu\/fr\/produit\/correcteur-etat-fonctionnel-grotte-de-kuza-zanzibar-with-8-elements\/#primaryimage"},"thumbnailUrl":"https:\/\/centre-region.eu\/wp-content\/uploads\/2022\/12\/192-KUZA-CAVE-ZANZIBAR-Kolzov-platte-1.jpg","datePublished":"2022-12-21T18:09:42+00:00","dateModified":"2025-11-12T21:14:12+00:00","description":"Meilleur prix pour \u23e9CORRECTEUR D\u2019\u00c9TAT FONCTIONNEL \u00abGROTTE DE KUZA. ZANZIBAR\u00bb \u00e0 8 \u00e9l\u00e9ments \u23ea contre les ondes \u00e9lectromagn\u00e9tiques, 4G, 5G dans notre boutique en ligne! 15% de r\u00e9duction sur votre premi\u00e8re commande | Distributeur officiel | Livraison Mondiale Commandez maintenant!","breadcrumb":{"@id":"https:\/\/centre-region.eu\/fr\/produit\/correcteur-etat-fonctionnel-grotte-de-kuza-zanzibar-with-8-elements\/#breadcrumb"},"inLanguage":"fr-FR","potentialAction":[{"@type":"ReadAction","target":["https:\/\/centre-region.eu\/fr\/produit\/correcteur-etat-fonctionnel-grotte-de-kuza-zanzibar-with-8-elements\/"]}]},{"@type":"ImageObject","inLanguage":"fr-FR","@id":"https:\/\/centre-region.eu\/fr\/produit\/correcteur-etat-fonctionnel-grotte-de-kuza-zanzibar-with-8-elements\/#primaryimage","url":"https:\/\/centre-region.eu\/wp-content\/uploads\/2022\/12\/192-KUZA-CAVE-ZANZIBAR-Kolzov-platte-1.jpg","contentUrl":"https:\/\/centre-region.eu\/wp-content\/uploads\/2022\/12\/192-KUZA-CAVE-ZANZIBAR-Kolzov-platte-1.jpg","width":600,"height":600},{"@type":"BreadcrumbList","@id":"https:\/\/centre-region.eu\/fr\/produit\/correcteur-etat-fonctionnel-grotte-de-kuza-zanzibar-with-8-elements\/#breadcrumb","itemListElement":[{"@type":"ListItem","position":1,"name":"Home","item":"https:\/\/centre-region.eu\/fr\/"},{"@type":"ListItem","position":2,"name":"Boutique","item":"https:\/\/centre-region.eu\/fr\/boutique\/"},{"@type":"ListItem","position":3,"name":"CORRECTEUR D\u2019\u00c9TAT FONCTIONNEL \u00abGROTTE DE KUZA. ZANZIBAR\u00bb \u00e0 8 \u00e9l\u00e9ments"}]},{"@type":"WebSite","@id":"https:\/\/centre-region.eu\/fr\/#website","url":"https:\/\/centre-region.eu\/fr\/","name":"Centre-Region","description":"official European representative of the \u00abCentre Region\u00bb company","publisher":{"@id":"https:\/\/centre-region.eu\/fr\/#organization"},"potentialAction":[{"@type":"SearchAction","target":{"@type":"EntryPoint","urlTemplate":"https:\/\/centre-region.eu\/fr\/?s={search_term_string}"},"query-input":"required name=search_term_string"}],"inLanguage":"fr-FR"},{"@type":"Organization","@id":"https:\/\/centre-region.eu\/fr\/#organization","name":"Centre-Region","url":"https:\/\/centre-region.eu\/fr\/","logo":{"@type":"ImageObject","inLanguage":"fr-FR","@id":"https:\/\/centre-region.eu\/fr\/#\/schema\/logo\/image\/","url":"https:\/\/centre-region.eu\/wp-content\/uploads\/2019\/11\/Logo-Centre-Region-eu-5-1.svg","contentUrl":"https:\/\/centre-region.eu\/wp-content\/uploads\/2019\/11\/Logo-Centre-Region-eu-5-1.svg","caption":"Centre-Region"},"image":{"@id":"https:\/\/centre-region.eu\/fr\/#\/schema\/logo\/image\/"}}]}},"_links":{"self":[{"href":"https:\/\/centre-region.eu\/fr\/wp-json\/wp\/v2\/product\/24307","targetHints":{"allow":["GET"]}}],"collection":[{"href":"https:\/\/centre-region.eu\/fr\/wp-json\/wp\/v2\/product"}],"about":[{"href":"https:\/\/centre-region.eu\/fr\/wp-json\/wp\/v2\/types\/product"}],"replies":[{"embeddable":true,"href":"https:\/\/centre-region.eu\/fr\/wp-json\/wp\/v2\/comments?post=24307"}],"version-history":[{"count":1,"href":"https:\/\/centre-region.eu\/fr\/wp-json\/wp\/v2\/product\/24307\/revisions"}],"predecessor-version":[{"id":24310,"href":"https:\/\/centre-region.eu\/fr\/wp-json\/wp\/v2\/product\/24307\/revisions\/24310"}],"wp:featuredmedia":[{"embeddable":true,"href":"https:\/\/centre-region.eu\/fr\/wp-json\/wp\/v2\/media\/26540"}],"wp:attachment":[{"href":"https:\/\/centre-region.eu\/fr\/wp-json\/wp\/v2\/media?parent=24307"}],"wp:term":[{"taxonomy":"product_cat","embeddable":true,"href":"https:\/\/centre-region.eu\/fr\/wp-json\/wp\/v2\/product_cat?post=24307"},{"taxonomy":"product_tag","embeddable":true,"href":"https:\/\/centre-region.eu\/fr\/wp-json\/wp\/v2\/product_tag?post=24307"}],"curies":[{"name":"wp","href":"https:\/\/api.w.org\/{rel}","templated":true}]}}