{"id":13055,"date":"2020-06-07T16:10:00","date_gmt":"2020-06-07T17:01:54","guid":{"rendered":"https:\/\/www.centre-region.eu\/product\/livre-treatment-by-information-transfer-en-anglais\/"},"modified":"2020-09-23T09:01:40","modified_gmt":"2020-09-23T09:01:40","slug":"livre-treatment-by-information-transfer-en-anglais","status":"publish","type":"product","link":"https:\/\/centre-region.eu\/fr\/produit\/livre-treatment-by-information-transfer-en-anglais\/","title":{"rendered":"LIVRE \u00ab TREATMENT BY INFORMATION TRANSFER \u00bb EN ANGLAIS OU ALLEMAND"},"content":{"rendered":"\t\t<div data-elementor-type=\"product-post\" data-elementor-id=\"13055\" class=\"elementor elementor-13055 elementor-13048\" data-elementor-post-type=\"product\">\n\t\t\t\t\t\t<section class=\"elementor-section elementor-top-section elementor-element elementor-element-d4f0bc9 elementor-section-boxed elementor-section-height-default elementor-section-height-default\" data-id=\"d4f0bc9\" data-element_type=\"section\">\n\t\t\t\t\t\t<div class=\"elementor-container elementor-column-gap-default\">\n\t\t\t\t\t<div class=\"elementor-column elementor-col-100 elementor-top-column elementor-element elementor-element-733663b\" data-id=\"733663b\" data-element_type=\"column\">\n\t\t\t<div class=\"elementor-widget-wrap elementor-element-populated\">\n\t\t\t\t\t\t<div class=\"elementor-element elementor-element-a71ac60 elementor-widget elementor-widget-text-editor\" data-id=\"a71ac60\" data-element_type=\"widget\" data-widget_type=\"text-editor.default\">\n\t\t\t\t<div class=\"elementor-widget-container\">\n\t\t\t\t\t\t\t<p><strong>K. Piotrowicz est un chercheur polonais et l\u2019inventeur des Stimulateurs bio\u00e9nerg\u00e9tiques PIOKAL <\/strong><a href=\"https:\/\/www.centre-region.eu\/fr\/produit\/semelles-piokal\/\"><strong> (cliquez ici pour d\u00e9couvrir les produits PIOKAL)<\/strong><\/a><\/p>\n<p>K.Piotrowicz.a personnellement men\u00e9 une rude bataille contre la maladie. Il est rest\u00e9 longtemps alit\u00e9, tandis que l\u2019amputation de ses pieds \u00e9tait envisag\u00e9e. Sa femme a elle aussi \u00e9t\u00e9 gravement malade. K.Piotrowicz ne comptait plus sur les m\u00e9thodes de traitement de m\u00e9decine traditionnelle pour le gu\u00e9rir, aussi s\u2019est-il mis \u00e0 explorer le domaine de l\u2019acupuncture, de la bio-r\u00e9sonance, des biotechnologies, entre autres.<\/p>\n<p>Ce sont les travaux de G.Lakhovsky, F.Morell et A.Gourvitch, et d\u2019autres illustres chercheurs et biologistes, qui ont men\u00e9 K.Piotrowicz \u00e0 consid\u00e9rer la r\u00e9flexion des ondes du champ biologique personnel pour le traitement et l&#8217;autor\u00e9gulation de l&#8217;organisme. Il s\u00e9lectionna les pieds, en tant qu\u2019organes principaux de l&#8217;influence, car sur la plante de ceux-ci se trouveraient des points biologiquement actifs qui lieraient tous les organes internes et les syst\u00e8mes de notre organisme.<\/p>\n<p>Il faudra 7 ann\u00e9es de recherches et d\u2019\u00e9tudes pour qu\u2019enfin, les stimulateurs bio\u00e9nerg\u00e9tiques pour les pieds apparaissent. K.Piotrowicz s\u2019est positionn\u00e9 lui ainsi que sa femme en tant que cobayes afin de tester son invention. Les r\u00e9sultats s\u2019\u00e9tant av\u00e9r\u00e9s exceptionnels, l\u2019action des stimulateurs a \u00e9t\u00e9 exp\u00e9riment\u00e9e sur des volontaires. Par la suite, une quarantaine de couvents, et le Pape Jean-Paul II en personne, qui souffrait alors d\u2019une s\u00e9v\u00e8re malade des pieds des suites d\u2019un accident de voiture, auraient fait partie des destinataires de la centaine de stimulateurs exp\u00e9di\u00e9s \u00e0 titre gracieux. Le Saint P\u00e8re aurait appliqu\u00e9 ces stimulateurs et aurait \u00e9t\u00e9 \u00e9tonn\u00e9 du r\u00e9tablissement rapide de sa sant\u00e9 : ses pieds n\u2019\u00e9tant plus douloureux, il aurait m\u00eame c\u00e9l\u00e9br\u00e9 plusieurs mariages religieux. Afin de remercier les Piotrowicz, le Pape les aurait convi\u00e9s en mai 1994 \u00e0 participer \u00e0 une audience honorable chez lui, durant laquelle il les aurait b\u00e9nis pour leur projet. La m\u00e9thode de K.Piotrowicz aurait d\u00e9j\u00e0 aid\u00e9 des milliers de personnes de par le monde.<\/p>\n<p>. <\/p>\n\t\t\t\t\t\t<\/div>\n\t\t\t\t<\/div>\n\t\t\t\t\t<\/div>\n\t\t<\/div>\n\t\t\t\t\t<\/div>\n\t\t<\/section>\n\t\t\t\t<\/div>\n\t\t","protected":false},"excerpt":{"rendered":"<p><em><strong>\u00ab Treatment by information transfer<\/strong><\/em> <strong>ou <\/strong><em><strong>Get your health back \u00bb <\/strong><\/em><strong>est un livre \u00e9crit par Kazimierz Piotrowicz, inventeur des Stimulateurs Bio\u00e9nerg\u00e9tiques PIOKAL\u00ae. <\/strong><\/p>\n<p>Le secret d&#8217;une bonne sant\u00e9 : L&#8217;\u00e9change d&#8217;information au sein de l&#8217;organisme<\/p>\n<p>Comment retrouver une bonne sant\u00e9 ou pr\u00e9server celle que vous avez ? Pour le savoir, nous vous convions \u00e0 \u00e9tudier la m\u00e9thode de traitement innovante, con\u00e7ue par Kazimierz Piotrowicz, docteur en sciences de l&#8217;information des technologies m\u00e9dicales de l&#8217;Acad\u00e9mie internationale des Processus et des Technologies de l&#8217;Information.<\/p>\n<p>La question de l\u2019origine de la maladie est le th\u00e8me de pr\u00e9dilection du chercheur polonais Kazimierz Piotrowicz. <strong>Dans son livre, Traitement par le transfert d\u2019information ou Retrouvez votre sant\u00e9 (disponible uniquement en anglais), il s\u2019efforce d\u2019y r\u00e9pondre en explorant la raison qui m\u00e8ne \u00e0 la maladie.<\/strong> Il y r\u00e9v\u00e8le le r\u00f4le capital que jouent les transferts de signaux, dot\u00e9s d\u2019informations \u00e9mises et r\u00e9ceptionn\u00e9es par notre organisme, dans le recouvrement et la pr\u00e9servation de la sant\u00e9.<\/p>\n<p>La m\u00e9thode dont traite le livre puiserait son origine dans la m\u00e9decine du XXI<sup>e<\/sup>si\u00e8cle. Cet ouvrage expose clairement les diff\u00e9rentes \u00e9tudes de cas effectu\u00e9es par de nombreux membres du corps m\u00e9dical, en s\u2019appuyant sur les t\u00e9moignages d\u2019individus ayant exp\u00e9riment\u00e9 les stimulateurs bio\u00e9nerg\u00e9tiques PIOKAL.<strong>Gr\u00e2ce \u00e0 cette documentation et \u00e0 cette narration, l\u2019espoir rena\u00eet chez les personnes souffrant de diverses maladies et celles qui ne trouvent pas de solution \u00e0 leurs probl\u00e8mes de sant\u00e9.<\/strong><\/p>\n","protected":false},"featured_media":12812,"comment_status":"open","ping_status":"closed","template":"","meta":{"site-sidebar-layout":"no-sidebar","site-content-layout":"page-builder","ast-global-header-display":"","ast-main-header-display":"","ast-hfb-above-header-display":"","ast-hfb-below-header-display":"","ast-hfb-mobile-header-display":"","site-post-title":"disabled","ast-breadcrumbs-content":"","ast-featured-img":"disabled","footer-sml-layout":"","theme-transparent-header-meta":"default","adv-header-id-meta":"","stick-header-meta":"","header-above-stick-meta":"","header-main-stick-meta":"","header-below-stick-meta":""},"product_cat":[282],"product_tag":[],"class_list":{"0":"post-13055","1":"product","2":"type-product","3":"status-publish","4":"has-post-thumbnail","6":"product_cat-piokal-piokal","7":"desktop-align-center","8":"tablet-align-center","9":"mobile-align-center","10":"ast-product-gallery-layout-horizontal-slider","11":"ast-product-gallery-with-no-image","12":"ast-magnify-disabled","13":"ast-product-single-variable","14":"ast-product-tabs-layout-horizontal","16":"first","17":"instock","18":"sale","19":"taxable","20":"shipping-taxable","21":"purchasable","22":"product-type-variable","23":"has-default-attributes","24":"add-to-wishlist-after_add_to_cart"},"acf":[],"yoast_head":"<!-- This site is optimized with the Yoast SEO plugin v22.2 - https:\/\/yoast.com\/wordpress\/plugins\/seo\/ -->\n<title>Acheter LIVRE \u00ab TREATMENT BY INFORMATION TRANSFER \u00bb EN ANGLAIS OU ALLEMAND \u2014 Prix \u2705 \u200b\u200bet Photo - Centre-Region<\/title>\n<meta name=\"description\" content=\"Le meilleur prix pour la plaque de Koltsov \u23e9LIVRE \u00ab TREATMENT BY INFORMATION TRANSFER \u00bb EN ANGLAIS OU ALLEMAND\u23ea protection contre Ondes \u00c9lectromagn\u00e9tiques 4G, 5G, Wi-Fi dans notre boutique en ligne! 10% de r\u00e9duction sur votre premi\u00e8re commande | Distributeur officiel | Livraison Mondiale | Commandez maintenant!\" \/>\n<meta name=\"robots\" content=\"index, follow, max-snippet:-1, max-image-preview:large, max-video-preview:-1\" \/>\n<link rel=\"canonical\" href=\"https:\/\/centre-region.eu\/fr\/produit\/livre-treatment-by-information-transfer-en-anglais\/\" \/>\n<meta property=\"og:locale\" content=\"fr_FR\" \/>\n<meta property=\"og:type\" content=\"article\" \/>\n<meta property=\"og:title\" content=\"Acheter LIVRE \u00ab TREATMENT BY INFORMATION TRANSFER \u00bb EN ANGLAIS OU ALLEMAND \u2014 Prix \u2705 \u200b\u200bet Photo - Centre-Region\" \/>\n<meta property=\"og:description\" content=\"Le meilleur prix pour la plaque de Koltsov \u23e9LIVRE \u00ab TREATMENT BY INFORMATION TRANSFER \u00bb EN ANGLAIS OU ALLEMAND\u23ea protection contre Ondes \u00c9lectromagn\u00e9tiques 4G, 5G, Wi-Fi dans notre boutique en ligne! 10% de r\u00e9duction sur votre premi\u00e8re commande | Distributeur officiel | Livraison Mondiale | Commandez maintenant!\" \/>\n<meta property=\"og:url\" content=\"https:\/\/centre-region.eu\/fr\/produit\/livre-treatment-by-information-transfer-en-anglais\/\" \/>\n<meta property=\"og:site_name\" content=\"Centre-Region\" \/>\n<meta property=\"article:modified_time\" content=\"2020-09-23T09:01:40+00:00\" \/>\n<meta property=\"og:image\" content=\"https:\/\/centre-region.eu\/wp-content\/uploads\/2020\/05\/Book-Piokal-English.jpg\" \/>\n\t<meta property=\"og:image:width\" content=\"600\" \/>\n\t<meta property=\"og:image:height\" content=\"600\" \/>\n\t<meta property=\"og:image:type\" content=\"image\/jpeg\" \/>\n<meta name=\"twitter:card\" content=\"summary_large_image\" \/>\n<meta name=\"twitter:label1\" content=\"Dur\u00e9e de lecture estim\u00e9e\" \/>\n\t<meta name=\"twitter:data1\" content=\"2 minutes\" \/>\n<script type=\"application\/ld+json\" class=\"yoast-schema-graph\">{\"@context\":\"https:\/\/schema.org\",\"@graph\":[{\"@type\":\"WebPage\",\"@id\":\"https:\/\/centre-region.eu\/fr\/produit\/livre-treatment-by-information-transfer-en-anglais\/\",\"url\":\"https:\/\/centre-region.eu\/fr\/produit\/livre-treatment-by-information-transfer-en-anglais\/\",\"name\":\"Acheter LIVRE \u00ab TREATMENT BY INFORMATION TRANSFER \u00bb EN ANGLAIS OU ALLEMAND \u2014 Prix \u2705 \u200b\u200bet Photo - Centre-Region\",\"isPartOf\":{\"@id\":\"https:\/\/centre-region.eu\/fr\/#website\"},\"primaryImageOfPage\":{\"@id\":\"https:\/\/centre-region.eu\/fr\/produit\/livre-treatment-by-information-transfer-en-anglais\/#primaryimage\"},\"image\":{\"@id\":\"https:\/\/centre-region.eu\/fr\/produit\/livre-treatment-by-information-transfer-en-anglais\/#primaryimage\"},\"thumbnailUrl\":\"https:\/\/centre-region.eu\/wp-content\/uploads\/2020\/05\/Book-Piokal-English.jpg\",\"datePublished\":\"2020-06-07T17:01:54+00:00\",\"dateModified\":\"2020-09-23T09:01:40+00:00\",\"description\":\"Le meilleur prix pour la plaque de Koltsov \u23e9LIVRE \u00ab TREATMENT BY INFORMATION TRANSFER \u00bb EN ANGLAIS OU ALLEMAND\u23ea protection contre Ondes \u00c9lectromagn\u00e9tiques 4G, 5G, Wi-Fi dans notre boutique en ligne! 10% de r\u00e9duction sur votre premi\u00e8re commande | Distributeur officiel | Livraison Mondiale | Commandez maintenant!\",\"breadcrumb\":{\"@id\":\"https:\/\/centre-region.eu\/fr\/produit\/livre-treatment-by-information-transfer-en-anglais\/#breadcrumb\"},\"inLanguage\":\"fr-FR\",\"potentialAction\":[{\"@type\":\"ReadAction\",\"target\":[\"https:\/\/centre-region.eu\/fr\/produit\/livre-treatment-by-information-transfer-en-anglais\/\"]}]},{\"@type\":\"ImageObject\",\"inLanguage\":\"fr-FR\",\"@id\":\"https:\/\/centre-region.eu\/fr\/produit\/livre-treatment-by-information-transfer-en-anglais\/#primaryimage\",\"url\":\"https:\/\/centre-region.eu\/wp-content\/uploads\/2020\/05\/Book-Piokal-English.jpg\",\"contentUrl\":\"https:\/\/centre-region.eu\/wp-content\/uploads\/2020\/05\/Book-Piokal-English.jpg\",\"width\":600,\"height\":600},{\"@type\":\"BreadcrumbList\",\"@id\":\"https:\/\/centre-region.eu\/fr\/produit\/livre-treatment-by-information-transfer-en-anglais\/#breadcrumb\",\"itemListElement\":[{\"@type\":\"ListItem\",\"position\":1,\"name\":\"Home\",\"item\":\"https:\/\/centre-region.eu\/fr\/\"},{\"@type\":\"ListItem\",\"position\":2,\"name\":\"Boutique\",\"item\":\"https:\/\/centre-region.eu\/fr\/boutique\/\"},{\"@type\":\"ListItem\",\"position\":3,\"name\":\"LIVRE \u00ab TREATMENT BY INFORMATION TRANSFER \u00bb EN ANGLAIS OU ALLEMAND\"}]},{\"@type\":\"WebSite\",\"@id\":\"https:\/\/centre-region.eu\/fr\/#website\",\"url\":\"https:\/\/centre-region.eu\/fr\/\",\"name\":\"Centre-Region\",\"description\":\"official European representative of the \u00abCentre Region\u00bb company\",\"publisher\":{\"@id\":\"https:\/\/centre-region.eu\/fr\/#organization\"},\"potentialAction\":[{\"@type\":\"SearchAction\",\"target\":{\"@type\":\"EntryPoint\",\"urlTemplate\":\"https:\/\/centre-region.eu\/fr\/?s={search_term_string}\"},\"query-input\":\"required name=search_term_string\"}],\"inLanguage\":\"fr-FR\"},{\"@type\":\"Organization\",\"@id\":\"https:\/\/centre-region.eu\/fr\/#organization\",\"name\":\"Centre-Region\",\"url\":\"https:\/\/centre-region.eu\/fr\/\",\"logo\":{\"@type\":\"ImageObject\",\"inLanguage\":\"fr-FR\",\"@id\":\"https:\/\/centre-region.eu\/fr\/#\/schema\/logo\/image\/\",\"url\":\"https:\/\/centre-region.eu\/wp-content\/uploads\/2019\/11\/Logo-Centre-Region-eu-5-1.svg\",\"contentUrl\":\"https:\/\/centre-region.eu\/wp-content\/uploads\/2019\/11\/Logo-Centre-Region-eu-5-1.svg\",\"caption\":\"Centre-Region\"},\"image\":{\"@id\":\"https:\/\/centre-region.eu\/fr\/#\/schema\/logo\/image\/\"}}]}<\/script>\n<!-- \/ Yoast SEO plugin. -->","yoast_head_json":{"title":"Acheter LIVRE \u00ab TREATMENT BY INFORMATION TRANSFER \u00bb EN ANGLAIS OU ALLEMAND \u2014 Prix \u2705 \u200b\u200bet Photo - Centre-Region","description":"Le meilleur prix pour la plaque de Koltsov \u23e9LIVRE \u00ab TREATMENT BY INFORMATION TRANSFER \u00bb EN ANGLAIS OU ALLEMAND\u23ea protection contre Ondes \u00c9lectromagn\u00e9tiques 4G, 5G, Wi-Fi dans notre boutique en ligne! 10% de r\u00e9duction sur votre premi\u00e8re commande | Distributeur officiel | Livraison Mondiale | Commandez maintenant!","robots":{"index":"index","follow":"follow","max-snippet":"max-snippet:-1","max-image-preview":"max-image-preview:large","max-video-preview":"max-video-preview:-1"},"canonical":"https:\/\/centre-region.eu\/fr\/produit\/livre-treatment-by-information-transfer-en-anglais\/","og_locale":"fr_FR","og_type":"article","og_title":"Acheter LIVRE \u00ab TREATMENT BY INFORMATION TRANSFER \u00bb EN ANGLAIS OU ALLEMAND \u2014 Prix \u2705 \u200b\u200bet Photo - Centre-Region","og_description":"Le meilleur prix pour la plaque de Koltsov \u23e9LIVRE \u00ab TREATMENT BY INFORMATION TRANSFER \u00bb EN ANGLAIS OU ALLEMAND\u23ea protection contre Ondes \u00c9lectromagn\u00e9tiques 4G, 5G, Wi-Fi dans notre boutique en ligne! 10% de r\u00e9duction sur votre premi\u00e8re commande | Distributeur officiel | Livraison Mondiale | Commandez maintenant!","og_url":"https:\/\/centre-region.eu\/fr\/produit\/livre-treatment-by-information-transfer-en-anglais\/","og_site_name":"Centre-Region","article_modified_time":"2020-09-23T09:01:40+00:00","og_image":[{"width":600,"height":600,"url":"https:\/\/centre-region.eu\/wp-content\/uploads\/2020\/05\/Book-Piokal-English.jpg","type":"image\/jpeg"}],"twitter_card":"summary_large_image","twitter_misc":{"Dur\u00e9e de lecture estim\u00e9e":"2 minutes"},"schema":{"@context":"https:\/\/schema.org","@graph":[{"@type":"WebPage","@id":"https:\/\/centre-region.eu\/fr\/produit\/livre-treatment-by-information-transfer-en-anglais\/","url":"https:\/\/centre-region.eu\/fr\/produit\/livre-treatment-by-information-transfer-en-anglais\/","name":"Acheter LIVRE \u00ab TREATMENT BY INFORMATION TRANSFER \u00bb EN ANGLAIS OU ALLEMAND \u2014 Prix \u2705 \u200b\u200bet Photo - Centre-Region","isPartOf":{"@id":"https:\/\/centre-region.eu\/fr\/#website"},"primaryImageOfPage":{"@id":"https:\/\/centre-region.eu\/fr\/produit\/livre-treatment-by-information-transfer-en-anglais\/#primaryimage"},"image":{"@id":"https:\/\/centre-region.eu\/fr\/produit\/livre-treatment-by-information-transfer-en-anglais\/#primaryimage"},"thumbnailUrl":"https:\/\/centre-region.eu\/wp-content\/uploads\/2020\/05\/Book-Piokal-English.jpg","datePublished":"2020-06-07T17:01:54+00:00","dateModified":"2020-09-23T09:01:40+00:00","description":"Le meilleur prix pour la plaque de Koltsov \u23e9LIVRE \u00ab TREATMENT BY INFORMATION TRANSFER \u00bb EN ANGLAIS OU ALLEMAND\u23ea protection contre Ondes \u00c9lectromagn\u00e9tiques 4G, 5G, Wi-Fi dans notre boutique en ligne! 10% de r\u00e9duction sur votre premi\u00e8re commande | Distributeur officiel | Livraison Mondiale | Commandez maintenant!","breadcrumb":{"@id":"https:\/\/centre-region.eu\/fr\/produit\/livre-treatment-by-information-transfer-en-anglais\/#breadcrumb"},"inLanguage":"fr-FR","potentialAction":[{"@type":"ReadAction","target":["https:\/\/centre-region.eu\/fr\/produit\/livre-treatment-by-information-transfer-en-anglais\/"]}]},{"@type":"ImageObject","inLanguage":"fr-FR","@id":"https:\/\/centre-region.eu\/fr\/produit\/livre-treatment-by-information-transfer-en-anglais\/#primaryimage","url":"https:\/\/centre-region.eu\/wp-content\/uploads\/2020\/05\/Book-Piokal-English.jpg","contentUrl":"https:\/\/centre-region.eu\/wp-content\/uploads\/2020\/05\/Book-Piokal-English.jpg","width":600,"height":600},{"@type":"BreadcrumbList","@id":"https:\/\/centre-region.eu\/fr\/produit\/livre-treatment-by-information-transfer-en-anglais\/#breadcrumb","itemListElement":[{"@type":"ListItem","position":1,"name":"Home","item":"https:\/\/centre-region.eu\/fr\/"},{"@type":"ListItem","position":2,"name":"Boutique","item":"https:\/\/centre-region.eu\/fr\/boutique\/"},{"@type":"ListItem","position":3,"name":"LIVRE \u00ab TREATMENT BY INFORMATION TRANSFER \u00bb EN ANGLAIS OU ALLEMAND"}]},{"@type":"WebSite","@id":"https:\/\/centre-region.eu\/fr\/#website","url":"https:\/\/centre-region.eu\/fr\/","name":"Centre-Region","description":"official European representative of the \u00abCentre Region\u00bb company","publisher":{"@id":"https:\/\/centre-region.eu\/fr\/#organization"},"potentialAction":[{"@type":"SearchAction","target":{"@type":"EntryPoint","urlTemplate":"https:\/\/centre-region.eu\/fr\/?s={search_term_string}"},"query-input":"required name=search_term_string"}],"inLanguage":"fr-FR"},{"@type":"Organization","@id":"https:\/\/centre-region.eu\/fr\/#organization","name":"Centre-Region","url":"https:\/\/centre-region.eu\/fr\/","logo":{"@type":"ImageObject","inLanguage":"fr-FR","@id":"https:\/\/centre-region.eu\/fr\/#\/schema\/logo\/image\/","url":"https:\/\/centre-region.eu\/wp-content\/uploads\/2019\/11\/Logo-Centre-Region-eu-5-1.svg","contentUrl":"https:\/\/centre-region.eu\/wp-content\/uploads\/2019\/11\/Logo-Centre-Region-eu-5-1.svg","caption":"Centre-Region"},"image":{"@id":"https:\/\/centre-region.eu\/fr\/#\/schema\/logo\/image\/"}}]}},"_links":{"self":[{"href":"https:\/\/centre-region.eu\/fr\/wp-json\/wp\/v2\/product\/13055","targetHints":{"allow":["GET"]}}],"collection":[{"href":"https:\/\/centre-region.eu\/fr\/wp-json\/wp\/v2\/product"}],"about":[{"href":"https:\/\/centre-region.eu\/fr\/wp-json\/wp\/v2\/types\/product"}],"replies":[{"embeddable":true,"href":"https:\/\/centre-region.eu\/fr\/wp-json\/wp\/v2\/comments?post=13055"}],"version-history":[{"count":2,"href":"https:\/\/centre-region.eu\/fr\/wp-json\/wp\/v2\/product\/13055\/revisions"}],"predecessor-version":[{"id":15593,"href":"https:\/\/centre-region.eu\/fr\/wp-json\/wp\/v2\/product\/13055\/revisions\/15593"}],"wp:featuredmedia":[{"embeddable":true,"href":"https:\/\/centre-region.eu\/fr\/wp-json\/wp\/v2\/media\/12812"}],"wp:attachment":[{"href":"https:\/\/centre-region.eu\/fr\/wp-json\/wp\/v2\/media?parent=13055"}],"wp:term":[{"taxonomy":"product_cat","embeddable":true,"href":"https:\/\/centre-region.eu\/fr\/wp-json\/wp\/v2\/product_cat?post=13055"},{"taxonomy":"product_tag","embeddable":true,"href":"https:\/\/centre-region.eu\/fr\/wp-json\/wp\/v2\/product_tag?post=13055"}],"curies":[{"name":"wp","href":"https:\/\/api.w.org\/{rel}","templated":true}]}}