{"id":12878,"date":"2020-05-26T22:41:46","date_gmt":"2020-05-26T22:46:17","guid":{"rendered":"https:\/\/www.centre-region.eu\/product\/masque-bioenergetique-piokal\/"},"modified":"2022-09-14T07:53:33","modified_gmt":"2022-09-14T07:53:33","slug":"piokal-bioenergy-face-mask-2","status":"publish","type":"product","link":"https:\/\/centre-region.eu\/fr\/produit\/piokal-bioenergy-face-mask-2\/","title":{"rendered":"MASQUE BIO\u00c9NERG\u00c9TIQUE PIOKAL\u00ae"},"content":{"rendered":"\t\t<div data-elementor-type=\"product-post\" data-elementor-id=\"12878\" class=\"elementor elementor-12878 elementor-12875\" data-elementor-post-type=\"product\">\n\t\t\t\t\t\t<section class=\"elementor-section elementor-top-section elementor-element elementor-element-74874e8 elementor-section-boxed elementor-section-height-default elementor-section-height-default\" data-id=\"74874e8\" data-element_type=\"section\">\n\t\t\t\t\t\t<div class=\"elementor-container elementor-column-gap-default\">\n\t\t\t\t\t<div class=\"elementor-column elementor-col-66 elementor-top-column elementor-element elementor-element-f8ce595\" data-id=\"f8ce595\" data-element_type=\"column\">\n\t\t\t<div class=\"elementor-widget-wrap elementor-element-populated\">\n\t\t\t\t\t\t<div class=\"elementor-element elementor-element-90fd75e elementor-widget elementor-widget-text-editor\" data-id=\"90fd75e\" data-element_type=\"widget\" data-widget_type=\"text-editor.default\">\n\t\t\t\t<div class=\"elementor-widget-container\">\n\t\t\t\t\t\t\t<div style=\"margin-bottom: 10px;\">Avec le temps, votre organisme produit de moins en moins de collag\u00e8ne et d\u2019\u00e9lastine. R\u00e9sultat : les rides s\u2019installent, votre peau s\u2019ass\u00e8che, et votre teint devient terne. Mais l\u2019\u00e2ge n\u2019est pas le seul coupable. Les tensions, le stress, la fatigue, la pollution, les produits cosm\u00e9tiques chimiques &#8211; sans parler du tabac, de l\u2019alcool, d\u2019une alimentation d\u00e9s\u00e9quilibr\u00e9e &#8211; ou encore la g\u00e9n\u00e9tique sont autant de facteurs suppl\u00e9mentaires contribuant au durcissement et au blocage de certaines zones du visage.<\/div>\n<div style=\"margin-bottom: 10px;\">Le massage facial traditionnel et les cr\u00e8mes ne suffisent pas, car ils n\u2019agissent que sur le plan physique. Il existe une m\u00e9thode de soin du visage beaucoup plus efficace : <strong> la r\u00e9flexologie faciale qui procure de nombreux bienfaits \u00e0 la fois au visage et au corps.<\/strong> <\/div>\n<div>La technique de r\u00e9flexologie faciale classique consiste \u00e0 stimuler les zones biologiquement actives du visage :<\/div>\n<div>Des zones r\u00e9flexes (points d\u2019acupuncture) qui correspondent au point de d\u00e9part ou d\u2019arriv\u00e9e de nombreux m\u00e9ridiens et qui sont reli\u00e9es \u00e0 des organes, des glandes ou des parties du corps ;<\/div>\n\t\t\t\t\t\t<\/div>\n\t\t\t\t<\/div>\n\t\t\t\t\t<\/div>\n\t\t<\/div>\n\t\t\t\t<div class=\"elementor-column elementor-col-33 elementor-top-column elementor-element elementor-element-9f5ed62\" data-id=\"9f5ed62\" data-element_type=\"column\">\n\t\t\t<div class=\"elementor-widget-wrap elementor-element-populated\">\n\t\t\t\t\t\t<div class=\"elementor-element elementor-element-29c3c05 elementor-widget elementor-widget-image\" data-id=\"29c3c05\" data-element_type=\"widget\" data-widget_type=\"image.default\">\n\t\t\t\t<div class=\"elementor-widget-container\">\n\t\t\t\t\t\t\t\t\t\t\t\t\t<img fetchpriority=\"high\" decoding=\"async\" width=\"256\" height=\"320\" src=\"https:\/\/centre-region.eu\/wp-content\/uploads\/2020\/05\/face_map.jpg\" class=\"attachment-large size-large wp-image-12981\" alt=\"\" srcset=\"https:\/\/centre-region.eu\/wp-content\/uploads\/2020\/05\/face_map.jpg 256w, https:\/\/centre-region.eu\/wp-content\/uploads\/2020\/05\/face_map-240x300.jpg 240w\" sizes=\"(max-width: 256px) 100vw, 256px\" \/>\t\t\t\t\t\t\t\t\t\t\t\t\t<\/div>\n\t\t\t\t<\/div>\n\t\t\t\t\t<\/div>\n\t\t<\/div>\n\t\t\t\t\t<\/div>\n\t\t<\/section>\n\t\t\t\t<section class=\"elementor-section elementor-top-section elementor-element elementor-element-5bd9195 elementor-section-boxed elementor-section-height-default elementor-section-height-default\" data-id=\"5bd9195\" data-element_type=\"section\">\n\t\t\t\t\t\t<div class=\"elementor-container elementor-column-gap-default\">\n\t\t\t\t\t<div class=\"elementor-column elementor-col-100 elementor-top-column elementor-element elementor-element-b0eef3c\" data-id=\"b0eef3c\" data-element_type=\"column\">\n\t\t\t<div class=\"elementor-widget-wrap elementor-element-populated\">\n\t\t\t\t\t\t<div class=\"elementor-element elementor-element-a244032 elementor-widget elementor-widget-text-editor\" data-id=\"a244032\" data-element_type=\"widget\" data-widget_type=\"text-editor.default\">\n\t\t\t\t<div class=\"elementor-widget-container\">\n\t\t\t\t\t\t\t<p>Des points fixes situ\u00e9s sur le visage qui ne sont pas physiquement connect\u00e9s aux parties du corps, mais ils stimulent les parties du cerveau qui contr\u00f4lent l\u2019activit\u00e9 des organes et des membres.<\/p>\n<p>La r\u00e9flexologie faciale vise \u00e0 mobiliser les processus responsables de la sant\u00e9 du corps et de la beaut\u00e9 naturelle du visage.<\/p>\n<p>Parce que le visage est tr\u00e8s proche du cerveau, richement vascularis\u00e9 et pourvu de nombreuses terminaisons nerveuses, on obtient par des techniques de stimulation, sur des points ou des zones r\u00e9flexes du visage, des r\u00e9sultats efficaces dans le traitement d&#8217;un grand nombre de probl\u00e9matiques. Ainsi, <strong>la r\u00e9flexologie faciale est un outil de sant\u00e9, de bien-\u00eatre et de beaut\u00e9.<\/strong><\/p>\n<p>Le masque Bio\u00e9nerg\u00e9tique PIOKAL\u00ae utilise \u00e9galement cette approche, mais au lieu d\u2019un massage ou d\u2019une pression soutenue avec le bout des doigts sur les points \u00e9nerg\u00e9tiques, il se sert de votre propre \u00e9nergie pour stimuler les points actifs. Aussi agit-il sur plusieurs plans, physique comme \u00e9nerg\u00e9tique.<\/p>\n<p><strong>La technologie PIOKAL\u00ae, comment \u00e7a marche ?<\/strong><\/p>\n<p>Les stimulateurs Bio\u00e9nerg\u00e9tique PIOKAL\u00ae contenus dans le masque, assurent la r\u00e9flexion et l\u2019amplification des \u00e9missions d&#8217;ondes personnelles, g\u00e9n\u00e9r\u00e9es par les points actifs du visage. Le principe d\u2019action de la technologie PIOKAL\u00ae est fond\u00e9 sur la restitution des liens d&#8217;information, sur la normalisation des flux \u00e9nerg\u00e9tiques et des processus d&#8217;autor\u00e9gulation au sein de l&#8217;organisme, qui ont pour cons\u00e9quence un rajeunissement aussi bien en surface du visage qu\u2019au niveau cellulaire profond.<\/p>\n<p>Au niveau cellulaire, la bio\u00e9nergie de l\u2019onde refl\u00e9t\u00e9e par les stimulateurs restitue la fr\u00e9quence initiale de la cellule : elle r\u00e9gule le manque de stabilit\u00e9 au sein de la cellule en la permettant d\u2019utiliser plus d\u2019\u00e9nergie pour am\u00e9liorer son activit\u00e9 vitale. Suite \u00e0 ce processus, la cellule commence \u00e0 se d\u00e9barrasser de tout ce dont elle n\u2019a pas besoin. Elle se nettoie, devenant ainsi plus saine.<\/p>\n<p>Un effet thermique appara\u00eet lors de la r\u00e9flexion de l&#8217;\u00e9nergie. Sous l&#8217;influence de cet effet, les vaisseaux sanguins de la peau et le tissu cellulaire sous-cutan\u00e9 s&#8217;\u00e9largissent et l&#8217;on assiste \u00e0 l&#8217;ouverture de tous les capillaires inactifs, ce qui augmente l&#8217;afflux du sang vers la peau.<\/p>\n<p class=\"MsoNormal\"><b><span lang=\"EN-GB\">Que peut-on attendre du<br \/>masque PIOKAL\u00ae ?<\/span><\/b><\/p>\n<ul>\n<li class=\"MsoNormal\"><span lang=\"EN-GB\">La peau fl\u00e9trie devient plus ferme gr\u00e2ce \u00e0 la r\u00e9hydratation des cellules ;<\/span><\/li>\n<li class=\"MsoNormal\"><span lang=\"EN-GB\">Le teint devient plus beau, plus lumineux ;<\/span><\/li>\n<li class=\"MsoNormal\"><span lang=\"EN-GB\">La peau retrouve sa fraicheur, devient plus lisse ;<\/span><\/li>\n<li class=\"MsoNormal\"><span lang=\"EN-GB\">Le tonus musculaire du visage s\u2019am\u00e9liore et les contours du visage redeviennent plus nets.<\/span><\/li>\n<\/ul>\n<p>Le principal avantage du masque PIOKAL\u00ae r\u00e9side dans le fait qu\u2019il utilise le potentiel \u00e9nerg\u00e9tique de chacun de nous, source d\u2019\u00e9nergie in\u00e9puisable. Contrairement \u00e0 tous les produits cosm\u00e9tiques existant, on ne renouvelle son achat que tous les 7 \u00e0 15 ans, selon l\u2019usure. &nbsp;&nbsp;&nbsp;<\/p>\n<p>Le masque Bio\u00e9nerg\u00e9tique PIOKAL\u00ae remplace les traitements co\u00fbteux inutiles.<\/p>\n<p><strong>Ses actions :<\/strong><\/p>\n<ul>\n<li>Stimule le m\u00e9tabolisme cellulaire de la peau du visage<\/li>\n<li>Soutient le processus naturel de r\u00e9g\u00e9n\u00e9ration cutan\u00e9e<\/li>\n<li>Apaise les irritations de la peau<\/li>\n<li>Evite la d\u00e9shydratation de la peau, en \u00e9liminant l\u2019inconfort li\u00e9 \u00e0 la s\u00e9cheresse cutan\u00e9e.<\/li>\n<\/ul>\n<p><strong>Les effets possibles de l&#8217;utilisation du masque :<\/strong><\/p>\n<ul>\n<li>Rend la peau plus ferme et \u00e9lastique<\/li>\n<li>Donne un effet bonne mine<\/li>\n<li>Purifie et resserre les pores de la peau<\/li>\n<li>Favorise l\u2019hydratation de la peau<\/li>\n<li>Lisse la peau et pr\u00e9vient la formation de nouvelles rides<\/li>\n<\/ul>\n<p><strong>Indications:<\/strong><\/p>\n<p>Le masque bio\u00e9nerg\u00e9tique PIOKAL\u00ae est recommand\u00e9 pour tous les types de peaux, et en particulier pour les peaux :<\/p>\n<ul>\n<li>S\u00e8ches, n\u00e9cessitant l\u2019hydratation<\/li>\n<li>Sensibles, irritables<\/li>\n<li>Sujettes aux rides<\/li>\n<li>D\u00e9t\u00e9rior\u00e9es par une exposition excessive au soleil<\/li>\n<li>Fatigu\u00e9es, fl\u00e9tries, rel\u00e2ch\u00e9es<\/li>\n<li>M\u00fbres, souffrant de vieillissement<\/li>\n<\/ul>\n<p>Le masque Bio\u00e9nerg\u00e9tique PIOKAL\u00ae peut compl\u00e9ter efficacement le traitement des dermatoses. Agissant comme un stimulateur du m\u00e9tabolisme cellulaire, le masque PIOKAL\u00ae r\u00e9g\u00e9n\u00e8re et r\u00e9hydrate la peau.<\/p>\n<p><strong>Le masque Bio\u00e9nerg\u00e9tique PIOKAL\u00ae <\/strong> <strong>compl\u00e8te efficacement d&#8217;autres soins ou traitements <\/strong>, en favorisant la p\u00e9n\u00e9tration des produits dans la peau et en renfor\u00e7ant leur action cosm\u00e9tique et th\u00e9rapeutique.<\/p>\n<p>Le masque PIOKAL\u00ae est un produit \u00e9nergo-informationnel. Il r\u00e9tablit le champ magn\u00e9tique ou l\u2019aura de l\u2019homme, et restaure ainsi les \u00e9nergies vitales de notre corps.<\/p><\/p>\n\t\t\t\t\t\t<\/div>\n\t\t\t\t<\/div>\n\t\t\t\t\t<\/div>\n\t\t<\/div>\n\t\t\t\t\t<\/div>\n\t\t<\/section>\n\t\t\t\t<\/div>\n\t\t","protected":false},"excerpt":{"rendered":"<p>Beaut\u00e9 au naturel avec la r\u00e9flexologie faciale.<\/p>\n<p>Si vous cherchez un produit de beaut\u00e9 naturel qui favorise le rajeunissement de la peau du visage et du cou, le masque Bio\u00e9nerg\u00e9tique PIOKAL\u00ae est pour vous !<\/p>\n<p>Le massage facial traditionnel et les cr\u00e8mes ne suffisent pas, car ils n\u2019agissent que sur le plan physique. Il existe une m\u00e9thode de soin du visage beaucoup plus efficace : <strong> la r\u00e9flexologie faciale qui procure de nombreux bienfaits \u00e0 la fois au visage et au corps.<\/strong><\/p>\n<p>Les stimulateurs Bio\u00e9nerg\u00e9tique PIOKAL\u00ae contenus dans le masque, assurent la r\u00e9flexion et l\u2019amplification des \u00e9missions d&#8217;ondes personnelles, g\u00e9n\u00e9r\u00e9es par les points actifs du visage. Le principe d\u2019action de la technologie PIOKAL\u00ae est fond\u00e9 sur la restitution des liens d&#8217;information, sur la normalisation des flux \u00e9nerg\u00e9tiques et des processus d&#8217;autor\u00e9gulation au sein de l&#8217;organisme, qui ont pour cons\u00e9quence un rajeunissement aussi bien en surface du visage qu\u2019au niveau cellulaire profond.<\/p>\n","protected":false},"featured_media":12827,"comment_status":"open","ping_status":"closed","template":"","meta":{"site-sidebar-layout":"no-sidebar","site-content-layout":"page-builder","ast-global-header-display":"","ast-main-header-display":"","ast-hfb-above-header-display":"","ast-hfb-below-header-display":"","ast-hfb-mobile-header-display":"","site-post-title":"disabled","ast-breadcrumbs-content":"","ast-featured-img":"disabled","footer-sml-layout":"","theme-transparent-header-meta":"default","adv-header-id-meta":"","stick-header-meta":"","header-above-stick-meta":"","header-main-stick-meta":"","header-below-stick-meta":""},"product_cat":[282,281],"product_tag":[],"class_list":{"0":"post-12878","1":"product","2":"type-product","3":"status-publish","4":"has-post-thumbnail","6":"product_cat-piokal-piokal","7":"product_cat-piokal","8":"desktop-align-center","9":"tablet-align-center","10":"mobile-align-center","11":"ast-product-gallery-layout-horizontal-slider","12":"ast-magnify-disabled","13":"ast-product-tabs-layout-horizontal","15":"first","16":"outofstock","17":"taxable","18":"shipping-taxable","19":"purchasable","20":"product-type-simple","21":"add-to-wishlist-after_add_to_cart"},"acf":[],"yoast_head":"<!-- This site is optimized with the Yoast SEO plugin v22.2 - https:\/\/yoast.com\/wordpress\/plugins\/seo\/ -->\n<title>Acheter MASQUE BIO\u00c9NERG\u00c9TIQUE PIOKAL\u00ae \u2014 Prix \u2705 \u200b\u200bet Photo - Centre-Region<\/title>\n<meta name=\"description\" content=\"Le meilleur prix pour la \u23e9MASQUE BIO\u00c9NERG\u00c9TIQUE PIOKAL\u00ae \u23ea dans notre boutique en ligne! 10% de r\u00e9duction sur votre premi\u00e8re commande | Distributeur officiel | Livraison Mondiale Commandez maintenant!\" \/>\n<meta name=\"robots\" content=\"index, follow, max-snippet:-1, max-image-preview:large, max-video-preview:-1\" \/>\n<link rel=\"canonical\" href=\"https:\/\/centre-region.eu\/fr\/produit\/piokal-bioenergy-face-mask-2\/\" \/>\n<meta property=\"og:locale\" content=\"fr_FR\" \/>\n<meta property=\"og:type\" content=\"article\" \/>\n<meta property=\"og:title\" content=\"Acheter MASQUE BIO\u00c9NERG\u00c9TIQUE PIOKAL\u00ae \u2014 Prix \u2705 \u200b\u200bet Photo - Centre-Region\" \/>\n<meta property=\"og:description\" content=\"Le meilleur prix pour la \u23e9MASQUE BIO\u00c9NERG\u00c9TIQUE PIOKAL\u00ae \u23ea dans notre boutique en ligne! 10% de r\u00e9duction sur votre premi\u00e8re commande | Distributeur officiel | Livraison Mondiale Commandez maintenant!\" \/>\n<meta property=\"og:url\" content=\"https:\/\/centre-region.eu\/fr\/produit\/piokal-bioenergy-face-mask-2\/\" \/>\n<meta property=\"og:site_name\" content=\"Centre-Region\" \/>\n<meta property=\"article:modified_time\" content=\"2022-09-14T07:53:33+00:00\" \/>\n<meta property=\"og:image\" content=\"https:\/\/centre-region.eu\/wp-content\/uploads\/2020\/05\/Masque-Piokal-2.jpg\" \/>\n\t<meta property=\"og:image:width\" content=\"600\" \/>\n\t<meta property=\"og:image:height\" content=\"600\" \/>\n\t<meta property=\"og:image:type\" content=\"image\/jpeg\" \/>\n<meta name=\"twitter:card\" content=\"summary_large_image\" \/>\n<meta name=\"twitter:label1\" content=\"Dur\u00e9e de lecture estim\u00e9e\" \/>\n\t<meta name=\"twitter:data1\" content=\"5 minutes\" \/>\n<script type=\"application\/ld+json\" class=\"yoast-schema-graph\">{\"@context\":\"https:\/\/schema.org\",\"@graph\":[{\"@type\":\"WebPage\",\"@id\":\"https:\/\/centre-region.eu\/fr\/produit\/piokal-bioenergy-face-mask-2\/\",\"url\":\"https:\/\/centre-region.eu\/fr\/produit\/piokal-bioenergy-face-mask-2\/\",\"name\":\"Acheter MASQUE BIO\u00c9NERG\u00c9TIQUE PIOKAL\u00ae \u2014 Prix \u2705 \u200b\u200bet Photo - Centre-Region\",\"isPartOf\":{\"@id\":\"https:\/\/centre-region.eu\/fr\/#website\"},\"primaryImageOfPage\":{\"@id\":\"https:\/\/centre-region.eu\/fr\/produit\/piokal-bioenergy-face-mask-2\/#primaryimage\"},\"image\":{\"@id\":\"https:\/\/centre-region.eu\/fr\/produit\/piokal-bioenergy-face-mask-2\/#primaryimage\"},\"thumbnailUrl\":\"https:\/\/centre-region.eu\/wp-content\/uploads\/2020\/05\/Masque-Piokal-2.jpg\",\"datePublished\":\"2020-05-26T22:46:17+00:00\",\"dateModified\":\"2022-09-14T07:53:33+00:00\",\"description\":\"Le meilleur prix pour la \u23e9MASQUE BIO\u00c9NERG\u00c9TIQUE PIOKAL\u00ae \u23ea dans notre boutique en ligne! 10% de r\u00e9duction sur votre premi\u00e8re commande | Distributeur officiel | Livraison Mondiale Commandez maintenant!\",\"breadcrumb\":{\"@id\":\"https:\/\/centre-region.eu\/fr\/produit\/piokal-bioenergy-face-mask-2\/#breadcrumb\"},\"inLanguage\":\"fr-FR\",\"potentialAction\":[{\"@type\":\"ReadAction\",\"target\":[\"https:\/\/centre-region.eu\/fr\/produit\/piokal-bioenergy-face-mask-2\/\"]}]},{\"@type\":\"ImageObject\",\"inLanguage\":\"fr-FR\",\"@id\":\"https:\/\/centre-region.eu\/fr\/produit\/piokal-bioenergy-face-mask-2\/#primaryimage\",\"url\":\"https:\/\/centre-region.eu\/wp-content\/uploads\/2020\/05\/Masque-Piokal-2.jpg\",\"contentUrl\":\"https:\/\/centre-region.eu\/wp-content\/uploads\/2020\/05\/Masque-Piokal-2.jpg\",\"width\":600,\"height\":600},{\"@type\":\"BreadcrumbList\",\"@id\":\"https:\/\/centre-region.eu\/fr\/produit\/piokal-bioenergy-face-mask-2\/#breadcrumb\",\"itemListElement\":[{\"@type\":\"ListItem\",\"position\":1,\"name\":\"Home\",\"item\":\"https:\/\/centre-region.eu\/fr\/\"},{\"@type\":\"ListItem\",\"position\":2,\"name\":\"Boutique\",\"item\":\"https:\/\/centre-region.eu\/fr\/boutique\/\"},{\"@type\":\"ListItem\",\"position\":3,\"name\":\"MASQUE BIO\u00c9NERG\u00c9TIQUE PIOKAL\u00ae\"}]},{\"@type\":\"WebSite\",\"@id\":\"https:\/\/centre-region.eu\/fr\/#website\",\"url\":\"https:\/\/centre-region.eu\/fr\/\",\"name\":\"Centre-Region\",\"description\":\"official European representative of the \u00abCentre Region\u00bb company\",\"publisher\":{\"@id\":\"https:\/\/centre-region.eu\/fr\/#organization\"},\"potentialAction\":[{\"@type\":\"SearchAction\",\"target\":{\"@type\":\"EntryPoint\",\"urlTemplate\":\"https:\/\/centre-region.eu\/fr\/?s={search_term_string}\"},\"query-input\":\"required name=search_term_string\"}],\"inLanguage\":\"fr-FR\"},{\"@type\":\"Organization\",\"@id\":\"https:\/\/centre-region.eu\/fr\/#organization\",\"name\":\"Centre-Region\",\"url\":\"https:\/\/centre-region.eu\/fr\/\",\"logo\":{\"@type\":\"ImageObject\",\"inLanguage\":\"fr-FR\",\"@id\":\"https:\/\/centre-region.eu\/fr\/#\/schema\/logo\/image\/\",\"url\":\"https:\/\/centre-region.eu\/wp-content\/uploads\/2019\/11\/Logo-Centre-Region-eu-5-1.svg\",\"contentUrl\":\"https:\/\/centre-region.eu\/wp-content\/uploads\/2019\/11\/Logo-Centre-Region-eu-5-1.svg\",\"caption\":\"Centre-Region\"},\"image\":{\"@id\":\"https:\/\/centre-region.eu\/fr\/#\/schema\/logo\/image\/\"}}]}<\/script>\n<!-- \/ Yoast SEO plugin. -->","yoast_head_json":{"title":"Acheter MASQUE BIO\u00c9NERG\u00c9TIQUE PIOKAL\u00ae \u2014 Prix \u2705 \u200b\u200bet Photo - Centre-Region","description":"Le meilleur prix pour la \u23e9MASQUE BIO\u00c9NERG\u00c9TIQUE PIOKAL\u00ae \u23ea dans notre boutique en ligne! 10% de r\u00e9duction sur votre premi\u00e8re commande | Distributeur officiel | Livraison Mondiale Commandez maintenant!","robots":{"index":"index","follow":"follow","max-snippet":"max-snippet:-1","max-image-preview":"max-image-preview:large","max-video-preview":"max-video-preview:-1"},"canonical":"https:\/\/centre-region.eu\/fr\/produit\/piokal-bioenergy-face-mask-2\/","og_locale":"fr_FR","og_type":"article","og_title":"Acheter MASQUE BIO\u00c9NERG\u00c9TIQUE PIOKAL\u00ae \u2014 Prix \u2705 \u200b\u200bet Photo - Centre-Region","og_description":"Le meilleur prix pour la \u23e9MASQUE BIO\u00c9NERG\u00c9TIQUE PIOKAL\u00ae \u23ea dans notre boutique en ligne! 10% de r\u00e9duction sur votre premi\u00e8re commande | Distributeur officiel | Livraison Mondiale Commandez maintenant!","og_url":"https:\/\/centre-region.eu\/fr\/produit\/piokal-bioenergy-face-mask-2\/","og_site_name":"Centre-Region","article_modified_time":"2022-09-14T07:53:33+00:00","og_image":[{"width":600,"height":600,"url":"https:\/\/centre-region.eu\/wp-content\/uploads\/2020\/05\/Masque-Piokal-2.jpg","type":"image\/jpeg"}],"twitter_card":"summary_large_image","twitter_misc":{"Dur\u00e9e de lecture estim\u00e9e":"5 minutes"},"schema":{"@context":"https:\/\/schema.org","@graph":[{"@type":"WebPage","@id":"https:\/\/centre-region.eu\/fr\/produit\/piokal-bioenergy-face-mask-2\/","url":"https:\/\/centre-region.eu\/fr\/produit\/piokal-bioenergy-face-mask-2\/","name":"Acheter MASQUE BIO\u00c9NERG\u00c9TIQUE PIOKAL\u00ae \u2014 Prix \u2705 \u200b\u200bet Photo - Centre-Region","isPartOf":{"@id":"https:\/\/centre-region.eu\/fr\/#website"},"primaryImageOfPage":{"@id":"https:\/\/centre-region.eu\/fr\/produit\/piokal-bioenergy-face-mask-2\/#primaryimage"},"image":{"@id":"https:\/\/centre-region.eu\/fr\/produit\/piokal-bioenergy-face-mask-2\/#primaryimage"},"thumbnailUrl":"https:\/\/centre-region.eu\/wp-content\/uploads\/2020\/05\/Masque-Piokal-2.jpg","datePublished":"2020-05-26T22:46:17+00:00","dateModified":"2022-09-14T07:53:33+00:00","description":"Le meilleur prix pour la \u23e9MASQUE BIO\u00c9NERG\u00c9TIQUE PIOKAL\u00ae \u23ea dans notre boutique en ligne! 10% de r\u00e9duction sur votre premi\u00e8re commande | Distributeur officiel | Livraison Mondiale Commandez maintenant!","breadcrumb":{"@id":"https:\/\/centre-region.eu\/fr\/produit\/piokal-bioenergy-face-mask-2\/#breadcrumb"},"inLanguage":"fr-FR","potentialAction":[{"@type":"ReadAction","target":["https:\/\/centre-region.eu\/fr\/produit\/piokal-bioenergy-face-mask-2\/"]}]},{"@type":"ImageObject","inLanguage":"fr-FR","@id":"https:\/\/centre-region.eu\/fr\/produit\/piokal-bioenergy-face-mask-2\/#primaryimage","url":"https:\/\/centre-region.eu\/wp-content\/uploads\/2020\/05\/Masque-Piokal-2.jpg","contentUrl":"https:\/\/centre-region.eu\/wp-content\/uploads\/2020\/05\/Masque-Piokal-2.jpg","width":600,"height":600},{"@type":"BreadcrumbList","@id":"https:\/\/centre-region.eu\/fr\/produit\/piokal-bioenergy-face-mask-2\/#breadcrumb","itemListElement":[{"@type":"ListItem","position":1,"name":"Home","item":"https:\/\/centre-region.eu\/fr\/"},{"@type":"ListItem","position":2,"name":"Boutique","item":"https:\/\/centre-region.eu\/fr\/boutique\/"},{"@type":"ListItem","position":3,"name":"MASQUE BIO\u00c9NERG\u00c9TIQUE PIOKAL\u00ae"}]},{"@type":"WebSite","@id":"https:\/\/centre-region.eu\/fr\/#website","url":"https:\/\/centre-region.eu\/fr\/","name":"Centre-Region","description":"official European representative of the \u00abCentre Region\u00bb company","publisher":{"@id":"https:\/\/centre-region.eu\/fr\/#organization"},"potentialAction":[{"@type":"SearchAction","target":{"@type":"EntryPoint","urlTemplate":"https:\/\/centre-region.eu\/fr\/?s={search_term_string}"},"query-input":"required name=search_term_string"}],"inLanguage":"fr-FR"},{"@type":"Organization","@id":"https:\/\/centre-region.eu\/fr\/#organization","name":"Centre-Region","url":"https:\/\/centre-region.eu\/fr\/","logo":{"@type":"ImageObject","inLanguage":"fr-FR","@id":"https:\/\/centre-region.eu\/fr\/#\/schema\/logo\/image\/","url":"https:\/\/centre-region.eu\/wp-content\/uploads\/2019\/11\/Logo-Centre-Region-eu-5-1.svg","contentUrl":"https:\/\/centre-region.eu\/wp-content\/uploads\/2019\/11\/Logo-Centre-Region-eu-5-1.svg","caption":"Centre-Region"},"image":{"@id":"https:\/\/centre-region.eu\/fr\/#\/schema\/logo\/image\/"}}]}},"_links":{"self":[{"href":"https:\/\/centre-region.eu\/fr\/wp-json\/wp\/v2\/product\/12878","targetHints":{"allow":["GET"]}}],"collection":[{"href":"https:\/\/centre-region.eu\/fr\/wp-json\/wp\/v2\/product"}],"about":[{"href":"https:\/\/centre-region.eu\/fr\/wp-json\/wp\/v2\/types\/product"}],"replies":[{"embeddable":true,"href":"https:\/\/centre-region.eu\/fr\/wp-json\/wp\/v2\/comments?post=12878"}],"version-history":[{"count":14,"href":"https:\/\/centre-region.eu\/fr\/wp-json\/wp\/v2\/product\/12878\/revisions"}],"predecessor-version":[{"id":22053,"href":"https:\/\/centre-region.eu\/fr\/wp-json\/wp\/v2\/product\/12878\/revisions\/22053"}],"wp:featuredmedia":[{"embeddable":true,"href":"https:\/\/centre-region.eu\/fr\/wp-json\/wp\/v2\/media\/12827"}],"wp:attachment":[{"href":"https:\/\/centre-region.eu\/fr\/wp-json\/wp\/v2\/media?parent=12878"}],"wp:term":[{"taxonomy":"product_cat","embeddable":true,"href":"https:\/\/centre-region.eu\/fr\/wp-json\/wp\/v2\/product_cat?post=12878"},{"taxonomy":"product_tag","embeddable":true,"href":"https:\/\/centre-region.eu\/fr\/wp-json\/wp\/v2\/product_tag?post=12878"}],"curies":[{"name":"wp","href":"https:\/\/api.w.org\/{rel}","templated":true}]}}