{"id":12873,"date":"2020-05-26T22:28:02","date_gmt":"2020-05-26T22:36:21","guid":{"rendered":"https:\/\/www.centre-region.eu\/product\/tapis-piokal-bioenergetique\/"},"modified":"2021-11-04T15:41:40","modified_gmt":"2021-11-04T15:41:40","slug":"mat-piokal-bioenergetic-mat-2","status":"publish","type":"product","link":"https:\/\/centre-region.eu\/fr\/produit\/mat-piokal-bioenergetic-mat-2\/","title":{"rendered":"TAPIS PIOKAL\u00ae BIO\u00c9NERG\u00c9TIQUE"},"content":{"rendered":"\t\t<div data-elementor-type=\"product-post\" data-elementor-id=\"12873\" class=\"elementor elementor-12873 elementor-12867\" data-elementor-post-type=\"product\">\n\t\t\t\t\t\t<section class=\"elementor-section elementor-top-section elementor-element elementor-element-2ce5932 elementor-section-boxed elementor-section-height-default elementor-section-height-default\" data-id=\"2ce5932\" data-element_type=\"section\">\n\t\t\t\t\t\t<div class=\"elementor-container elementor-column-gap-default\">\n\t\t\t\t\t<div class=\"elementor-column elementor-col-100 elementor-top-column elementor-element elementor-element-b9647a5\" data-id=\"b9647a5\" data-element_type=\"column\">\n\t\t\t<div class=\"elementor-widget-wrap elementor-element-populated\">\n\t\t\t\t\t\t<div class=\"elementor-element elementor-element-95e55e0 elementor-widget elementor-widget-text-editor\" data-id=\"95e55e0\" data-element_type=\"widget\" data-widget_type=\"text-editor.default\">\n\t\t\t\t<div class=\"elementor-widget-container\">\n\t\t\t\t\t\t\t<p>Les avantages th\u00e9rapeutiques des Stimulateurs PIOKAL\u00ae Bio\u00e9nerg\u00e9tiques ont \u00e9t\u00e9 d\u00e9montr\u00e9es par des \u00e9tudes scientifiques men\u00e9es au Collegium Medicum L. Rydygier \u00e0 Bydgoszcz (Pologne) et au Laboratoire de Biotronique et d\u2019\u00c9lectrophotographie de Kielce (Pologne). De nombreux m\u00e9decins et utilisateurs dans le monde entier ont aussi donn\u00e9 des t\u00e9moignages positives. <\/p>\n<p><strong>Comment l\u2019utiliser ?<\/strong><\/p>\n<ul>\n<li>D\u00e9contractez-vous sur le tapis PIOKAL\u00ae et stimulez tous les points d\u2019\u00e9nergie dans votre corps tout en \u00e9tant sur votre lit, votre canap\u00e9 ou sur votre chaise longue au jardin. <\/li>\n<li>Glissez le tapis PIOKAL\u00ae Bio\u00e9nerg\u00e9tique sous votre drap et profitez de ses bienfaits pendant la nuit. Nous savons que c\u2019est essentiellement pendant la nuit que notre organisme \u00e9limine des toxines. Il est bien connu que le processus de nettoyage et de renouvellement des cellules a lieu lorsque votre corps est au repos.<\/li>\n<li>Utilisez-le en tant que tapis de sol pendant vos s\u00e9ances de gym ou de yoga. <\/li>\n<li>Utilisez-le en tant que tapis pour votre animal domestique.<\/li>\n<\/ul>\n<p>Le tapis PIOKAL\u00ae Bio\u00e9nerg\u00e9tique est fin et l\u00e9ger. Facile \u00e0 enrouler et \u00e0 porter, il peut \u00eatre emport\u00e9 en voyage ou pr\u00eat\u00e9 \u00e0 un proche.<\/p>\n\t\t\t\t\t\t<\/div>\n\t\t\t\t<\/div>\n\t\t\t\t\t<\/div>\n\t\t<\/div>\n\t\t\t\t\t<\/div>\n\t\t<\/section>\n\t\t\t\t<\/div>\n\t\t","protected":false},"excerpt":{"rendered":"<p>Veuillez garder \u00e0 l\u2019esprit que nous ne sommes pas autoris\u00e9s \u00e0 envoyer ce produit en France, au Luxembourg, en Belgique et en Suisse.<\/p>\n<p>L\u2019action principale des Stimulateurs PIOKAL\u00ae Bio\u00e9nerg\u00e9tiques contenus dans le tapis consiste \u00e0 refl\u00e9ter et \u00e0 amplifier les ondes \u00e9mises par l\u2019organisme, qui sont produites par les points actifs sur l\u2019organisme. La technologie PIOKAL\u00ae est bas\u00e9e sur la restitution des liens d\u2019information intercellulaires, la normalisation du flux d\u2019\u00e9nergie et des processus d\u2019autor\u00e9gulation dans l\u2019organisme, ce qui provoque un renouvellement au niveau cellulaire profond.<\/p>\n<p>Au niveau cellulaire, la bio\u00e9nergie de l\u2019onde refl\u00e9t\u00e9e par les stimulateurs restitue la fr\u00e9quence initiale de la cellule : elle r\u00e9gule le manque de stabilit\u00e9 au sein de la cellule en la permettant d\u2019utiliser plus d\u2019\u00e9nergie pour am\u00e9liorer son activit\u00e9 vitale. Suite \u00e0 ce processus, la cellule commence \u00e0 se d\u00e9barrasser de tout ce dont elle n\u2019a pas besoin. Elle se nettoie, devenant ainsi plus saine.<\/p>\n","protected":false},"featured_media":12830,"comment_status":"open","ping_status":"closed","template":"","meta":{"site-sidebar-layout":"no-sidebar","site-content-layout":"page-builder","ast-global-header-display":"","ast-main-header-display":"","ast-hfb-above-header-display":"","ast-hfb-below-header-display":"","ast-hfb-mobile-header-display":"","site-post-title":"disabled","ast-breadcrumbs-content":"","ast-featured-img":"disabled","footer-sml-layout":"","theme-transparent-header-meta":"default","adv-header-id-meta":"","stick-header-meta":"","header-above-stick-meta":"","header-main-stick-meta":"","header-below-stick-meta":""},"product_cat":[282],"product_tag":[],"class_list":{"0":"post-12873","1":"product","2":"type-product","3":"status-publish","4":"has-post-thumbnail","6":"product_cat-piokal-piokal","7":"desktop-align-center","8":"tablet-align-center","9":"mobile-align-center","10":"ast-product-gallery-layout-horizontal-slider","11":"ast-magnify-disabled","12":"ast-product-tabs-layout-horizontal","14":"first","15":"outofstock","16":"taxable","17":"shipping-taxable","18":"purchasable","19":"product-type-simple","20":"add-to-wishlist-after_add_to_cart"},"acf":[],"yoast_head":"<!-- This site is optimized with the Yoast SEO plugin v22.2 - https:\/\/yoast.com\/wordpress\/plugins\/seo\/ -->\n<title>Acheter TAPIS PIOKAL\u00ae BIO\u00c9NERG\u00c9TIQUE \u2014 Prix \u2705 \u200b\u200bet Photo - Centre-Region<\/title>\n<meta name=\"description\" content=\"Le meilleur prix pour la \u23e9TAPIS PIOKAL\u00ae BIO\u00c9NERG\u00c9TIQUE\u23ea dans notre boutique en ligne! 10% de r\u00e9duction sur votre premi\u00e8re commande | Distributeur officiel | Livraison Mondiale Commandez maintenant!\" \/>\n<meta name=\"robots\" content=\"index, follow, max-snippet:-1, max-image-preview:large, max-video-preview:-1\" \/>\n<link rel=\"canonical\" href=\"https:\/\/centre-region.eu\/fr\/produit\/mat-piokal-bioenergetic-mat-2\/\" \/>\n<meta property=\"og:locale\" content=\"fr_FR\" \/>\n<meta property=\"og:type\" content=\"article\" \/>\n<meta property=\"og:title\" content=\"Acheter TAPIS PIOKAL\u00ae BIO\u00c9NERG\u00c9TIQUE \u2014 Prix \u2705 \u200b\u200bet Photo - Centre-Region\" \/>\n<meta property=\"og:description\" content=\"Le meilleur prix pour la \u23e9TAPIS PIOKAL\u00ae BIO\u00c9NERG\u00c9TIQUE\u23ea dans notre boutique en ligne! 10% de r\u00e9duction sur votre premi\u00e8re commande | Distributeur officiel | Livraison Mondiale Commandez maintenant!\" \/>\n<meta property=\"og:url\" content=\"https:\/\/centre-region.eu\/fr\/produit\/mat-piokal-bioenergetic-mat-2\/\" \/>\n<meta property=\"og:site_name\" content=\"Centre-Region\" \/>\n<meta property=\"article:modified_time\" content=\"2021-11-04T15:41:40+00:00\" \/>\n<meta property=\"og:image\" content=\"https:\/\/centre-region.eu\/wp-content\/uploads\/2020\/05\/Mat-Piokal-1.jpg\" \/>\n\t<meta property=\"og:image:width\" content=\"600\" \/>\n\t<meta property=\"og:image:height\" content=\"600\" \/>\n\t<meta property=\"og:image:type\" content=\"image\/jpeg\" \/>\n<meta name=\"twitter:card\" content=\"summary_large_image\" \/>\n<meta name=\"twitter:label1\" content=\"Dur\u00e9e de lecture estim\u00e9e\" \/>\n\t<meta name=\"twitter:data1\" content=\"1 minute\" \/>\n<script type=\"application\/ld+json\" class=\"yoast-schema-graph\">{\"@context\":\"https:\/\/schema.org\",\"@graph\":[{\"@type\":\"WebPage\",\"@id\":\"https:\/\/centre-region.eu\/fr\/produit\/mat-piokal-bioenergetic-mat-2\/\",\"url\":\"https:\/\/centre-region.eu\/fr\/produit\/mat-piokal-bioenergetic-mat-2\/\",\"name\":\"Acheter TAPIS PIOKAL\u00ae BIO\u00c9NERG\u00c9TIQUE \u2014 Prix \u2705 \u200b\u200bet Photo - Centre-Region\",\"isPartOf\":{\"@id\":\"https:\/\/centre-region.eu\/fr\/#website\"},\"primaryImageOfPage\":{\"@id\":\"https:\/\/centre-region.eu\/fr\/produit\/mat-piokal-bioenergetic-mat-2\/#primaryimage\"},\"image\":{\"@id\":\"https:\/\/centre-region.eu\/fr\/produit\/mat-piokal-bioenergetic-mat-2\/#primaryimage\"},\"thumbnailUrl\":\"https:\/\/centre-region.eu\/wp-content\/uploads\/2020\/05\/Mat-Piokal-1.jpg\",\"datePublished\":\"2020-05-26T22:36:21+00:00\",\"dateModified\":\"2021-11-04T15:41:40+00:00\",\"description\":\"Le meilleur prix pour la \u23e9TAPIS PIOKAL\u00ae BIO\u00c9NERG\u00c9TIQUE\u23ea dans notre boutique en ligne! 10% de r\u00e9duction sur votre premi\u00e8re commande | Distributeur officiel | Livraison Mondiale Commandez maintenant!\",\"breadcrumb\":{\"@id\":\"https:\/\/centre-region.eu\/fr\/produit\/mat-piokal-bioenergetic-mat-2\/#breadcrumb\"},\"inLanguage\":\"fr-FR\",\"potentialAction\":[{\"@type\":\"ReadAction\",\"target\":[\"https:\/\/centre-region.eu\/fr\/produit\/mat-piokal-bioenergetic-mat-2\/\"]}]},{\"@type\":\"ImageObject\",\"inLanguage\":\"fr-FR\",\"@id\":\"https:\/\/centre-region.eu\/fr\/produit\/mat-piokal-bioenergetic-mat-2\/#primaryimage\",\"url\":\"https:\/\/centre-region.eu\/wp-content\/uploads\/2020\/05\/Mat-Piokal-1.jpg\",\"contentUrl\":\"https:\/\/centre-region.eu\/wp-content\/uploads\/2020\/05\/Mat-Piokal-1.jpg\",\"width\":600,\"height\":600},{\"@type\":\"BreadcrumbList\",\"@id\":\"https:\/\/centre-region.eu\/fr\/produit\/mat-piokal-bioenergetic-mat-2\/#breadcrumb\",\"itemListElement\":[{\"@type\":\"ListItem\",\"position\":1,\"name\":\"Home\",\"item\":\"https:\/\/centre-region.eu\/fr\/\"},{\"@type\":\"ListItem\",\"position\":2,\"name\":\"Boutique\",\"item\":\"https:\/\/centre-region.eu\/fr\/boutique\/\"},{\"@type\":\"ListItem\",\"position\":3,\"name\":\"TAPIS PIOKAL\u00ae BIO\u00c9NERG\u00c9TIQUE\"}]},{\"@type\":\"WebSite\",\"@id\":\"https:\/\/centre-region.eu\/fr\/#website\",\"url\":\"https:\/\/centre-region.eu\/fr\/\",\"name\":\"Centre-Region\",\"description\":\"official European representative of the \u00abCentre Region\u00bb company\",\"publisher\":{\"@id\":\"https:\/\/centre-region.eu\/fr\/#organization\"},\"potentialAction\":[{\"@type\":\"SearchAction\",\"target\":{\"@type\":\"EntryPoint\",\"urlTemplate\":\"https:\/\/centre-region.eu\/fr\/?s={search_term_string}\"},\"query-input\":\"required name=search_term_string\"}],\"inLanguage\":\"fr-FR\"},{\"@type\":\"Organization\",\"@id\":\"https:\/\/centre-region.eu\/fr\/#organization\",\"name\":\"Centre-Region\",\"url\":\"https:\/\/centre-region.eu\/fr\/\",\"logo\":{\"@type\":\"ImageObject\",\"inLanguage\":\"fr-FR\",\"@id\":\"https:\/\/centre-region.eu\/fr\/#\/schema\/logo\/image\/\",\"url\":\"https:\/\/centre-region.eu\/wp-content\/uploads\/2019\/11\/Logo-Centre-Region-eu-5-1.svg\",\"contentUrl\":\"https:\/\/centre-region.eu\/wp-content\/uploads\/2019\/11\/Logo-Centre-Region-eu-5-1.svg\",\"caption\":\"Centre-Region\"},\"image\":{\"@id\":\"https:\/\/centre-region.eu\/fr\/#\/schema\/logo\/image\/\"}}]}<\/script>\n<!-- \/ Yoast SEO plugin. -->","yoast_head_json":{"title":"Acheter TAPIS PIOKAL\u00ae BIO\u00c9NERG\u00c9TIQUE \u2014 Prix \u2705 \u200b\u200bet Photo - Centre-Region","description":"Le meilleur prix pour la \u23e9TAPIS PIOKAL\u00ae BIO\u00c9NERG\u00c9TIQUE\u23ea dans notre boutique en ligne! 10% de r\u00e9duction sur votre premi\u00e8re commande | Distributeur officiel | Livraison Mondiale Commandez maintenant!","robots":{"index":"index","follow":"follow","max-snippet":"max-snippet:-1","max-image-preview":"max-image-preview:large","max-video-preview":"max-video-preview:-1"},"canonical":"https:\/\/centre-region.eu\/fr\/produit\/mat-piokal-bioenergetic-mat-2\/","og_locale":"fr_FR","og_type":"article","og_title":"Acheter TAPIS PIOKAL\u00ae BIO\u00c9NERG\u00c9TIQUE \u2014 Prix \u2705 \u200b\u200bet Photo - Centre-Region","og_description":"Le meilleur prix pour la \u23e9TAPIS PIOKAL\u00ae BIO\u00c9NERG\u00c9TIQUE\u23ea dans notre boutique en ligne! 10% de r\u00e9duction sur votre premi\u00e8re commande | Distributeur officiel | Livraison Mondiale Commandez maintenant!","og_url":"https:\/\/centre-region.eu\/fr\/produit\/mat-piokal-bioenergetic-mat-2\/","og_site_name":"Centre-Region","article_modified_time":"2021-11-04T15:41:40+00:00","og_image":[{"width":600,"height":600,"url":"https:\/\/centre-region.eu\/wp-content\/uploads\/2020\/05\/Mat-Piokal-1.jpg","type":"image\/jpeg"}],"twitter_card":"summary_large_image","twitter_misc":{"Dur\u00e9e de lecture estim\u00e9e":"1 minute"},"schema":{"@context":"https:\/\/schema.org","@graph":[{"@type":"WebPage","@id":"https:\/\/centre-region.eu\/fr\/produit\/mat-piokal-bioenergetic-mat-2\/","url":"https:\/\/centre-region.eu\/fr\/produit\/mat-piokal-bioenergetic-mat-2\/","name":"Acheter TAPIS PIOKAL\u00ae BIO\u00c9NERG\u00c9TIQUE \u2014 Prix \u2705 \u200b\u200bet Photo - Centre-Region","isPartOf":{"@id":"https:\/\/centre-region.eu\/fr\/#website"},"primaryImageOfPage":{"@id":"https:\/\/centre-region.eu\/fr\/produit\/mat-piokal-bioenergetic-mat-2\/#primaryimage"},"image":{"@id":"https:\/\/centre-region.eu\/fr\/produit\/mat-piokal-bioenergetic-mat-2\/#primaryimage"},"thumbnailUrl":"https:\/\/centre-region.eu\/wp-content\/uploads\/2020\/05\/Mat-Piokal-1.jpg","datePublished":"2020-05-26T22:36:21+00:00","dateModified":"2021-11-04T15:41:40+00:00","description":"Le meilleur prix pour la \u23e9TAPIS PIOKAL\u00ae BIO\u00c9NERG\u00c9TIQUE\u23ea dans notre boutique en ligne! 10% de r\u00e9duction sur votre premi\u00e8re commande | Distributeur officiel | Livraison Mondiale Commandez maintenant!","breadcrumb":{"@id":"https:\/\/centre-region.eu\/fr\/produit\/mat-piokal-bioenergetic-mat-2\/#breadcrumb"},"inLanguage":"fr-FR","potentialAction":[{"@type":"ReadAction","target":["https:\/\/centre-region.eu\/fr\/produit\/mat-piokal-bioenergetic-mat-2\/"]}]},{"@type":"ImageObject","inLanguage":"fr-FR","@id":"https:\/\/centre-region.eu\/fr\/produit\/mat-piokal-bioenergetic-mat-2\/#primaryimage","url":"https:\/\/centre-region.eu\/wp-content\/uploads\/2020\/05\/Mat-Piokal-1.jpg","contentUrl":"https:\/\/centre-region.eu\/wp-content\/uploads\/2020\/05\/Mat-Piokal-1.jpg","width":600,"height":600},{"@type":"BreadcrumbList","@id":"https:\/\/centre-region.eu\/fr\/produit\/mat-piokal-bioenergetic-mat-2\/#breadcrumb","itemListElement":[{"@type":"ListItem","position":1,"name":"Home","item":"https:\/\/centre-region.eu\/fr\/"},{"@type":"ListItem","position":2,"name":"Boutique","item":"https:\/\/centre-region.eu\/fr\/boutique\/"},{"@type":"ListItem","position":3,"name":"TAPIS PIOKAL\u00ae BIO\u00c9NERG\u00c9TIQUE"}]},{"@type":"WebSite","@id":"https:\/\/centre-region.eu\/fr\/#website","url":"https:\/\/centre-region.eu\/fr\/","name":"Centre-Region","description":"official European representative of the \u00abCentre Region\u00bb company","publisher":{"@id":"https:\/\/centre-region.eu\/fr\/#organization"},"potentialAction":[{"@type":"SearchAction","target":{"@type":"EntryPoint","urlTemplate":"https:\/\/centre-region.eu\/fr\/?s={search_term_string}"},"query-input":"required name=search_term_string"}],"inLanguage":"fr-FR"},{"@type":"Organization","@id":"https:\/\/centre-region.eu\/fr\/#organization","name":"Centre-Region","url":"https:\/\/centre-region.eu\/fr\/","logo":{"@type":"ImageObject","inLanguage":"fr-FR","@id":"https:\/\/centre-region.eu\/fr\/#\/schema\/logo\/image\/","url":"https:\/\/centre-region.eu\/wp-content\/uploads\/2019\/11\/Logo-Centre-Region-eu-5-1.svg","contentUrl":"https:\/\/centre-region.eu\/wp-content\/uploads\/2019\/11\/Logo-Centre-Region-eu-5-1.svg","caption":"Centre-Region"},"image":{"@id":"https:\/\/centre-region.eu\/fr\/#\/schema\/logo\/image\/"}}]}},"_links":{"self":[{"href":"https:\/\/centre-region.eu\/fr\/wp-json\/wp\/v2\/product\/12873","targetHints":{"allow":["GET"]}}],"collection":[{"href":"https:\/\/centre-region.eu\/fr\/wp-json\/wp\/v2\/product"}],"about":[{"href":"https:\/\/centre-region.eu\/fr\/wp-json\/wp\/v2\/types\/product"}],"replies":[{"embeddable":true,"href":"https:\/\/centre-region.eu\/fr\/wp-json\/wp\/v2\/comments?post=12873"}],"version-history":[{"count":3,"href":"https:\/\/centre-region.eu\/fr\/wp-json\/wp\/v2\/product\/12873\/revisions"}],"predecessor-version":[{"id":14383,"href":"https:\/\/centre-region.eu\/fr\/wp-json\/wp\/v2\/product\/12873\/revisions\/14383"}],"wp:featuredmedia":[{"embeddable":true,"href":"https:\/\/centre-region.eu\/fr\/wp-json\/wp\/v2\/media\/12830"}],"wp:attachment":[{"href":"https:\/\/centre-region.eu\/fr\/wp-json\/wp\/v2\/media?parent=12873"}],"wp:term":[{"taxonomy":"product_cat","embeddable":true,"href":"https:\/\/centre-region.eu\/fr\/wp-json\/wp\/v2\/product_cat?post=12873"},{"taxonomy":"product_tag","embeddable":true,"href":"https:\/\/centre-region.eu\/fr\/wp-json\/wp\/v2\/product_tag?post=12873"}],"curies":[{"name":"wp","href":"https:\/\/api.w.org\/{rel}","templated":true}]}}