{"id":12770,"date":"2020-05-24T01:01:11","date_gmt":"2020-05-24T01:27:52","guid":{"rendered":"https:\/\/www.centre-region.eu\/product\/produit-factice-pour-piokal\/"},"modified":"2024-07-31T16:29:11","modified_gmt":"2024-07-31T16:29:11","slug":"semelles-piokal","status":"publish","type":"product","link":"https:\/\/centre-region.eu\/fr\/produit\/semelles-piokal\/","title":{"rendered":"SEMELLES PIOKAL\u00ae BIO\u00c9NERG\u00c9TIQUES"},"content":{"rendered":"\t\t<div data-elementor-type=\"product-post\" data-elementor-id=\"12770\" class=\"elementor elementor-12770 elementor-12756\" data-elementor-post-type=\"product\">\n\t\t\t\t\t\t<section class=\"elementor-section elementor-top-section elementor-element elementor-element-5cbf672 elementor-section-boxed elementor-section-height-default elementor-section-height-default\" data-id=\"5cbf672\" data-element_type=\"section\">\n\t\t\t\t\t\t<div class=\"elementor-container elementor-column-gap-default\">\n\t\t\t\t\t<div class=\"elementor-column elementor-col-66 elementor-top-column elementor-element elementor-element-1c583d3\" data-id=\"1c583d3\" data-element_type=\"column\">\n\t\t\t<div class=\"elementor-widget-wrap elementor-element-populated\">\n\t\t\t\t\t\t<div class=\"elementor-element elementor-element-5390b9a elementor-widget elementor-widget-text-editor\" data-id=\"5390b9a\" data-element_type=\"widget\" data-widget_type=\"text-editor.default\">\n\t\t\t\t<div class=\"elementor-widget-container\">\n\t\t\t\t\t\t\t<p><strong>COMMENT FONCTIONNE LA TECHNOLOGIE PIOKAL\u00ae ?<\/strong><\/p>\n<p>L\u2019action principale des Stimulateurs PIOKAL\u00ae Bio\u00e9nerg\u00e9tiques contenus dans les semelles consiste \u00e0 refl\u00e9ter et \u00e0 amplifier les ondes \u00e9mises par l\u2019organisme, qui sont produites par les points actifs sur la plante des pieds.<\/p>\n<p>La technologie PIOKAL\u00ae est bas\u00e9e sur la restitution des liens d\u2019information intercellulaires, la normalisation du flux d\u2019\u00e9nergie et des processus d\u2019autor\u00e9gulation dans l\u2019organisme, ce qui provoque un renouvellement au niveau cellulaire profond.<\/p>\n<p>Les Stimulateurs Bio\u00e9nerg\u00e9tiques PIOKAL\u00ae contribuent \u00e0 la normalisation de l\u2019ATP dans les processus biologiques. L\u2019ATP (ad\u00e9nosine-5-triphosphate) est la mol\u00e9cule qui, dans la biochimie de tous les organismes vivants, fournit l&#8217;\u00e9nergie n\u00e9cessaire aux r\u00e9actions chimiques du m\u00e9tabolisme.<\/p>\n<p>Au niveau cellulaire, la bio\u00e9nergie de l\u2019onde refl\u00e9t\u00e9e par les stimulateurs restitue la fr\u00e9quence initiale de la cellule : elle r\u00e9gule le manque de stabilit\u00e9 au sein de la cellule en la permettant d\u2019utiliser plus d\u2019\u00e9nergie pour am\u00e9liorer son activit\u00e9 vitale. Suite \u00e0 ce processus, la cellule commence \u00e0 se d\u00e9barrasser de tout ce dont elle n\u2019a pas besoin. Elle se nettoie, devenant ainsi plus saine.<\/p>\n<p>Un effet thermique appara\u00eet lors de la r\u00e9flexion de l&#8217;\u00e9nergie. Sous l&#8217;influence de cet effet, les vaisseaux sanguins de la peau et le tissu cellulaire sous-cutan\u00e9 s&#8217;\u00e9largissent et l&#8217;on assiste \u00e0 l&#8217;ouverture de tous les capillaires inactifs, ce qui augmente l&#8217;afflux du sang vers la peau. C\u2019est pourquoi les Semelles PIOKAL\u00ae Bio\u00e9nerg\u00e9tiques conviennent tout particuli\u00e8rement aux personnes souffrant de troubles de thermor\u00e9gulation car elles sont con\u00e7ues pour fournir l\u2019effet \u00ab pieds chauds \u00bb.<\/p>\n\t\t\t\t\t\t<\/div>\n\t\t\t\t<\/div>\n\t\t\t\t\t<\/div>\n\t\t<\/div>\n\t\t\t\t<div class=\"elementor-column elementor-col-33 elementor-top-column elementor-element elementor-element-77914a6\" data-id=\"77914a6\" data-element_type=\"column\">\n\t\t\t<div class=\"elementor-widget-wrap elementor-element-populated\">\n\t\t\t\t\t\t<div class=\"elementor-element elementor-element-0ec040c elementor-widget elementor-widget-image\" data-id=\"0ec040c\" data-element_type=\"widget\" data-widget_type=\"image.default\">\n\t\t\t\t<div class=\"elementor-widget-container\">\n\t\t\t\t\t\t\t\t\t\t\t\t\t<img fetchpriority=\"high\" decoding=\"async\" width=\"432\" height=\"567\" src=\"https:\/\/centre-region.eu\/wp-content\/uploads\/2020\/05\/Semelles-Piokal.jpg\" class=\"attachment-large size-large wp-image-13033\" alt=\"\" srcset=\"https:\/\/centre-region.eu\/wp-content\/uploads\/2020\/05\/Semelles-Piokal.jpg 432w, https:\/\/centre-region.eu\/wp-content\/uploads\/2020\/05\/Semelles-Piokal-229x300.jpg 229w\" sizes=\"(max-width: 432px) 100vw, 432px\" \/>\t\t\t\t\t\t\t\t\t\t\t\t\t<\/div>\n\t\t\t\t<\/div>\n\t\t\t\t\t<\/div>\n\t\t<\/div>\n\t\t\t\t\t<\/div>\n\t\t<\/section>\n\t\t\t\t<section class=\"elementor-section elementor-top-section elementor-element elementor-element-1192054 elementor-section-boxed elementor-section-height-default elementor-section-height-default\" data-id=\"1192054\" data-element_type=\"section\">\n\t\t\t\t\t\t<div class=\"elementor-container elementor-column-gap-default\">\n\t\t\t\t\t<div class=\"elementor-column elementor-col-100 elementor-top-column elementor-element elementor-element-664e755\" data-id=\"664e755\" data-element_type=\"column\">\n\t\t\t<div class=\"elementor-widget-wrap elementor-element-populated\">\n\t\t\t\t\t\t<div class=\"elementor-element elementor-element-6eff6c3 elementor-widget elementor-widget-text-editor\" data-id=\"6eff6c3\" data-element_type=\"widget\" data-widget_type=\"text-editor.default\">\n\t\t\t\t<div class=\"elementor-widget-container\">\n\t\t\t\t\t\t\t<p><strong>Qui peut utiliser les stimulateurs bio\u00e9nerg\u00e9tiques ?<\/strong><\/p>\n<p>Les Stimulateurs PIOKAL\u00ae sont conseill\u00e9s \u00e0 tout le monde, quelle que soit la maladie \u00e0 soulager ou \u00e0 pr\u00e9venir, et conviennent tout particuli\u00e8rement aux personnes \u00e2g\u00e9es ou surmen\u00e9es, aux enfants, aux femmes enceintes ou en m\u00e9nopause\u2026 .<\/p>\n<p>Les Semelles PIOKAL\u00ae sont disponibles en 4 tailles : 35-37, 38-40, 40-43, 44-47. Elles sont pour la plupart \u00e0 d\u00e9couper en longueur \u00e0 la pointure souhait\u00e9e.<\/p>\n<p>Les Semelles Piokal\u00ae Bio\u00e9nerg\u00e9tiques sont plus larges que les semelles ordinaires. Il est pr\u00e9f\u00e9rable de ne pas couper les surfaces lat\u00e9rales des semelles, puisque cela pourrait r\u00e9duire l\u2019efficacit\u00e9 des stimulateurs. En effet, de nombreux points d&#8217;acupuncture se trouvent sur les faces lat\u00e9rales de nos pieds. Cependant, il peut arriver que les semelles d\u00e9passent des chaussures sur les c\u00f4t\u00e9s, auquel cas il est possible de r\u00e9duire leur largeur sans inconv\u00e9nients.<\/p>\n<p><strong>\u00c9TUDE CLINIQUE<\/strong><\/p>\n<p>Les Stimulateurs PIOKAL \u00ae Bio\u00e9nerg\u00e9tiques ont \u00e9t\u00e9 test\u00e9s dans de nombreux \u00e9tablissements m\u00e9dicaux.<\/p>\n<ul>\n<li>Institut Novosibirsk de Recherches dans l\u2019Hygi\u00e8ne, Minist\u00e8re de la Sant\u00e9, Novosibirsk, Russie<\/li>\n<li>Institut de Recherches en H\u00e9matologie et Transfusion Sanguine du Minist\u00e8re de la Sant\u00e9, R\u00e9publique de Bi\u00e9lorussie<\/li>\n<li>H\u00f4pital Clinique Municipal No. 2, Novosibirsk, Russie<\/li>\n<li>Universit\u00e9 d\u2019\u00c9tat M\u00e9dicale d\u2019Alta\u00ef, Russie<\/li>\n<li>Centre Scientifique et Pratique, Agnia, Bi\u00e9lorussie<\/li>\n<li>Universit\u00e9 Nicolas Copernic, Pologne<\/li>\n<\/ul>\n<p>De nombreux m\u00e9decins et utilisateurs dans le monde entier ont aussi donn\u00e9 des t\u00e9moignages positives.<\/p>\n<p>Les Semelles PIOKAL\u00ae Bio\u00e9nerg\u00e9tiques sont inscrits en Europe en tant que produit m\u00e9dical et elles ont un code GMDN.<\/p>\n\t\t\t\t\t\t<\/div>\n\t\t\t\t<\/div>\n\t\t\t\t\t<\/div>\n\t\t<\/div>\n\t\t\t\t\t<\/div>\n\t\t<\/section>\n\t\t\t\t<\/div>\n\t\t","protected":false},"excerpt":{"rendered":"<p>Veuillez garder \u00e0 l\u2019esprit que nous ne sommes pas autoris\u00e9s \u00e0 envoyer ce produit en France, au Luxembourg, en Belgique et en Suisse.<\/p>\n<p>L\u2019action principale des Stimulateurs PIOKAL\u00ae Bio\u00e9nerg\u00e9tiques contenus dans les semelles consiste \u00e0 refl\u00e9ter et \u00e0 amplifier les ondes \u00e9mises par l\u2019organisme, qui sont produites par les points actifs sur la plante des pieds.<\/p>\n<p>La technologie PIOKAL\u00ae est bas\u00e9e sur la restitution des liens d\u2019information intercellulaires, la normalisation du flux d\u2019\u00e9nergie et des processus d\u2019autor\u00e9gulation dans l\u2019organisme, ce qui provoque un renouvellement au niveau cellulaire profond.<\/p>\n<p>Les Stimulateurs PIOKAL \u00ae Bio\u00e9nerg\u00e9tiques ont \u00e9t\u00e9 test\u00e9s dans de nombreux \u00e9tablissements m\u00e9dicaux.<\/p>\n<p>De nombreux m\u00e9decins et utilisateurs dans le monde entier ont aussi donn\u00e9 des t\u00e9moignages positives.<\/p>\n","protected":false},"featured_media":12815,"comment_status":"open","ping_status":"closed","template":"","meta":{"site-sidebar-layout":"no-sidebar","site-content-layout":"page-builder","ast-global-header-display":"","ast-main-header-display":"","ast-hfb-above-header-display":"","ast-hfb-below-header-display":"","ast-hfb-mobile-header-display":"","site-post-title":"disabled","ast-breadcrumbs-content":"","ast-featured-img":"disabled","footer-sml-layout":"","theme-transparent-header-meta":"default","adv-header-id-meta":"","stick-header-meta":"","header-above-stick-meta":"","header-main-stick-meta":"","header-below-stick-meta":""},"product_cat":[282],"product_tag":[],"class_list":{"0":"post-12770","1":"product","2":"type-product","3":"status-publish","4":"has-post-thumbnail","6":"product_cat-piokal-piokal","7":"desktop-align-center","8":"tablet-align-center","9":"mobile-align-center","10":"ast-product-gallery-layout-horizontal-slider","11":"ast-magnify-disabled","12":"ast-product-single-variable","13":"ast-product-tabs-layout-horizontal","15":"first","16":"instock","17":"sale","18":"taxable","19":"shipping-taxable","20":"purchasable","21":"product-type-variable","22":"add-to-wishlist-after_add_to_cart"},"acf":[],"yoast_head":"<!-- This site is optimized with the Yoast SEO plugin v22.2 - https:\/\/yoast.com\/wordpress\/plugins\/seo\/ -->\n<title>Acheter SEMELLES PIOKAL\u00ae BIO\u00c9NERG\u00c9TIQUES \u2014 Prix \u2705 \u200b\u200bet Photo - Centre-Region<\/title>\n<meta name=\"description\" content=\"Le meilleur prix pour la \u23e9SEMELLES PIOKAL\u00ae BIO\u00c9NERG\u00c9TIQUES \u23ea dans notre boutique en ligne! 10% de r\u00e9duction sur votre premi\u00e8re commande | Distributeur officiel | Livraison Mondiale Commandez maintenant!\" \/>\n<meta name=\"robots\" content=\"index, follow, max-snippet:-1, max-image-preview:large, max-video-preview:-1\" \/>\n<link rel=\"canonical\" href=\"https:\/\/centre-region.eu\/fr\/produit\/semelles-piokal\/\" \/>\n<meta property=\"og:locale\" content=\"fr_FR\" \/>\n<meta property=\"og:type\" content=\"article\" \/>\n<meta property=\"og:title\" content=\"Acheter SEMELLES PIOKAL\u00ae BIO\u00c9NERG\u00c9TIQUES \u2014 Prix \u2705 \u200b\u200bet Photo - Centre-Region\" \/>\n<meta property=\"og:description\" content=\"Le meilleur prix pour la \u23e9SEMELLES PIOKAL\u00ae BIO\u00c9NERG\u00c9TIQUES \u23ea dans notre boutique en ligne! 10% de r\u00e9duction sur votre premi\u00e8re commande | Distributeur officiel | Livraison Mondiale Commandez maintenant!\" \/>\n<meta property=\"og:url\" content=\"https:\/\/centre-region.eu\/fr\/produit\/semelles-piokal\/\" \/>\n<meta property=\"og:site_name\" content=\"Centre-Region\" \/>\n<meta property=\"article:modified_time\" content=\"2024-07-31T16:29:11+00:00\" \/>\n<meta property=\"og:image\" content=\"https:\/\/centre-region.eu\/wp-content\/uploads\/2020\/05\/Insoles-Piokal-1.jpg\" \/>\n\t<meta property=\"og:image:width\" content=\"600\" \/>\n\t<meta property=\"og:image:height\" content=\"600\" \/>\n\t<meta property=\"og:image:type\" content=\"image\/jpeg\" \/>\n<meta name=\"twitter:card\" content=\"summary_large_image\" \/>\n<meta name=\"twitter:label1\" content=\"Dur\u00e9e de lecture estim\u00e9e\" \/>\n\t<meta name=\"twitter:data1\" content=\"3 minutes\" \/>\n<script type=\"application\/ld+json\" class=\"yoast-schema-graph\">{\"@context\":\"https:\/\/schema.org\",\"@graph\":[{\"@type\":\"WebPage\",\"@id\":\"https:\/\/centre-region.eu\/fr\/produit\/semelles-piokal\/\",\"url\":\"https:\/\/centre-region.eu\/fr\/produit\/semelles-piokal\/\",\"name\":\"Acheter SEMELLES PIOKAL\u00ae BIO\u00c9NERG\u00c9TIQUES \u2014 Prix \u2705 \u200b\u200bet Photo - Centre-Region\",\"isPartOf\":{\"@id\":\"https:\/\/centre-region.eu\/fr\/#website\"},\"primaryImageOfPage\":{\"@id\":\"https:\/\/centre-region.eu\/fr\/produit\/semelles-piokal\/#primaryimage\"},\"image\":{\"@id\":\"https:\/\/centre-region.eu\/fr\/produit\/semelles-piokal\/#primaryimage\"},\"thumbnailUrl\":\"https:\/\/centre-region.eu\/wp-content\/uploads\/2020\/05\/Insoles-Piokal-1.jpg\",\"datePublished\":\"2020-05-24T01:27:52+00:00\",\"dateModified\":\"2024-07-31T16:29:11+00:00\",\"description\":\"Le meilleur prix pour la \u23e9SEMELLES PIOKAL\u00ae BIO\u00c9NERG\u00c9TIQUES \u23ea dans notre boutique en ligne! 10% de r\u00e9duction sur votre premi\u00e8re commande | Distributeur officiel | Livraison Mondiale Commandez maintenant!\",\"breadcrumb\":{\"@id\":\"https:\/\/centre-region.eu\/fr\/produit\/semelles-piokal\/#breadcrumb\"},\"inLanguage\":\"fr-FR\",\"potentialAction\":[{\"@type\":\"ReadAction\",\"target\":[\"https:\/\/centre-region.eu\/fr\/produit\/semelles-piokal\/\"]}]},{\"@type\":\"ImageObject\",\"inLanguage\":\"fr-FR\",\"@id\":\"https:\/\/centre-region.eu\/fr\/produit\/semelles-piokal\/#primaryimage\",\"url\":\"https:\/\/centre-region.eu\/wp-content\/uploads\/2020\/05\/Insoles-Piokal-1.jpg\",\"contentUrl\":\"https:\/\/centre-region.eu\/wp-content\/uploads\/2020\/05\/Insoles-Piokal-1.jpg\",\"width\":600,\"height\":600},{\"@type\":\"BreadcrumbList\",\"@id\":\"https:\/\/centre-region.eu\/fr\/produit\/semelles-piokal\/#breadcrumb\",\"itemListElement\":[{\"@type\":\"ListItem\",\"position\":1,\"name\":\"Home\",\"item\":\"https:\/\/centre-region.eu\/fr\/\"},{\"@type\":\"ListItem\",\"position\":2,\"name\":\"Boutique\",\"item\":\"https:\/\/centre-region.eu\/fr\/boutique\/\"},{\"@type\":\"ListItem\",\"position\":3,\"name\":\"SEMELLES PIOKAL\u00ae BIO\u00c9NERG\u00c9TIQUES\"}]},{\"@type\":\"WebSite\",\"@id\":\"https:\/\/centre-region.eu\/fr\/#website\",\"url\":\"https:\/\/centre-region.eu\/fr\/\",\"name\":\"Centre-Region\",\"description\":\"official European representative of the \u00abCentre Region\u00bb company\",\"publisher\":{\"@id\":\"https:\/\/centre-region.eu\/fr\/#organization\"},\"potentialAction\":[{\"@type\":\"SearchAction\",\"target\":{\"@type\":\"EntryPoint\",\"urlTemplate\":\"https:\/\/centre-region.eu\/fr\/?s={search_term_string}\"},\"query-input\":\"required name=search_term_string\"}],\"inLanguage\":\"fr-FR\"},{\"@type\":\"Organization\",\"@id\":\"https:\/\/centre-region.eu\/fr\/#organization\",\"name\":\"Centre-Region\",\"url\":\"https:\/\/centre-region.eu\/fr\/\",\"logo\":{\"@type\":\"ImageObject\",\"inLanguage\":\"fr-FR\",\"@id\":\"https:\/\/centre-region.eu\/fr\/#\/schema\/logo\/image\/\",\"url\":\"https:\/\/centre-region.eu\/wp-content\/uploads\/2019\/11\/Logo-Centre-Region-eu-5-1.svg\",\"contentUrl\":\"https:\/\/centre-region.eu\/wp-content\/uploads\/2019\/11\/Logo-Centre-Region-eu-5-1.svg\",\"caption\":\"Centre-Region\"},\"image\":{\"@id\":\"https:\/\/centre-region.eu\/fr\/#\/schema\/logo\/image\/\"}}]}<\/script>\n<!-- \/ Yoast SEO plugin. -->","yoast_head_json":{"title":"Acheter SEMELLES PIOKAL\u00ae BIO\u00c9NERG\u00c9TIQUES \u2014 Prix \u2705 \u200b\u200bet Photo - Centre-Region","description":"Le meilleur prix pour la \u23e9SEMELLES PIOKAL\u00ae BIO\u00c9NERG\u00c9TIQUES \u23ea dans notre boutique en ligne! 10% de r\u00e9duction sur votre premi\u00e8re commande | Distributeur officiel | Livraison Mondiale Commandez maintenant!","robots":{"index":"index","follow":"follow","max-snippet":"max-snippet:-1","max-image-preview":"max-image-preview:large","max-video-preview":"max-video-preview:-1"},"canonical":"https:\/\/centre-region.eu\/fr\/produit\/semelles-piokal\/","og_locale":"fr_FR","og_type":"article","og_title":"Acheter SEMELLES PIOKAL\u00ae BIO\u00c9NERG\u00c9TIQUES \u2014 Prix \u2705 \u200b\u200bet Photo - Centre-Region","og_description":"Le meilleur prix pour la \u23e9SEMELLES PIOKAL\u00ae BIO\u00c9NERG\u00c9TIQUES \u23ea dans notre boutique en ligne! 10% de r\u00e9duction sur votre premi\u00e8re commande | Distributeur officiel | Livraison Mondiale Commandez maintenant!","og_url":"https:\/\/centre-region.eu\/fr\/produit\/semelles-piokal\/","og_site_name":"Centre-Region","article_modified_time":"2024-07-31T16:29:11+00:00","og_image":[{"width":600,"height":600,"url":"https:\/\/centre-region.eu\/wp-content\/uploads\/2020\/05\/Insoles-Piokal-1.jpg","type":"image\/jpeg"}],"twitter_card":"summary_large_image","twitter_misc":{"Dur\u00e9e de lecture estim\u00e9e":"3 minutes"},"schema":{"@context":"https:\/\/schema.org","@graph":[{"@type":"WebPage","@id":"https:\/\/centre-region.eu\/fr\/produit\/semelles-piokal\/","url":"https:\/\/centre-region.eu\/fr\/produit\/semelles-piokal\/","name":"Acheter SEMELLES PIOKAL\u00ae BIO\u00c9NERG\u00c9TIQUES \u2014 Prix \u2705 \u200b\u200bet Photo - Centre-Region","isPartOf":{"@id":"https:\/\/centre-region.eu\/fr\/#website"},"primaryImageOfPage":{"@id":"https:\/\/centre-region.eu\/fr\/produit\/semelles-piokal\/#primaryimage"},"image":{"@id":"https:\/\/centre-region.eu\/fr\/produit\/semelles-piokal\/#primaryimage"},"thumbnailUrl":"https:\/\/centre-region.eu\/wp-content\/uploads\/2020\/05\/Insoles-Piokal-1.jpg","datePublished":"2020-05-24T01:27:52+00:00","dateModified":"2024-07-31T16:29:11+00:00","description":"Le meilleur prix pour la \u23e9SEMELLES PIOKAL\u00ae BIO\u00c9NERG\u00c9TIQUES \u23ea dans notre boutique en ligne! 10% de r\u00e9duction sur votre premi\u00e8re commande | Distributeur officiel | Livraison Mondiale Commandez maintenant!","breadcrumb":{"@id":"https:\/\/centre-region.eu\/fr\/produit\/semelles-piokal\/#breadcrumb"},"inLanguage":"fr-FR","potentialAction":[{"@type":"ReadAction","target":["https:\/\/centre-region.eu\/fr\/produit\/semelles-piokal\/"]}]},{"@type":"ImageObject","inLanguage":"fr-FR","@id":"https:\/\/centre-region.eu\/fr\/produit\/semelles-piokal\/#primaryimage","url":"https:\/\/centre-region.eu\/wp-content\/uploads\/2020\/05\/Insoles-Piokal-1.jpg","contentUrl":"https:\/\/centre-region.eu\/wp-content\/uploads\/2020\/05\/Insoles-Piokal-1.jpg","width":600,"height":600},{"@type":"BreadcrumbList","@id":"https:\/\/centre-region.eu\/fr\/produit\/semelles-piokal\/#breadcrumb","itemListElement":[{"@type":"ListItem","position":1,"name":"Home","item":"https:\/\/centre-region.eu\/fr\/"},{"@type":"ListItem","position":2,"name":"Boutique","item":"https:\/\/centre-region.eu\/fr\/boutique\/"},{"@type":"ListItem","position":3,"name":"SEMELLES PIOKAL\u00ae BIO\u00c9NERG\u00c9TIQUES"}]},{"@type":"WebSite","@id":"https:\/\/centre-region.eu\/fr\/#website","url":"https:\/\/centre-region.eu\/fr\/","name":"Centre-Region","description":"official European representative of the \u00abCentre Region\u00bb company","publisher":{"@id":"https:\/\/centre-region.eu\/fr\/#organization"},"potentialAction":[{"@type":"SearchAction","target":{"@type":"EntryPoint","urlTemplate":"https:\/\/centre-region.eu\/fr\/?s={search_term_string}"},"query-input":"required name=search_term_string"}],"inLanguage":"fr-FR"},{"@type":"Organization","@id":"https:\/\/centre-region.eu\/fr\/#organization","name":"Centre-Region","url":"https:\/\/centre-region.eu\/fr\/","logo":{"@type":"ImageObject","inLanguage":"fr-FR","@id":"https:\/\/centre-region.eu\/fr\/#\/schema\/logo\/image\/","url":"https:\/\/centre-region.eu\/wp-content\/uploads\/2019\/11\/Logo-Centre-Region-eu-5-1.svg","contentUrl":"https:\/\/centre-region.eu\/wp-content\/uploads\/2019\/11\/Logo-Centre-Region-eu-5-1.svg","caption":"Centre-Region"},"image":{"@id":"https:\/\/centre-region.eu\/fr\/#\/schema\/logo\/image\/"}}]}},"_links":{"self":[{"href":"https:\/\/centre-region.eu\/fr\/wp-json\/wp\/v2\/product\/12770","targetHints":{"allow":["GET"]}}],"collection":[{"href":"https:\/\/centre-region.eu\/fr\/wp-json\/wp\/v2\/product"}],"about":[{"href":"https:\/\/centre-region.eu\/fr\/wp-json\/wp\/v2\/types\/product"}],"replies":[{"embeddable":true,"href":"https:\/\/centre-region.eu\/fr\/wp-json\/wp\/v2\/comments?post=12770"}],"version-history":[{"count":14,"href":"https:\/\/centre-region.eu\/fr\/wp-json\/wp\/v2\/product\/12770\/revisions"}],"predecessor-version":[{"id":14386,"href":"https:\/\/centre-region.eu\/fr\/wp-json\/wp\/v2\/product\/12770\/revisions\/14386"}],"wp:featuredmedia":[{"embeddable":true,"href":"https:\/\/centre-region.eu\/fr\/wp-json\/wp\/v2\/media\/12815"}],"wp:attachment":[{"href":"https:\/\/centre-region.eu\/fr\/wp-json\/wp\/v2\/media?parent=12770"}],"wp:term":[{"taxonomy":"product_cat","embeddable":true,"href":"https:\/\/centre-region.eu\/fr\/wp-json\/wp\/v2\/product_cat?post=12770"},{"taxonomy":"product_tag","embeddable":true,"href":"https:\/\/centre-region.eu\/fr\/wp-json\/wp\/v2\/product_tag?post=12770"}],"curies":[{"name":"wp","href":"https:\/\/api.w.org\/{rel}","templated":true}]}}