{"id":7788,"date":"2019-12-20T14:00:27","date_gmt":"2019-12-20T14:00:27","guid":{"rendered":"https:\/\/www.centre-region.eu\/garantie\/"},"modified":"2021-09-16T21:05:31","modified_gmt":"2021-09-16T21:05:31","slug":"garantie","status":"publish","type":"page","link":"https:\/\/centre-region.eu\/fr\/garantie\/","title":{"rendered":"Guarantie des Produits"},"content":{"rendered":"\t\t<div data-elementor-type=\"wp-page\" data-elementor-id=\"7788\" class=\"elementor elementor-7788 elementor-6105\" data-elementor-post-type=\"page\">\n\t\t\t\t\t\t<section class=\"elementor-section elementor-top-section elementor-element elementor-element-6b3070cc elementor-section-boxed elementor-section-height-default elementor-section-height-default\" data-id=\"6b3070cc\" data-element_type=\"section\">\n\t\t\t\t\t\t<div class=\"elementor-container elementor-column-gap-default\">\n\t\t\t\t\t<div class=\"elementor-column elementor-col-100 elementor-top-column elementor-element elementor-element-4db9fa41\" data-id=\"4db9fa41\" data-element_type=\"column\">\n\t\t\t<div class=\"elementor-widget-wrap elementor-element-populated\">\n\t\t\t\t\t\t<div class=\"elementor-element elementor-element-6ffdec2 elementor-widget elementor-widget-woocommerce-breadcrumb\" data-id=\"6ffdec2\" data-element_type=\"widget\" data-widget_type=\"woocommerce-breadcrumb.default\">\n\t\t\t\t<div class=\"elementor-widget-container\">\n\t\t\t<nav class=\"woocommerce-breadcrumb\" aria-label=\"Breadcrumb\">Home<\/nav>\t\t<\/div>\n\t\t\t\t<\/div>\n\t\t\t\t\t<\/div>\n\t\t<\/div>\n\t\t\t\t\t<\/div>\n\t\t<\/section>\n\t\t\t\t<section class=\"elementor-section elementor-top-section elementor-element elementor-element-691de6ea elementor-section-stretched elementor-section-boxed elementor-section-height-default elementor-section-height-default\" data-id=\"691de6ea\" data-element_type=\"section\" data-settings=\"{&quot;stretch_section&quot;:&quot;section-stretched&quot;,&quot;background_background&quot;:&quot;classic&quot;}\">\n\t\t\t\t\t\t<div class=\"elementor-container elementor-column-gap-default\">\n\t\t\t\t\t<div class=\"elementor-column elementor-col-100 elementor-top-column elementor-element elementor-element-7a64f869\" data-id=\"7a64f869\" data-element_type=\"column\">\n\t\t\t<div class=\"elementor-widget-wrap elementor-element-populated\">\n\t\t\t\t\t\t<div class=\"elementor-element elementor-element-1fc959e elementor-widget elementor-widget-heading\" data-id=\"1fc959e\" data-element_type=\"widget\" data-widget_type=\"heading.default\">\n\t\t\t\t<div class=\"elementor-widget-container\">\n\t\t\t<h3 class=\"elementor-heading-title elementor-size-default\">Guarantie des Produits<\/h3>\t\t<\/div>\n\t\t\t\t<\/div>\n\t\t\t\t\t<\/div>\n\t\t<\/div>\n\t\t\t\t\t<\/div>\n\t\t<\/section>\n\t\t\t\t<section class=\"elementor-section elementor-top-section elementor-element elementor-element-4175e4dc elementor-section-stretched elementor-section-boxed elementor-section-height-default elementor-section-height-default\" data-id=\"4175e4dc\" data-element_type=\"section\" data-settings=\"{&quot;stretch_section&quot;:&quot;section-stretched&quot;}\">\n\t\t\t\t\t\t<div class=\"elementor-container elementor-column-gap-default\">\n\t\t\t\t\t<div class=\"elementor-column elementor-col-50 elementor-top-column elementor-element elementor-element-89bf927\" data-id=\"89bf927\" data-element_type=\"column\">\n\t\t\t<div class=\"elementor-widget-wrap elementor-element-populated\">\n\t\t\t\t\t\t<div class=\"elementor-element elementor-element-5aa998c1 elementor-widget elementor-widget-heading\" data-id=\"5aa998c1\" data-element_type=\"widget\" data-widget_type=\"heading.default\">\n\t\t\t\t<div class=\"elementor-widget-container\">\n\t\t\t<h3 class=\"elementor-heading-title elementor-size-default\">GARANTIE DES PRODUITS<\/h3>\t\t<\/div>\n\t\t\t\t<\/div>\n\t\t\t\t<div class=\"elementor-element elementor-element-1fa96d0 elementor-widget elementor-widget-text-editor\" data-id=\"1fa96d0\" data-element_type=\"widget\" data-widget_type=\"text-editor.default\">\n\t\t\t\t<div class=\"elementor-widget-container\">\n\t\t\t\t\t\t\t<p>Centre Region UAB garantit \u00e0 l\u2019acheteur original que les produits couverts par cette d\u00e9claration de garantie limit\u00e9e sont conformes aux sp\u00e9cifications du fabricant et seront exempts de d\u00e9fauts mat\u00e9riels et de fabrication pendant une p\u00e9riode d\u2019un (1) an \u00e0 compter de la date d\u2019achat d\u2019origine. (\u00e0 l\u2019exception des CEF-bracelets (P\u00e9riode de garantie de 3 mois) <span style=\"font-size: 15px; font-style: normal; font-weight: 400;\">et<\/span> <span style=\"font-size: 15px;\">des produits Piokal<\/span> <span style=\"font-size: 15px; font-style: normal; font-weight: 400;\">(P\u00e9riode de garantie de<\/span> <span style=\"font-size: 15px; font-style: normal; font-weight: 400;\">1 mois<\/span><span style=\"font-size: 15px; font-style: normal; font-weight: 400;\">))<\/span><span style=\"font-size: 15px;\">). Pour le service de garantie, vous devrez fournir une preuve de la date d&#8217;achat d&#8217;origine.<\/span><\/p>\n<p>Si vous pensez que votre produit Centre Region UAB est d\u00e9fectueux pendant la p\u00e9riode de garantie, veuillez contacter l&#8217;assistance client\u00e8le de Centre Region par t\u00e9l\u00e9phone au +370 520 78 105 ou par e-mail \u00e0 contact@centre-region.eu pour l&#8217;autorisation de retour de garantie. Un repr\u00e9sentant de Centre Region communiquera avec vous pour d\u00e9terminer s&#8217;il faut autoriser le remplacement sous garantie. Tous les retours doivent avoir un num\u00e9ro RMA (Return Merchandise Authorization Number \u2013 num\u00e9ro d&#8217;autorisation de retour de la marchandise). Pour plus d&#8217;informations, veuillez visiter la page Politique de Retour.<\/p>\n\t\t\t\t\t\t<\/div>\n\t\t\t\t<\/div>\n\t\t\t\t<div class=\"elementor-element elementor-element-67ccc90b elementor-widget elementor-widget-heading\" data-id=\"67ccc90b\" data-element_type=\"widget\" data-widget_type=\"heading.default\">\n\t\t\t\t<div class=\"elementor-widget-container\">\n\t\t\t<h3 class=\"elementor-heading-title elementor-size-default\">S\u00c9CURIT\u00c9 DES DONN\u00c9ES<\/h3>\t\t<\/div>\n\t\t\t\t<\/div>\n\t\t\t\t<div class=\"elementor-element elementor-element-1a2060cc elementor-widget elementor-widget-text-editor\" data-id=\"1a2060cc\" data-element_type=\"widget\" data-widget_type=\"text-editor.default\">\n\t\t\t\t<div class=\"elementor-widget-container\">\n\t\t\t\t\t\t\t<p>Nous avons mis en place des mesures techniques et de s\u00e9curit\u00e9 appropri\u00e9es pour emp\u00eacher tout acc\u00e8s non autoris\u00e9 ou ill\u00e9gal \u00e0 vos donn\u00e9es ou toute perte, endommagement ou destruction accidentelle de celles-ci.<\/p>\n<p>Notre site Web est conforme au niveau PCI 1. Les normes de s\u00e9curit\u00e9 des donn\u00e9es de l&#8217;industrie des cartes de paiement (PCI DSS) s&#8217;appliquent \u00e0 toute personne qui accepte les cartes de cr\u00e9dit et qui est d\u00e9sign\u00e9e pour emp\u00eacher les paiements frauduleux et les vols de cartes de cr\u00e9dit.<\/p>\n<p>\u00c0 la r\u00e9ception de vos donn\u00e9es, nous appliquons des proc\u00e9dures et des mesures de s\u00e9curit\u00e9 rigoureuses pour emp\u00eacher tout acc\u00e8s non autoris\u00e9. Afin de garantir la protection optimale de vos donn\u00e9es personnelles sur Internet, nous avons rendu notre site internet aussi s\u00e9curis\u00e9 que possible, d&#8217;o\u00f9 l&#8217;url en \u00ab https \u00bb et le cryptage TLS (s\u00e9curit\u00e9 de la couche de transport).<\/p>\n<p>La s\u00fbret\u00e9 et la s\u00e9curit\u00e9 de vos donn\u00e9es d\u00e9pendent \u00e9galement de vous. Nous vous avons fourni (ou vous avez choisi) un mot de passe pour acc\u00e9der \u00e0 certaines parties de notre site internet : vous \u00eates tenu de conserver ce mot de passe confidentiel. Nous vous demandons par cons\u00e9quent de ne partager ce mot de passe avec quiconque.<\/p>\n\t\t\t\t\t\t<\/div>\n\t\t\t\t<\/div>\n\t\t\t\t\t<\/div>\n\t\t<\/div>\n\t\t\t\t<div class=\"elementor-column elementor-col-50 elementor-top-column elementor-element elementor-element-743ebbe4\" data-id=\"743ebbe4\" data-element_type=\"column\">\n\t\t\t<div class=\"elementor-widget-wrap elementor-element-populated\">\n\t\t\t\t\t\t<section class=\"elementor-section elementor-inner-section elementor-element elementor-element-7c38f5be elementor-section-boxed elementor-section-height-default elementor-section-height-default\" data-id=\"7c38f5be\" data-element_type=\"section\">\n\t\t\t\t\t\t<div class=\"elementor-container elementor-column-gap-default\">\n\t\t\t\t\t<div class=\"elementor-column elementor-col-100 elementor-inner-column elementor-element elementor-element-66100f46\" data-id=\"66100f46\" data-element_type=\"column\">\n\t\t\t<div class=\"elementor-widget-wrap elementor-element-populated\">\n\t\t\t\t\t\t<div class=\"elementor-element elementor-element-421dd1e6 elementor-widget elementor-widget-image\" data-id=\"421dd1e6\" data-element_type=\"widget\" data-widget_type=\"image.default\">\n\t\t\t\t<div class=\"elementor-widget-container\">\n\t\t\t\t\t\t\t\t\t\t\t\t\t<img fetchpriority=\"high\" decoding=\"async\" width=\"270\" height=\"490\" src=\"https:\/\/centre-region.eu\/wp-content\/uploads\/2020\/09\/Vertical-banner-partership-EN.jpg\" class=\"attachment-large size-large wp-image-15213\" alt=\"\" srcset=\"https:\/\/centre-region.eu\/wp-content\/uploads\/2020\/09\/Vertical-banner-partership-EN.jpg 270w, https:\/\/centre-region.eu\/wp-content\/uploads\/2020\/09\/Vertical-banner-partership-EN-165x300.jpg 165w\" sizes=\"(max-width: 270px) 100vw, 270px\" \/>\t\t\t\t\t\t\t\t\t\t\t\t\t<\/div>\n\t\t\t\t<\/div>\n\t\t\t\t\t<\/div>\n\t\t<\/div>\n\t\t\t\t\t<\/div>\n\t\t<\/section>\n\t\t\t\t<section class=\"elementor-section elementor-inner-section elementor-element elementor-element-75d8cf7e elementor-section-boxed elementor-section-height-default elementor-section-height-default\" data-id=\"75d8cf7e\" data-element_type=\"section\">\n\t\t\t\t\t\t<div class=\"elementor-container elementor-column-gap-default\">\n\t\t\t\t\t<div class=\"elementor-column elementor-col-100 elementor-inner-column elementor-element elementor-element-1659568a\" data-id=\"1659568a\" data-element_type=\"column\">\n\t\t\t<div class=\"elementor-widget-wrap elementor-element-populated\">\n\t\t\t\t\t\t<div class=\"elementor-element elementor-element-7aa5e912 elementor-widget elementor-widget-heading\" data-id=\"7aa5e912\" data-element_type=\"widget\" data-widget_type=\"heading.default\">\n\t\t\t\t<div class=\"elementor-widget-container\">\n\t\t\t<h3 class=\"elementor-heading-title elementor-size-default\">SERVICE CLIENT<\/h3>\t\t<\/div>\n\t\t\t\t<\/div>\n\t\t\t\t<div class=\"elementor-element elementor-element-4ddcd851 elementor-icon-list--layout-traditional elementor-list-item-link-full_width elementor-widget elementor-widget-icon-list\" data-id=\"4ddcd851\" data-element_type=\"widget\" data-widget_type=\"icon-list.default\">\n\t\t\t\t<div class=\"elementor-widget-container\">\n\t\t\t\t\t<ul class=\"elementor-icon-list-items\">\n\t\t\t\t\t\t\t<li class=\"elementor-icon-list-item\">\n\t\t\t\t\t\t\t\t\t\t<span class=\"elementor-icon-list-text\">Mon Compte<\/span>\n\t\t\t\t\t\t\t\t\t<\/li>\n\t\t\t\t\t\t\t\t<li class=\"elementor-icon-list-item\">\n\t\t\t\t\t\t\t\t\t\t<span class=\"elementor-icon-list-text\">Termes &amp; Conditions d'Utilisation<\/span>\n\t\t\t\t\t\t\t\t\t<\/li>\n\t\t\t\t\t\t\t\t<li class=\"elementor-icon-list-item\">\n\t\t\t\t\t\t\t\t\t\t<span class=\"elementor-icon-list-text\">Th\u00e9rapeutes CEF<\/span>\n\t\t\t\t\t\t\t\t\t<\/li>\n\t\t\t\t\t\t\t\t<li class=\"elementor-icon-list-item\">\n\t\t\t\t\t\t\t\t\t\t<span class=\"elementor-icon-list-text\">Programme d'Affiliation<\/span>\n\t\t\t\t\t\t\t\t\t<\/li>\n\t\t\t\t\t\t<\/ul>\n\t\t\t\t<\/div>\n\t\t\t\t<\/div>\n\t\t\t\t\t<\/div>\n\t\t<\/div>\n\t\t\t\t\t<\/div>\n\t\t<\/section>\n\t\t\t\t\t<\/div>\n\t\t<\/div>\n\t\t\t\t\t<\/div>\n\t\t<\/section>\n\t\t\t\t<\/div>\n\t\t","protected":false},"excerpt":{"rendered":"<p>GARANTIE DES PRODUITS Centre Region UAB garantit \u00e0 l\u2019acheteur original que les produits couverts par cette d\u00e9claration de garantie limit\u00e9e sont conformes aux sp\u00e9cifications du fabricant et seront exempts de d\u00e9fauts mat\u00e9riels et de fabrication pendant une p\u00e9riode d\u2019un (1) an \u00e0 compter de la date d\u2019achat d\u2019origine. (\u00e0 l\u2019exception des CEF-bracelets (P\u00e9riode de garantie &hellip;<\/p>\n<p class=\"read-more\"> <a class=\"\" href=\"https:\/\/centre-region.eu\/fr\/garantie\/\"> <span class=\"screen-reader-text\">Guarantie des Produits<\/span> Lire la suite\u00a0\u00bb<\/a><\/p>\n","protected":false},"author":2,"featured_media":0,"parent":0,"menu_order":0,"comment_status":"closed","ping_status":"closed","template":"elementor_header_footer","meta":{"site-sidebar-layout":"no-sidebar","site-content-layout":"page-builder","ast-global-header-display":"","ast-main-header-display":"","ast-hfb-above-header-display":"","ast-hfb-below-header-display":"","ast-hfb-mobile-header-display":"","site-post-title":"disabled","ast-breadcrumbs-content":"","ast-featured-img":"disabled","footer-sml-layout":"","theme-transparent-header-meta":"default","adv-header-id-meta":"","stick-header-meta":"","header-above-stick-meta":"","header-main-stick-meta":"","header-below-stick-meta":"","footnotes":""},"class_list":["post-7788","page","type-page","status-publish","hentry"],"acf":[],"yoast_head":"<!-- This site is optimized with the Yoast SEO plugin v22.2 - https:\/\/yoast.com\/wordpress\/plugins\/seo\/ -->\n<title>Guarantie des Produits - Centre-Region<\/title>\n<meta name=\"robots\" content=\"index, follow, max-snippet:-1, max-image-preview:large, max-video-preview:-1\" \/>\n<link rel=\"canonical\" href=\"https:\/\/centre-region.eu\/fr\/garantie\/\" \/>\n<meta property=\"og:locale\" content=\"fr_FR\" \/>\n<meta property=\"og:type\" content=\"article\" \/>\n<meta property=\"og:title\" content=\"Guarantie des Produits - Centre-Region\" \/>\n<meta property=\"og:description\" content=\"GARANTIE DES PRODUITS Centre Region UAB garantit \u00e0 l\u2019acheteur original que les produits couverts par cette d\u00e9claration de garantie limit\u00e9e sont conformes aux sp\u00e9cifications du fabricant et seront exempts de d\u00e9fauts mat\u00e9riels et de fabrication pendant une p\u00e9riode d\u2019un (1) an \u00e0 compter de la date d\u2019achat d\u2019origine. (\u00e0 l\u2019exception des CEF-bracelets (P\u00e9riode de garantie &hellip; Guarantie des Produits Lire la suite\u00a0\u00bb\" \/>\n<meta property=\"og:url\" content=\"https:\/\/centre-region.eu\/fr\/garantie\/\" \/>\n<meta property=\"og:site_name\" content=\"Centre-Region\" \/>\n<meta property=\"article:modified_time\" content=\"2021-09-16T21:05:31+00:00\" \/>\n<meta property=\"og:image\" content=\"https:\/\/centre-region.eu\/wp-content\/uploads\/2020\/09\/Vertical-banner-partership-EN.jpg\" \/>\n<meta name=\"twitter:card\" content=\"summary_large_image\" \/>\n<meta name=\"twitter:label1\" content=\"Dur\u00e9e de lecture estim\u00e9e\" \/>\n\t<meta name=\"twitter:data1\" content=\"2 minutes\" \/>\n<script type=\"application\/ld+json\" class=\"yoast-schema-graph\">{\"@context\":\"https:\/\/schema.org\",\"@graph\":[{\"@type\":\"WebPage\",\"@id\":\"https:\/\/centre-region.eu\/fr\/garantie\/\",\"url\":\"https:\/\/centre-region.eu\/fr\/garantie\/\",\"name\":\"Guarantie des Produits - Centre-Region\",\"isPartOf\":{\"@id\":\"https:\/\/centre-region.eu\/fr\/#website\"},\"primaryImageOfPage\":{\"@id\":\"https:\/\/centre-region.eu\/fr\/garantie\/#primaryimage\"},\"image\":{\"@id\":\"https:\/\/centre-region.eu\/fr\/garantie\/#primaryimage\"},\"thumbnailUrl\":\"https:\/\/centre-region.eu\/wp-content\/uploads\/2020\/09\/Vertical-banner-partership-EN.jpg\",\"datePublished\":\"2019-12-20T14:00:27+00:00\",\"dateModified\":\"2021-09-16T21:05:31+00:00\",\"breadcrumb\":{\"@id\":\"https:\/\/centre-region.eu\/fr\/garantie\/#breadcrumb\"},\"inLanguage\":\"fr-FR\",\"potentialAction\":[{\"@type\":\"ReadAction\",\"target\":[\"https:\/\/centre-region.eu\/fr\/garantie\/\"]}]},{\"@type\":\"ImageObject\",\"inLanguage\":\"fr-FR\",\"@id\":\"https:\/\/centre-region.eu\/fr\/garantie\/#primaryimage\",\"url\":\"https:\/\/centre-region.eu\/wp-content\/uploads\/2020\/09\/Vertical-banner-partership-EN.jpg\",\"contentUrl\":\"https:\/\/centre-region.eu\/wp-content\/uploads\/2020\/09\/Vertical-banner-partership-EN.jpg\",\"width\":270,\"height\":490},{\"@type\":\"BreadcrumbList\",\"@id\":\"https:\/\/centre-region.eu\/fr\/garantie\/#breadcrumb\",\"itemListElement\":[{\"@type\":\"ListItem\",\"position\":1,\"name\":\"Home\",\"item\":\"https:\/\/centre-region.eu\/fr\/\"},{\"@type\":\"ListItem\",\"position\":2,\"name\":\"Guarantie des Produits\"}]},{\"@type\":\"WebSite\",\"@id\":\"https:\/\/centre-region.eu\/fr\/#website\",\"url\":\"https:\/\/centre-region.eu\/fr\/\",\"name\":\"Centre-Region\",\"description\":\"official European representative of the \u00abCentre Region\u00bb company\",\"publisher\":{\"@id\":\"https:\/\/centre-region.eu\/fr\/#organization\"},\"potentialAction\":[{\"@type\":\"SearchAction\",\"target\":{\"@type\":\"EntryPoint\",\"urlTemplate\":\"https:\/\/centre-region.eu\/fr\/?s={search_term_string}\"},\"query-input\":\"required name=search_term_string\"}],\"inLanguage\":\"fr-FR\"},{\"@type\":\"Organization\",\"@id\":\"https:\/\/centre-region.eu\/fr\/#organization\",\"name\":\"Centre-Region\",\"url\":\"https:\/\/centre-region.eu\/fr\/\",\"logo\":{\"@type\":\"ImageObject\",\"inLanguage\":\"fr-FR\",\"@id\":\"https:\/\/centre-region.eu\/fr\/#\/schema\/logo\/image\/\",\"url\":\"https:\/\/centre-region.eu\/wp-content\/uploads\/2019\/11\/Logo-Centre-Region-eu-5-1.svg\",\"contentUrl\":\"https:\/\/centre-region.eu\/wp-content\/uploads\/2019\/11\/Logo-Centre-Region-eu-5-1.svg\",\"caption\":\"Centre-Region\"},\"image\":{\"@id\":\"https:\/\/centre-region.eu\/fr\/#\/schema\/logo\/image\/\"}}]}<\/script>\n<!-- \/ Yoast SEO plugin. -->","yoast_head_json":{"title":"Guarantie des Produits - Centre-Region","robots":{"index":"index","follow":"follow","max-snippet":"max-snippet:-1","max-image-preview":"max-image-preview:large","max-video-preview":"max-video-preview:-1"},"canonical":"https:\/\/centre-region.eu\/fr\/garantie\/","og_locale":"fr_FR","og_type":"article","og_title":"Guarantie des Produits - Centre-Region","og_description":"GARANTIE DES PRODUITS Centre Region UAB garantit \u00e0 l\u2019acheteur original que les produits couverts par cette d\u00e9claration de garantie limit\u00e9e sont conformes aux sp\u00e9cifications du fabricant et seront exempts de d\u00e9fauts mat\u00e9riels et de fabrication pendant une p\u00e9riode d\u2019un (1) an \u00e0 compter de la date d\u2019achat d\u2019origine. (\u00e0 l\u2019exception des CEF-bracelets (P\u00e9riode de garantie &hellip; Guarantie des Produits Lire la suite\u00a0\u00bb","og_url":"https:\/\/centre-region.eu\/fr\/garantie\/","og_site_name":"Centre-Region","article_modified_time":"2021-09-16T21:05:31+00:00","og_image":[{"url":"https:\/\/centre-region.eu\/wp-content\/uploads\/2020\/09\/Vertical-banner-partership-EN.jpg"}],"twitter_card":"summary_large_image","twitter_misc":{"Dur\u00e9e de lecture estim\u00e9e":"2 minutes"},"schema":{"@context":"https:\/\/schema.org","@graph":[{"@type":"WebPage","@id":"https:\/\/centre-region.eu\/fr\/garantie\/","url":"https:\/\/centre-region.eu\/fr\/garantie\/","name":"Guarantie des Produits - Centre-Region","isPartOf":{"@id":"https:\/\/centre-region.eu\/fr\/#website"},"primaryImageOfPage":{"@id":"https:\/\/centre-region.eu\/fr\/garantie\/#primaryimage"},"image":{"@id":"https:\/\/centre-region.eu\/fr\/garantie\/#primaryimage"},"thumbnailUrl":"https:\/\/centre-region.eu\/wp-content\/uploads\/2020\/09\/Vertical-banner-partership-EN.jpg","datePublished":"2019-12-20T14:00:27+00:00","dateModified":"2021-09-16T21:05:31+00:00","breadcrumb":{"@id":"https:\/\/centre-region.eu\/fr\/garantie\/#breadcrumb"},"inLanguage":"fr-FR","potentialAction":[{"@type":"ReadAction","target":["https:\/\/centre-region.eu\/fr\/garantie\/"]}]},{"@type":"ImageObject","inLanguage":"fr-FR","@id":"https:\/\/centre-region.eu\/fr\/garantie\/#primaryimage","url":"https:\/\/centre-region.eu\/wp-content\/uploads\/2020\/09\/Vertical-banner-partership-EN.jpg","contentUrl":"https:\/\/centre-region.eu\/wp-content\/uploads\/2020\/09\/Vertical-banner-partership-EN.jpg","width":270,"height":490},{"@type":"BreadcrumbList","@id":"https:\/\/centre-region.eu\/fr\/garantie\/#breadcrumb","itemListElement":[{"@type":"ListItem","position":1,"name":"Home","item":"https:\/\/centre-region.eu\/fr\/"},{"@type":"ListItem","position":2,"name":"Guarantie des Produits"}]},{"@type":"WebSite","@id":"https:\/\/centre-region.eu\/fr\/#website","url":"https:\/\/centre-region.eu\/fr\/","name":"Centre-Region","description":"official European representative of the \u00abCentre Region\u00bb company","publisher":{"@id":"https:\/\/centre-region.eu\/fr\/#organization"},"potentialAction":[{"@type":"SearchAction","target":{"@type":"EntryPoint","urlTemplate":"https:\/\/centre-region.eu\/fr\/?s={search_term_string}"},"query-input":"required name=search_term_string"}],"inLanguage":"fr-FR"},{"@type":"Organization","@id":"https:\/\/centre-region.eu\/fr\/#organization","name":"Centre-Region","url":"https:\/\/centre-region.eu\/fr\/","logo":{"@type":"ImageObject","inLanguage":"fr-FR","@id":"https:\/\/centre-region.eu\/fr\/#\/schema\/logo\/image\/","url":"https:\/\/centre-region.eu\/wp-content\/uploads\/2019\/11\/Logo-Centre-Region-eu-5-1.svg","contentUrl":"https:\/\/centre-region.eu\/wp-content\/uploads\/2019\/11\/Logo-Centre-Region-eu-5-1.svg","caption":"Centre-Region"},"image":{"@id":"https:\/\/centre-region.eu\/fr\/#\/schema\/logo\/image\/"}}]}},"_links":{"self":[{"href":"https:\/\/centre-region.eu\/fr\/wp-json\/wp\/v2\/pages\/7788","targetHints":{"allow":["GET"]}}],"collection":[{"href":"https:\/\/centre-region.eu\/fr\/wp-json\/wp\/v2\/pages"}],"about":[{"href":"https:\/\/centre-region.eu\/fr\/wp-json\/wp\/v2\/types\/page"}],"author":[{"embeddable":true,"href":"https:\/\/centre-region.eu\/fr\/wp-json\/wp\/v2\/users\/2"}],"replies":[{"embeddable":true,"href":"https:\/\/centre-region.eu\/fr\/wp-json\/wp\/v2\/comments?post=7788"}],"version-history":[{"count":25,"href":"https:\/\/centre-region.eu\/fr\/wp-json\/wp\/v2\/pages\/7788\/revisions"}],"predecessor-version":[{"id":18568,"href":"https:\/\/centre-region.eu\/fr\/wp-json\/wp\/v2\/pages\/7788\/revisions\/18568"}],"wp:attachment":[{"href":"https:\/\/centre-region.eu\/fr\/wp-json\/wp\/v2\/media?parent=7788"}],"curies":[{"name":"wp","href":"https:\/\/api.w.org\/{rel}","templated":true}]}}