{"id":7775,"date":"2019-12-20T13:27:12","date_gmt":"2019-12-20T13:27:12","guid":{"rendered":"https:\/\/www.centre-region.eu\/fsc-patents\/"},"modified":"2021-10-19T13:38:59","modified_gmt":"2021-10-19T13:38:59","slug":"fsc-patents","status":"publish","type":"page","link":"https:\/\/centre-region.eu\/fr\/fsc-patents\/","title":{"rendered":"BREVETS DES CEF"},"content":{"rendered":"\t\t<div data-elementor-type=\"wp-page\" data-elementor-id=\"7775\" class=\"elementor elementor-7775 elementor-7114\" data-elementor-post-type=\"page\">\n\t\t\t\t\t\t<section class=\"elementor-section elementor-top-section elementor-element elementor-element-9587d15 elementor-section-boxed elementor-section-height-default elementor-section-height-default\" data-id=\"9587d15\" data-element_type=\"section\">\n\t\t\t\t\t\t<div class=\"elementor-container elementor-column-gap-default\">\n\t\t\t\t\t<div class=\"elementor-column elementor-col-100 elementor-top-column elementor-element elementor-element-650d70f\" data-id=\"650d70f\" data-element_type=\"column\">\n\t\t\t<div class=\"elementor-widget-wrap elementor-element-populated\">\n\t\t\t\t\t\t<div class=\"elementor-element elementor-element-759f21f elementor-widget elementor-widget-woocommerce-breadcrumb\" data-id=\"759f21f\" data-element_type=\"widget\" data-widget_type=\"woocommerce-breadcrumb.default\">\n\t\t\t\t<div class=\"elementor-widget-container\">\n\t\t\t<nav class=\"woocommerce-breadcrumb\" aria-label=\"Breadcrumb\">Home<\/nav>\t\t<\/div>\n\t\t\t\t<\/div>\n\t\t\t\t\t<\/div>\n\t\t<\/div>\n\t\t\t\t\t<\/div>\n\t\t<\/section>\n\t\t\t\t<section class=\"elementor-section elementor-top-section elementor-element elementor-element-323359f elementor-section-stretched elementor-section-boxed elementor-section-height-default elementor-section-height-default\" data-id=\"323359f\" data-element_type=\"section\" data-settings=\"{&quot;stretch_section&quot;:&quot;section-stretched&quot;,&quot;background_background&quot;:&quot;classic&quot;}\">\n\t\t\t\t\t\t<div class=\"elementor-container elementor-column-gap-default\">\n\t\t\t\t\t<div class=\"elementor-column elementor-col-100 elementor-top-column elementor-element elementor-element-0ecdf31\" data-id=\"0ecdf31\" data-element_type=\"column\">\n\t\t\t<div class=\"elementor-widget-wrap elementor-element-populated\">\n\t\t\t\t\t\t<div class=\"elementor-element elementor-element-dea0e1e elementor-widget elementor-widget-heading\" data-id=\"dea0e1e\" data-element_type=\"widget\" data-widget_type=\"heading.default\">\n\t\t\t\t<div class=\"elementor-widget-container\">\n\t\t\t<h3 class=\"elementor-heading-title elementor-size-default\">BREVETS DES CEF<\/h3>\t\t<\/div>\n\t\t\t\t<\/div>\n\t\t\t\t<div class=\"elementor-element elementor-element-1d75abb elementor-widget elementor-widget-text-editor\" data-id=\"1d75abb\" data-element_type=\"widget\" data-widget_type=\"text-editor.default\">\n\t\t\t\t<div class=\"elementor-widget-container\">\n\t\t\t\t\t\t\t<p>Le correcteur d\u2019\u00e9tat fonctionnel fait l\u2019objet de 3 brevets<\/p>\n\t\t\t\t\t\t<\/div>\n\t\t\t\t<\/div>\n\t\t\t\t\t<\/div>\n\t\t<\/div>\n\t\t\t\t\t<\/div>\n\t\t<\/section>\n\t\t\t\t<section class=\"elementor-section elementor-top-section elementor-element elementor-element-9cd25f2 elementor-section-boxed elementor-section-height-default elementor-section-height-default\" data-id=\"9cd25f2\" data-element_type=\"section\">\n\t\t\t\t\t\t<div class=\"elementor-container elementor-column-gap-default\">\n\t\t\t\t\t<div class=\"elementor-column elementor-col-33 elementor-top-column elementor-element elementor-element-737c79f\" data-id=\"737c79f\" data-element_type=\"column\">\n\t\t\t<div class=\"elementor-widget-wrap elementor-element-populated\">\n\t\t\t\t\t\t<div class=\"elementor-element elementor-element-949d0f9 elementor-widget elementor-widget-image\" data-id=\"949d0f9\" data-element_type=\"widget\" data-widget_type=\"image.default\">\n\t\t\t\t<div class=\"elementor-widget-container\">\n\t\t\t\t\t\t\t\t\t\t\t\t\t<img fetchpriority=\"high\" decoding=\"async\" width=\"373\" height=\"500\" src=\"https:\/\/centre-region.eu\/wp-content\/uploads\/2019\/11\/Patent-2262361-FSC.jpg\" class=\"attachment-full size-full wp-image-7777\" alt=\"\" srcset=\"https:\/\/centre-region.eu\/wp-content\/uploads\/2019\/11\/Patent-2262361-FSC.jpg 373w, https:\/\/centre-region.eu\/wp-content\/uploads\/2019\/11\/Patent-2262361-FSC-224x300.jpg 224w\" sizes=\"(max-width: 373px) 100vw, 373px\" \/>\t\t\t\t\t\t\t\t\t\t\t\t\t<\/div>\n\t\t\t\t<\/div>\n\t\t\t\t<div class=\"elementor-element elementor-element-001d49f elementor-widget elementor-widget-text-editor\" data-id=\"001d49f\" data-element_type=\"widget\" data-widget_type=\"text-editor.default\">\n\t\t\t\t<div class=\"elementor-widget-container\">\n\t\t\t\t\t\t\t<h3>FSC, Dispositif de protection contre les rayonnements \u00e9lectromagn\u00e9tiques<\/h3>\n<h6>Brevet no 2262361<\/h6>\n\t\t\t\t\t\t<\/div>\n\t\t\t\t<\/div>\n\t\t\t\t<div class=\"elementor-element elementor-element-4fe3aa3 elementor-widget elementor-widget-text-editor\" data-id=\"4fe3aa3\" data-element_type=\"widget\" data-widget_type=\"text-editor.default\">\n\t\t\t\t<div class=\"elementor-widget-container\">\n\t\t\t\t\t\t\t<p>Dispositif pour corriger le champ \u00e9lectromagn\u00e9tique externe, ayant un impact sur l\u2019organisme vivant, et son principe de fabrication.<br \/>\nInventeurs et d\u00e9tenteurs de brevets : Sergei Koltsov et Tatiana Starikova.<br \/>\nDemande n &#8216;200313137727<br \/>\nEnregistr\u00e9 au Registre national des inventions de la F\u00e9d\u00e9ration de Russie le 20 octobre 2005.<br \/>\nDate de validit\u00e9 du brevet : 30 d\u00e9cembre 2023.<\/p>\n<p>Federal Service for Intellectual Property, Patents and Trademarks, B.P. Simonov<\/p>\n\t\t\t\t\t\t<\/div>\n\t\t\t\t<\/div>\n\t\t\t\t\t<\/div>\n\t\t<\/div>\n\t\t\t\t<div class=\"elementor-column elementor-col-33 elementor-top-column elementor-element elementor-element-1c44c7e\" data-id=\"1c44c7e\" data-element_type=\"column\">\n\t\t\t<div class=\"elementor-widget-wrap elementor-element-populated\">\n\t\t\t\t\t\t<div class=\"elementor-element elementor-element-c262dee elementor-widget elementor-widget-image\" data-id=\"c262dee\" data-element_type=\"widget\" data-widget_type=\"image.default\">\n\t\t\t\t<div class=\"elementor-widget-container\">\n\t\t\t\t\t\t\t\t\t\t\t\t\t<img decoding=\"async\" width=\"373\" height=\"500\" src=\"https:\/\/centre-region.eu\/wp-content\/uploads\/2019\/11\/Patent-2251534-FSC.jpg\" class=\"attachment-full size-full wp-image-7780\" alt=\"\" srcset=\"https:\/\/centre-region.eu\/wp-content\/uploads\/2019\/11\/Patent-2251534-FSC.jpg 373w, https:\/\/centre-region.eu\/wp-content\/uploads\/2019\/11\/Patent-2251534-FSC-224x300.jpg 224w\" sizes=\"(max-width: 373px) 100vw, 373px\" \/>\t\t\t\t\t\t\t\t\t\t\t\t\t<\/div>\n\t\t\t\t<\/div>\n\t\t\t\t<div class=\"elementor-element elementor-element-2c6a1f1 elementor-widget elementor-widget-text-editor\" data-id=\"2c6a1f1\" data-element_type=\"widget\" data-widget_type=\"text-editor.default\">\n\t\t\t\t<div class=\"elementor-widget-container\">\n\t\t\t\t\t\t\t<h3>Correcteur d\u2019\u00e9tat fonctionnel, syst\u00e8me de structuration de l\u2019eau<\/h3>\n<h6>Brevet no 2251534<\/h6>\n\t\t\t\t\t\t<\/div>\n\t\t\t\t<\/div>\n\t\t\t\t<div class=\"elementor-element elementor-element-e238385 elementor-widget elementor-widget-text-editor\" data-id=\"e238385\" data-element_type=\"widget\" data-widget_type=\"text-editor.default\">\n\t\t\t\t<div class=\"elementor-widget-container\">\n\t\t\t\t\t\t\t<p>Dispositif pour le traitement des m\u00e9dias aqueuses.<\/p>\n<p>Inventeurs et titulaires de brevets : Sergei Koltsov et Tatiana Starikova<\/p>\n<p>Demande n &#8216;2003134507<\/p>\n<p>Enregistr\u00e9 au Registre national des inventions de la F\u00e9d\u00e9ration de Russie le 10 mai 2005.<\/p>\n<p>Date de validit\u00e9 du brevet : 28 novembre 2023.<\/p>\n<p>Federal Service for Intellectual Property, Patents and Trademarks, B.P. Simonov.<\/p>\n\t\t\t\t\t\t<\/div>\n\t\t\t\t<\/div>\n\t\t\t\t\t<\/div>\n\t\t<\/div>\n\t\t\t\t<div class=\"elementor-column elementor-col-33 elementor-top-column elementor-element elementor-element-a29d53a\" data-id=\"a29d53a\" data-element_type=\"column\">\n\t\t\t<div class=\"elementor-widget-wrap elementor-element-populated\">\n\t\t\t\t\t\t<div class=\"elementor-element elementor-element-6654a2b elementor-widget elementor-widget-image\" data-id=\"6654a2b\" data-element_type=\"widget\" data-widget_type=\"image.default\">\n\t\t\t\t<div class=\"elementor-widget-container\">\n\t\t\t\t\t\t\t\t\t\t\t\t\t<img decoding=\"async\" width=\"373\" height=\"500\" src=\"https:\/\/centre-region.eu\/wp-content\/uploads\/2019\/11\/Patent-2214843-FSC.jpg\" class=\"attachment-full size-full wp-image-7783\" alt=\"\" srcset=\"https:\/\/centre-region.eu\/wp-content\/uploads\/2019\/11\/Patent-2214843-FSC.jpg 373w, https:\/\/centre-region.eu\/wp-content\/uploads\/2019\/11\/Patent-2214843-FSC-224x300.jpg 224w\" sizes=\"(max-width: 373px) 100vw, 373px\" \/>\t\t\t\t\t\t\t\t\t\t\t\t\t<\/div>\n\t\t\t\t<\/div>\n\t\t\t\t<div class=\"elementor-element elementor-element-e82c6cd elementor-widget elementor-widget-text-editor\" data-id=\"e82c6cd\" data-element_type=\"widget\" data-widget_type=\"text-editor.default\">\n\t\t\t\t<div class=\"elementor-widget-container\">\n\t\t\t\t\t\t\t<h3>FSC, Dispositif pour corriger l\u2019\u00e9tat fonctionnel de l\u2019objet biologique<\/h3>\n<h6>Brevet no 2214843<\/h6>\n\t\t\t\t\t\t<\/div>\n\t\t\t\t<\/div>\n\t\t\t\t<div class=\"elementor-element elementor-element-30bfcaf elementor-widget elementor-widget-text-editor\" data-id=\"30bfcaf\" data-element_type=\"widget\" data-widget_type=\"text-editor.default\">\n\t\t\t\t<div class=\"elementor-widget-container\">\n\t\t\t\t\t\t\t<p>Conform\u00e9ment \u00e0 la loi du 14 octobre 1992 sur les brevets pour les inventions, l\u2019Agence russe des brevets et des marques a accord\u00e9 ce brevet \u00e0 M. Sergei Koltsov :<br \/>Dispositif pour corriger l\u2019\u00e9tat fonctionnel de l\u2019objet biologique<br \/>Demande n&#8217;200213262688<br \/>Ce brevet est valable sur l\u2019ensemble du territoire de la F\u00e9d\u00e9ration de Russie depuis 20 ans, \u00e0 partir du 5 d\u00e9cembre 2002.<br \/>Enregistr\u00e9 au Registre national des inventions de la F\u00e9d\u00e9ration de Russie.<br \/>Moscou, 27 octobre 2003. Directeur g\u00e9n\u00e9ral A.D. Kortchagine<\/p>\n\t\t\t\t\t\t<\/div>\n\t\t\t\t<\/div>\n\t\t\t\t\t<\/div>\n\t\t<\/div>\n\t\t\t\t\t<\/div>\n\t\t<\/section>\n\t\t\t\t<\/div>\n\t\t","protected":false},"excerpt":{"rendered":"<p>Le correcteur d\u2019\u00e9tat fonctionnel fait l\u2019objet de 3 brevets FSC, Dispositif de protection contre les rayonnements \u00e9lectromagn\u00e9tiques Brevet no 2262361 Dispositif pour corriger le champ \u00e9lectromagn\u00e9tique externe, ayant un impact sur l\u2019organisme vivant, et son principe de fabrication. Inventeurs et d\u00e9tenteurs de brevets : Sergei Koltsov et Tatiana Starikova. Demande n &#8216;200313137727 Enregistr\u00e9 au Registre &hellip;<\/p>\n<p class=\"read-more\"> <a class=\"\" href=\"https:\/\/centre-region.eu\/fr\/fsc-patents\/\"> <span class=\"screen-reader-text\">BREVETS DES CEF<\/span> Lire la suite\u00a0\u00bb<\/a><\/p>\n","protected":false},"author":2,"featured_media":0,"parent":0,"menu_order":0,"comment_status":"closed","ping_status":"closed","template":"","meta":{"site-sidebar-layout":"no-sidebar","site-content-layout":"page-builder","ast-global-header-display":"","ast-main-header-display":"","ast-hfb-above-header-display":"","ast-hfb-below-header-display":"","ast-hfb-mobile-header-display":"","site-post-title":"disabled","ast-breadcrumbs-content":"","ast-featured-img":"disabled","footer-sml-layout":"","theme-transparent-header-meta":"default","adv-header-id-meta":"","stick-header-meta":"","header-above-stick-meta":"","header-main-stick-meta":"","header-below-stick-meta":"","footnotes":""},"class_list":["post-7775","page","type-page","status-publish","hentry"],"acf":[],"yoast_head":"<!-- This site is optimized with the Yoast SEO plugin v22.2 - https:\/\/yoast.com\/wordpress\/plugins\/seo\/ -->\n<title>BREVETS DES CEF - Centre-Region<\/title>\n<meta name=\"robots\" content=\"index, follow, max-snippet:-1, max-image-preview:large, max-video-preview:-1\" \/>\n<link rel=\"canonical\" href=\"https:\/\/centre-region.eu\/fr\/fsc-patents\/\" \/>\n<meta property=\"og:locale\" content=\"fr_FR\" \/>\n<meta property=\"og:type\" content=\"article\" \/>\n<meta property=\"og:title\" content=\"BREVETS DES CEF - Centre-Region\" \/>\n<meta property=\"og:description\" content=\"Le correcteur d\u2019\u00e9tat fonctionnel fait l\u2019objet de 3 brevets FSC, Dispositif de protection contre les rayonnements \u00e9lectromagn\u00e9tiques Brevet no 2262361 Dispositif pour corriger le champ \u00e9lectromagn\u00e9tique externe, ayant un impact sur l\u2019organisme vivant, et son principe de fabrication. Inventeurs et d\u00e9tenteurs de brevets : Sergei Koltsov et Tatiana Starikova. Demande n &#8216;200313137727 Enregistr\u00e9 au Registre &hellip; BREVETS DES CEF Lire la suite\u00a0\u00bb\" \/>\n<meta property=\"og:url\" content=\"https:\/\/centre-region.eu\/fr\/fsc-patents\/\" \/>\n<meta property=\"og:site_name\" content=\"Centre-Region\" \/>\n<meta property=\"article:modified_time\" content=\"2021-10-19T13:38:59+00:00\" \/>\n<meta property=\"og:image\" content=\"https:\/\/centre-region.eu\/wp-content\/uploads\/2019\/11\/Patent-2262361-FSC.jpg\" \/>\n<meta name=\"twitter:card\" content=\"summary_large_image\" \/>\n<meta name=\"twitter:label1\" content=\"Dur\u00e9e de lecture estim\u00e9e\" \/>\n\t<meta name=\"twitter:data1\" content=\"1 minute\" \/>\n<script type=\"application\/ld+json\" class=\"yoast-schema-graph\">{\"@context\":\"https:\/\/schema.org\",\"@graph\":[{\"@type\":\"WebPage\",\"@id\":\"https:\/\/centre-region.eu\/fr\/fsc-patents\/\",\"url\":\"https:\/\/centre-region.eu\/fr\/fsc-patents\/\",\"name\":\"BREVETS DES CEF - Centre-Region\",\"isPartOf\":{\"@id\":\"https:\/\/centre-region.eu\/fr\/#website\"},\"primaryImageOfPage\":{\"@id\":\"https:\/\/centre-region.eu\/fr\/fsc-patents\/#primaryimage\"},\"image\":{\"@id\":\"https:\/\/centre-region.eu\/fr\/fsc-patents\/#primaryimage\"},\"thumbnailUrl\":\"https:\/\/centre-region.eu\/wp-content\/uploads\/2019\/11\/Patent-2262361-FSC.jpg\",\"datePublished\":\"2019-12-20T13:27:12+00:00\",\"dateModified\":\"2021-10-19T13:38:59+00:00\",\"breadcrumb\":{\"@id\":\"https:\/\/centre-region.eu\/fr\/fsc-patents\/#breadcrumb\"},\"inLanguage\":\"fr-FR\",\"potentialAction\":[{\"@type\":\"ReadAction\",\"target\":[\"https:\/\/centre-region.eu\/fr\/fsc-patents\/\"]}]},{\"@type\":\"ImageObject\",\"inLanguage\":\"fr-FR\",\"@id\":\"https:\/\/centre-region.eu\/fr\/fsc-patents\/#primaryimage\",\"url\":\"https:\/\/centre-region.eu\/wp-content\/uploads\/2019\/11\/Patent-2262361-FSC.jpg\",\"contentUrl\":\"https:\/\/centre-region.eu\/wp-content\/uploads\/2019\/11\/Patent-2262361-FSC.jpg\",\"width\":373,\"height\":500},{\"@type\":\"BreadcrumbList\",\"@id\":\"https:\/\/centre-region.eu\/fr\/fsc-patents\/#breadcrumb\",\"itemListElement\":[{\"@type\":\"ListItem\",\"position\":1,\"name\":\"Home\",\"item\":\"https:\/\/centre-region.eu\/fr\/\"},{\"@type\":\"ListItem\",\"position\":2,\"name\":\"BREVETS DES CEF\"}]},{\"@type\":\"WebSite\",\"@id\":\"https:\/\/centre-region.eu\/fr\/#website\",\"url\":\"https:\/\/centre-region.eu\/fr\/\",\"name\":\"Centre-Region\",\"description\":\"official European representative of the \u00abCentre Region\u00bb company\",\"publisher\":{\"@id\":\"https:\/\/centre-region.eu\/fr\/#organization\"},\"potentialAction\":[{\"@type\":\"SearchAction\",\"target\":{\"@type\":\"EntryPoint\",\"urlTemplate\":\"https:\/\/centre-region.eu\/fr\/?s={search_term_string}\"},\"query-input\":\"required name=search_term_string\"}],\"inLanguage\":\"fr-FR\"},{\"@type\":\"Organization\",\"@id\":\"https:\/\/centre-region.eu\/fr\/#organization\",\"name\":\"Centre-Region\",\"url\":\"https:\/\/centre-region.eu\/fr\/\",\"logo\":{\"@type\":\"ImageObject\",\"inLanguage\":\"fr-FR\",\"@id\":\"https:\/\/centre-region.eu\/fr\/#\/schema\/logo\/image\/\",\"url\":\"https:\/\/centre-region.eu\/wp-content\/uploads\/2019\/11\/Logo-Centre-Region-eu-5-1.svg\",\"contentUrl\":\"https:\/\/centre-region.eu\/wp-content\/uploads\/2019\/11\/Logo-Centre-Region-eu-5-1.svg\",\"caption\":\"Centre-Region\"},\"image\":{\"@id\":\"https:\/\/centre-region.eu\/fr\/#\/schema\/logo\/image\/\"}}]}<\/script>\n<!-- \/ Yoast SEO plugin. -->","yoast_head_json":{"title":"BREVETS DES CEF - Centre-Region","robots":{"index":"index","follow":"follow","max-snippet":"max-snippet:-1","max-image-preview":"max-image-preview:large","max-video-preview":"max-video-preview:-1"},"canonical":"https:\/\/centre-region.eu\/fr\/fsc-patents\/","og_locale":"fr_FR","og_type":"article","og_title":"BREVETS DES CEF - Centre-Region","og_description":"Le correcteur d\u2019\u00e9tat fonctionnel fait l\u2019objet de 3 brevets FSC, Dispositif de protection contre les rayonnements \u00e9lectromagn\u00e9tiques Brevet no 2262361 Dispositif pour corriger le champ \u00e9lectromagn\u00e9tique externe, ayant un impact sur l\u2019organisme vivant, et son principe de fabrication. Inventeurs et d\u00e9tenteurs de brevets : Sergei Koltsov et Tatiana Starikova. Demande n &#8216;200313137727 Enregistr\u00e9 au Registre &hellip; BREVETS DES CEF Lire la suite\u00a0\u00bb","og_url":"https:\/\/centre-region.eu\/fr\/fsc-patents\/","og_site_name":"Centre-Region","article_modified_time":"2021-10-19T13:38:59+00:00","og_image":[{"url":"https:\/\/centre-region.eu\/wp-content\/uploads\/2019\/11\/Patent-2262361-FSC.jpg"}],"twitter_card":"summary_large_image","twitter_misc":{"Dur\u00e9e de lecture estim\u00e9e":"1 minute"},"schema":{"@context":"https:\/\/schema.org","@graph":[{"@type":"WebPage","@id":"https:\/\/centre-region.eu\/fr\/fsc-patents\/","url":"https:\/\/centre-region.eu\/fr\/fsc-patents\/","name":"BREVETS DES CEF - Centre-Region","isPartOf":{"@id":"https:\/\/centre-region.eu\/fr\/#website"},"primaryImageOfPage":{"@id":"https:\/\/centre-region.eu\/fr\/fsc-patents\/#primaryimage"},"image":{"@id":"https:\/\/centre-region.eu\/fr\/fsc-patents\/#primaryimage"},"thumbnailUrl":"https:\/\/centre-region.eu\/wp-content\/uploads\/2019\/11\/Patent-2262361-FSC.jpg","datePublished":"2019-12-20T13:27:12+00:00","dateModified":"2021-10-19T13:38:59+00:00","breadcrumb":{"@id":"https:\/\/centre-region.eu\/fr\/fsc-patents\/#breadcrumb"},"inLanguage":"fr-FR","potentialAction":[{"@type":"ReadAction","target":["https:\/\/centre-region.eu\/fr\/fsc-patents\/"]}]},{"@type":"ImageObject","inLanguage":"fr-FR","@id":"https:\/\/centre-region.eu\/fr\/fsc-patents\/#primaryimage","url":"https:\/\/centre-region.eu\/wp-content\/uploads\/2019\/11\/Patent-2262361-FSC.jpg","contentUrl":"https:\/\/centre-region.eu\/wp-content\/uploads\/2019\/11\/Patent-2262361-FSC.jpg","width":373,"height":500},{"@type":"BreadcrumbList","@id":"https:\/\/centre-region.eu\/fr\/fsc-patents\/#breadcrumb","itemListElement":[{"@type":"ListItem","position":1,"name":"Home","item":"https:\/\/centre-region.eu\/fr\/"},{"@type":"ListItem","position":2,"name":"BREVETS DES CEF"}]},{"@type":"WebSite","@id":"https:\/\/centre-region.eu\/fr\/#website","url":"https:\/\/centre-region.eu\/fr\/","name":"Centre-Region","description":"official European representative of the \u00abCentre Region\u00bb company","publisher":{"@id":"https:\/\/centre-region.eu\/fr\/#organization"},"potentialAction":[{"@type":"SearchAction","target":{"@type":"EntryPoint","urlTemplate":"https:\/\/centre-region.eu\/fr\/?s={search_term_string}"},"query-input":"required name=search_term_string"}],"inLanguage":"fr-FR"},{"@type":"Organization","@id":"https:\/\/centre-region.eu\/fr\/#organization","name":"Centre-Region","url":"https:\/\/centre-region.eu\/fr\/","logo":{"@type":"ImageObject","inLanguage":"fr-FR","@id":"https:\/\/centre-region.eu\/fr\/#\/schema\/logo\/image\/","url":"https:\/\/centre-region.eu\/wp-content\/uploads\/2019\/11\/Logo-Centre-Region-eu-5-1.svg","contentUrl":"https:\/\/centre-region.eu\/wp-content\/uploads\/2019\/11\/Logo-Centre-Region-eu-5-1.svg","caption":"Centre-Region"},"image":{"@id":"https:\/\/centre-region.eu\/fr\/#\/schema\/logo\/image\/"}}]}},"_links":{"self":[{"href":"https:\/\/centre-region.eu\/fr\/wp-json\/wp\/v2\/pages\/7775","targetHints":{"allow":["GET"]}}],"collection":[{"href":"https:\/\/centre-region.eu\/fr\/wp-json\/wp\/v2\/pages"}],"about":[{"href":"https:\/\/centre-region.eu\/fr\/wp-json\/wp\/v2\/types\/page"}],"author":[{"embeddable":true,"href":"https:\/\/centre-region.eu\/fr\/wp-json\/wp\/v2\/users\/2"}],"replies":[{"embeddable":true,"href":"https:\/\/centre-region.eu\/fr\/wp-json\/wp\/v2\/comments?post=7775"}],"version-history":[{"count":18,"href":"https:\/\/centre-region.eu\/fr\/wp-json\/wp\/v2\/pages\/7775\/revisions"}],"predecessor-version":[{"id":18852,"href":"https:\/\/centre-region.eu\/fr\/wp-json\/wp\/v2\/pages\/7775\/revisions\/18852"}],"wp:attachment":[{"href":"https:\/\/centre-region.eu\/fr\/wp-json\/wp\/v2\/media?parent=7775"}],"curies":[{"name":"wp","href":"https:\/\/api.w.org\/{rel}","templated":true}]}}