{"id":7757,"date":"2019-12-20T13:00:48","date_gmt":"2019-12-20T13:00:48","guid":{"rendered":"https:\/\/www.centre-region.eu\/a-propos-de-nous\/"},"modified":"2020-10-19T18:25:50","modified_gmt":"2020-10-19T18:25:50","slug":"a-propos-de-nous","status":"publish","type":"page","link":"https:\/\/centre-region.eu\/fr\/a-propos-de-nous\/","title":{"rendered":"\u00c0 propos de nous"},"content":{"rendered":"\t\t<div data-elementor-type=\"wp-page\" data-elementor-id=\"7757\" class=\"elementor elementor-7757 elementor-6097\" data-elementor-post-type=\"page\">\n\t\t\t\t\t\t<section class=\"elementor-section elementor-top-section elementor-element elementor-element-a2fd761 elementor-section-boxed elementor-section-height-default elementor-section-height-default\" data-id=\"a2fd761\" data-element_type=\"section\">\n\t\t\t\t\t\t<div class=\"elementor-container elementor-column-gap-default\">\n\t\t\t\t\t<div class=\"elementor-column elementor-col-100 elementor-top-column elementor-element elementor-element-7400768\" data-id=\"7400768\" data-element_type=\"column\">\n\t\t\t<div class=\"elementor-widget-wrap elementor-element-populated\">\n\t\t\t\t\t\t<div class=\"elementor-element elementor-element-6e59bc3 elementor-widget elementor-widget-woocommerce-breadcrumb\" data-id=\"6e59bc3\" data-element_type=\"widget\" data-widget_type=\"woocommerce-breadcrumb.default\">\n\t\t\t\t<div class=\"elementor-widget-container\">\n\t\t\t<nav class=\"woocommerce-breadcrumb\" aria-label=\"Breadcrumb\">Home<\/nav>\t\t<\/div>\n\t\t\t\t<\/div>\n\t\t\t\t\t<\/div>\n\t\t<\/div>\n\t\t\t\t\t<\/div>\n\t\t<\/section>\n\t\t\t\t<section class=\"elementor-section elementor-top-section elementor-element elementor-element-39ef825 elementor-section-stretched elementor-section-boxed elementor-section-height-default elementor-section-height-default\" data-id=\"39ef825\" data-element_type=\"section\" data-settings=\"{&quot;stretch_section&quot;:&quot;section-stretched&quot;,&quot;background_background&quot;:&quot;classic&quot;}\">\n\t\t\t\t\t\t<div class=\"elementor-container elementor-column-gap-default\">\n\t\t\t\t\t<div class=\"elementor-column elementor-col-100 elementor-top-column elementor-element elementor-element-f33511f\" data-id=\"f33511f\" data-element_type=\"column\">\n\t\t\t<div class=\"elementor-widget-wrap elementor-element-populated\">\n\t\t\t\t\t\t<div class=\"elementor-element elementor-element-1119fe5 elementor-widget elementor-widget-heading\" data-id=\"1119fe5\" data-element_type=\"widget\" data-widget_type=\"heading.default\">\n\t\t\t\t<div class=\"elementor-widget-container\">\n\t\t\t<h3 class=\"elementor-heading-title elementor-size-default\">\u00c0 propos de nous<\/h3>\t\t<\/div>\n\t\t\t\t<\/div>\n\t\t\t\t\t<\/div>\n\t\t<\/div>\n\t\t\t\t\t<\/div>\n\t\t<\/section>\n\t\t\t\t<section class=\"elementor-section elementor-top-section elementor-element elementor-element-9708519 elementor-section-stretched elementor-section-boxed elementor-section-height-default elementor-section-height-default\" data-id=\"9708519\" data-element_type=\"section\" data-settings=\"{&quot;stretch_section&quot;:&quot;section-stretched&quot;}\">\n\t\t\t\t\t\t<div class=\"elementor-container elementor-column-gap-default\">\n\t\t\t\t\t<div class=\"elementor-column elementor-col-50 elementor-top-column elementor-element elementor-element-9dfe185\" data-id=\"9dfe185\" data-element_type=\"column\">\n\t\t\t<div class=\"elementor-widget-wrap elementor-element-populated\">\n\t\t\t\t\t\t<div class=\"elementor-element elementor-element-4769be9 elementor-widget elementor-widget-text-editor\" data-id=\"4769be9\" data-element_type=\"widget\" data-widget_type=\"text-editor.default\">\n\t\t\t\t<div class=\"elementor-widget-container\">\n\t\t\t\t\t\t\t<p>Bienvenue sur le site internet du repr\u00e9sentant europ\u00e9en officiel (ID 836) de l&#8217;entreprise \u00ab&nbsp;Plan\u00e8te des r\u00e9gions&nbsp;\u00bb.<\/p>\n<p>L&#8217;histoire de&nbsp;<span style=\"font-size: 15px; font-style: normal; font-weight: 400; background-color: rgb(245, 245, 245);\">\u00ab&nbsp;<\/span><span style=\"font-size: 15px; background-color: rgb(245, 245, 245);\">Plan\u00e8te des r\u00e9gions&nbsp;<\/span><span style=\"font-size: 15px; font-style: normal; font-weight: 400; background-color: rgb(245, 245, 245);\">\u00bb&nbsp;<\/span><span style=\"background-color: rgb(245, 245, 245); font-size: 15px;\">commence en 2008 avec l&#8217;apparition du Correcteur d&#8217;\u00c9tat Fonctionnel (CEF). Le CEF est une invention unique de Sergue\u00ef Koltsov. \u00c0 ce jour, il est consid\u00e9r\u00e9 comme le porte-\u00e9tendard de l&#8217;entreprise.<\/span><\/p>\n<p>Que vous soyez int\u00e9ress\u00e9 \u00e0 d\u00e9velopper vos facult\u00e9s intellectuelles, am\u00e9liorer vos performances physiques ou mentales, explorer et \u00e9tendre votre conscient et votre inconscient, augmenter votre bien-\u00eatre, vous d\u00e9fendre contre des influences nocives, ,&nbsp; devenir meilleur ou simplement vivre mieux, &nbsp;nous sommes ici pour vous guider vers le produit qui r\u00e9pondra \u00e0 vos besoins.<\/p>\n<p>Avant toute chose, tous les produits que nous offrons sont choisis avec le plus grand soin, en ayant \u00e0 l\u2019esprit votre bien-\u00eatre. Il en r\u00e9sulte une r\u00e9putation mondiale en tant que source fiable et compl\u00e8te sur les technologies d\u2019am\u00e9lioration de soi et de produits de sant\u00e9 de pointe.<\/p>\n<p>Chez Centre Region, notre amiable personnel est \u00e0 votre disposition pour vous guider et vous conseiller. Et contrairement \u00e0 la majorit\u00e9 des entreprises de nos jours, nous r\u00e9pondrons en personne \u00e0 votre courrier ou \u00e0 vos appels (veuillez toutefois noter qu\u2019il n\u2019y a pas de m\u00e9decins dans nos rangs, et que par cons\u00e9quent nous ne sommes \u00e0 m\u00eame de vous conseiller sur des questions m\u00e9dicales).<\/p>\n<p>Merci de votre visite ; nous avons h\u00e2te d\u2019\u00eatre \u00e0 votre service !<\/p><p><br><\/p>\t\t\t\t\t\t<\/div>\n\t\t\t\t<\/div>\n\t\t\t\t<div class=\"elementor-element elementor-element-5e8d67e elementor-widget elementor-widget-heading\" data-id=\"5e8d67e\" data-element_type=\"widget\" data-widget_type=\"heading.default\">\n\t\t\t\t<div class=\"elementor-widget-container\">\n\t\t\t<h3 class=\"elementor-heading-title elementor-size-default\">VOUS VOULEZ DEVENIR L\u2019UN DE NOS PARTENAIRES ?<\/h3>\t\t<\/div>\n\t\t\t\t<\/div>\n\t\t\t\t<div class=\"elementor-element elementor-element-97a77e8 elementor-widget elementor-widget-text-editor\" data-id=\"97a77e8\" data-element_type=\"widget\" data-widget_type=\"text-editor.default\">\n\t\t\t\t<div class=\"elementor-widget-container\">\n\t\t\t\t\t\t\t<p>Dans le cadre du d\u00e9veloppement actif de notre entreprise, nous vous offrons la chance de participer pleinement \u00e0 notre projet en faisant la promotion d\u2019un produit unique tout en retirant des b\u00e9n\u00e9fices.<\/p><p>Veuillez nous envoyer une demande par courriel \u00e0 contact@centre-region.eu ou en utilisant le formulaire de contact disponible sur notre site : cliquez ici <a href=\"https:\/\/akibweb.com\/centre-region\/contact-us\/\"> nous contacter\u00a0<\/a><\/p>\t\t\t\t\t\t<\/div>\n\t\t\t\t<\/div>\n\t\t\t\t\t<\/div>\n\t\t<\/div>\n\t\t\t\t<div class=\"elementor-column elementor-col-50 elementor-top-column elementor-element elementor-element-691508f\" data-id=\"691508f\" data-element_type=\"column\">\n\t\t\t<div class=\"elementor-widget-wrap elementor-element-populated\">\n\t\t\t\t\t\t<section class=\"elementor-section elementor-inner-section elementor-element elementor-element-98cc24c elementor-section-boxed elementor-section-height-default elementor-section-height-default\" data-id=\"98cc24c\" data-element_type=\"section\">\n\t\t\t\t\t\t<div class=\"elementor-container elementor-column-gap-default\">\n\t\t\t\t\t<div class=\"elementor-column elementor-col-100 elementor-inner-column elementor-element elementor-element-cc7ca59\" data-id=\"cc7ca59\" data-element_type=\"column\">\n\t\t\t<div class=\"elementor-widget-wrap elementor-element-populated\">\n\t\t\t\t\t\t<div class=\"elementor-element elementor-element-ae3fb25 elementor-widget elementor-widget-image\" data-id=\"ae3fb25\" data-element_type=\"widget\" data-widget_type=\"image.default\">\n\t\t\t\t<div class=\"elementor-widget-container\">\n\t\t\t\t\t\t\t\t\t\t\t\t\t<img fetchpriority=\"high\" decoding=\"async\" width=\"680\" height=\"290\" src=\"https:\/\/centre-region.eu\/wp-content\/uploads\/2020\/10\/200922_ID836_centre-region.eu_ID836-EN-1.png\" class=\"attachment-large size-large wp-image-15960\" alt=\"\" srcset=\"https:\/\/centre-region.eu\/wp-content\/uploads\/2020\/10\/200922_ID836_centre-region.eu_ID836-EN-1.png 680w, https:\/\/centre-region.eu\/wp-content\/uploads\/2020\/10\/200922_ID836_centre-region.eu_ID836-EN-1-300x128.png 300w, https:\/\/centre-region.eu\/wp-content\/uploads\/2020\/10\/200922_ID836_centre-region.eu_ID836-EN-1-610x260.png 610w, https:\/\/centre-region.eu\/wp-content\/uploads\/2020\/10\/200922_ID836_centre-region.eu_ID836-EN-1-600x256.png 600w\" sizes=\"(max-width: 680px) 100vw, 680px\" \/>\t\t\t\t\t\t\t\t\t\t\t\t\t<\/div>\n\t\t\t\t<\/div>\n\t\t\t\t<div class=\"elementor-element elementor-element-9b3ee82 elementor-widget elementor-widget-image\" data-id=\"9b3ee82\" data-element_type=\"widget\" data-widget_type=\"image.default\">\n\t\t\t\t<div class=\"elementor-widget-container\">\n\t\t\t\t\t\t\t\t\t\t\t\t\t<img decoding=\"async\" width=\"270\" height=\"490\" src=\"https:\/\/centre-region.eu\/wp-content\/uploads\/2020\/09\/Vertical-banner-partership-FR.jpg\" class=\"attachment-large size-large wp-image-15216\" alt=\"\" srcset=\"https:\/\/centre-region.eu\/wp-content\/uploads\/2020\/09\/Vertical-banner-partership-FR.jpg 270w, https:\/\/centre-region.eu\/wp-content\/uploads\/2020\/09\/Vertical-banner-partership-FR-165x300.jpg 165w\" sizes=\"(max-width: 270px) 100vw, 270px\" \/>\t\t\t\t\t\t\t\t\t\t\t\t\t<\/div>\n\t\t\t\t<\/div>\n\t\t\t\t\t<\/div>\n\t\t<\/div>\n\t\t\t\t\t<\/div>\n\t\t<\/section>\n\t\t\t\t\t<\/div>\n\t\t<\/div>\n\t\t\t\t\t<\/div>\n\t\t<\/section>\n\t\t\t\t<\/div>\n\t\t","protected":false},"excerpt":{"rendered":"<p>Bienvenue sur le site internet du repr\u00e9sentant europ\u00e9en officiel (ID 836) de l&#8217;entreprise \u00ab&nbsp;Plan\u00e8te des r\u00e9gions&nbsp;\u00bb. L&#8217;histoire de&nbsp;\u00ab&nbsp;Plan\u00e8te des r\u00e9gions&nbsp;\u00bb&nbsp;commence en 2008 avec l&#8217;apparition du Correcteur d&#8217;\u00c9tat Fonctionnel (CEF). Le CEF est une invention unique de Sergue\u00ef Koltsov. \u00c0 ce jour, il est consid\u00e9r\u00e9 comme le porte-\u00e9tendard de l&#8217;entreprise. Que vous soyez int\u00e9ress\u00e9 \u00e0 d\u00e9velopper &hellip;<\/p>\n<p class=\"read-more\"> <a class=\"\" href=\"https:\/\/centre-region.eu\/fr\/a-propos-de-nous\/\"> <span class=\"screen-reader-text\">\u00c0 propos de nous<\/span> Lire la suite\u00a0\u00bb<\/a><\/p>\n","protected":false},"author":2,"featured_media":0,"parent":0,"menu_order":0,"comment_status":"closed","ping_status":"closed","template":"elementor_header_footer","meta":{"site-sidebar-layout":"no-sidebar","site-content-layout":"page-builder","ast-global-header-display":"","ast-main-header-display":"","ast-hfb-above-header-display":"","ast-hfb-below-header-display":"","ast-hfb-mobile-header-display":"","site-post-title":"disabled","ast-breadcrumbs-content":"","ast-featured-img":"disabled","footer-sml-layout":"","theme-transparent-header-meta":"default","adv-header-id-meta":"","stick-header-meta":"","header-above-stick-meta":"","header-main-stick-meta":"","header-below-stick-meta":"","footnotes":""},"class_list":["post-7757","page","type-page","status-publish","hentry"],"acf":[],"yoast_head":"<!-- This site is optimized with the Yoast SEO plugin v22.2 - https:\/\/yoast.com\/wordpress\/plugins\/seo\/ -->\n<title>\u00c0 propos de nous - Centre-Region<\/title>\n<meta name=\"robots\" content=\"index, follow, max-snippet:-1, max-image-preview:large, max-video-preview:-1\" \/>\n<link rel=\"canonical\" href=\"https:\/\/centre-region.eu\/fr\/a-propos-de-nous\/\" \/>\n<meta property=\"og:locale\" content=\"fr_FR\" \/>\n<meta property=\"og:type\" content=\"article\" \/>\n<meta property=\"og:title\" content=\"\u00c0 propos de nous - Centre-Region\" \/>\n<meta property=\"og:description\" content=\"Bienvenue sur le site internet du repr\u00e9sentant europ\u00e9en officiel (ID 836) de l&#8217;entreprise \u00ab&nbsp;Plan\u00e8te des r\u00e9gions&nbsp;\u00bb. L&#8217;histoire de&nbsp;\u00ab&nbsp;Plan\u00e8te des r\u00e9gions&nbsp;\u00bb&nbsp;commence en 2008 avec l&#8217;apparition du Correcteur d&#8217;\u00c9tat Fonctionnel (CEF). Le CEF est une invention unique de Sergue\u00ef Koltsov. \u00c0 ce jour, il est consid\u00e9r\u00e9 comme le porte-\u00e9tendard de l&#8217;entreprise. Que vous soyez int\u00e9ress\u00e9 \u00e0 d\u00e9velopper &hellip; \u00c0 propos de nous Lire la suite\u00a0\u00bb\" \/>\n<meta property=\"og:url\" content=\"https:\/\/centre-region.eu\/fr\/a-propos-de-nous\/\" \/>\n<meta property=\"og:site_name\" content=\"Centre-Region\" \/>\n<meta property=\"article:modified_time\" content=\"2020-10-19T18:25:50+00:00\" \/>\n<meta property=\"og:image\" content=\"https:\/\/www.centre-region.eu\/wp-content\/uploads\/2020\/10\/200922_ID836_centre-region.eu_ID836-EN-1.png\" \/>\n<meta name=\"twitter:card\" content=\"summary_large_image\" \/>\n<meta name=\"twitter:label1\" content=\"Dur\u00e9e de lecture estim\u00e9e\" \/>\n\t<meta name=\"twitter:data1\" content=\"2 minutes\" \/>\n<script type=\"application\/ld+json\" class=\"yoast-schema-graph\">{\"@context\":\"https:\/\/schema.org\",\"@graph\":[{\"@type\":\"WebPage\",\"@id\":\"https:\/\/centre-region.eu\/fr\/a-propos-de-nous\/\",\"url\":\"https:\/\/centre-region.eu\/fr\/a-propos-de-nous\/\",\"name\":\"\u00c0 propos de nous - Centre-Region\",\"isPartOf\":{\"@id\":\"https:\/\/centre-region.eu\/fr\/#website\"},\"primaryImageOfPage\":{\"@id\":\"https:\/\/centre-region.eu\/fr\/a-propos-de-nous\/#primaryimage\"},\"image\":{\"@id\":\"https:\/\/centre-region.eu\/fr\/a-propos-de-nous\/#primaryimage\"},\"thumbnailUrl\":\"https:\/\/www.centre-region.eu\/wp-content\/uploads\/2020\/10\/200922_ID836_centre-region.eu_ID836-EN-1.png\",\"datePublished\":\"2019-12-20T13:00:48+00:00\",\"dateModified\":\"2020-10-19T18:25:50+00:00\",\"breadcrumb\":{\"@id\":\"https:\/\/centre-region.eu\/fr\/a-propos-de-nous\/#breadcrumb\"},\"inLanguage\":\"fr-FR\",\"potentialAction\":[{\"@type\":\"ReadAction\",\"target\":[\"https:\/\/centre-region.eu\/fr\/a-propos-de-nous\/\"]}]},{\"@type\":\"ImageObject\",\"inLanguage\":\"fr-FR\",\"@id\":\"https:\/\/centre-region.eu\/fr\/a-propos-de-nous\/#primaryimage\",\"url\":\"https:\/\/centre-region.eu\/wp-content\/uploads\/2020\/10\/200922_ID836_centre-region.eu_ID836-EN-1.png\",\"contentUrl\":\"https:\/\/centre-region.eu\/wp-content\/uploads\/2020\/10\/200922_ID836_centre-region.eu_ID836-EN-1.png\",\"width\":680,\"height\":290},{\"@type\":\"BreadcrumbList\",\"@id\":\"https:\/\/centre-region.eu\/fr\/a-propos-de-nous\/#breadcrumb\",\"itemListElement\":[{\"@type\":\"ListItem\",\"position\":1,\"name\":\"Home\",\"item\":\"https:\/\/centre-region.eu\/fr\/\"},{\"@type\":\"ListItem\",\"position\":2,\"name\":\"\u00c0 propos de nous\"}]},{\"@type\":\"WebSite\",\"@id\":\"https:\/\/centre-region.eu\/fr\/#website\",\"url\":\"https:\/\/centre-region.eu\/fr\/\",\"name\":\"Centre-Region\",\"description\":\"official European representative of the \u00abCentre Region\u00bb company\",\"publisher\":{\"@id\":\"https:\/\/centre-region.eu\/fr\/#organization\"},\"potentialAction\":[{\"@type\":\"SearchAction\",\"target\":{\"@type\":\"EntryPoint\",\"urlTemplate\":\"https:\/\/centre-region.eu\/fr\/?s={search_term_string}\"},\"query-input\":\"required name=search_term_string\"}],\"inLanguage\":\"fr-FR\"},{\"@type\":\"Organization\",\"@id\":\"https:\/\/centre-region.eu\/fr\/#organization\",\"name\":\"Centre-Region\",\"url\":\"https:\/\/centre-region.eu\/fr\/\",\"logo\":{\"@type\":\"ImageObject\",\"inLanguage\":\"fr-FR\",\"@id\":\"https:\/\/centre-region.eu\/fr\/#\/schema\/logo\/image\/\",\"url\":\"https:\/\/centre-region.eu\/wp-content\/uploads\/2019\/11\/Logo-Centre-Region-eu-5-1.svg\",\"contentUrl\":\"https:\/\/centre-region.eu\/wp-content\/uploads\/2019\/11\/Logo-Centre-Region-eu-5-1.svg\",\"caption\":\"Centre-Region\"},\"image\":{\"@id\":\"https:\/\/centre-region.eu\/fr\/#\/schema\/logo\/image\/\"}}]}<\/script>\n<!-- \/ Yoast SEO plugin. -->","yoast_head_json":{"title":"\u00c0 propos de nous - Centre-Region","robots":{"index":"index","follow":"follow","max-snippet":"max-snippet:-1","max-image-preview":"max-image-preview:large","max-video-preview":"max-video-preview:-1"},"canonical":"https:\/\/centre-region.eu\/fr\/a-propos-de-nous\/","og_locale":"fr_FR","og_type":"article","og_title":"\u00c0 propos de nous - Centre-Region","og_description":"Bienvenue sur le site internet du repr\u00e9sentant europ\u00e9en officiel (ID 836) de l&#8217;entreprise \u00ab&nbsp;Plan\u00e8te des r\u00e9gions&nbsp;\u00bb. L&#8217;histoire de&nbsp;\u00ab&nbsp;Plan\u00e8te des r\u00e9gions&nbsp;\u00bb&nbsp;commence en 2008 avec l&#8217;apparition du Correcteur d&#8217;\u00c9tat Fonctionnel (CEF). Le CEF est une invention unique de Sergue\u00ef Koltsov. \u00c0 ce jour, il est consid\u00e9r\u00e9 comme le porte-\u00e9tendard de l&#8217;entreprise. Que vous soyez int\u00e9ress\u00e9 \u00e0 d\u00e9velopper &hellip; \u00c0 propos de nous Lire la suite\u00a0\u00bb","og_url":"https:\/\/centre-region.eu\/fr\/a-propos-de-nous\/","og_site_name":"Centre-Region","article_modified_time":"2020-10-19T18:25:50+00:00","og_image":[{"url":"https:\/\/www.centre-region.eu\/wp-content\/uploads\/2020\/10\/200922_ID836_centre-region.eu_ID836-EN-1.png"}],"twitter_card":"summary_large_image","twitter_misc":{"Dur\u00e9e de lecture estim\u00e9e":"2 minutes"},"schema":{"@context":"https:\/\/schema.org","@graph":[{"@type":"WebPage","@id":"https:\/\/centre-region.eu\/fr\/a-propos-de-nous\/","url":"https:\/\/centre-region.eu\/fr\/a-propos-de-nous\/","name":"\u00c0 propos de nous - Centre-Region","isPartOf":{"@id":"https:\/\/centre-region.eu\/fr\/#website"},"primaryImageOfPage":{"@id":"https:\/\/centre-region.eu\/fr\/a-propos-de-nous\/#primaryimage"},"image":{"@id":"https:\/\/centre-region.eu\/fr\/a-propos-de-nous\/#primaryimage"},"thumbnailUrl":"https:\/\/www.centre-region.eu\/wp-content\/uploads\/2020\/10\/200922_ID836_centre-region.eu_ID836-EN-1.png","datePublished":"2019-12-20T13:00:48+00:00","dateModified":"2020-10-19T18:25:50+00:00","breadcrumb":{"@id":"https:\/\/centre-region.eu\/fr\/a-propos-de-nous\/#breadcrumb"},"inLanguage":"fr-FR","potentialAction":[{"@type":"ReadAction","target":["https:\/\/centre-region.eu\/fr\/a-propos-de-nous\/"]}]},{"@type":"ImageObject","inLanguage":"fr-FR","@id":"https:\/\/centre-region.eu\/fr\/a-propos-de-nous\/#primaryimage","url":"https:\/\/centre-region.eu\/wp-content\/uploads\/2020\/10\/200922_ID836_centre-region.eu_ID836-EN-1.png","contentUrl":"https:\/\/centre-region.eu\/wp-content\/uploads\/2020\/10\/200922_ID836_centre-region.eu_ID836-EN-1.png","width":680,"height":290},{"@type":"BreadcrumbList","@id":"https:\/\/centre-region.eu\/fr\/a-propos-de-nous\/#breadcrumb","itemListElement":[{"@type":"ListItem","position":1,"name":"Home","item":"https:\/\/centre-region.eu\/fr\/"},{"@type":"ListItem","position":2,"name":"\u00c0 propos de nous"}]},{"@type":"WebSite","@id":"https:\/\/centre-region.eu\/fr\/#website","url":"https:\/\/centre-region.eu\/fr\/","name":"Centre-Region","description":"official European representative of the \u00abCentre Region\u00bb company","publisher":{"@id":"https:\/\/centre-region.eu\/fr\/#organization"},"potentialAction":[{"@type":"SearchAction","target":{"@type":"EntryPoint","urlTemplate":"https:\/\/centre-region.eu\/fr\/?s={search_term_string}"},"query-input":"required name=search_term_string"}],"inLanguage":"fr-FR"},{"@type":"Organization","@id":"https:\/\/centre-region.eu\/fr\/#organization","name":"Centre-Region","url":"https:\/\/centre-region.eu\/fr\/","logo":{"@type":"ImageObject","inLanguage":"fr-FR","@id":"https:\/\/centre-region.eu\/fr\/#\/schema\/logo\/image\/","url":"https:\/\/centre-region.eu\/wp-content\/uploads\/2019\/11\/Logo-Centre-Region-eu-5-1.svg","contentUrl":"https:\/\/centre-region.eu\/wp-content\/uploads\/2019\/11\/Logo-Centre-Region-eu-5-1.svg","caption":"Centre-Region"},"image":{"@id":"https:\/\/centre-region.eu\/fr\/#\/schema\/logo\/image\/"}}]}},"_links":{"self":[{"href":"https:\/\/centre-region.eu\/fr\/wp-json\/wp\/v2\/pages\/7757","targetHints":{"allow":["GET"]}}],"collection":[{"href":"https:\/\/centre-region.eu\/fr\/wp-json\/wp\/v2\/pages"}],"about":[{"href":"https:\/\/centre-region.eu\/fr\/wp-json\/wp\/v2\/types\/page"}],"author":[{"embeddable":true,"href":"https:\/\/centre-region.eu\/fr\/wp-json\/wp\/v2\/users\/2"}],"replies":[{"embeddable":true,"href":"https:\/\/centre-region.eu\/fr\/wp-json\/wp\/v2\/comments?post=7757"}],"version-history":[{"count":14,"href":"https:\/\/centre-region.eu\/fr\/wp-json\/wp\/v2\/pages\/7757\/revisions"}],"predecessor-version":[{"id":15969,"href":"https:\/\/centre-region.eu\/fr\/wp-json\/wp\/v2\/pages\/7757\/revisions\/15969"}],"wp:attachment":[{"href":"https:\/\/centre-region.eu\/fr\/wp-json\/wp\/v2\/media?parent=7757"}],"curies":[{"name":"wp","href":"https:\/\/api.w.org\/{rel}","templated":true}]}}