{"id":7698,"date":"2019-12-20T12:49:58","date_gmt":"2019-12-20T12:49:58","guid":{"rendered":"https:\/\/www.centre-region.eu\/accueil\/"},"modified":"2025-02-06T15:46:24","modified_gmt":"2025-02-06T15:46:24","slug":"accueil","status":"publish","type":"page","link":"https:\/\/centre-region.eu\/fr\/","title":{"rendered":"maison"},"content":{"rendered":"\t\t<div data-elementor-type=\"wp-page\" data-elementor-id=\"7698\" class=\"elementor elementor-7698 elementor-6137\" data-elementor-post-type=\"page\">\n\t\t\t\t\t\t<section class=\"elementor-section elementor-top-section elementor-element elementor-element-9d2b345 elementor-section-boxed elementor-section-height-default elementor-section-height-default\" data-id=\"9d2b345\" data-element_type=\"section\" data-settings=\"{&quot;background_background&quot;:&quot;classic&quot;}\">\n\t\t\t\t\t\t\t<div class=\"elementor-background-overlay\"><\/div>\n\t\t\t\t\t\t\t<div class=\"elementor-container elementor-column-gap-default\">\n\t\t\t\t\t<div class=\"elementor-column elementor-col-100 elementor-top-column elementor-element elementor-element-5cf7c0e\" data-id=\"5cf7c0e\" data-element_type=\"column\">\n\t\t\t<div class=\"elementor-widget-wrap elementor-element-populated\">\n\t\t\t\t\t\t<div class=\"elementor-element elementor-element-989d51d elementor-widget elementor-widget-text-editor\" data-id=\"989d51d\" data-element_type=\"widget\" data-widget_type=\"text-editor.default\">\n\t\t\t\t<div class=\"elementor-widget-container\">\n\t\t\t\t\t\t\t<p><span style=\"color: #ffffff;\">Chers clients,<\/span><\/p><p><span style=\"color: #ffffff;\">Nous regrettons de devoir vous informer d&#8217;une nouvelle importante. Apr\u00e8s m\u00fbre r\u00e9flexion, nous avons d\u00e9cid\u00e9 de fermer notre boutique en ligne et de liquider tous nos produits. Cette d\u00e9cision nous a caus\u00e9 de l&#8217;amertume et de la d\u00e9ception, mais nous estimons qu&#8217;il est impossible de continuer avec de la d\u00e9sinformation et une coop\u00e9ration peu scrupuleuse.<\/span><\/p><p><span style=\"color: #ffffff;\">Nous souhaitons vous expliquer la raison de notre d\u00e9cision. Notre entreprise a \u00e9t\u00e9 mise sur liste noire en tant que distributeur par le fabricant de CEF &#8220;Plan\u00e8te des r\u00e9gions&#8221;, qui d\u00e9tient un monopole sur le march\u00e9. Il a mis en place une politique tarifaire stricte pour la vente de ses produits.<\/span><\/p><p><span style=\"color: #ffffff;\">Selon cette politique, tous les d\u00e9taillants sont tenus de vendre leurs produits \u00e0 des prix fixes (139 \u20ac pour les CEF \u00e0 huit \u00e9l\u00e9ments et de la s\u00e9rie et d&#8217;\u00e9lite, 119 \u20ac pour les s\u00e9ries de base \u00e0 cinq \u00e9l\u00e9ments). Les d\u00e9taillants qui enfreignent cette politique tarifaire sont ajout\u00e9s \u00e0 une liste noire. Malheureusement, \u00e0 la demande de nos concurrents, le fabricant a \u00e9mis une d\u00e9claration suppl\u00e9mentaire sugg\u00e9rant des doutes sur la qualit\u00e9 des produits que nous vendons, insinuant que nous pourrions vendre des contrefa\u00e7ons.<\/span><\/p><p><span style=\"color: #ffffff;\">Nous consid\u00e9rons cela comme une man\u0153uvre sournoise. Nous avons toutes les preuves n\u00e9cessaires d\u00e9montrant que nous nous approvisionnons directement aupr\u00e8s du fabricant, et nous sommes pr\u00eats \u00e0 pr\u00e9senter ces preuves devant n&#8217;importe quel tribunal. Nos registres comptables sont propres, et nos motivations pour proposer des prix r\u00e9duits sur les produits sont honn\u00eates.<\/span><\/p><p><span style=\"color: #ffffff;\">Nous croyons fermement que la politique du fabricant, consistant \u00e0 maintenir des prix aussi \u00e9lev\u00e9s que possible, limite l&#8217;acc\u00e8s aux CEF pour un plus grand nombre de personnes, ce qui va \u00e0 l&#8217;encontre de notre philosophie visant au bien-\u00eatre de la soci\u00e9t\u00e9 et de tous les citoyens du monde.<\/span><\/p><p><span style=\"color: #ffffff;\">Notre intention n&#8217;\u00e9tait pas seulement de maximiser les profits, mais aussi de permettre aux personnes de tous niveaux de revenus d&#8217;acqu\u00e9rir ces produits co\u00fbteux mais si utiles. Malheureusement, nos bonnes intentions ont \u00e9t\u00e9 per\u00e7ues comme une concurrence par nos pairs.<\/span><\/p><p><span style=\"color: #ffffff;\">Nous tenons \u00e0 souligner que nous poss\u00e9dons des documents officiels et des factures prouvant notre relation d&#8217;achat direct avec le fabricant. Cependant, en raison d&#8217;accusations infond\u00e9es et du traitement injuste que nous avons subi de la part de &#8220;Plan\u00e8te des r\u00e9gions&#8221;, nous ne pouvons pas continuer notre collaboration avec eux.<\/span><\/p><p><span style=\"color: #ffffff;\">Sur la base de ces circonstances, nous avons pris la d\u00e9cision de liquider notre stock et de fermer notre boutique. Nous comprenons que cela puisse causer de la d\u00e9ception et des d\u00e9sagr\u00e9ments \u00e0 nos fid\u00e8les clients, et pour cela, nous vous pr\u00e9sentons nos sinc\u00e8res excuses. Ce fut un honneur de vous servir et de travailler avec vous tout au long de cette aventure.<\/span><\/p><p><span style=\"color: #ffffff;\">Nous vous sommes reconnaissants de votre soutien. Si vous avez des questions ou avez besoin d&#8217;assistance pendant la vente, notre \u00e9quipe est l\u00e0 pour vous aider. Nous veillerons \u00e0 ce que vous receviez les meilleurs soins et l&#8217;attention n\u00e9cessaire jusqu&#8217;au dernier jour de notre boutique.<\/span><\/p><p><span style=\"color: #ffffff;\">Nous esp\u00e9rons que vous profiterez de nos nouveaux prix et que vous continuerez \u00e0 appr\u00e9cier vos achats chez nous.<\/span><\/p><p><span style=\"color: #ffffff;\">Bien \u00e0 vous\u00a0,<\/span><\/p><p><span style=\"color: #ffffff;\">Eimantas Galvydis et Alena Latapie,\u00a0 Directeurs<\/span><\/p>\t\t\t\t\t\t<\/div>\n\t\t\t\t<\/div>\n\t\t\t\t\t<\/div>\n\t\t<\/div>\n\t\t\t\t\t<\/div>\n\t\t<\/section>\n\t\t\t\t<\/div>\n\t\t","protected":false},"excerpt":{"rendered":"<p>Chers clients, Nous regrettons de devoir vous informer d&#8217;une nouvelle importante. Apr\u00e8s m\u00fbre r\u00e9flexion, nous avons d\u00e9cid\u00e9 de fermer notre boutique en ligne et de liquider tous nos produits. Cette d\u00e9cision nous a caus\u00e9 de l&#8217;amertume et de la d\u00e9ception, mais nous estimons qu&#8217;il est impossible de continuer avec de la d\u00e9sinformation et une coop\u00e9ration &hellip;<\/p>\n<p class=\"read-more\"> <a class=\"\" href=\"https:\/\/centre-region.eu\/fr\/\"> <span class=\"screen-reader-text\">maison<\/span> Lire la suite\u00a0\u00bb<\/a><\/p>\n","protected":false},"author":2,"featured_media":0,"parent":0,"menu_order":0,"comment_status":"closed","ping_status":"closed","template":"","meta":{"site-sidebar-layout":"no-sidebar","site-content-layout":"page-builder","ast-global-header-display":"","ast-main-header-display":"","ast-hfb-above-header-display":"","ast-hfb-below-header-display":"","ast-hfb-mobile-header-display":"","site-post-title":"disabled","ast-breadcrumbs-content":"","ast-featured-img":"disabled","footer-sml-layout":"","theme-transparent-header-meta":"default","adv-header-id-meta":"","stick-header-meta":"","header-above-stick-meta":"","header-main-stick-meta":"","header-below-stick-meta":"","footnotes":""},"class_list":["post-7698","page","type-page","status-publish","hentry"],"acf":[],"yoast_head":"<!-- This site is optimized with the Yoast SEO plugin v22.2 - https:\/\/yoast.com\/wordpress\/plugins\/seo\/ -->\n<title>Centre-Region \u2013 official European representative of the \u00abCentre Region\u00bb company<\/title>\n<meta name=\"robots\" content=\"index, follow, max-snippet:-1, max-image-preview:large, max-video-preview:-1\" \/>\n<link rel=\"canonical\" href=\"https:\/\/centre-region.eu\/fr\/\" \/>\n<meta property=\"og:locale\" content=\"fr_FR\" \/>\n<meta property=\"og:type\" content=\"article\" \/>\n<meta property=\"og:title\" content=\"Centre-Region \u2013 official European representative of the \u00abCentre Region\u00bb company\" \/>\n<meta property=\"og:description\" content=\"Chers clients, Nous regrettons de devoir vous informer d&#8217;une nouvelle importante. Apr\u00e8s m\u00fbre r\u00e9flexion, nous avons d\u00e9cid\u00e9 de fermer notre boutique en ligne et de liquider tous nos produits. Cette d\u00e9cision nous a caus\u00e9 de l&#8217;amertume et de la d\u00e9ception, mais nous estimons qu&#8217;il est impossible de continuer avec de la d\u00e9sinformation et une coop\u00e9ration &hellip; maison Lire la suite\u00a0\u00bb\" \/>\n<meta property=\"og:url\" content=\"https:\/\/centre-region.eu\/fr\/\" \/>\n<meta property=\"og:site_name\" content=\"Centre-Region\" \/>\n<meta property=\"article:modified_time\" content=\"2025-02-06T15:46:24+00:00\" \/>\n<meta name=\"twitter:card\" content=\"summary_large_image\" \/>\n<meta name=\"twitter:label1\" content=\"Dur\u00e9e de lecture estim\u00e9e\" \/>\n\t<meta name=\"twitter:data1\" content=\"3 minutes\" \/>\n<script type=\"application\/ld+json\" class=\"yoast-schema-graph\">{\"@context\":\"https:\/\/schema.org\",\"@graph\":[{\"@type\":\"WebPage\",\"@id\":\"https:\/\/centre-region.eu\/fr\/\",\"url\":\"https:\/\/centre-region.eu\/fr\/\",\"name\":\"Centre-Region \u2013 official European representative of the \u00abCentre Region\u00bb company\",\"isPartOf\":{\"@id\":\"https:\/\/centre-region.eu\/fr\/#website\"},\"datePublished\":\"2019-12-20T12:49:58+00:00\",\"dateModified\":\"2025-02-06T15:46:24+00:00\",\"breadcrumb\":{\"@id\":\"https:\/\/centre-region.eu\/fr\/#breadcrumb\"},\"inLanguage\":\"fr-FR\",\"potentialAction\":[{\"@type\":\"ReadAction\",\"target\":[\"https:\/\/centre-region.eu\/fr\/\"]}]},{\"@type\":\"BreadcrumbList\",\"@id\":\"https:\/\/centre-region.eu\/fr\/#breadcrumb\",\"itemListElement\":[{\"@type\":\"ListItem\",\"position\":1,\"name\":\"Home\",\"item\":\"https:\/\/centre-region.eu\/fr\/\"},{\"@type\":\"ListItem\",\"position\":2,\"name\":\"maison\"}]},{\"@type\":\"WebSite\",\"@id\":\"https:\/\/centre-region.eu\/fr\/#website\",\"url\":\"https:\/\/centre-region.eu\/fr\/\",\"name\":\"Centre-Region\",\"description\":\"official European representative of the \u00abCentre Region\u00bb company\",\"publisher\":{\"@id\":\"https:\/\/centre-region.eu\/fr\/#organization\"},\"potentialAction\":[{\"@type\":\"SearchAction\",\"target\":{\"@type\":\"EntryPoint\",\"urlTemplate\":\"https:\/\/centre-region.eu\/fr\/?s={search_term_string}\"},\"query-input\":\"required name=search_term_string\"}],\"inLanguage\":\"fr-FR\"},{\"@type\":\"Organization\",\"@id\":\"https:\/\/centre-region.eu\/fr\/#organization\",\"name\":\"Centre-Region\",\"url\":\"https:\/\/centre-region.eu\/fr\/\",\"logo\":{\"@type\":\"ImageObject\",\"inLanguage\":\"fr-FR\",\"@id\":\"https:\/\/centre-region.eu\/fr\/#\/schema\/logo\/image\/\",\"url\":\"https:\/\/centre-region.eu\/wp-content\/uploads\/2019\/11\/Logo-Centre-Region-eu-5-1.svg\",\"contentUrl\":\"https:\/\/centre-region.eu\/wp-content\/uploads\/2019\/11\/Logo-Centre-Region-eu-5-1.svg\",\"caption\":\"Centre-Region\"},\"image\":{\"@id\":\"https:\/\/centre-region.eu\/fr\/#\/schema\/logo\/image\/\"}}]}<\/script>\n<!-- \/ Yoast SEO plugin. -->","yoast_head_json":{"title":"Centre-Region \u2013 official European representative of the \u00abCentre Region\u00bb company","robots":{"index":"index","follow":"follow","max-snippet":"max-snippet:-1","max-image-preview":"max-image-preview:large","max-video-preview":"max-video-preview:-1"},"canonical":"https:\/\/centre-region.eu\/fr\/","og_locale":"fr_FR","og_type":"article","og_title":"Centre-Region \u2013 official European representative of the \u00abCentre Region\u00bb company","og_description":"Chers clients, Nous regrettons de devoir vous informer d&#8217;une nouvelle importante. Apr\u00e8s m\u00fbre r\u00e9flexion, nous avons d\u00e9cid\u00e9 de fermer notre boutique en ligne et de liquider tous nos produits. Cette d\u00e9cision nous a caus\u00e9 de l&#8217;amertume et de la d\u00e9ception, mais nous estimons qu&#8217;il est impossible de continuer avec de la d\u00e9sinformation et une coop\u00e9ration &hellip; maison Lire la suite\u00a0\u00bb","og_url":"https:\/\/centre-region.eu\/fr\/","og_site_name":"Centre-Region","article_modified_time":"2025-02-06T15:46:24+00:00","twitter_card":"summary_large_image","twitter_misc":{"Dur\u00e9e de lecture estim\u00e9e":"3 minutes"},"schema":{"@context":"https:\/\/schema.org","@graph":[{"@type":"WebPage","@id":"https:\/\/centre-region.eu\/fr\/","url":"https:\/\/centre-region.eu\/fr\/","name":"Centre-Region \u2013 official European representative of the \u00abCentre Region\u00bb company","isPartOf":{"@id":"https:\/\/centre-region.eu\/fr\/#website"},"datePublished":"2019-12-20T12:49:58+00:00","dateModified":"2025-02-06T15:46:24+00:00","breadcrumb":{"@id":"https:\/\/centre-region.eu\/fr\/#breadcrumb"},"inLanguage":"fr-FR","potentialAction":[{"@type":"ReadAction","target":["https:\/\/centre-region.eu\/fr\/"]}]},{"@type":"BreadcrumbList","@id":"https:\/\/centre-region.eu\/fr\/#breadcrumb","itemListElement":[{"@type":"ListItem","position":1,"name":"Home","item":"https:\/\/centre-region.eu\/fr\/"},{"@type":"ListItem","position":2,"name":"maison"}]},{"@type":"WebSite","@id":"https:\/\/centre-region.eu\/fr\/#website","url":"https:\/\/centre-region.eu\/fr\/","name":"Centre-Region","description":"official European representative of the \u00abCentre Region\u00bb company","publisher":{"@id":"https:\/\/centre-region.eu\/fr\/#organization"},"potentialAction":[{"@type":"SearchAction","target":{"@type":"EntryPoint","urlTemplate":"https:\/\/centre-region.eu\/fr\/?s={search_term_string}"},"query-input":"required name=search_term_string"}],"inLanguage":"fr-FR"},{"@type":"Organization","@id":"https:\/\/centre-region.eu\/fr\/#organization","name":"Centre-Region","url":"https:\/\/centre-region.eu\/fr\/","logo":{"@type":"ImageObject","inLanguage":"fr-FR","@id":"https:\/\/centre-region.eu\/fr\/#\/schema\/logo\/image\/","url":"https:\/\/centre-region.eu\/wp-content\/uploads\/2019\/11\/Logo-Centre-Region-eu-5-1.svg","contentUrl":"https:\/\/centre-region.eu\/wp-content\/uploads\/2019\/11\/Logo-Centre-Region-eu-5-1.svg","caption":"Centre-Region"},"image":{"@id":"https:\/\/centre-region.eu\/fr\/#\/schema\/logo\/image\/"}}]}},"_links":{"self":[{"href":"https:\/\/centre-region.eu\/fr\/wp-json\/wp\/v2\/pages\/7698","targetHints":{"allow":["GET"]}}],"collection":[{"href":"https:\/\/centre-region.eu\/fr\/wp-json\/wp\/v2\/pages"}],"about":[{"href":"https:\/\/centre-region.eu\/fr\/wp-json\/wp\/v2\/types\/page"}],"author":[{"embeddable":true,"href":"https:\/\/centre-region.eu\/fr\/wp-json\/wp\/v2\/users\/2"}],"replies":[{"embeddable":true,"href":"https:\/\/centre-region.eu\/fr\/wp-json\/wp\/v2\/comments?post=7698"}],"version-history":[{"count":110,"href":"https:\/\/centre-region.eu\/fr\/wp-json\/wp\/v2\/pages\/7698\/revisions"}],"predecessor-version":[{"id":27972,"href":"https:\/\/centre-region.eu\/fr\/wp-json\/wp\/v2\/pages\/7698\/revisions\/27972"}],"wp:attachment":[{"href":"https:\/\/centre-region.eu\/fr\/wp-json\/wp\/v2\/media?parent=7698"}],"curies":[{"name":"wp","href":"https:\/\/api.w.org\/{rel}","templated":true}]}}