{"id":19192,"date":"2021-11-01T23:40:01","date_gmt":"2021-11-01T23:40:01","guid":{"rendered":"https:\/\/centre-region.eu\/black-sunday-sale-cef-a-partir-de-79-euros\/"},"modified":"2021-11-01T23:41:33","modified_gmt":"2021-11-01T23:41:33","slug":"black-sunday-sale-cef-a-partir-de-79-euros","status":"publish","type":"page","link":"https:\/\/centre-region.eu\/fr\/black-sunday-sale-cef-a-partir-de-79-euros\/","title":{"rendered":"BLACK SUNDAY SALE &#8211; CEF \u00e0 partir de 79 euros"},"content":{"rendered":"\t\t<div data-elementor-type=\"wp-page\" data-elementor-id=\"19192\" class=\"elementor elementor-19192 elementor-19132\" data-elementor-post-type=\"page\">\n\t\t\t\t\t\t<section class=\"elementor-section elementor-top-section elementor-element elementor-element-112059e elementor-section-boxed elementor-section-height-default elementor-section-height-default\" data-id=\"112059e\" data-element_type=\"section\">\n\t\t\t\t\t\t<div class=\"elementor-container elementor-column-gap-default\">\n\t\t\t\t\t<div class=\"elementor-column elementor-col-100 elementor-top-column elementor-element elementor-element-cd91135\" data-id=\"cd91135\" data-element_type=\"column\">\n\t\t\t<div class=\"elementor-widget-wrap elementor-element-populated\">\n\t\t\t\t\t\t<div class=\"elementor-element elementor-element-b5b714d elementor-widget elementor-widget-heading\" data-id=\"b5b714d\" data-element_type=\"widget\" data-widget_type=\"heading.default\">\n\t\t\t\t<div class=\"elementor-widget-container\">\n\t\t\t<h2 class=\"elementor-heading-title elementor-size-default\">Soyez inform\u00e9 de la prochaine <\/h2>\t\t<\/div>\n\t\t\t\t<\/div>\n\t\t\t\t\t<\/div>\n\t\t<\/div>\n\t\t\t\t\t<\/div>\n\t\t<\/section>\n\t\t\t\t<section class=\"elementor-section elementor-top-section elementor-element elementor-element-2fcb749c elementor-section-content-middle elementor-section-boxed elementor-section-height-default elementor-section-height-default\" data-id=\"2fcb749c\" data-element_type=\"section\">\n\t\t\t\t\t\t<div class=\"elementor-container elementor-column-gap-no\">\n\t\t\t\t\t<div class=\"elementor-column elementor-col-100 elementor-top-column elementor-element elementor-element-2f7560b1\" data-id=\"2f7560b1\" data-element_type=\"column\">\n\t\t\t<div class=\"elementor-widget-wrap elementor-element-populated\">\n\t\t\t\t\t\t<div class=\"elementor-element elementor-element-35973136 elementor-widget elementor-widget-heading\" data-id=\"35973136\" data-element_type=\"widget\" data-widget_type=\"heading.default\">\n\t\t\t\t<div class=\"elementor-widget-container\">\n\t\t\t<h3 class=\"elementor-heading-title elementor-size-default\"><span style=\"font-size: 58px; font-style: normal; font-weight: 600; white-space: normal;\">Black Sunday Sale<\/span><\/h3>\t\t<\/div>\n\t\t\t\t<\/div>\n\t\t\t\t<div class=\"elementor-element elementor-element-3fe1807 elementor-widget elementor-widget-text-editor\" data-id=\"3fe1807\" data-element_type=\"widget\" data-widget_type=\"text-editor.default\">\n\t\t\t\t<div class=\"elementor-widget-container\">\n\t\t\t\t\t\t\t<div style=\"text-align: center;\" data-pm-slice=\"1 1 []\" data-en-clipboard=\"true\">Notre politique de vente est la suivante : nous organisons une ou deux fois par mois une grande journ\u00e9e de vente, que nous appelons Black Friday ou Black Sunday Sale.<br \/><span style=\"font-size: 15px; color: var( --e-global-color-text ); font-family: var( --e-global-typography-text-font-family ), Sans-serif;\">En plus du prix r\u00e9duit, nous incluons des cadeaux tels qu&#8217;une pochette pour la plaque de Koltsov, un support pour CEF, un catalogue papier.<\/span><\/div>\n<div style=\"text-align: center;\" data-pm-slice=\"1 1 []\" data-en-clipboard=\"true\"><span style=\"font-size: 15px; color: var( --e-global-color-text ); font-family: var( --e-global-typography-text-font-family ), Sans-serif;\">Ce jour-l\u00e0, vous pouvez acheter tous nos produits avec une r\u00e9duction de 20 \u00e0 35 %. Nous informons nos abonn\u00e9s un jour \u00e0 l&#8217;avance d&#8217;une telle vente.<\/span><\/div>\n\t\t\t\t\t\t<\/div>\n\t\t\t\t<\/div>\n\t\t\t\t<section class=\"elementor-section elementor-inner-section elementor-element elementor-element-75f3eac8 elementor-section-content-middle elementor-section-boxed elementor-section-height-default elementor-section-height-default\" data-id=\"75f3eac8\" data-element_type=\"section\">\n\t\t\t\t\t\t<div class=\"elementor-container elementor-column-gap-no\">\n\t\t\t\t\t<div class=\"elementor-column elementor-col-50 elementor-inner-column elementor-element elementor-element-20e37ccc\" data-id=\"20e37ccc\" data-element_type=\"column\">\n\t\t\t<div class=\"elementor-widget-wrap elementor-element-populated\">\n\t\t\t\t\t\t<div class=\"elementor-element elementor-element-4d77b1ca elementor-button-align-end elementor-mobile-button-align-center elementor-widget elementor-widget-form\" data-id=\"4d77b1ca\" data-element_type=\"widget\" data-settings=\"{&quot;step_next_label&quot;:&quot;Suivant&quot;,&quot;step_previous_label&quot;:&quot;Pr\\u00e9c\\u00e9dente&quot;,&quot;button_width&quot;:&quot;100&quot;,&quot;step_type&quot;:&quot;number_text&quot;,&quot;step_icon_shape&quot;:&quot;circle&quot;}\" data-widget_type=\"form.default\">\n\t\t\t\t<div class=\"elementor-widget-container\">\n\t\t\t\t\t<form class=\"elementor-form\" method=\"post\" name=\"Nouvelle forme\">\n\t\t\t<input type=\"hidden\" name=\"post_id\" value=\"19192\"\/>\n\t\t\t<input type=\"hidden\" name=\"form_id\" value=\"4d77b1ca\"\/>\n\t\t\t<input type=\"hidden\" name=\"referer_title\" value=\"Centre-Region\" \/>\n\n\t\t\t\n\t\t\t<div class=\"elementor-form-fields-wrapper elementor-labels-\">\n\t\t\t\t\t\t\t\t<div class=\"elementor-field-type-text elementor-field-group elementor-column elementor-field-group-name elementor-col-50\">\n\t\t\t\t\t\t\t\t\t\t\t\t<label for=\"form-field-name\" class=\"elementor-field-label elementor-screen-only\">\n\t\t\t\t\t\t\t\tNom\t\t\t\t\t\t\t<\/label>\n\t\t\t\t\t\t\t\t\t\t\t\t\t\t<input size=\"1\" type=\"text\" name=\"form_fields[name]\" id=\"form-field-name\" class=\"elementor-field elementor-size-sm  elementor-field-textual\" placeholder=\"Nom\">\n\t\t\t\t\t\t\t\t\t\t\t<\/div>\n\t\t\t\t\t\t\t\t<div class=\"elementor-field-type-email elementor-field-group elementor-column elementor-field-group-email elementor-col-50 elementor-field-required\">\n\t\t\t\t\t\t\t\t\t\t\t\t<label for=\"form-field-email\" class=\"elementor-field-label elementor-screen-only\">\n\t\t\t\t\t\t\t\tEmail\t\t\t\t\t\t\t<\/label>\n\t\t\t\t\t\t\t\t\t\t\t\t\t\t<input size=\"1\" type=\"email\" name=\"form_fields[email]\" id=\"form-field-email\" class=\"elementor-field elementor-size-sm  elementor-field-textual\" placeholder=\"Email\" required=\"required\" aria-required=\"true\">\n\t\t\t\t\t\t\t\t\t\t\t<\/div>\n\t\t\t\t\t\t\t\t<div class=\"elementor-field-type-text elementor-field-group elementor-column elementor-field-group-b26ecb6 elementor-col-100 elementor-field-required\">\n\t\t\t\t\t\t\t\t\t\t\t\t<label for=\"form-field-b26ecb6\" class=\"elementor-field-label elementor-screen-only\">\n\t\t\t\t\t\t\t\tLangue\t\t\t\t\t\t\t<\/label>\n\t\t\t\t\t\t\t\t\t\t\t\t\t\t<input size=\"1\" type=\"text\" name=\"form_fields[b26ecb6]\" id=\"form-field-b26ecb6\" class=\"elementor-field elementor-size-sm  elementor-field-textual\" placeholder=\"Langue\" required=\"required\" aria-required=\"true\">\n\t\t\t\t\t\t\t\t\t\t\t<\/div>\n\t\t\t\t\t\t\t\t<div class=\"elementor-field-type-textarea elementor-field-group elementor-column elementor-field-group-message elementor-col-100\">\n\t\t\t\t\t\t\t\t\t\t\t\t<label for=\"form-field-message\" class=\"elementor-field-label elementor-screen-only\">\n\t\t\t\t\t\t\t\tMessage\t\t\t\t\t\t\t<\/label>\n\t\t\t\t\t\t<textarea class=\"elementor-field-textual elementor-field  elementor-size-sm\" name=\"form_fields[message]\" id=\"form-field-message\" rows=\"4\" placeholder=\"Veuillez \u00e9crire &quot;Je veux \u00eatre inform\u00e9 de la date de la prochaine vente Black Sunday&quot;.\"><\/textarea>\t\t\t\t<\/div>\n\t\t\t\t\t\t\t\t<div class=\"elementor-field-group elementor-column elementor-field-type-submit elementor-col-100 e-form__buttons\">\n\t\t\t\t\t<button type=\"submit\" class=\"elementor-button elementor-size-sm\">\n\t\t\t\t\t\t<span >\n\t\t\t\t\t\t\t\t\t\t\t\t\t\t\t<span class=\" elementor-button-icon\">\n\t\t\t\t\t\t\t\t\t\t\t\t\t\t\t\t\t\t\t\t\t\t\t\t\t\t<\/span>\n\t\t\t\t\t\t\t\t\t\t\t\t\t\t\t\t\t\t\t\t\t\t<span class=\"elementor-button-text\">Envoyer le message<\/span>\n\t\t\t\t\t\t\t\t\t\t\t\t\t<\/span>\n\t\t\t\t\t<\/button>\n\t\t\t\t<\/div>\n\t\t\t<\/div>\n\t\t<\/form>\n\t\t\t\t<\/div>\n\t\t\t\t<\/div>\n\t\t\t\t\t<\/div>\n\t\t<\/div>\n\t\t\t\t<div class=\"elementor-column elementor-col-50 elementor-inner-column elementor-element elementor-element-64ea1b53\" data-id=\"64ea1b53\" data-element_type=\"column\" data-settings=\"{&quot;background_background&quot;:&quot;classic&quot;}\">\n\t\t\t<div class=\"elementor-widget-wrap elementor-element-populated\">\n\t\t\t\t\t\t<div class=\"elementor-element elementor-element-7ac216c elementor-widget elementor-widget-image\" data-id=\"7ac216c\" data-element_type=\"widget\" data-widget_type=\"image.default\">\n\t\t\t\t<div class=\"elementor-widget-container\">\n\t\t\t\t\t\t\t\t\t\t\t\t\t<img fetchpriority=\"high\" decoding=\"async\" width=\"600\" height=\"309\" src=\"https:\/\/centre-region.eu\/wp-content\/uploads\/2021\/11\/Black-friday-FR-sigh-up.jpg\" class=\"attachment-large size-large wp-image-19194\" alt=\"\" srcset=\"https:\/\/centre-region.eu\/wp-content\/uploads\/2021\/11\/Black-friday-FR-sigh-up.jpg 600w, https:\/\/centre-region.eu\/wp-content\/uploads\/2021\/11\/Black-friday-FR-sigh-up-300x155.jpg 300w\" sizes=\"(max-width: 600px) 100vw, 600px\" \/>\t\t\t\t\t\t\t\t\t\t\t\t\t<\/div>\n\t\t\t\t<\/div>\n\t\t\t\t\t<\/div>\n\t\t<\/div>\n\t\t\t\t\t<\/div>\n\t\t<\/section>\n\t\t\t\t\t<\/div>\n\t\t<\/div>\n\t\t\t\t\t<\/div>\n\t\t<\/section>\n\t\t\t\t<\/div>\n\t\t","protected":false},"excerpt":{"rendered":"<p>Soyez inform\u00e9 de la prochaine Black Sunday Sale Notre politique de vente est la suivante : nous organisons une ou deux fois par mois une grande journ\u00e9e de vente, que nous appelons Black Friday ou Black Sunday Sale.En plus du prix r\u00e9duit, nous incluons des cadeaux tels qu&#8217;une pochette pour la plaque de Koltsov, un &hellip;<\/p>\n<p class=\"read-more\"> <a class=\"\" href=\"https:\/\/centre-region.eu\/fr\/black-sunday-sale-cef-a-partir-de-79-euros\/\"> <span class=\"screen-reader-text\">BLACK SUNDAY SALE &#8211; CEF \u00e0 partir de 79 euros<\/span> Lire la suite\u00a0\u00bb<\/a><\/p>\n","protected":false},"author":2,"featured_media":0,"parent":0,"menu_order":0,"comment_status":"closed","ping_status":"closed","template":"","meta":{"site-sidebar-layout":"no-sidebar","site-content-layout":"page-builder","ast-global-header-display":"","ast-main-header-display":"","ast-hfb-above-header-display":"","ast-hfb-below-header-display":"","ast-hfb-mobile-header-display":"","site-post-title":"disabled","ast-breadcrumbs-content":"","ast-featured-img":"disabled","footer-sml-layout":"","theme-transparent-header-meta":"default","adv-header-id-meta":"","stick-header-meta":"","header-above-stick-meta":"","header-main-stick-meta":"","header-below-stick-meta":"","footnotes":""},"class_list":["post-19192","page","type-page","status-publish","hentry"],"acf":[],"yoast_head":"<!-- This site is optimized with the Yoast SEO plugin v22.2 - https:\/\/yoast.com\/wordpress\/plugins\/seo\/ -->\n<title>BLACK SUNDAY SALE - CEF \u00e0 partir de 79 euros - Centre-Region<\/title>\n<meta name=\"description\" content=\"Achetez des Correcteurs d&#039;\u00e9tat fonctionnel CEF) \u00e0 partir de 79 euros. Black Sunday Sale du distributeur europ\u00e9en CentreRegion. Inscrivez-vous \u00e0 la newsletter pour conna\u00eetre la date de la prochaine Sale.\" \/>\n<meta name=\"robots\" content=\"index, follow, max-snippet:-1, max-image-preview:large, max-video-preview:-1\" \/>\n<link rel=\"canonical\" href=\"https:\/\/centre-region.eu\/fr\/black-sunday-sale-cef-a-partir-de-79-euros\/\" \/>\n<meta property=\"og:locale\" content=\"fr_FR\" \/>\n<meta property=\"og:type\" content=\"article\" \/>\n<meta property=\"og:title\" content=\"BLACK SUNDAY SALE - CEF \u00e0 partir de 79 euros - Centre-Region\" \/>\n<meta property=\"og:description\" content=\"Achetez des Correcteurs d&#039;\u00e9tat fonctionnel CEF) \u00e0 partir de 79 euros. Black Sunday Sale du distributeur europ\u00e9en CentreRegion. Inscrivez-vous \u00e0 la newsletter pour conna\u00eetre la date de la prochaine Sale.\" \/>\n<meta property=\"og:url\" content=\"https:\/\/centre-region.eu\/fr\/black-sunday-sale-cef-a-partir-de-79-euros\/\" \/>\n<meta property=\"og:site_name\" content=\"Centre-Region\" \/>\n<meta property=\"article:modified_time\" content=\"2021-11-01T23:41:33+00:00\" \/>\n<meta property=\"og:image\" content=\"https:\/\/centre-region.eu\/wp-content\/uploads\/2021\/11\/Black-friday-FR-sigh-up.jpg\" \/>\n<meta name=\"twitter:card\" content=\"summary_large_image\" \/>\n<meta name=\"twitter:label1\" content=\"Dur\u00e9e de lecture estim\u00e9e\" \/>\n\t<meta name=\"twitter:data1\" content=\"1 minute\" \/>\n<script type=\"application\/ld+json\" class=\"yoast-schema-graph\">{\"@context\":\"https:\/\/schema.org\",\"@graph\":[{\"@type\":\"WebPage\",\"@id\":\"https:\/\/centre-region.eu\/fr\/black-sunday-sale-cef-a-partir-de-79-euros\/\",\"url\":\"https:\/\/centre-region.eu\/fr\/black-sunday-sale-cef-a-partir-de-79-euros\/\",\"name\":\"BLACK SUNDAY SALE - CEF \u00e0 partir de 79 euros - Centre-Region\",\"isPartOf\":{\"@id\":\"https:\/\/centre-region.eu\/fr\/#website\"},\"primaryImageOfPage\":{\"@id\":\"https:\/\/centre-region.eu\/fr\/black-sunday-sale-cef-a-partir-de-79-euros\/#primaryimage\"},\"image\":{\"@id\":\"https:\/\/centre-region.eu\/fr\/black-sunday-sale-cef-a-partir-de-79-euros\/#primaryimage\"},\"thumbnailUrl\":\"https:\/\/centre-region.eu\/wp-content\/uploads\/2021\/11\/Black-friday-FR-sigh-up.jpg\",\"datePublished\":\"2021-11-01T23:40:01+00:00\",\"dateModified\":\"2021-11-01T23:41:33+00:00\",\"description\":\"Achetez des Correcteurs d'\u00e9tat fonctionnel CEF) \u00e0 partir de 79 euros. Black Sunday Sale du distributeur europ\u00e9en CentreRegion. Inscrivez-vous \u00e0 la newsletter pour conna\u00eetre la date de la prochaine Sale.\",\"breadcrumb\":{\"@id\":\"https:\/\/centre-region.eu\/fr\/black-sunday-sale-cef-a-partir-de-79-euros\/#breadcrumb\"},\"inLanguage\":\"fr-FR\",\"potentialAction\":[{\"@type\":\"ReadAction\",\"target\":[\"https:\/\/centre-region.eu\/fr\/black-sunday-sale-cef-a-partir-de-79-euros\/\"]}]},{\"@type\":\"ImageObject\",\"inLanguage\":\"fr-FR\",\"@id\":\"https:\/\/centre-region.eu\/fr\/black-sunday-sale-cef-a-partir-de-79-euros\/#primaryimage\",\"url\":\"https:\/\/centre-region.eu\/wp-content\/uploads\/2021\/11\/Black-friday-FR-sigh-up.jpg\",\"contentUrl\":\"https:\/\/centre-region.eu\/wp-content\/uploads\/2021\/11\/Black-friday-FR-sigh-up.jpg\",\"width\":600,\"height\":309},{\"@type\":\"BreadcrumbList\",\"@id\":\"https:\/\/centre-region.eu\/fr\/black-sunday-sale-cef-a-partir-de-79-euros\/#breadcrumb\",\"itemListElement\":[{\"@type\":\"ListItem\",\"position\":1,\"name\":\"Home\",\"item\":\"https:\/\/centre-region.eu\/fr\/\"},{\"@type\":\"ListItem\",\"position\":2,\"name\":\"BLACK SUNDAY SALE &#8211; CEF \u00e0 partir de 79 euros\"}]},{\"@type\":\"WebSite\",\"@id\":\"https:\/\/centre-region.eu\/fr\/#website\",\"url\":\"https:\/\/centre-region.eu\/fr\/\",\"name\":\"Centre-Region\",\"description\":\"official European representative of the \u00abCentre Region\u00bb company\",\"publisher\":{\"@id\":\"https:\/\/centre-region.eu\/fr\/#organization\"},\"potentialAction\":[{\"@type\":\"SearchAction\",\"target\":{\"@type\":\"EntryPoint\",\"urlTemplate\":\"https:\/\/centre-region.eu\/fr\/?s={search_term_string}\"},\"query-input\":\"required name=search_term_string\"}],\"inLanguage\":\"fr-FR\"},{\"@type\":\"Organization\",\"@id\":\"https:\/\/centre-region.eu\/fr\/#organization\",\"name\":\"Centre-Region\",\"url\":\"https:\/\/centre-region.eu\/fr\/\",\"logo\":{\"@type\":\"ImageObject\",\"inLanguage\":\"fr-FR\",\"@id\":\"https:\/\/centre-region.eu\/fr\/#\/schema\/logo\/image\/\",\"url\":\"https:\/\/centre-region.eu\/wp-content\/uploads\/2019\/11\/Logo-Centre-Region-eu-5-1.svg\",\"contentUrl\":\"https:\/\/centre-region.eu\/wp-content\/uploads\/2019\/11\/Logo-Centre-Region-eu-5-1.svg\",\"caption\":\"Centre-Region\"},\"image\":{\"@id\":\"https:\/\/centre-region.eu\/fr\/#\/schema\/logo\/image\/\"}}]}<\/script>\n<!-- \/ Yoast SEO plugin. -->","yoast_head_json":{"title":"BLACK SUNDAY SALE - CEF \u00e0 partir de 79 euros - Centre-Region","description":"Achetez des Correcteurs d'\u00e9tat fonctionnel CEF) \u00e0 partir de 79 euros. Black Sunday Sale du distributeur europ\u00e9en CentreRegion. Inscrivez-vous \u00e0 la newsletter pour conna\u00eetre la date de la prochaine Sale.","robots":{"index":"index","follow":"follow","max-snippet":"max-snippet:-1","max-image-preview":"max-image-preview:large","max-video-preview":"max-video-preview:-1"},"canonical":"https:\/\/centre-region.eu\/fr\/black-sunday-sale-cef-a-partir-de-79-euros\/","og_locale":"fr_FR","og_type":"article","og_title":"BLACK SUNDAY SALE - CEF \u00e0 partir de 79 euros - Centre-Region","og_description":"Achetez des Correcteurs d'\u00e9tat fonctionnel CEF) \u00e0 partir de 79 euros. Black Sunday Sale du distributeur europ\u00e9en CentreRegion. Inscrivez-vous \u00e0 la newsletter pour conna\u00eetre la date de la prochaine Sale.","og_url":"https:\/\/centre-region.eu\/fr\/black-sunday-sale-cef-a-partir-de-79-euros\/","og_site_name":"Centre-Region","article_modified_time":"2021-11-01T23:41:33+00:00","og_image":[{"url":"https:\/\/centre-region.eu\/wp-content\/uploads\/2021\/11\/Black-friday-FR-sigh-up.jpg"}],"twitter_card":"summary_large_image","twitter_misc":{"Dur\u00e9e de lecture estim\u00e9e":"1 minute"},"schema":{"@context":"https:\/\/schema.org","@graph":[{"@type":"WebPage","@id":"https:\/\/centre-region.eu\/fr\/black-sunday-sale-cef-a-partir-de-79-euros\/","url":"https:\/\/centre-region.eu\/fr\/black-sunday-sale-cef-a-partir-de-79-euros\/","name":"BLACK SUNDAY SALE - CEF \u00e0 partir de 79 euros - Centre-Region","isPartOf":{"@id":"https:\/\/centre-region.eu\/fr\/#website"},"primaryImageOfPage":{"@id":"https:\/\/centre-region.eu\/fr\/black-sunday-sale-cef-a-partir-de-79-euros\/#primaryimage"},"image":{"@id":"https:\/\/centre-region.eu\/fr\/black-sunday-sale-cef-a-partir-de-79-euros\/#primaryimage"},"thumbnailUrl":"https:\/\/centre-region.eu\/wp-content\/uploads\/2021\/11\/Black-friday-FR-sigh-up.jpg","datePublished":"2021-11-01T23:40:01+00:00","dateModified":"2021-11-01T23:41:33+00:00","description":"Achetez des Correcteurs d'\u00e9tat fonctionnel CEF) \u00e0 partir de 79 euros. Black Sunday Sale du distributeur europ\u00e9en CentreRegion. Inscrivez-vous \u00e0 la newsletter pour conna\u00eetre la date de la prochaine Sale.","breadcrumb":{"@id":"https:\/\/centre-region.eu\/fr\/black-sunday-sale-cef-a-partir-de-79-euros\/#breadcrumb"},"inLanguage":"fr-FR","potentialAction":[{"@type":"ReadAction","target":["https:\/\/centre-region.eu\/fr\/black-sunday-sale-cef-a-partir-de-79-euros\/"]}]},{"@type":"ImageObject","inLanguage":"fr-FR","@id":"https:\/\/centre-region.eu\/fr\/black-sunday-sale-cef-a-partir-de-79-euros\/#primaryimage","url":"https:\/\/centre-region.eu\/wp-content\/uploads\/2021\/11\/Black-friday-FR-sigh-up.jpg","contentUrl":"https:\/\/centre-region.eu\/wp-content\/uploads\/2021\/11\/Black-friday-FR-sigh-up.jpg","width":600,"height":309},{"@type":"BreadcrumbList","@id":"https:\/\/centre-region.eu\/fr\/black-sunday-sale-cef-a-partir-de-79-euros\/#breadcrumb","itemListElement":[{"@type":"ListItem","position":1,"name":"Home","item":"https:\/\/centre-region.eu\/fr\/"},{"@type":"ListItem","position":2,"name":"BLACK SUNDAY SALE &#8211; CEF \u00e0 partir de 79 euros"}]},{"@type":"WebSite","@id":"https:\/\/centre-region.eu\/fr\/#website","url":"https:\/\/centre-region.eu\/fr\/","name":"Centre-Region","description":"official European representative of the \u00abCentre Region\u00bb company","publisher":{"@id":"https:\/\/centre-region.eu\/fr\/#organization"},"potentialAction":[{"@type":"SearchAction","target":{"@type":"EntryPoint","urlTemplate":"https:\/\/centre-region.eu\/fr\/?s={search_term_string}"},"query-input":"required name=search_term_string"}],"inLanguage":"fr-FR"},{"@type":"Organization","@id":"https:\/\/centre-region.eu\/fr\/#organization","name":"Centre-Region","url":"https:\/\/centre-region.eu\/fr\/","logo":{"@type":"ImageObject","inLanguage":"fr-FR","@id":"https:\/\/centre-region.eu\/fr\/#\/schema\/logo\/image\/","url":"https:\/\/centre-region.eu\/wp-content\/uploads\/2019\/11\/Logo-Centre-Region-eu-5-1.svg","contentUrl":"https:\/\/centre-region.eu\/wp-content\/uploads\/2019\/11\/Logo-Centre-Region-eu-5-1.svg","caption":"Centre-Region"},"image":{"@id":"https:\/\/centre-region.eu\/fr\/#\/schema\/logo\/image\/"}}]}},"_links":{"self":[{"href":"https:\/\/centre-region.eu\/fr\/wp-json\/wp\/v2\/pages\/19192","targetHints":{"allow":["GET"]}}],"collection":[{"href":"https:\/\/centre-region.eu\/fr\/wp-json\/wp\/v2\/pages"}],"about":[{"href":"https:\/\/centre-region.eu\/fr\/wp-json\/wp\/v2\/types\/page"}],"author":[{"embeddable":true,"href":"https:\/\/centre-region.eu\/fr\/wp-json\/wp\/v2\/users\/2"}],"replies":[{"embeddable":true,"href":"https:\/\/centre-region.eu\/fr\/wp-json\/wp\/v2\/comments?post=19192"}],"version-history":[{"count":4,"href":"https:\/\/centre-region.eu\/fr\/wp-json\/wp\/v2\/pages\/19192\/revisions"}],"predecessor-version":[{"id":19199,"href":"https:\/\/centre-region.eu\/fr\/wp-json\/wp\/v2\/pages\/19192\/revisions\/19199"}],"wp:attachment":[{"href":"https:\/\/centre-region.eu\/fr\/wp-json\/wp\/v2\/media?parent=19192"}],"curies":[{"name":"wp","href":"https:\/\/api.w.org\/{rel}","templated":true}]}}