{"id":20669,"date":"2022-03-18T19:14:37","date_gmt":"2022-03-18T19:20:28","guid":{"rendered":"https:\/\/centre-region.eu\/product\/kolzov-platte-neue-zeit-mit-8-elementen\/"},"modified":"2022-03-31T20:59:26","modified_gmt":"2022-03-31T20:59:26","slug":"functional-state-corrector-new-times-with-8-elements","status":"publish","type":"product","link":"https:\/\/centre-region.eu\/de\/produkt\/functional-state-corrector-new-times-with-8-elements\/","title":{"rendered":"KOLZOV-PLATTE \u00abNEUE ZEIT\u00bb Mit 8 ELEMENTEN"},"content":{"rendered":"","protected":false},"excerpt":{"rendered":"<p>Kolzov-Platte mit 8 Elementen \u00abNeue Zeiten\u00bb l\u00f6st neue Energien f\u00fcr Gleichgewicht und Synchronisation, er\u00f6ffnet M\u00f6glichkeiten, neue Wege zu sehen, f\u00f6rdert das Wohlbefinden der Familie. Es kann helfen, die Rehabilitation nach Krankheit, Verletzung oder Operation zu beschleunigen.<\/p>\n","protected":false},"featured_media":20612,"comment_status":"open","ping_status":"closed","template":"","meta":{"site-sidebar-layout":"default","site-content-layout":"default","ast-global-header-display":"","ast-main-header-display":"","ast-hfb-above-header-display":"","ast-hfb-below-header-display":"","ast-hfb-mobile-header-display":"","site-post-title":"","ast-breadcrumbs-content":"","ast-featured-img":"","footer-sml-layout":"","theme-transparent-header-meta":"default","adv-header-id-meta":"","stick-header-meta":"","header-above-stick-meta":"","header-main-stick-meta":"","header-below-stick-meta":""},"product_cat":[151,153],"product_tag":[],"class_list":{"0":"post-20669","1":"product","2":"type-product","3":"status-publish","4":"has-post-thumbnail","6":"product_cat-elite-serie","7":"product_cat-kolzov-platte","8":"desktop-align-center","9":"tablet-align-center","10":"mobile-align-center","11":"ast-product-gallery-layout-horizontal-slider","12":"ast-product-gallery-with-no-image","13":"ast-magnify-disabled","14":"ast-product-tabs-layout-horizontal","16":"first","17":"instock","18":"sale","19":"taxable","20":"shipping-taxable","21":"purchasable","22":"product-type-simple","23":"add-to-wishlist-after_add_to_cart"},"acf":[],"yoast_head":"<!-- This site is optimized with the Yoast SEO plugin v22.2 - https:\/\/yoast.com\/wordpress\/plugins\/seo\/ -->\n<title>KOLZOV-PLATTE \u00abNEUE ZEIT\u00bb Mit 8 ELEMENTEN kaufen \u2014 Preis \u2705 und Foto - Centre-Region<\/title>\n<meta name=\"description\" content=\"Bester Preis f\u00fcr \u23e9KOLZOV-PLATTE \u00abNEUE ZEIT\u00bb Mit 8 ELEMENTEN \u23ea zum Schutz vor EMF, 4G, 5G in unserem Online-Shop! Weltweite Lieferung | Offizieller H\u00e4ndler | Ausf\u00fchrliches Benutzerhandbuch. Bestellen Sie jetzt! Bestellen Sie jetzt!\" \/>\n<meta name=\"robots\" content=\"index, follow, max-snippet:-1, max-image-preview:large, max-video-preview:-1\" \/>\n<link rel=\"canonical\" href=\"https:\/\/centre-region.eu\/de\/produkt\/functional-state-corrector-new-times-with-8-elements\/\" \/>\n<meta property=\"og:locale\" content=\"de_DE\" \/>\n<meta property=\"og:type\" content=\"article\" \/>\n<meta property=\"og:title\" content=\"KOLZOV-PLATTE \u00abNEUE ZEIT\u00bb Mit 8 ELEMENTEN kaufen \u2014 Preis \u2705 und Foto - Centre-Region\" \/>\n<meta property=\"og:description\" content=\"Bester Preis f\u00fcr \u23e9KOLZOV-PLATTE \u00abNEUE ZEIT\u00bb Mit 8 ELEMENTEN \u23ea zum Schutz vor EMF, 4G, 5G in unserem Online-Shop! Weltweite Lieferung | Offizieller H\u00e4ndler | Ausf\u00fchrliches Benutzerhandbuch. Bestellen Sie jetzt! Bestellen Sie jetzt!\" \/>\n<meta property=\"og:url\" content=\"https:\/\/centre-region.eu\/de\/produkt\/functional-state-corrector-new-times-with-8-elements\/\" \/>\n<meta property=\"og:site_name\" content=\"Centre-Region\" \/>\n<meta property=\"article:modified_time\" content=\"2022-03-31T20:59:26+00:00\" \/>\n<meta property=\"og:image\" content=\"https:\/\/centre-region.eu\/wp-content\/uploads\/2022\/03\/NEW-TIMES-FSC-8.jpg\" \/>\n\t<meta property=\"og:image:width\" content=\"600\" \/>\n\t<meta property=\"og:image:height\" content=\"600\" \/>\n\t<meta property=\"og:image:type\" content=\"image\/jpeg\" \/>\n<meta name=\"twitter:card\" content=\"summary_large_image\" \/>\n<script type=\"application\/ld+json\" class=\"yoast-schema-graph\">{\"@context\":\"https:\/\/schema.org\",\"@graph\":[{\"@type\":\"WebPage\",\"@id\":\"https:\/\/centre-region.eu\/de\/produkt\/functional-state-corrector-new-times-with-8-elements\/\",\"url\":\"https:\/\/centre-region.eu\/de\/produkt\/functional-state-corrector-new-times-with-8-elements\/\",\"name\":\"KOLZOV-PLATTE \u00abNEUE ZEIT\u00bb Mit 8 ELEMENTEN kaufen \u2014 Preis \u2705 und Foto - Centre-Region\",\"isPartOf\":{\"@id\":\"https:\/\/centre-region.eu\/de\/#website\"},\"primaryImageOfPage\":{\"@id\":\"https:\/\/centre-region.eu\/de\/produkt\/functional-state-corrector-new-times-with-8-elements\/#primaryimage\"},\"image\":{\"@id\":\"https:\/\/centre-region.eu\/de\/produkt\/functional-state-corrector-new-times-with-8-elements\/#primaryimage\"},\"thumbnailUrl\":\"https:\/\/centre-region.eu\/wp-content\/uploads\/2022\/03\/NEW-TIMES-FSC-8.jpg\",\"datePublished\":\"2022-03-18T19:20:28+00:00\",\"dateModified\":\"2022-03-31T20:59:26+00:00\",\"description\":\"Bester Preis f\u00fcr \u23e9KOLZOV-PLATTE \u00abNEUE ZEIT\u00bb Mit 8 ELEMENTEN \u23ea zum Schutz vor EMF, 4G, 5G in unserem Online-Shop! Weltweite Lieferung | Offizieller H\u00e4ndler | Ausf\u00fchrliches Benutzerhandbuch. Bestellen Sie jetzt! Bestellen Sie jetzt!\",\"breadcrumb\":{\"@id\":\"https:\/\/centre-region.eu\/de\/produkt\/functional-state-corrector-new-times-with-8-elements\/#breadcrumb\"},\"inLanguage\":\"de\",\"potentialAction\":[{\"@type\":\"ReadAction\",\"target\":[\"https:\/\/centre-region.eu\/de\/produkt\/functional-state-corrector-new-times-with-8-elements\/\"]}]},{\"@type\":\"ImageObject\",\"inLanguage\":\"de\",\"@id\":\"https:\/\/centre-region.eu\/de\/produkt\/functional-state-corrector-new-times-with-8-elements\/#primaryimage\",\"url\":\"https:\/\/centre-region.eu\/wp-content\/uploads\/2022\/03\/NEW-TIMES-FSC-8.jpg\",\"contentUrl\":\"https:\/\/centre-region.eu\/wp-content\/uploads\/2022\/03\/NEW-TIMES-FSC-8.jpg\",\"width\":600,\"height\":600},{\"@type\":\"BreadcrumbList\",\"@id\":\"https:\/\/centre-region.eu\/de\/produkt\/functional-state-corrector-new-times-with-8-elements\/#breadcrumb\",\"itemListElement\":[{\"@type\":\"ListItem\",\"position\":1,\"name\":\"Home\",\"item\":\"https:\/\/centre-region.eu\/de\/\"},{\"@type\":\"ListItem\",\"position\":2,\"name\":\"Webshop\",\"item\":\"https:\/\/centre-region.eu\/de\/webshop\/\"},{\"@type\":\"ListItem\",\"position\":3,\"name\":\"KOLZOV-PLATTE \u00abNEUE ZEIT\u00bb Mit 8 ELEMENTEN\"}]},{\"@type\":\"WebSite\",\"@id\":\"https:\/\/centre-region.eu\/de\/#website\",\"url\":\"https:\/\/centre-region.eu\/de\/\",\"name\":\"Centre-Region\",\"description\":\"official European representative of the \u00abCentre Region\u00bb company\",\"publisher\":{\"@id\":\"https:\/\/centre-region.eu\/de\/#organization\"},\"potentialAction\":[{\"@type\":\"SearchAction\",\"target\":{\"@type\":\"EntryPoint\",\"urlTemplate\":\"https:\/\/centre-region.eu\/de\/?s={search_term_string}\"},\"query-input\":\"required name=search_term_string\"}],\"inLanguage\":\"de\"},{\"@type\":\"Organization\",\"@id\":\"https:\/\/centre-region.eu\/de\/#organization\",\"name\":\"Centre-Region\",\"url\":\"https:\/\/centre-region.eu\/de\/\",\"logo\":{\"@type\":\"ImageObject\",\"inLanguage\":\"de\",\"@id\":\"https:\/\/centre-region.eu\/de\/#\/schema\/logo\/image\/\",\"url\":\"https:\/\/centre-region.eu\/wp-content\/uploads\/2019\/11\/Logo-Centre-Region-eu-5-1.svg\",\"contentUrl\":\"https:\/\/centre-region.eu\/wp-content\/uploads\/2019\/11\/Logo-Centre-Region-eu-5-1.svg\",\"caption\":\"Centre-Region\"},\"image\":{\"@id\":\"https:\/\/centre-region.eu\/de\/#\/schema\/logo\/image\/\"}}]}<\/script>\n<!-- \/ Yoast SEO plugin. -->","yoast_head_json":{"title":"KOLZOV-PLATTE \u00abNEUE ZEIT\u00bb Mit 8 ELEMENTEN kaufen \u2014 Preis \u2705 und Foto - Centre-Region","description":"Bester Preis f\u00fcr \u23e9KOLZOV-PLATTE \u00abNEUE ZEIT\u00bb Mit 8 ELEMENTEN \u23ea zum Schutz vor EMF, 4G, 5G in unserem Online-Shop! Weltweite Lieferung | Offizieller H\u00e4ndler | Ausf\u00fchrliches Benutzerhandbuch. Bestellen Sie jetzt! Bestellen Sie jetzt!","robots":{"index":"index","follow":"follow","max-snippet":"max-snippet:-1","max-image-preview":"max-image-preview:large","max-video-preview":"max-video-preview:-1"},"canonical":"https:\/\/centre-region.eu\/de\/produkt\/functional-state-corrector-new-times-with-8-elements\/","og_locale":"de_DE","og_type":"article","og_title":"KOLZOV-PLATTE \u00abNEUE ZEIT\u00bb Mit 8 ELEMENTEN kaufen \u2014 Preis \u2705 und Foto - Centre-Region","og_description":"Bester Preis f\u00fcr \u23e9KOLZOV-PLATTE \u00abNEUE ZEIT\u00bb Mit 8 ELEMENTEN \u23ea zum Schutz vor EMF, 4G, 5G in unserem Online-Shop! Weltweite Lieferung | Offizieller H\u00e4ndler | Ausf\u00fchrliches Benutzerhandbuch. Bestellen Sie jetzt! Bestellen Sie jetzt!","og_url":"https:\/\/centre-region.eu\/de\/produkt\/functional-state-corrector-new-times-with-8-elements\/","og_site_name":"Centre-Region","article_modified_time":"2022-03-31T20:59:26+00:00","og_image":[{"width":600,"height":600,"url":"https:\/\/centre-region.eu\/wp-content\/uploads\/2022\/03\/NEW-TIMES-FSC-8.jpg","type":"image\/jpeg"}],"twitter_card":"summary_large_image","schema":{"@context":"https:\/\/schema.org","@graph":[{"@type":"WebPage","@id":"https:\/\/centre-region.eu\/de\/produkt\/functional-state-corrector-new-times-with-8-elements\/","url":"https:\/\/centre-region.eu\/de\/produkt\/functional-state-corrector-new-times-with-8-elements\/","name":"KOLZOV-PLATTE \u00abNEUE ZEIT\u00bb Mit 8 ELEMENTEN kaufen \u2014 Preis \u2705 und Foto - Centre-Region","isPartOf":{"@id":"https:\/\/centre-region.eu\/de\/#website"},"primaryImageOfPage":{"@id":"https:\/\/centre-region.eu\/de\/produkt\/functional-state-corrector-new-times-with-8-elements\/#primaryimage"},"image":{"@id":"https:\/\/centre-region.eu\/de\/produkt\/functional-state-corrector-new-times-with-8-elements\/#primaryimage"},"thumbnailUrl":"https:\/\/centre-region.eu\/wp-content\/uploads\/2022\/03\/NEW-TIMES-FSC-8.jpg","datePublished":"2022-03-18T19:20:28+00:00","dateModified":"2022-03-31T20:59:26+00:00","description":"Bester Preis f\u00fcr \u23e9KOLZOV-PLATTE \u00abNEUE ZEIT\u00bb Mit 8 ELEMENTEN \u23ea zum Schutz vor EMF, 4G, 5G in unserem Online-Shop! Weltweite Lieferung | Offizieller H\u00e4ndler | Ausf\u00fchrliches Benutzerhandbuch. Bestellen Sie jetzt! Bestellen Sie jetzt!","breadcrumb":{"@id":"https:\/\/centre-region.eu\/de\/produkt\/functional-state-corrector-new-times-with-8-elements\/#breadcrumb"},"inLanguage":"de","potentialAction":[{"@type":"ReadAction","target":["https:\/\/centre-region.eu\/de\/produkt\/functional-state-corrector-new-times-with-8-elements\/"]}]},{"@type":"ImageObject","inLanguage":"de","@id":"https:\/\/centre-region.eu\/de\/produkt\/functional-state-corrector-new-times-with-8-elements\/#primaryimage","url":"https:\/\/centre-region.eu\/wp-content\/uploads\/2022\/03\/NEW-TIMES-FSC-8.jpg","contentUrl":"https:\/\/centre-region.eu\/wp-content\/uploads\/2022\/03\/NEW-TIMES-FSC-8.jpg","width":600,"height":600},{"@type":"BreadcrumbList","@id":"https:\/\/centre-region.eu\/de\/produkt\/functional-state-corrector-new-times-with-8-elements\/#breadcrumb","itemListElement":[{"@type":"ListItem","position":1,"name":"Home","item":"https:\/\/centre-region.eu\/de\/"},{"@type":"ListItem","position":2,"name":"Webshop","item":"https:\/\/centre-region.eu\/de\/webshop\/"},{"@type":"ListItem","position":3,"name":"KOLZOV-PLATTE \u00abNEUE ZEIT\u00bb Mit 8 ELEMENTEN"}]},{"@type":"WebSite","@id":"https:\/\/centre-region.eu\/de\/#website","url":"https:\/\/centre-region.eu\/de\/","name":"Centre-Region","description":"official European representative of the \u00abCentre Region\u00bb company","publisher":{"@id":"https:\/\/centre-region.eu\/de\/#organization"},"potentialAction":[{"@type":"SearchAction","target":{"@type":"EntryPoint","urlTemplate":"https:\/\/centre-region.eu\/de\/?s={search_term_string}"},"query-input":"required name=search_term_string"}],"inLanguage":"de"},{"@type":"Organization","@id":"https:\/\/centre-region.eu\/de\/#organization","name":"Centre-Region","url":"https:\/\/centre-region.eu\/de\/","logo":{"@type":"ImageObject","inLanguage":"de","@id":"https:\/\/centre-region.eu\/de\/#\/schema\/logo\/image\/","url":"https:\/\/centre-region.eu\/wp-content\/uploads\/2019\/11\/Logo-Centre-Region-eu-5-1.svg","contentUrl":"https:\/\/centre-region.eu\/wp-content\/uploads\/2019\/11\/Logo-Centre-Region-eu-5-1.svg","caption":"Centre-Region"},"image":{"@id":"https:\/\/centre-region.eu\/de\/#\/schema\/logo\/image\/"}}]}},"_links":{"self":[{"href":"https:\/\/centre-region.eu\/de\/wp-json\/wp\/v2\/product\/20669","targetHints":{"allow":["GET"]}}],"collection":[{"href":"https:\/\/centre-region.eu\/de\/wp-json\/wp\/v2\/product"}],"about":[{"href":"https:\/\/centre-region.eu\/de\/wp-json\/wp\/v2\/types\/product"}],"replies":[{"embeddable":true,"href":"https:\/\/centre-region.eu\/de\/wp-json\/wp\/v2\/comments?post=20669"}],"version-history":[{"count":1,"href":"https:\/\/centre-region.eu\/de\/wp-json\/wp\/v2\/product\/20669\/revisions"}],"predecessor-version":[{"id":20877,"href":"https:\/\/centre-region.eu\/de\/wp-json\/wp\/v2\/product\/20669\/revisions\/20877"}],"wp:featuredmedia":[{"embeddable":true,"href":"https:\/\/centre-region.eu\/de\/wp-json\/wp\/v2\/media\/20612"}],"wp:attachment":[{"href":"https:\/\/centre-region.eu\/de\/wp-json\/wp\/v2\/media?parent=20669"}],"wp:term":[{"taxonomy":"product_cat","embeddable":true,"href":"https:\/\/centre-region.eu\/de\/wp-json\/wp\/v2\/product_cat?post=20669"},{"taxonomy":"product_tag","embeddable":true,"href":"https:\/\/centre-region.eu\/de\/wp-json\/wp\/v2\/product_tag?post=20669"}],"curies":[{"name":"wp","href":"https:\/\/api.w.org\/{rel}","templated":true}]}}