{"id":13080,"date":"2020-06-07T16:10:00","date_gmt":"2020-06-09T19:41:35","guid":{"rendered":"https:\/\/www.centre-region.eu\/product\/buch-behandlung-durch-informationsuebertragung\/"},"modified":"2022-12-30T13:24:42","modified_gmt":"2022-12-30T13:24:42","slug":"buch-behandlung-durch-informationsuebertragung","status":"publish","type":"product","link":"https:\/\/centre-region.eu\/de\/produkt\/buch-behandlung-durch-informationsuebertragung\/","title":{"rendered":"BUCH \u201eBEHANDLUNG DURCH INFORMATIONS\u00dcBERTRAGUNG\u201c"},"content":{"rendered":"\t\t<div data-elementor-type=\"product-post\" data-elementor-id=\"13080\" class=\"elementor elementor-13080 elementor-13048\" data-elementor-post-type=\"product\">\n\t\t\t\t\t\t<section class=\"elementor-section elementor-top-section elementor-element elementor-element-d4f0bc9 elementor-section-boxed elementor-section-height-default elementor-section-height-default\" data-id=\"d4f0bc9\" data-element_type=\"section\">\n\t\t\t\t\t\t<div class=\"elementor-container elementor-column-gap-default\">\n\t\t\t\t\t<div class=\"elementor-column elementor-col-100 elementor-top-column elementor-element elementor-element-733663b\" data-id=\"733663b\" data-element_type=\"column\">\n\t\t\t<div class=\"elementor-widget-wrap elementor-element-populated\">\n\t\t\t\t\t\t<div class=\"elementor-element elementor-element-a71ac60 elementor-widget elementor-widget-text-editor\" data-id=\"a71ac60\" data-element_type=\"widget\" data-widget_type=\"text-editor.default\">\n\t\t\t\t<div class=\"elementor-widget-container\">\n\t\t\t\t\t\t\t<p><strong>Entwickelt wurden die PIOKAL\u00ae Bioenergiestimulatoren von dem polnischen Forscher K. Piotrowicz <\/strong><a href=\"https:\/\/www.centre-region.eu\/de\/produkt\/piokal-einlegesohlen\/\"><strong> (klicken Sie hier, um mehr \u00fcber PIOKAL Produkte zu erfahren)<\/strong><\/a><\/p>\n<p>Die Einf\u00fchrung der Stimulatoren erfolgte nach 7-j\u00e4hriger Forschung und verschiedenen Studien. K. Piotrowicz war selbst von einer Krankheit betroffen &#8211; er war bettl\u00e4gerig und es bestand die Gefahr, dass ihm beide F\u00fc\u00dfe amputiert werden m\u00fcssten &#8211; au\u00dferdem war seine Frau schwer krank. Da K. Piotrowicz jede Hoffnung auf Heilung durch schulmedizinische Behandlung verloren hatte, begann er sich mit Akupunktur, Bioresonanz, Biotechnologien usw. zu besch\u00e4ftigen.<\/p>\n<p>Als Ergebnis der Arbeiten von A. Gourvitch, G. Lakhovsky, F. Morell und anderen hatte K. Piotrowicz die einzigartige Idee, die Reflexion der Wellen aus dem pers\u00f6nlichen biologischen Feld f\u00fcr die Behandlung und Selbstregulierung des K\u00f6rpers zu nutzen. Er w\u00e4hlte die F\u00fc\u00dfe als Haupteinflussorgan, weil sich auf den Fu\u00dfsohlen biologisch aktive Punkte befinden, die alle inneren Organe und Systeme in unserem K\u00f6rper darstellen.<\/p>\n<p>Auf dieser Erkenntnis beruhend wurden die Bioenergiestimulatoren f\u00fcr die F\u00fc\u00dfe entwickelt. Bevor er die Idee weiter voranbrachte, testete K. Piotrowicz seine Erfindung an sich selbst und an seiner Frau. Nachdem sich bei Ihnen au\u00dfergew\u00f6hnliche Ergebnisse zeigten, wurde die Wirkung der Stimulatoren an freiwilligen Testpersonen untersucht. Hunderte von Stimulatoren wurden kostenlos an 40 Kl\u00f6ster und an Papst Johannes Paul II. geschickt, der nach einem Autounfall an einem schweren Fu\u00dfproblem litt. Nach der Anwendung dieser Stimulatoren soll der Heilige Vater erstaunt gewesen sein, wie schnell sich sein Gesundheitszustand verbesserte: Die Schmerzen in seinen F\u00fc\u00dfen sollen verschwunden sein, und kurz darauf konnte der Papst mehrere Paare trauen. Als Zeichen seiner Anerkennung sollen Herr und Frau Piotrowicz im Mai 1994 bei der p\u00e4pstlichen Audienz anwesend gewesen sein, wo sie den Segen des Papstes f\u00fcr ihr Projekt erhielten.<\/p>\n<p>Es wird angenommen, dass sie bereits Hunderttausenden von Menschen in der Welt geholfen haben. <\/p>\n\t\t\t\t\t\t<\/div>\n\t\t\t\t<\/div>\n\t\t\t\t\t<\/div>\n\t\t<\/div>\n\t\t\t\t\t<\/div>\n\t\t<\/section>\n\t\t\t\t<\/div>\n\t\t","protected":false},"excerpt":{"rendered":"<p><em><strong>Behandlung durch Informations\u00fcbertragung<\/strong><\/em><strong><em> <\/em><\/strong><strong>oder<em> <\/em><\/strong><em><strong>Get Your Health Back <\/strong><\/em><strong> ist ein Buch von Kazimierz Piotrowicz, dem Erfinder der PIOKAL\u00ae Bioenergiestimulatoren. <\/strong><\/p>\n<p>Das Geheimnis der Gesundheit: Informations\u00fcbertragung im K\u00f6rper<\/p>\n<p>Wenn Sie Ihre Gesundheit wiedererlangen oder einfach gesund bleiben m\u00f6chten, laden wir Sie ein, sich mit der innovativen Behandlungsmethode vertraut zu machen, die von Kazimierz Piotrowicz, Doktor der medizinisch-technischen Informationswissenschaften an der Internationalen Akademie f\u00fcr Informationstechnologie und Prozesse, entwickelt wurde<\/p>\n<p>In seinem Buch <strong>Behandlung durch Informations\u00fcbertragung<\/strong> versucht Kazimierz Piotrowicz die Frage zu beantworten, warum wir krank werden und zu erkl\u00e4ren, warum die \u00dcbertragung von Signalen, die Informationen von und zu unserem K\u00f6rper transportieren, f\u00fcr die Wiederherstellung oder Erhaltung der Gesundheit von grundlegender Bedeutung ist.<\/p>\n<p>Dabei handelt es sich um eine neue Methode, die erst im 21. <sup>Jahrhundert<\/sup> in die Medizin eingef\u00fchrt wurde. Die in diesem Buch beschriebene Methode, die von vielen Angeh\u00f6rigen der \u00c4rzteschaft anhand von Fallstudien getestet und die durch Erfahrungsberichte von Menschen, die PIOKAL\u00ae Bioenergiestimulatoren ausprobiert haben, unterst\u00fctzt wird, gibt Menschen, die an verschiedenen Krankheiten leiden und denen, die keine L\u00f6sung f\u00fcr ihre Gesundheitsprobleme finden k\u00f6nnen, neue Hoffnung.<strong>.<\/strong><\/p>\n","protected":false},"featured_media":12813,"comment_status":"open","ping_status":"closed","template":"","meta":{"site-sidebar-layout":"no-sidebar","site-content-layout":"page-builder","ast-global-header-display":"","ast-main-header-display":"","ast-hfb-above-header-display":"","ast-hfb-below-header-display":"","ast-hfb-mobile-header-display":"","site-post-title":"disabled","ast-breadcrumbs-content":"","ast-featured-img":"disabled","footer-sml-layout":"","theme-transparent-header-meta":"default","adv-header-id-meta":"","stick-header-meta":"","header-above-stick-meta":"","header-main-stick-meta":"","header-below-stick-meta":""},"product_cat":[283],"product_tag":[],"class_list":{"0":"post-13080","1":"product","2":"type-product","3":"status-publish","4":"has-post-thumbnail","6":"product_cat-piokal-de","7":"desktop-align-center","8":"tablet-align-center","9":"mobile-align-center","10":"ast-product-gallery-layout-horizontal-slider","11":"ast-product-gallery-with-no-image","12":"ast-magnify-disabled","13":"ast-product-single-variable","14":"ast-product-tabs-layout-horizontal","16":"first","17":"instock","18":"sale","19":"taxable","20":"shipping-taxable","21":"purchasable","22":"product-type-variable","23":"has-default-attributes","24":"add-to-wishlist-after_add_to_cart"},"acf":[],"yoast_head":"<!-- This site is optimized with the Yoast SEO plugin v22.2 - https:\/\/yoast.com\/wordpress\/plugins\/seo\/ -->\n<title>BUCH \u201eBEHANDLUNG DURCH INFORMATIONS\u00dcBERTRAGUNG\u201c kaufen \u2014 Preis \u2705 und Foto - Centre-Region<\/title>\n<meta name=\"description\" content=\"Bester Preis f\u00fcr \u23e9BUCH \u201eBEHANDLUNG DURCH INFORMATIONS\u00dcBERTRAGUNG\u201c\u23ea zum Schutz vor EMF, 4G, 5G in unserem Online-Shop! Weltweite Lieferung | Erhalten Sie 10% Rabatt auf Ihre erste Bestellung | Offizieller H\u00e4ndler | Ausf\u00fchrliches Benutzerhandbuch. Bestellen Sie jetzt!\" \/>\n<meta name=\"robots\" content=\"index, follow, max-snippet:-1, max-image-preview:large, max-video-preview:-1\" \/>\n<link rel=\"canonical\" href=\"https:\/\/centre-region.eu\/de\/produkt\/buch-behandlung-durch-informationsuebertragung\/\" \/>\n<meta property=\"og:locale\" content=\"de_DE\" \/>\n<meta property=\"og:type\" content=\"article\" \/>\n<meta property=\"og:title\" content=\"BUCH \u201eBEHANDLUNG DURCH INFORMATIONS\u00dcBERTRAGUNG\u201c kaufen \u2014 Preis \u2705 und Foto - Centre-Region\" \/>\n<meta property=\"og:description\" content=\"Bester Preis f\u00fcr \u23e9BUCH \u201eBEHANDLUNG DURCH INFORMATIONS\u00dcBERTRAGUNG\u201c\u23ea zum Schutz vor EMF, 4G, 5G in unserem Online-Shop! Weltweite Lieferung | Erhalten Sie 10% Rabatt auf Ihre erste Bestellung | Offizieller H\u00e4ndler | Ausf\u00fchrliches Benutzerhandbuch. Bestellen Sie jetzt!\" \/>\n<meta property=\"og:url\" content=\"https:\/\/centre-region.eu\/de\/produkt\/buch-behandlung-durch-informationsuebertragung\/\" \/>\n<meta property=\"og:site_name\" content=\"Centre-Region\" \/>\n<meta property=\"article:modified_time\" content=\"2022-12-30T13:24:42+00:00\" \/>\n<meta property=\"og:image\" content=\"https:\/\/centre-region.eu\/wp-content\/uploads\/2020\/05\/Book-Piokal-English.jpg\" \/>\n\t<meta property=\"og:image:width\" content=\"600\" \/>\n\t<meta property=\"og:image:height\" content=\"600\" \/>\n\t<meta property=\"og:image:type\" content=\"image\/jpeg\" \/>\n<meta name=\"twitter:card\" content=\"summary_large_image\" \/>\n<meta name=\"twitter:label1\" content=\"Gesch\u00e4tzte Lesezeit\" \/>\n\t<meta name=\"twitter:data1\" content=\"2\u00a0Minuten\" \/>\n<script type=\"application\/ld+json\" class=\"yoast-schema-graph\">{\"@context\":\"https:\/\/schema.org\",\"@graph\":[{\"@type\":\"WebPage\",\"@id\":\"https:\/\/centre-region.eu\/de\/produkt\/buch-behandlung-durch-informationsuebertragung\/\",\"url\":\"https:\/\/centre-region.eu\/de\/produkt\/buch-behandlung-durch-informationsuebertragung\/\",\"name\":\"BUCH \u201eBEHANDLUNG DURCH INFORMATIONS\u00dcBERTRAGUNG\u201c kaufen \u2014 Preis \u2705 und Foto - Centre-Region\",\"isPartOf\":{\"@id\":\"https:\/\/centre-region.eu\/de\/#website\"},\"primaryImageOfPage\":{\"@id\":\"https:\/\/centre-region.eu\/de\/produkt\/buch-behandlung-durch-informationsuebertragung\/#primaryimage\"},\"image\":{\"@id\":\"https:\/\/centre-region.eu\/de\/produkt\/buch-behandlung-durch-informationsuebertragung\/#primaryimage\"},\"thumbnailUrl\":\"https:\/\/centre-region.eu\/wp-content\/uploads\/2020\/05\/Book-Piokal-English.jpg\",\"datePublished\":\"2020-06-09T19:41:35+00:00\",\"dateModified\":\"2022-12-30T13:24:42+00:00\",\"description\":\"Bester Preis f\u00fcr \u23e9BUCH \u201eBEHANDLUNG DURCH INFORMATIONS\u00dcBERTRAGUNG\u201c\u23ea zum Schutz vor EMF, 4G, 5G in unserem Online-Shop! Weltweite Lieferung | Erhalten Sie 10% Rabatt auf Ihre erste Bestellung | Offizieller H\u00e4ndler | Ausf\u00fchrliches Benutzerhandbuch. Bestellen Sie jetzt!\",\"breadcrumb\":{\"@id\":\"https:\/\/centre-region.eu\/de\/produkt\/buch-behandlung-durch-informationsuebertragung\/#breadcrumb\"},\"inLanguage\":\"de\",\"potentialAction\":[{\"@type\":\"ReadAction\",\"target\":[\"https:\/\/centre-region.eu\/de\/produkt\/buch-behandlung-durch-informationsuebertragung\/\"]}]},{\"@type\":\"ImageObject\",\"inLanguage\":\"de\",\"@id\":\"https:\/\/centre-region.eu\/de\/produkt\/buch-behandlung-durch-informationsuebertragung\/#primaryimage\",\"url\":\"https:\/\/centre-region.eu\/wp-content\/uploads\/2020\/05\/Book-Piokal-English.jpg\",\"contentUrl\":\"https:\/\/centre-region.eu\/wp-content\/uploads\/2020\/05\/Book-Piokal-English.jpg\",\"width\":600,\"height\":600},{\"@type\":\"BreadcrumbList\",\"@id\":\"https:\/\/centre-region.eu\/de\/produkt\/buch-behandlung-durch-informationsuebertragung\/#breadcrumb\",\"itemListElement\":[{\"@type\":\"ListItem\",\"position\":1,\"name\":\"Home\",\"item\":\"https:\/\/centre-region.eu\/de\/\"},{\"@type\":\"ListItem\",\"position\":2,\"name\":\"Webshop\",\"item\":\"https:\/\/centre-region.eu\/de\/webshop\/\"},{\"@type\":\"ListItem\",\"position\":3,\"name\":\"BUCH \u201eBEHANDLUNG DURCH INFORMATIONS\u00dcBERTRAGUNG\u201c\"}]},{\"@type\":\"WebSite\",\"@id\":\"https:\/\/centre-region.eu\/de\/#website\",\"url\":\"https:\/\/centre-region.eu\/de\/\",\"name\":\"Centre-Region\",\"description\":\"official European representative of the \u00abCentre Region\u00bb company\",\"publisher\":{\"@id\":\"https:\/\/centre-region.eu\/de\/#organization\"},\"potentialAction\":[{\"@type\":\"SearchAction\",\"target\":{\"@type\":\"EntryPoint\",\"urlTemplate\":\"https:\/\/centre-region.eu\/de\/?s={search_term_string}\"},\"query-input\":\"required name=search_term_string\"}],\"inLanguage\":\"de\"},{\"@type\":\"Organization\",\"@id\":\"https:\/\/centre-region.eu\/de\/#organization\",\"name\":\"Centre-Region\",\"url\":\"https:\/\/centre-region.eu\/de\/\",\"logo\":{\"@type\":\"ImageObject\",\"inLanguage\":\"de\",\"@id\":\"https:\/\/centre-region.eu\/de\/#\/schema\/logo\/image\/\",\"url\":\"https:\/\/centre-region.eu\/wp-content\/uploads\/2019\/11\/Logo-Centre-Region-eu-5-1.svg\",\"contentUrl\":\"https:\/\/centre-region.eu\/wp-content\/uploads\/2019\/11\/Logo-Centre-Region-eu-5-1.svg\",\"caption\":\"Centre-Region\"},\"image\":{\"@id\":\"https:\/\/centre-region.eu\/de\/#\/schema\/logo\/image\/\"}}]}<\/script>\n<!-- \/ Yoast SEO plugin. -->","yoast_head_json":{"title":"BUCH \u201eBEHANDLUNG DURCH INFORMATIONS\u00dcBERTRAGUNG\u201c kaufen \u2014 Preis \u2705 und Foto - Centre-Region","description":"Bester Preis f\u00fcr \u23e9BUCH \u201eBEHANDLUNG DURCH INFORMATIONS\u00dcBERTRAGUNG\u201c\u23ea zum Schutz vor EMF, 4G, 5G in unserem Online-Shop! Weltweite Lieferung | Erhalten Sie 10% Rabatt auf Ihre erste Bestellung | Offizieller H\u00e4ndler | Ausf\u00fchrliches Benutzerhandbuch. Bestellen Sie jetzt!","robots":{"index":"index","follow":"follow","max-snippet":"max-snippet:-1","max-image-preview":"max-image-preview:large","max-video-preview":"max-video-preview:-1"},"canonical":"https:\/\/centre-region.eu\/de\/produkt\/buch-behandlung-durch-informationsuebertragung\/","og_locale":"de_DE","og_type":"article","og_title":"BUCH \u201eBEHANDLUNG DURCH INFORMATIONS\u00dcBERTRAGUNG\u201c kaufen \u2014 Preis \u2705 und Foto - Centre-Region","og_description":"Bester Preis f\u00fcr \u23e9BUCH \u201eBEHANDLUNG DURCH INFORMATIONS\u00dcBERTRAGUNG\u201c\u23ea zum Schutz vor EMF, 4G, 5G in unserem Online-Shop! Weltweite Lieferung | Erhalten Sie 10% Rabatt auf Ihre erste Bestellung | Offizieller H\u00e4ndler | Ausf\u00fchrliches Benutzerhandbuch. Bestellen Sie jetzt!","og_url":"https:\/\/centre-region.eu\/de\/produkt\/buch-behandlung-durch-informationsuebertragung\/","og_site_name":"Centre-Region","article_modified_time":"2022-12-30T13:24:42+00:00","og_image":[{"width":600,"height":600,"url":"https:\/\/centre-region.eu\/wp-content\/uploads\/2020\/05\/Book-Piokal-English.jpg","type":"image\/jpeg"}],"twitter_card":"summary_large_image","twitter_misc":{"Gesch\u00e4tzte Lesezeit":"2\u00a0Minuten"},"schema":{"@context":"https:\/\/schema.org","@graph":[{"@type":"WebPage","@id":"https:\/\/centre-region.eu\/de\/produkt\/buch-behandlung-durch-informationsuebertragung\/","url":"https:\/\/centre-region.eu\/de\/produkt\/buch-behandlung-durch-informationsuebertragung\/","name":"BUCH \u201eBEHANDLUNG DURCH INFORMATIONS\u00dcBERTRAGUNG\u201c kaufen \u2014 Preis \u2705 und Foto - Centre-Region","isPartOf":{"@id":"https:\/\/centre-region.eu\/de\/#website"},"primaryImageOfPage":{"@id":"https:\/\/centre-region.eu\/de\/produkt\/buch-behandlung-durch-informationsuebertragung\/#primaryimage"},"image":{"@id":"https:\/\/centre-region.eu\/de\/produkt\/buch-behandlung-durch-informationsuebertragung\/#primaryimage"},"thumbnailUrl":"https:\/\/centre-region.eu\/wp-content\/uploads\/2020\/05\/Book-Piokal-English.jpg","datePublished":"2020-06-09T19:41:35+00:00","dateModified":"2022-12-30T13:24:42+00:00","description":"Bester Preis f\u00fcr \u23e9BUCH \u201eBEHANDLUNG DURCH INFORMATIONS\u00dcBERTRAGUNG\u201c\u23ea zum Schutz vor EMF, 4G, 5G in unserem Online-Shop! Weltweite Lieferung | Erhalten Sie 10% Rabatt auf Ihre erste Bestellung | Offizieller H\u00e4ndler | Ausf\u00fchrliches Benutzerhandbuch. Bestellen Sie jetzt!","breadcrumb":{"@id":"https:\/\/centre-region.eu\/de\/produkt\/buch-behandlung-durch-informationsuebertragung\/#breadcrumb"},"inLanguage":"de","potentialAction":[{"@type":"ReadAction","target":["https:\/\/centre-region.eu\/de\/produkt\/buch-behandlung-durch-informationsuebertragung\/"]}]},{"@type":"ImageObject","inLanguage":"de","@id":"https:\/\/centre-region.eu\/de\/produkt\/buch-behandlung-durch-informationsuebertragung\/#primaryimage","url":"https:\/\/centre-region.eu\/wp-content\/uploads\/2020\/05\/Book-Piokal-English.jpg","contentUrl":"https:\/\/centre-region.eu\/wp-content\/uploads\/2020\/05\/Book-Piokal-English.jpg","width":600,"height":600},{"@type":"BreadcrumbList","@id":"https:\/\/centre-region.eu\/de\/produkt\/buch-behandlung-durch-informationsuebertragung\/#breadcrumb","itemListElement":[{"@type":"ListItem","position":1,"name":"Home","item":"https:\/\/centre-region.eu\/de\/"},{"@type":"ListItem","position":2,"name":"Webshop","item":"https:\/\/centre-region.eu\/de\/webshop\/"},{"@type":"ListItem","position":3,"name":"BUCH \u201eBEHANDLUNG DURCH INFORMATIONS\u00dcBERTRAGUNG\u201c"}]},{"@type":"WebSite","@id":"https:\/\/centre-region.eu\/de\/#website","url":"https:\/\/centre-region.eu\/de\/","name":"Centre-Region","description":"official European representative of the \u00abCentre Region\u00bb company","publisher":{"@id":"https:\/\/centre-region.eu\/de\/#organization"},"potentialAction":[{"@type":"SearchAction","target":{"@type":"EntryPoint","urlTemplate":"https:\/\/centre-region.eu\/de\/?s={search_term_string}"},"query-input":"required name=search_term_string"}],"inLanguage":"de"},{"@type":"Organization","@id":"https:\/\/centre-region.eu\/de\/#organization","name":"Centre-Region","url":"https:\/\/centre-region.eu\/de\/","logo":{"@type":"ImageObject","inLanguage":"de","@id":"https:\/\/centre-region.eu\/de\/#\/schema\/logo\/image\/","url":"https:\/\/centre-region.eu\/wp-content\/uploads\/2019\/11\/Logo-Centre-Region-eu-5-1.svg","contentUrl":"https:\/\/centre-region.eu\/wp-content\/uploads\/2019\/11\/Logo-Centre-Region-eu-5-1.svg","caption":"Centre-Region"},"image":{"@id":"https:\/\/centre-region.eu\/de\/#\/schema\/logo\/image\/"}}]}},"_links":{"self":[{"href":"https:\/\/centre-region.eu\/de\/wp-json\/wp\/v2\/product\/13080","targetHints":{"allow":["GET"]}}],"collection":[{"href":"https:\/\/centre-region.eu\/de\/wp-json\/wp\/v2\/product"}],"about":[{"href":"https:\/\/centre-region.eu\/de\/wp-json\/wp\/v2\/types\/product"}],"replies":[{"embeddable":true,"href":"https:\/\/centre-region.eu\/de\/wp-json\/wp\/v2\/comments?post=13080"}],"version-history":[{"count":1,"href":"https:\/\/centre-region.eu\/de\/wp-json\/wp\/v2\/product\/13080\/revisions"}],"predecessor-version":[{"id":13083,"href":"https:\/\/centre-region.eu\/de\/wp-json\/wp\/v2\/product\/13080\/revisions\/13083"}],"wp:featuredmedia":[{"embeddable":true,"href":"https:\/\/centre-region.eu\/de\/wp-json\/wp\/v2\/media\/12813"}],"wp:attachment":[{"href":"https:\/\/centre-region.eu\/de\/wp-json\/wp\/v2\/media?parent=13080"}],"wp:term":[{"taxonomy":"product_cat","embeddable":true,"href":"https:\/\/centre-region.eu\/de\/wp-json\/wp\/v2\/product_cat?post=13080"},{"taxonomy":"product_tag","embeddable":true,"href":"https:\/\/centre-region.eu\/de\/wp-json\/wp\/v2\/product_tag?post=13080"}],"curies":[{"name":"wp","href":"https:\/\/api.w.org\/{rel}","templated":true}]}}