{"id":12877,"date":"2020-05-26T22:41:46","date_gmt":"2020-05-26T22:45:06","guid":{"rendered":"https:\/\/www.centre-region.eu\/product\/piokal-bioenergy-gesichtsmaske\/"},"modified":"2022-08-22T06:33:33","modified_gmt":"2022-08-22T06:33:33","slug":"piokal-bioenergy-face-mask-2","status":"publish","type":"product","link":"https:\/\/centre-region.eu\/de\/produkt\/piokal-bioenergy-face-mask-2\/","title":{"rendered":"PIOKAL\u00ae BIOENERGY GESICHTSMASKE"},"content":{"rendered":"\t\t<div data-elementor-type=\"product-post\" data-elementor-id=\"12877\" class=\"elementor elementor-12877 elementor-12875\" data-elementor-post-type=\"product\">\n\t\t\t\t\t\t<section class=\"elementor-section elementor-top-section elementor-element elementor-element-74874e8 elementor-section-boxed elementor-section-height-default elementor-section-height-default\" data-id=\"74874e8\" data-element_type=\"section\">\n\t\t\t\t\t\t<div class=\"elementor-container elementor-column-gap-default\">\n\t\t\t\t\t<div class=\"elementor-column elementor-col-66 elementor-top-column elementor-element elementor-element-f8ce595\" data-id=\"f8ce595\" data-element_type=\"column\">\n\t\t\t<div class=\"elementor-widget-wrap elementor-element-populated\">\n\t\t\t\t\t\t<div class=\"elementor-element elementor-element-90fd75e elementor-widget elementor-widget-text-editor\" data-id=\"90fd75e\" data-element_type=\"widget\" data-widget_type=\"text-editor.default\">\n\t\t\t\t<div class=\"elementor-widget-container\">\n\t\t\t\t\t\t\t<div style=\"margin-bottom: 10px;\">Mit der Zeit produziert Ihr K\u00f6rper immer weniger Kollagen und Elastin. Die Erneuerung der Hautzellen verlangsamt sich, was zum Auftreten von Falten, trockener Haut und einem matten Teint f\u00fchrt. Neben dem Alter gibt es noch weitere Faktoren, die sich negativ auf Ihr Hautbild auswirken. Anspannung, Stress, M\u00fcdigkeit, Umweltverschmutzung, Sch\u00f6nheitsprodukte auf chemischer Basis &#8211; ganz zu schweigen von Tabak, Alkohol, unausgewogener Ern\u00e4hrung &#8211; oder auch Gene sind viele weitere Faktoren, die zur Verh\u00e4rtung und Blockierung bestimmter Zonen des Gesichts beitragen.<\/div>\n<div style=\"margin-bottom: 10px;\">Traditionelle Gesichtsmassage und Cremes reichen nicht aus, da sie nur auf der k\u00f6rperlichen Ebene wirken. Eine sehr viel effektivere Methode der Gesichtsbehandlung ist die <strong>Gesichtsreflexzonenmassage, die sowohl f\u00fcr das Gesicht als auch f\u00fcr den K\u00f6rper viele Vorteile bietet.<\/strong> <\/div>\n<div>Die Technik der Gesichtsreflexzonenmassage beinhaltet die Stimulation biologisch aktiver Zonen des Gesichts:<\/div>\n<div>Reflexzonen (Akupunkturpunkte) entsprechen dem Punkt, an dem viele Meridiane beginnen oder enden, und die mit den Organen, den Dr\u00fcsen oder K\u00f6rperteilen verbunden sind.<\/div>\n\t\t\t\t\t\t<\/div>\n\t\t\t\t<\/div>\n\t\t\t\t\t<\/div>\n\t\t<\/div>\n\t\t\t\t<div class=\"elementor-column elementor-col-33 elementor-top-column elementor-element elementor-element-9f5ed62\" data-id=\"9f5ed62\" data-element_type=\"column\">\n\t\t\t<div class=\"elementor-widget-wrap elementor-element-populated\">\n\t\t\t\t\t\t<div class=\"elementor-element elementor-element-29c3c05 elementor-widget elementor-widget-image\" data-id=\"29c3c05\" data-element_type=\"widget\" data-widget_type=\"image.default\">\n\t\t\t\t<div class=\"elementor-widget-container\">\n\t\t\t\t\t\t\t\t\t\t\t\t\t<img fetchpriority=\"high\" decoding=\"async\" width=\"256\" height=\"320\" src=\"https:\/\/centre-region.eu\/wp-content\/uploads\/2020\/05\/face_map.jpg\" class=\"attachment-large size-large wp-image-12982\" alt=\"\" srcset=\"https:\/\/centre-region.eu\/wp-content\/uploads\/2020\/05\/face_map.jpg 256w, https:\/\/centre-region.eu\/wp-content\/uploads\/2020\/05\/face_map-240x300.jpg 240w\" sizes=\"(max-width: 256px) 100vw, 256px\" \/>\t\t\t\t\t\t\t\t\t\t\t\t\t<\/div>\n\t\t\t\t<\/div>\n\t\t\t\t\t<\/div>\n\t\t<\/div>\n\t\t\t\t\t<\/div>\n\t\t<\/section>\n\t\t\t\t<section class=\"elementor-section elementor-top-section elementor-element elementor-element-5bd9195 elementor-section-boxed elementor-section-height-default elementor-section-height-default\" data-id=\"5bd9195\" data-element_type=\"section\">\n\t\t\t\t\t\t<div class=\"elementor-container elementor-column-gap-default\">\n\t\t\t\t\t<div class=\"elementor-column elementor-col-100 elementor-top-column elementor-element elementor-element-b0eef3c\" data-id=\"b0eef3c\" data-element_type=\"column\">\n\t\t\t<div class=\"elementor-widget-wrap elementor-element-populated\">\n\t\t\t\t\t\t<div class=\"elementor-element elementor-element-a244032 elementor-widget elementor-widget-text-editor\" data-id=\"a244032\" data-element_type=\"widget\" data-widget_type=\"text-editor.default\">\n\t\t\t\t<div class=\"elementor-widget-container\">\n\t\t\t\t\t\t\t<p>Es sind Fixpunkte im Gesicht, die nicht physisch mit K\u00f6rperteilen verbunden sind, sondern die Teile des Gehirns stimulieren, die die Aktivit\u00e4t der Organe und Gliedma\u00dfen steuern.<\/p>\n<p>Das Ziel der Gesichtsreflexzonenmassage ist es, die Prozesse ins Spiel zu bringen, die f\u00fcr einen gesunden K\u00f6rper und ein nat\u00fcrlich sch\u00f6nes Gesicht verantwortlich sind.<\/p>\n<p>Da sich das Gesicht in der N\u00e4he des Gehirns befindet und mit vielen Gef\u00e4\u00dfen und Nervenenden ausgestattet ist, f\u00fchren Techniken der Stimulation von Gesichtsreflexzonen oder -punkten zu wirksamen Ergebnissen bei der Behandlung vieler Probleme und machen die <strong>Gesichtsreflexzonenmassage zu einem Mittel mit dem man Gesundheit, Wohlbefinden und Sch\u00f6nheit erreichen kann.<\/strong><\/p>\n<p>Die PIOKAL\u00ae Bioenergie-Gesichtsmaske funktioniert ebenfalls auf diesem Prinzip, aber anstelle einer Massage oder eines anhaltenden Drucks auf die Energiepunkte wird Ihre eigene Energie verwendet, um die aktiven Punkte zu stimulieren. Sie arbeitet daher auf mehreren Ebenen, sowohl auf physikalischer als auch auf energetischer Ebene.<\/p>\n<p><strong>Wie funktioniert die PIOKAL\u00ae Technologie?<\/strong><\/p>\n<p>Die in der Gesichtsmaske enthaltenen PIOKAL\u00ae Bioenergiestimulatoren sorgen f\u00fcr die Reflexion und Verst\u00e4rkung der k\u00f6rpereigenen Wellenstrahlungen, die von den aktiven Punkten im Gesicht erzeugt werden. Die PIOKAL\u00ae-Technologie basiert auf der Wiederherstellung von Informationsverbindungen, der Normalisierung des Energieflusses und der Selbstregulierungsprozesse im K\u00f6rper, was zu einer Verj\u00fcngung nicht nur an der Oberfl\u00e4che des Gesichts, sondern auch auf tiefer zellul\u00e4rer Ebene f\u00fchrt.<\/p>\n<p>Die Bioenergie der von den Stimulatoren reflektierten Welle stellt die urspr\u00fcngliche Frequenz der Zelle wieder her: Sie reguliert den Mangel an Gleichgewicht innerhalb der Zelle und erm\u00f6glicht es ihr, mehr Energie zur Verbesserung ihrer vitalen Aktivit\u00e4t zu nutzen. Als Ergebnis dieses Prozesses beginnt die Zelle, alles abzusondern, was sie nicht braucht. Sie reinigt sich selbst und wird dadurch ges\u00fcnder.<\/p>\n<p>Ein thermischer Effekt entsteht, wenn Energie reflektiert wird, und unter seinem Einfluss weiten sich die Blutgef\u00e4\u00dfe der Haut und des subkutanen Zellgewebes. Dadurch \u00f6ffnen sich die inaktiven Kapillaren, wodurch der Blutzufluss zur Haut erh\u00f6ht wird.<\/p>\n<p class=\"MsoNormal\"><b><span lang=\"EN-GB\">Was sind die Vorteile der<br \/>PIOKAL\u00ae Gesichtsmaske ?<\/span><\/b><\/p>\n<ul>\n<li class=\"MsoNormal\"><!-- [if !supportLists]--><span lang=\"EN-GB\">\u2022 Die welke Haut wird infolge der Zellrehydratation straffer;<\/span><\/li>\n<li class=\"MsoNormal\"><!-- [if !supportLists]--><span lang=\"EN-GB\">\u2022 Der Teint wird heller und attraktiver;<\/span><\/li>\n<li class=\"MsoNormal\"><!-- [if !supportLists]--><span lang=\"EN-GB\">\u2022 Die Haut sieht wieder frisch aus und wird glatter;<\/span><\/li>\n<li class=\"MsoNormal\"><!-- [if !supportLists]--><span lang=\"EN-GB\">\u2022 Der Muskeltonus des Gesichts verbessert sich und die Gesichtskonturen sind klarer definiert.<\/span><\/li>\n<\/ul>\n<p>Der Hauptvorteil der PIOKAL\u00ae Gesichtsmaske liegt in der Nutzung des unersch\u00f6pflichen Energiepotenzials, das jeder von uns hat. Im Gegensatz zu allen anderen Kosmetikprodukten muss sie nur alle 7 bis 15 Jahre ersetzt werden, je nachdem, wie oft sie benutzt wurde. &nbsp;&nbsp;&nbsp;<\/p>\n<p>Die PIOKAL\u00ae Bioenergie-Gesichtsmaske ersetzt ineffektive und kostspielige Behandlungen.<\/p>\n<p><strong>Was sie bewirkt:<\/strong><\/p>\n<ul>\n<li>\u2022 stimuliert den Zellstoffwechsel der Gesichtshaut<\/li>\n<li>\u2022 unterst\u00fctzt den nat\u00fcrlichen Prozess der Hautregeneration<\/li>\n<li>\u2022 lindert Hautirritationen<\/li>\n<li>\u2022 beugt der Austrocknung der Haut vor, indem sie die mit trockener Haut einhergehenden Beschwerden beseitigt.<\/li>\n<\/ul>\n<p><strong>M\u00f6gliche Ergebnisse bei Verwendung der Gesichtsmaske:<\/strong><\/p>\n<ul>\n<li>\u2022 macht die Haut fester und geschmeidiger<\/li>\n<li>\u2022 l\u00e4sst den Teint gut aussehen<\/li>\n<li>\u2022 reinigt und strafft die Poren der Haut<\/li>\n<li>\u2022 f\u00f6rdert die Hautfeuchtigkeit<\/li>\n<li>\u2022 macht die Haut glatter und hilft, die Bildung neuer Falten zu verhindern<\/li>\n<\/ul>\n<p><strong>Anwendungsgebiete:<\/strong><\/p>\n<p>Die PIOKAL\u00ae Bioenergie-Gesichtsmaske wird f\u00fcr alle Hauttypen empfohlen, insbesondere f\u00fcr die folgenden:<\/p>\n<ul>\n<li>\u2022 trockene Haut der Feuchtigkeit fehlt<\/li>\n<li>\u2022 empfindliche, gereizte Haut<\/li>\n<li>\u2022 zu vermehrter Faltenbildung neigender Haut<\/li>\n<li>\u2022 bei Sch\u00e4den durch \u00fcberm\u00e4\u00dfige Sonneneinstrahlung<\/li>\n<li>\u2022 m\u00fcde, welke, erschlaffte Haut<\/li>\n<li>\u2022 reife, unter den Einwirkungen des Alterswerdens leidende Haut<\/li>\n<\/ul>\n<p>Die PIOKAL\u00ae Bioenergie-Gesichtsmaske kann die Behandlung von Hauterkrankungen wirksam erg\u00e4nzen. Durch die Stimulierung des Zellstoffwechsels regeneriert und rehydriert die PIOKAL\u00ae Gesichtsmaske die Haut.<\/p>\n<p><strong>Die PIOKAL\u00ae Bioenergie-Gesichtsmaske<\/strong> <strong>erg\u00e4nzt andere Behandlungen wirksam,<\/strong> indem sie die Absorption der Produkte in die Haut verbessert und ihre therapeutische und kosmetische Wirkung erh\u00f6ht.<\/p>\n<p>Die PIOKAL\u00ae Gesichtsmaske ist ein bioenergetisch-informationelles Produkt. Sie regeneriert das Energiefeld bzw. die Aura einer Person und stellt so die Lebensenergie des K\u00f6rpers wieder her.<\/p><\/p>\n\t\t\t\t\t\t<\/div>\n\t\t\t\t<\/div>\n\t\t\t\t\t<\/div>\n\t\t<\/div>\n\t\t\t\t\t<\/div>\n\t\t<\/section>\n\t\t\t\t<\/div>\n\t\t","protected":false},"excerpt":{"rendered":"<p>Nat\u00fcrliche Sch\u00f6nheit mit Gesichtsreflexzonenmassage.<\/p>\n<p>Wenn Sie auf der Suche nach einem nat\u00fcrlichen Sch\u00f6nheitsprodukt sind, das Ihre Hals- und Gesichtshaut j\u00fcnger aussehen l\u00e4sst, dann ist die PIOKAL\u00ae Bioenergie-Gesichtsmaske genau das Richtige f\u00fcr Sie!<\/p>\n<p>Traditionelle Gesichtsmassage und Cremes reichen nicht aus, da sie nur auf der k\u00f6rperlichen Ebene wirken. Eine sehr viel effektivere Methode der Gesichtsbehandlung ist die <strong>Gesichtsreflexzonenmassage, die sowohl f\u00fcr das Gesicht als auch f\u00fcr den K\u00f6rper viele Vorteile bietet.<\/strong><\/p>\n<p>Die in der Gesichtsmaske enthaltenen PIOKAL\u00ae Bioenergiestimulatoren sorgen f\u00fcr die Reflexion und Verst\u00e4rkung der k\u00f6rpereigenen Wellenstrahlungen, die von den aktiven Punkten im Gesicht erzeugt werden. Die PIOKAL\u00ae-Technologie basiert auf der Wiederherstellung von Informationsverbindungen, der Normalisierung des Energieflusses und der Selbstregulierungsprozesse im K\u00f6rper, was zu einer Verj\u00fcngung nicht nur an der Oberfl\u00e4che des Gesichts, sondern auch auf tiefer zellul\u00e4rer Ebene f\u00fchrt.<\/p>\n<p>Bitte beachten Sie, dass wir dieses Produkt nicht nach Frankreich, Luxemburg, Belgien und in die Schweiz versenden d\u00fcrfen.<\/p>\n<p>&nbsp;<\/p>\n","protected":false},"featured_media":12828,"comment_status":"open","ping_status":"closed","template":"","meta":{"site-sidebar-layout":"no-sidebar","site-content-layout":"page-builder","ast-global-header-display":"","ast-main-header-display":"","ast-hfb-above-header-display":"","ast-hfb-below-header-display":"","ast-hfb-mobile-header-display":"","site-post-title":"disabled","ast-breadcrumbs-content":"","ast-featured-img":"disabled","footer-sml-layout":"","theme-transparent-header-meta":"default","adv-header-id-meta":"","stick-header-meta":"","header-above-stick-meta":"","header-main-stick-meta":"","header-below-stick-meta":""},"product_cat":[283,281],"product_tag":[],"class_list":{"0":"post-12877","1":"product","2":"type-product","3":"status-publish","4":"has-post-thumbnail","6":"product_cat-piokal-de","7":"product_cat-piokal","8":"desktop-align-center","9":"tablet-align-center","10":"mobile-align-center","11":"ast-product-gallery-layout-horizontal-slider","12":"ast-magnify-disabled","13":"ast-product-tabs-layout-horizontal","15":"first","16":"outofstock","17":"taxable","18":"shipping-taxable","19":"purchasable","20":"product-type-simple","21":"add-to-wishlist-after_add_to_cart"},"acf":[],"yoast_head":"<!-- This site is optimized with the Yoast SEO plugin v22.2 - https:\/\/yoast.com\/wordpress\/plugins\/seo\/ -->\n<title>PIOKAL\u00ae BIOENERGY GESICHTSMASKE kaufen \u2014 Preis \u2705 und Foto - Centre-Region<\/title>\n<meta name=\"description\" content=\"Bester Preis f\u00fcr \u23e9PIOKAL\u00ae BIOENERGY GESICHTSMASKE\u23ea in unserem Online-Shop! Weltweite Lieferung | Erhalten Sie 10% Rabatt auf Ihre erste Bestellung | Offizieller H\u00e4ndler | Ausf\u00fchrliches Benutzerhandbuch. Bestellen Sie jetzt!\" \/>\n<meta name=\"robots\" content=\"index, follow, max-snippet:-1, max-image-preview:large, max-video-preview:-1\" \/>\n<link rel=\"canonical\" href=\"https:\/\/centre-region.eu\/de\/produkt\/piokal-bioenergy-face-mask-2\/\" \/>\n<meta property=\"og:locale\" content=\"de_DE\" \/>\n<meta property=\"og:type\" content=\"article\" \/>\n<meta property=\"og:title\" content=\"PIOKAL\u00ae BIOENERGY GESICHTSMASKE kaufen \u2014 Preis \u2705 und Foto - Centre-Region\" \/>\n<meta property=\"og:description\" content=\"Bester Preis f\u00fcr \u23e9PIOKAL\u00ae BIOENERGY GESICHTSMASKE\u23ea in unserem Online-Shop! Weltweite Lieferung | Erhalten Sie 10% Rabatt auf Ihre erste Bestellung | Offizieller H\u00e4ndler | Ausf\u00fchrliches Benutzerhandbuch. Bestellen Sie jetzt!\" \/>\n<meta property=\"og:url\" content=\"https:\/\/centre-region.eu\/de\/produkt\/piokal-bioenergy-face-mask-2\/\" \/>\n<meta property=\"og:site_name\" content=\"Centre-Region\" \/>\n<meta property=\"article:modified_time\" content=\"2022-08-22T06:33:33+00:00\" \/>\n<meta property=\"og:image\" content=\"https:\/\/centre-region.eu\/wp-content\/uploads\/2020\/05\/Masque-Piokal-2.jpg\" \/>\n\t<meta property=\"og:image:width\" content=\"600\" \/>\n\t<meta property=\"og:image:height\" content=\"600\" \/>\n\t<meta property=\"og:image:type\" content=\"image\/jpeg\" \/>\n<meta name=\"twitter:card\" content=\"summary_large_image\" \/>\n<meta name=\"twitter:label1\" content=\"Gesch\u00e4tzte Lesezeit\" \/>\n\t<meta name=\"twitter:data1\" content=\"4\u00a0Minuten\" \/>\n<script type=\"application\/ld+json\" class=\"yoast-schema-graph\">{\"@context\":\"https:\/\/schema.org\",\"@graph\":[{\"@type\":\"WebPage\",\"@id\":\"https:\/\/centre-region.eu\/de\/produkt\/piokal-bioenergy-face-mask-2\/\",\"url\":\"https:\/\/centre-region.eu\/de\/produkt\/piokal-bioenergy-face-mask-2\/\",\"name\":\"PIOKAL\u00ae BIOENERGY GESICHTSMASKE kaufen \u2014 Preis \u2705 und Foto - Centre-Region\",\"isPartOf\":{\"@id\":\"https:\/\/centre-region.eu\/de\/#website\"},\"primaryImageOfPage\":{\"@id\":\"https:\/\/centre-region.eu\/de\/produkt\/piokal-bioenergy-face-mask-2\/#primaryimage\"},\"image\":{\"@id\":\"https:\/\/centre-region.eu\/de\/produkt\/piokal-bioenergy-face-mask-2\/#primaryimage\"},\"thumbnailUrl\":\"https:\/\/centre-region.eu\/wp-content\/uploads\/2020\/05\/Masque-Piokal-2.jpg\",\"datePublished\":\"2020-05-26T22:45:06+00:00\",\"dateModified\":\"2022-08-22T06:33:33+00:00\",\"description\":\"Bester Preis f\u00fcr \u23e9PIOKAL\u00ae BIOENERGY GESICHTSMASKE\u23ea in unserem Online-Shop! Weltweite Lieferung | Erhalten Sie 10% Rabatt auf Ihre erste Bestellung | Offizieller H\u00e4ndler | Ausf\u00fchrliches Benutzerhandbuch. Bestellen Sie jetzt!\",\"breadcrumb\":{\"@id\":\"https:\/\/centre-region.eu\/de\/produkt\/piokal-bioenergy-face-mask-2\/#breadcrumb\"},\"inLanguage\":\"de\",\"potentialAction\":[{\"@type\":\"ReadAction\",\"target\":[\"https:\/\/centre-region.eu\/de\/produkt\/piokal-bioenergy-face-mask-2\/\"]}]},{\"@type\":\"ImageObject\",\"inLanguage\":\"de\",\"@id\":\"https:\/\/centre-region.eu\/de\/produkt\/piokal-bioenergy-face-mask-2\/#primaryimage\",\"url\":\"https:\/\/centre-region.eu\/wp-content\/uploads\/2020\/05\/Masque-Piokal-2.jpg\",\"contentUrl\":\"https:\/\/centre-region.eu\/wp-content\/uploads\/2020\/05\/Masque-Piokal-2.jpg\",\"width\":600,\"height\":600},{\"@type\":\"BreadcrumbList\",\"@id\":\"https:\/\/centre-region.eu\/de\/produkt\/piokal-bioenergy-face-mask-2\/#breadcrumb\",\"itemListElement\":[{\"@type\":\"ListItem\",\"position\":1,\"name\":\"Home\",\"item\":\"https:\/\/centre-region.eu\/de\/\"},{\"@type\":\"ListItem\",\"position\":2,\"name\":\"Webshop\",\"item\":\"https:\/\/centre-region.eu\/de\/webshop\/\"},{\"@type\":\"ListItem\",\"position\":3,\"name\":\"PIOKAL\u00ae BIOENERGY GESICHTSMASKE\"}]},{\"@type\":\"WebSite\",\"@id\":\"https:\/\/centre-region.eu\/de\/#website\",\"url\":\"https:\/\/centre-region.eu\/de\/\",\"name\":\"Centre-Region\",\"description\":\"official European representative of the \u00abCentre Region\u00bb company\",\"publisher\":{\"@id\":\"https:\/\/centre-region.eu\/de\/#organization\"},\"potentialAction\":[{\"@type\":\"SearchAction\",\"target\":{\"@type\":\"EntryPoint\",\"urlTemplate\":\"https:\/\/centre-region.eu\/de\/?s={search_term_string}\"},\"query-input\":\"required name=search_term_string\"}],\"inLanguage\":\"de\"},{\"@type\":\"Organization\",\"@id\":\"https:\/\/centre-region.eu\/de\/#organization\",\"name\":\"Centre-Region\",\"url\":\"https:\/\/centre-region.eu\/de\/\",\"logo\":{\"@type\":\"ImageObject\",\"inLanguage\":\"de\",\"@id\":\"https:\/\/centre-region.eu\/de\/#\/schema\/logo\/image\/\",\"url\":\"https:\/\/centre-region.eu\/wp-content\/uploads\/2019\/11\/Logo-Centre-Region-eu-5-1.svg\",\"contentUrl\":\"https:\/\/centre-region.eu\/wp-content\/uploads\/2019\/11\/Logo-Centre-Region-eu-5-1.svg\",\"caption\":\"Centre-Region\"},\"image\":{\"@id\":\"https:\/\/centre-region.eu\/de\/#\/schema\/logo\/image\/\"}}]}<\/script>\n<!-- \/ Yoast SEO plugin. -->","yoast_head_json":{"title":"PIOKAL\u00ae BIOENERGY GESICHTSMASKE kaufen \u2014 Preis \u2705 und Foto - Centre-Region","description":"Bester Preis f\u00fcr \u23e9PIOKAL\u00ae BIOENERGY GESICHTSMASKE\u23ea in unserem Online-Shop! Weltweite Lieferung | Erhalten Sie 10% Rabatt auf Ihre erste Bestellung | Offizieller H\u00e4ndler | Ausf\u00fchrliches Benutzerhandbuch. Bestellen Sie jetzt!","robots":{"index":"index","follow":"follow","max-snippet":"max-snippet:-1","max-image-preview":"max-image-preview:large","max-video-preview":"max-video-preview:-1"},"canonical":"https:\/\/centre-region.eu\/de\/produkt\/piokal-bioenergy-face-mask-2\/","og_locale":"de_DE","og_type":"article","og_title":"PIOKAL\u00ae BIOENERGY GESICHTSMASKE kaufen \u2014 Preis \u2705 und Foto - Centre-Region","og_description":"Bester Preis f\u00fcr \u23e9PIOKAL\u00ae BIOENERGY GESICHTSMASKE\u23ea in unserem Online-Shop! Weltweite Lieferung | Erhalten Sie 10% Rabatt auf Ihre erste Bestellung | Offizieller H\u00e4ndler | Ausf\u00fchrliches Benutzerhandbuch. Bestellen Sie jetzt!","og_url":"https:\/\/centre-region.eu\/de\/produkt\/piokal-bioenergy-face-mask-2\/","og_site_name":"Centre-Region","article_modified_time":"2022-08-22T06:33:33+00:00","og_image":[{"width":600,"height":600,"url":"https:\/\/centre-region.eu\/wp-content\/uploads\/2020\/05\/Masque-Piokal-2.jpg","type":"image\/jpeg"}],"twitter_card":"summary_large_image","twitter_misc":{"Gesch\u00e4tzte Lesezeit":"4\u00a0Minuten"},"schema":{"@context":"https:\/\/schema.org","@graph":[{"@type":"WebPage","@id":"https:\/\/centre-region.eu\/de\/produkt\/piokal-bioenergy-face-mask-2\/","url":"https:\/\/centre-region.eu\/de\/produkt\/piokal-bioenergy-face-mask-2\/","name":"PIOKAL\u00ae BIOENERGY GESICHTSMASKE kaufen \u2014 Preis \u2705 und Foto - Centre-Region","isPartOf":{"@id":"https:\/\/centre-region.eu\/de\/#website"},"primaryImageOfPage":{"@id":"https:\/\/centre-region.eu\/de\/produkt\/piokal-bioenergy-face-mask-2\/#primaryimage"},"image":{"@id":"https:\/\/centre-region.eu\/de\/produkt\/piokal-bioenergy-face-mask-2\/#primaryimage"},"thumbnailUrl":"https:\/\/centre-region.eu\/wp-content\/uploads\/2020\/05\/Masque-Piokal-2.jpg","datePublished":"2020-05-26T22:45:06+00:00","dateModified":"2022-08-22T06:33:33+00:00","description":"Bester Preis f\u00fcr \u23e9PIOKAL\u00ae BIOENERGY GESICHTSMASKE\u23ea in unserem Online-Shop! Weltweite Lieferung | Erhalten Sie 10% Rabatt auf Ihre erste Bestellung | Offizieller H\u00e4ndler | Ausf\u00fchrliches Benutzerhandbuch. Bestellen Sie jetzt!","breadcrumb":{"@id":"https:\/\/centre-region.eu\/de\/produkt\/piokal-bioenergy-face-mask-2\/#breadcrumb"},"inLanguage":"de","potentialAction":[{"@type":"ReadAction","target":["https:\/\/centre-region.eu\/de\/produkt\/piokal-bioenergy-face-mask-2\/"]}]},{"@type":"ImageObject","inLanguage":"de","@id":"https:\/\/centre-region.eu\/de\/produkt\/piokal-bioenergy-face-mask-2\/#primaryimage","url":"https:\/\/centre-region.eu\/wp-content\/uploads\/2020\/05\/Masque-Piokal-2.jpg","contentUrl":"https:\/\/centre-region.eu\/wp-content\/uploads\/2020\/05\/Masque-Piokal-2.jpg","width":600,"height":600},{"@type":"BreadcrumbList","@id":"https:\/\/centre-region.eu\/de\/produkt\/piokal-bioenergy-face-mask-2\/#breadcrumb","itemListElement":[{"@type":"ListItem","position":1,"name":"Home","item":"https:\/\/centre-region.eu\/de\/"},{"@type":"ListItem","position":2,"name":"Webshop","item":"https:\/\/centre-region.eu\/de\/webshop\/"},{"@type":"ListItem","position":3,"name":"PIOKAL\u00ae BIOENERGY GESICHTSMASKE"}]},{"@type":"WebSite","@id":"https:\/\/centre-region.eu\/de\/#website","url":"https:\/\/centre-region.eu\/de\/","name":"Centre-Region","description":"official European representative of the \u00abCentre Region\u00bb company","publisher":{"@id":"https:\/\/centre-region.eu\/de\/#organization"},"potentialAction":[{"@type":"SearchAction","target":{"@type":"EntryPoint","urlTemplate":"https:\/\/centre-region.eu\/de\/?s={search_term_string}"},"query-input":"required name=search_term_string"}],"inLanguage":"de"},{"@type":"Organization","@id":"https:\/\/centre-region.eu\/de\/#organization","name":"Centre-Region","url":"https:\/\/centre-region.eu\/de\/","logo":{"@type":"ImageObject","inLanguage":"de","@id":"https:\/\/centre-region.eu\/de\/#\/schema\/logo\/image\/","url":"https:\/\/centre-region.eu\/wp-content\/uploads\/2019\/11\/Logo-Centre-Region-eu-5-1.svg","contentUrl":"https:\/\/centre-region.eu\/wp-content\/uploads\/2019\/11\/Logo-Centre-Region-eu-5-1.svg","caption":"Centre-Region"},"image":{"@id":"https:\/\/centre-region.eu\/de\/#\/schema\/logo\/image\/"}}]}},"_links":{"self":[{"href":"https:\/\/centre-region.eu\/de\/wp-json\/wp\/v2\/product\/12877","targetHints":{"allow":["GET"]}}],"collection":[{"href":"https:\/\/centre-region.eu\/de\/wp-json\/wp\/v2\/product"}],"about":[{"href":"https:\/\/centre-region.eu\/de\/wp-json\/wp\/v2\/types\/product"}],"replies":[{"embeddable":true,"href":"https:\/\/centre-region.eu\/de\/wp-json\/wp\/v2\/comments?post=12877"}],"version-history":[{"count":23,"href":"https:\/\/centre-region.eu\/de\/wp-json\/wp\/v2\/product\/12877\/revisions"}],"predecessor-version":[{"id":14380,"href":"https:\/\/centre-region.eu\/de\/wp-json\/wp\/v2\/product\/12877\/revisions\/14380"}],"wp:featuredmedia":[{"embeddable":true,"href":"https:\/\/centre-region.eu\/de\/wp-json\/wp\/v2\/media\/12828"}],"wp:attachment":[{"href":"https:\/\/centre-region.eu\/de\/wp-json\/wp\/v2\/media?parent=12877"}],"wp:term":[{"taxonomy":"product_cat","embeddable":true,"href":"https:\/\/centre-region.eu\/de\/wp-json\/wp\/v2\/product_cat?post=12877"},{"taxonomy":"product_tag","embeddable":true,"href":"https:\/\/centre-region.eu\/de\/wp-json\/wp\/v2\/product_tag?post=12877"}],"curies":[{"name":"wp","href":"https:\/\/api.w.org\/{rel}","templated":true}]}}