{"id":12874,"date":"2020-05-26T22:28:02","date_gmt":"2020-05-26T22:38:27","guid":{"rendered":"https:\/\/www.centre-region.eu\/product\/piokal-bioenergiematte\/"},"modified":"2022-04-22T21:02:11","modified_gmt":"2022-04-22T21:02:11","slug":"mat-piokal-bioenergetic-mat-2","status":"publish","type":"product","link":"https:\/\/centre-region.eu\/de\/produkt\/mat-piokal-bioenergetic-mat-2\/","title":{"rendered":"PIOKAL\u00ae BIOENERGIEMATTE"},"content":{"rendered":"\t\t<div data-elementor-type=\"product-post\" data-elementor-id=\"12874\" class=\"elementor elementor-12874 elementor-12867\" data-elementor-post-type=\"product\">\n\t\t\t\t\t\t<section class=\"elementor-section elementor-top-section elementor-element elementor-element-2ce5932 elementor-section-boxed elementor-section-height-default elementor-section-height-default\" data-id=\"2ce5932\" data-element_type=\"section\">\n\t\t\t\t\t\t<div class=\"elementor-container elementor-column-gap-default\">\n\t\t\t\t\t<div class=\"elementor-column elementor-col-100 elementor-top-column elementor-element elementor-element-b9647a5\" data-id=\"b9647a5\" data-element_type=\"column\">\n\t\t\t<div class=\"elementor-widget-wrap elementor-element-populated\">\n\t\t\t\t\t\t<div class=\"elementor-element elementor-element-95e55e0 elementor-widget elementor-widget-text-editor\" data-id=\"95e55e0\" data-element_type=\"widget\" data-widget_type=\"text-editor.default\">\n\t\t\t\t<div class=\"elementor-widget-container\">\n\t\t\t\t\t\t\t<p>Der therapeutische Nutzen der PIOKAL\u00ae Bioenergiestimulatoren wurde durch wissenschaftliche Studien belegt, die am Collegium Medicum L. Rydygier in Bydgoszcz (Polen) und im Labor f\u00fcr Biotronik und Elektrophotographie in Kielce (Polen) durchgef\u00fchrt wurden. Positive Bewertungen kamen auch von vielen \u00c4rzten und Anwendern weltweit. <\/p>\n<p><strong>Wie wird sie angewendet?<\/strong><\/p>\n<ul>\n<li>Entspannen Sie sich auf der PIOKAL\u00ae Matte und stimulieren Sie alle Energiepunkte Ihres K\u00f6rpers. <\/li>\n<li>Sie k\u00f6nnen die Matte z. B. in Ihrem Bett, auf Ihrem Sofa oder auf Ihrer Gartenliege verwenden. Legen Sie die PIOKAL\u00ae Bioenergiematte unter Ihr Laken und genie\u00dfen Sie die Vorteile \u00fcber Nacht, da der K\u00f6rper die Giftstoffe im Wesentlichen nachts ausscheidet, wenn der Zellreinigungs- und Regenerationsprozess abl\u00e4uft. .<\/li>\n<li>Sie k\u00f6nnen sie auch als Sportmatte w\u00e4hrend Ihrer Gymnastik- oder Yoga\u00fcbungen verwenden. <\/li>\n<li>Au\u00dferdem eignet sie sich auch als Matte f\u00fcr Ihr Haustier<\/li>\n<\/ul>\n<p>Die PIOKAL\u00ae Bioenergiematte ist d\u00fcnn und leicht. Sie k\u00f6nnen sie auch auf Reisen mitnehmen, da sie leicht zusammenzurollen und zu tragen ist.<\/p>\n\t\t\t\t\t\t<\/div>\n\t\t\t\t<\/div>\n\t\t\t\t\t<\/div>\n\t\t<\/div>\n\t\t\t\t\t<\/div>\n\t\t<\/section>\n\t\t\t\t<\/div>\n\t\t","protected":false},"excerpt":{"rendered":"<p>Die in der Matte eingearbeiteten PIOKAL\u00ae Bioenergiestimulatoren sorgen f\u00fcr die Reflexion und Verst\u00e4rkung der k\u00f6rpereigenen Wellenstrahlungen, die von den aktiven Punkten im K\u00f6rper erzeugt werden. Die PIOKAL\u00ae Technologie basiert auf der Wiederherstellung von Informationsverbindungen, der Normalisierung des Energieflusses und der Selbstregulierungsprozesse im K\u00f6rper, was zu einer Verj\u00fcngung auf tiefenzellul\u00e4rer Ebene f\u00fchrt.<\/p>\n<p>Die Bioenergie der von den Stimulatoren reflektierten Welle stellt die urspr\u00fcngliche Frequenz der Zelle wieder her: Sie reguliert den Mangel an Gleichgewicht innerhalb der Zelle und erm\u00f6glicht es ihr, mehr Energie zur Verbesserung ihrer vitalen Aktivit\u00e4t zu nutzen. Als Ergebnis dieses Prozesses beginnt die Zelle, alles abzusondern, was sie nicht braucht. Sie reinigt sich selbst und wird dadurch ges\u00fcnder.<\/p>\n<p>Bitte beachten Sie, dass wir dieses Produkt nicht nach Frankreich, Luxemburg, Belgien und in die Schweiz versenden d\u00fcrfen.<\/p>\n","protected":false},"featured_media":12831,"comment_status":"open","ping_status":"closed","template":"","meta":{"site-sidebar-layout":"no-sidebar","site-content-layout":"page-builder","ast-global-header-display":"","ast-main-header-display":"","ast-hfb-above-header-display":"","ast-hfb-below-header-display":"","ast-hfb-mobile-header-display":"","site-post-title":"disabled","ast-breadcrumbs-content":"","ast-featured-img":"disabled","footer-sml-layout":"","theme-transparent-header-meta":"default","adv-header-id-meta":"","stick-header-meta":"","header-above-stick-meta":"","header-main-stick-meta":"","header-below-stick-meta":""},"product_cat":[282,283],"product_tag":[],"class_list":{"0":"post-12874","1":"product","2":"type-product","3":"status-publish","4":"has-post-thumbnail","6":"product_cat-piokal-piokal","7":"product_cat-piokal-de","8":"desktop-align-center","9":"tablet-align-center","10":"mobile-align-center","11":"ast-product-gallery-layout-horizontal-slider","12":"ast-magnify-disabled","13":"ast-product-tabs-layout-horizontal","15":"first","16":"outofstock","17":"taxable","18":"shipping-taxable","19":"purchasable","20":"product-type-simple","21":"add-to-wishlist-after_add_to_cart"},"acf":[],"yoast_head":"<!-- This site is optimized with the Yoast SEO plugin v22.2 - https:\/\/yoast.com\/wordpress\/plugins\/seo\/ -->\n<title>PIOKAL\u00ae BIOENERGIEMATTE kaufen \u2014 Preis \u2705 und Foto - Centre-Region<\/title>\n<meta name=\"description\" content=\"Bester Preis f\u00fcr \u23e9PIOKAL\u00ae BIOENERGIEMATTE\u23ea in unserem Online-Shop! Weltweite Lieferung | Erhalten Sie 10% Rabatt auf Ihre erste Bestellung | Offizieller H\u00e4ndler | Ausf\u00fchrliches Benutzerhandbuch. Bestellen Sie jetzt!\" \/>\n<meta name=\"robots\" content=\"index, follow, max-snippet:-1, max-image-preview:large, max-video-preview:-1\" \/>\n<link rel=\"canonical\" href=\"https:\/\/centre-region.eu\/de\/produkt\/mat-piokal-bioenergetic-mat-2\/\" \/>\n<meta property=\"og:locale\" content=\"de_DE\" \/>\n<meta property=\"og:type\" content=\"article\" \/>\n<meta property=\"og:title\" content=\"PIOKAL\u00ae BIOENERGIEMATTE kaufen \u2014 Preis \u2705 und Foto - Centre-Region\" \/>\n<meta property=\"og:description\" content=\"Bester Preis f\u00fcr \u23e9PIOKAL\u00ae BIOENERGIEMATTE\u23ea in unserem Online-Shop! Weltweite Lieferung | Erhalten Sie 10% Rabatt auf Ihre erste Bestellung | Offizieller H\u00e4ndler | Ausf\u00fchrliches Benutzerhandbuch. Bestellen Sie jetzt!\" \/>\n<meta property=\"og:url\" content=\"https:\/\/centre-region.eu\/de\/produkt\/mat-piokal-bioenergetic-mat-2\/\" \/>\n<meta property=\"og:site_name\" content=\"Centre-Region\" \/>\n<meta property=\"article:modified_time\" content=\"2022-04-22T21:02:11+00:00\" \/>\n<meta property=\"og:image\" content=\"https:\/\/centre-region.eu\/wp-content\/uploads\/2020\/05\/Mat-Piokal-1.jpg\" \/>\n\t<meta property=\"og:image:width\" content=\"600\" \/>\n\t<meta property=\"og:image:height\" content=\"600\" \/>\n\t<meta property=\"og:image:type\" content=\"image\/jpeg\" \/>\n<meta name=\"twitter:card\" content=\"summary_large_image\" \/>\n<meta name=\"twitter:label1\" content=\"Gesch\u00e4tzte Lesezeit\" \/>\n\t<meta name=\"twitter:data1\" content=\"1\u00a0Minute\" \/>\n<script type=\"application\/ld+json\" class=\"yoast-schema-graph\">{\"@context\":\"https:\/\/schema.org\",\"@graph\":[{\"@type\":\"WebPage\",\"@id\":\"https:\/\/centre-region.eu\/de\/produkt\/mat-piokal-bioenergetic-mat-2\/\",\"url\":\"https:\/\/centre-region.eu\/de\/produkt\/mat-piokal-bioenergetic-mat-2\/\",\"name\":\"PIOKAL\u00ae BIOENERGIEMATTE kaufen \u2014 Preis \u2705 und Foto - Centre-Region\",\"isPartOf\":{\"@id\":\"https:\/\/centre-region.eu\/de\/#website\"},\"primaryImageOfPage\":{\"@id\":\"https:\/\/centre-region.eu\/de\/produkt\/mat-piokal-bioenergetic-mat-2\/#primaryimage\"},\"image\":{\"@id\":\"https:\/\/centre-region.eu\/de\/produkt\/mat-piokal-bioenergetic-mat-2\/#primaryimage\"},\"thumbnailUrl\":\"https:\/\/centre-region.eu\/wp-content\/uploads\/2020\/05\/Mat-Piokal-1.jpg\",\"datePublished\":\"2020-05-26T22:38:27+00:00\",\"dateModified\":\"2022-04-22T21:02:11+00:00\",\"description\":\"Bester Preis f\u00fcr \u23e9PIOKAL\u00ae BIOENERGIEMATTE\u23ea in unserem Online-Shop! Weltweite Lieferung | Erhalten Sie 10% Rabatt auf Ihre erste Bestellung | Offizieller H\u00e4ndler | Ausf\u00fchrliches Benutzerhandbuch. Bestellen Sie jetzt!\",\"breadcrumb\":{\"@id\":\"https:\/\/centre-region.eu\/de\/produkt\/mat-piokal-bioenergetic-mat-2\/#breadcrumb\"},\"inLanguage\":\"de\",\"potentialAction\":[{\"@type\":\"ReadAction\",\"target\":[\"https:\/\/centre-region.eu\/de\/produkt\/mat-piokal-bioenergetic-mat-2\/\"]}]},{\"@type\":\"ImageObject\",\"inLanguage\":\"de\",\"@id\":\"https:\/\/centre-region.eu\/de\/produkt\/mat-piokal-bioenergetic-mat-2\/#primaryimage\",\"url\":\"https:\/\/centre-region.eu\/wp-content\/uploads\/2020\/05\/Mat-Piokal-1.jpg\",\"contentUrl\":\"https:\/\/centre-region.eu\/wp-content\/uploads\/2020\/05\/Mat-Piokal-1.jpg\",\"width\":600,\"height\":600},{\"@type\":\"BreadcrumbList\",\"@id\":\"https:\/\/centre-region.eu\/de\/produkt\/mat-piokal-bioenergetic-mat-2\/#breadcrumb\",\"itemListElement\":[{\"@type\":\"ListItem\",\"position\":1,\"name\":\"Home\",\"item\":\"https:\/\/centre-region.eu\/de\/\"},{\"@type\":\"ListItem\",\"position\":2,\"name\":\"Webshop\",\"item\":\"https:\/\/centre-region.eu\/de\/webshop\/\"},{\"@type\":\"ListItem\",\"position\":3,\"name\":\"PIOKAL\u00ae BIOENERGIEMATTE\"}]},{\"@type\":\"WebSite\",\"@id\":\"https:\/\/centre-region.eu\/de\/#website\",\"url\":\"https:\/\/centre-region.eu\/de\/\",\"name\":\"Centre-Region\",\"description\":\"official European representative of the \u00abCentre Region\u00bb company\",\"publisher\":{\"@id\":\"https:\/\/centre-region.eu\/de\/#organization\"},\"potentialAction\":[{\"@type\":\"SearchAction\",\"target\":{\"@type\":\"EntryPoint\",\"urlTemplate\":\"https:\/\/centre-region.eu\/de\/?s={search_term_string}\"},\"query-input\":\"required name=search_term_string\"}],\"inLanguage\":\"de\"},{\"@type\":\"Organization\",\"@id\":\"https:\/\/centre-region.eu\/de\/#organization\",\"name\":\"Centre-Region\",\"url\":\"https:\/\/centre-region.eu\/de\/\",\"logo\":{\"@type\":\"ImageObject\",\"inLanguage\":\"de\",\"@id\":\"https:\/\/centre-region.eu\/de\/#\/schema\/logo\/image\/\",\"url\":\"https:\/\/centre-region.eu\/wp-content\/uploads\/2019\/11\/Logo-Centre-Region-eu-5-1.svg\",\"contentUrl\":\"https:\/\/centre-region.eu\/wp-content\/uploads\/2019\/11\/Logo-Centre-Region-eu-5-1.svg\",\"caption\":\"Centre-Region\"},\"image\":{\"@id\":\"https:\/\/centre-region.eu\/de\/#\/schema\/logo\/image\/\"}}]}<\/script>\n<!-- \/ Yoast SEO plugin. -->","yoast_head_json":{"title":"PIOKAL\u00ae BIOENERGIEMATTE kaufen \u2014 Preis \u2705 und Foto - Centre-Region","description":"Bester Preis f\u00fcr \u23e9PIOKAL\u00ae BIOENERGIEMATTE\u23ea in unserem Online-Shop! Weltweite Lieferung | Erhalten Sie 10% Rabatt auf Ihre erste Bestellung | Offizieller H\u00e4ndler | Ausf\u00fchrliches Benutzerhandbuch. Bestellen Sie jetzt!","robots":{"index":"index","follow":"follow","max-snippet":"max-snippet:-1","max-image-preview":"max-image-preview:large","max-video-preview":"max-video-preview:-1"},"canonical":"https:\/\/centre-region.eu\/de\/produkt\/mat-piokal-bioenergetic-mat-2\/","og_locale":"de_DE","og_type":"article","og_title":"PIOKAL\u00ae BIOENERGIEMATTE kaufen \u2014 Preis \u2705 und Foto - Centre-Region","og_description":"Bester Preis f\u00fcr \u23e9PIOKAL\u00ae BIOENERGIEMATTE\u23ea in unserem Online-Shop! Weltweite Lieferung | Erhalten Sie 10% Rabatt auf Ihre erste Bestellung | Offizieller H\u00e4ndler | Ausf\u00fchrliches Benutzerhandbuch. Bestellen Sie jetzt!","og_url":"https:\/\/centre-region.eu\/de\/produkt\/mat-piokal-bioenergetic-mat-2\/","og_site_name":"Centre-Region","article_modified_time":"2022-04-22T21:02:11+00:00","og_image":[{"width":600,"height":600,"url":"https:\/\/centre-region.eu\/wp-content\/uploads\/2020\/05\/Mat-Piokal-1.jpg","type":"image\/jpeg"}],"twitter_card":"summary_large_image","twitter_misc":{"Gesch\u00e4tzte Lesezeit":"1\u00a0Minute"},"schema":{"@context":"https:\/\/schema.org","@graph":[{"@type":"WebPage","@id":"https:\/\/centre-region.eu\/de\/produkt\/mat-piokal-bioenergetic-mat-2\/","url":"https:\/\/centre-region.eu\/de\/produkt\/mat-piokal-bioenergetic-mat-2\/","name":"PIOKAL\u00ae BIOENERGIEMATTE kaufen \u2014 Preis \u2705 und Foto - Centre-Region","isPartOf":{"@id":"https:\/\/centre-region.eu\/de\/#website"},"primaryImageOfPage":{"@id":"https:\/\/centre-region.eu\/de\/produkt\/mat-piokal-bioenergetic-mat-2\/#primaryimage"},"image":{"@id":"https:\/\/centre-region.eu\/de\/produkt\/mat-piokal-bioenergetic-mat-2\/#primaryimage"},"thumbnailUrl":"https:\/\/centre-region.eu\/wp-content\/uploads\/2020\/05\/Mat-Piokal-1.jpg","datePublished":"2020-05-26T22:38:27+00:00","dateModified":"2022-04-22T21:02:11+00:00","description":"Bester Preis f\u00fcr \u23e9PIOKAL\u00ae BIOENERGIEMATTE\u23ea in unserem Online-Shop! Weltweite Lieferung | Erhalten Sie 10% Rabatt auf Ihre erste Bestellung | Offizieller H\u00e4ndler | Ausf\u00fchrliches Benutzerhandbuch. Bestellen Sie jetzt!","breadcrumb":{"@id":"https:\/\/centre-region.eu\/de\/produkt\/mat-piokal-bioenergetic-mat-2\/#breadcrumb"},"inLanguage":"de","potentialAction":[{"@type":"ReadAction","target":["https:\/\/centre-region.eu\/de\/produkt\/mat-piokal-bioenergetic-mat-2\/"]}]},{"@type":"ImageObject","inLanguage":"de","@id":"https:\/\/centre-region.eu\/de\/produkt\/mat-piokal-bioenergetic-mat-2\/#primaryimage","url":"https:\/\/centre-region.eu\/wp-content\/uploads\/2020\/05\/Mat-Piokal-1.jpg","contentUrl":"https:\/\/centre-region.eu\/wp-content\/uploads\/2020\/05\/Mat-Piokal-1.jpg","width":600,"height":600},{"@type":"BreadcrumbList","@id":"https:\/\/centre-region.eu\/de\/produkt\/mat-piokal-bioenergetic-mat-2\/#breadcrumb","itemListElement":[{"@type":"ListItem","position":1,"name":"Home","item":"https:\/\/centre-region.eu\/de\/"},{"@type":"ListItem","position":2,"name":"Webshop","item":"https:\/\/centre-region.eu\/de\/webshop\/"},{"@type":"ListItem","position":3,"name":"PIOKAL\u00ae BIOENERGIEMATTE"}]},{"@type":"WebSite","@id":"https:\/\/centre-region.eu\/de\/#website","url":"https:\/\/centre-region.eu\/de\/","name":"Centre-Region","description":"official European representative of the \u00abCentre Region\u00bb company","publisher":{"@id":"https:\/\/centre-region.eu\/de\/#organization"},"potentialAction":[{"@type":"SearchAction","target":{"@type":"EntryPoint","urlTemplate":"https:\/\/centre-region.eu\/de\/?s={search_term_string}"},"query-input":"required name=search_term_string"}],"inLanguage":"de"},{"@type":"Organization","@id":"https:\/\/centre-region.eu\/de\/#organization","name":"Centre-Region","url":"https:\/\/centre-region.eu\/de\/","logo":{"@type":"ImageObject","inLanguage":"de","@id":"https:\/\/centre-region.eu\/de\/#\/schema\/logo\/image\/","url":"https:\/\/centre-region.eu\/wp-content\/uploads\/2019\/11\/Logo-Centre-Region-eu-5-1.svg","contentUrl":"https:\/\/centre-region.eu\/wp-content\/uploads\/2019\/11\/Logo-Centre-Region-eu-5-1.svg","caption":"Centre-Region"},"image":{"@id":"https:\/\/centre-region.eu\/de\/#\/schema\/logo\/image\/"}}]}},"_links":{"self":[{"href":"https:\/\/centre-region.eu\/de\/wp-json\/wp\/v2\/product\/12874","targetHints":{"allow":["GET"]}}],"collection":[{"href":"https:\/\/centre-region.eu\/de\/wp-json\/wp\/v2\/product"}],"about":[{"href":"https:\/\/centre-region.eu\/de\/wp-json\/wp\/v2\/types\/product"}],"replies":[{"embeddable":true,"href":"https:\/\/centre-region.eu\/de\/wp-json\/wp\/v2\/comments?post=12874"}],"version-history":[{"count":5,"href":"https:\/\/centre-region.eu\/de\/wp-json\/wp\/v2\/product\/12874\/revisions"}],"predecessor-version":[{"id":14384,"href":"https:\/\/centre-region.eu\/de\/wp-json\/wp\/v2\/product\/12874\/revisions\/14384"}],"wp:featuredmedia":[{"embeddable":true,"href":"https:\/\/centre-region.eu\/de\/wp-json\/wp\/v2\/media\/12831"}],"wp:attachment":[{"href":"https:\/\/centre-region.eu\/de\/wp-json\/wp\/v2\/media?parent=12874"}],"wp:term":[{"taxonomy":"product_cat","embeddable":true,"href":"https:\/\/centre-region.eu\/de\/wp-json\/wp\/v2\/product_cat?post=12874"},{"taxonomy":"product_tag","embeddable":true,"href":"https:\/\/centre-region.eu\/de\/wp-json\/wp\/v2\/product_tag?post=12874"}],"curies":[{"name":"wp","href":"https:\/\/api.w.org\/{rel}","templated":true}]}}