{"id":12854,"date":"2020-05-26T21:39:08","date_gmt":"2020-05-26T21:41:01","guid":{"rendered":"https:\/\/www.centre-region.eu\/product\/cef-secret-du-sage\/"},"modified":"2025-05-08T02:20:20","modified_gmt":"2025-05-08T02:20:20","slug":"fsc-wise-man-secret","status":"publish","type":"product","link":"https:\/\/centre-region.eu\/de\/produkt\/fsc-wise-man-secret\/","title":{"rendered":"KOLZOV-PLATTE \u00abGEHEIMNIS DES WEISEN MANNES\u00bb"},"content":{"rendered":"\t\t<div data-elementor-type=\"product-post\" data-elementor-id=\"12854\" class=\"elementor elementor-12854 elementor-12852\" data-elementor-post-type=\"product\">\n\t\t\t\t\t\t<section class=\"elementor-section elementor-top-section elementor-element elementor-element-6863fd6b elementor-section-stretched elementor-section-boxed elementor-section-height-default elementor-section-height-default\" data-id=\"6863fd6b\" data-element_type=\"section\" data-settings=\"{&quot;stretch_section&quot;:&quot;section-stretched&quot;}\">\n\t\t\t\t\t\t<div class=\"elementor-container elementor-column-gap-default\">\n\t\t\t\t\t<div class=\"elementor-column elementor-col-66 elementor-top-column elementor-element elementor-element-2dcd27f8\" data-id=\"2dcd27f8\" data-element_type=\"column\">\n\t\t\t<div class=\"elementor-widget-wrap elementor-element-populated\">\n\t\t\t\t\t\t<div class=\"elementor-element elementor-element-207df836 elementor-widget elementor-widget-heading\" data-id=\"207df836\" data-element_type=\"widget\" data-widget_type=\"heading.default\">\n\t\t\t\t<div class=\"elementor-widget-container\">\n\t\t\t<h2 class=\"elementor-heading-title elementor-size-default\">BESCHREIBUNG<\/h2>\t\t<\/div>\n\t\t\t\t<\/div>\n\t\t\t\t<div class=\"elementor-element elementor-element-466686b2 elementor-widget elementor-widget-text-editor\" data-id=\"466686b2\" data-element_type=\"widget\" data-widget_type=\"text-editor.default\">\n\t\t\t\t<div class=\"elementor-widget-container\">\n\t\t\t\t\t\t\t<p>Russischer Name: <strong>\u041a\u0424\u0421 \u00ab \u0422\u0410\u0419\u041d\u0410 \u041c\u0423\u0414\u0420\u0415\u0426\u0410<\/strong> .<\/p>\n\t\t\t\t\t\t<\/div>\n\t\t\t\t<\/div>\n\t\t\t\t<div class=\"elementor-element elementor-element-1181df46 elementor-widget elementor-widget-text-editor\" data-id=\"1181df46\" data-element_type=\"widget\" data-widget_type=\"text-editor.default\">\n\t\t\t\t<div class=\"elementor-widget-container\">\n\t\t\t\t\t\t\t<p>Die Wirkung der Kolzov-Platte \u201eGeheimnis des Weisen Mannes\u201c:<\/p>\n<ul>\n<li>Sie hilft bei der Erzeugung und Verteilung der Energie, die f\u00fcr ein koordiniertes Funktionieren der Zellen, Organe und Systeme des K\u00f6rpers d. h. der gesamten Informationsstruktur, die den K\u00f6rper steuert, notwendig ist.<\/li>\n<li>Leitet die Prozesse zur Wiederherstellung der DNA-Struktur, zur gesunden Funktion von Zellen, Geweben, Organen und der gesamten Kombination wichtiger biologischer Substanzen ein, die die lebenswichtigen Schl\u00fcsselfunktionen, d. h. Fortpflanzung, Anpassung und die Erzeugung und Freisetzung von Energie stimulieren;<\/li>\n<li>\u2022 Hilft, die allgemeine Widerstandskraft (Immunit\u00e4t) des K\u00f6rpers gegen verschiedene innere und \u00e4u\u00dfere destruktive Elemente physikalischer, chemischer oder biologischer Natur zu erh\u00f6hen, und tr\u00e4gt zur St\u00e4rkung des Immunsystems bei;<\/li>\n<li>Wenn sie als Teil der Behandlung verschiedener Hauterkrankungen (einschlie\u00dflich chronischer und Autoimmunerkrankungen) eingesetzt wird, verst\u00e4rkt sie die antibakterielle und entz\u00fcndungshemmende Wirkung;<\/li>\n<li>Stimuliert die Heilung und Regeneration der Haut bei L\u00e4sionen, Schnitten, Sch\u00fcrfwunden und Verbrennungen sowie bei Hauterkrankungen wie Psoriasis, Neurodermitis, Dermatitis und anderen;<\/li>\n<li>Tr\u00e4gt zur Verj\u00fcngung der \u00e4u\u00dferen Hautschicht und zur Produktion von Kollagen und Elastin bei; kann die physiologischen Prozesse der Hautalterung verlangsamen und das jugendliche Aussehen der Haut l\u00e4nger erhalten;<\/li>\n<li>Hilft, die Behandlung eines breiten Spektrums von neurologischen Erkrankungen wie Neurose, Neuralgie, Neuropathie, Migr\u00e4ne, vaskul\u00e4re Dystonie und andere zu erg\u00e4nzen;<\/li>\n<li>Steigert die Schwingungsrate der Zellen und die signifikante Wiederherstellung der Gewebestrukturen und aller K\u00f6rperfunktionen;<\/li>\n<li>F\u00f6rdert die Gesundheit des weiblichen Fortpflanzungssystems, tr\u00e4gt zur Wiederherstellung und Verbesserung der Fortpflanzungsf\u00e4higkeit des K\u00f6rpers sowie zur Wiederherstellung und Aufrechterhaltung des hormonellen Gleichgewichts bei;<\/li>\n<li>Ist wirksam bei der Vorbeugung und Behandlung verschiedener entz\u00fcndlicher, infekti\u00f6ser und bakterieller Erkrankungen;<\/li>\n<li>Ist hilfreich als Teil einer kombinierten Therapie und in der Rehabilitation nach gyn\u00e4kologischen Operationen;<\/li>\n<li>Hilft lebendem Gewebe, sich zu erholen und l\u00f6st Bioinformations-Austauschprogramme im K\u00f6rper aus, st\u00e4rkt die Schutzfunktion und erh\u00f6ht das Energiepotenzial des K\u00f6rpers.<\/li>\n<\/ul>\n<p>Auf der Kolzov-Platte \u201eGeheimnis des Weisen Mannes\u201c sind Informationen Yaksu-Quelle aus der Bergkette des Bukhansan-Nationalparks in S\u00fcdkorea gespeichert. <\/p>\n<div> <\/div>\n\t\t\t\t\t\t<\/div>\n\t\t\t\t<\/div>\n\t\t\t\t<div class=\"elementor-element elementor-element-57237b72 elementor-widget-divider--view-line elementor-widget elementor-widget-divider\" data-id=\"57237b72\" data-element_type=\"widget\" data-widget_type=\"divider.default\">\n\t\t\t\t<div class=\"elementor-widget-container\">\n\t\t\t\t\t<div class=\"elementor-divider\">\n\t\t\t<span class=\"elementor-divider-separator\">\n\t\t\t\t\t\t<\/span>\n\t\t<\/div>\n\t\t\t\t<\/div>\n\t\t\t\t<\/div>\n\t\t\t\t<div class=\"elementor-element elementor-element-2d301fcb elementor-widget elementor-widget-text-editor\" data-id=\"2d301fcb\" data-element_type=\"widget\" data-widget_type=\"text-editor.default\">\n\t\t\t\t<div class=\"elementor-widget-container\">\n\t\t\t\t\t\t\t<p><span style=\"color: #666666; font-family: Cabin, sans-serif; font-size: 13.3333px; font-style: normal; font-weight: 500; letter-spacing: -0.1px;\">* Alle hierin enthaltenen Angaben dienen nur Informationszwecken. Es werden keine gesundheitsbezogenen Aussagen gemacht und die Angaben wurden weder von der Europ\u00e4ischen Arzneimittel-Agentur (EMA) noch von der US-amerikanischen Lebensmittel- und Arzneimittelbeh\u00f6rde (FDA) bewertet oder genehmigt. Wenn Sie an einer Krankheit leiden oder medizinischen Rat ben\u00f6tigen, wenden Sie sich bitte an Ihren Arzt.<\/span><\/p>\n\t\t\t\t\t\t<\/div>\n\t\t\t\t<\/div>\n\t\t\t\t\t<\/div>\n\t\t<\/div>\n\t\t\t\t<div class=\"elementor-column elementor-col-33 elementor-top-column elementor-element elementor-element-60c33bf4\" data-id=\"60c33bf4\" data-element_type=\"column\">\n\t\t\t<div class=\"elementor-widget-wrap\">\n\t\t\t\t\t\t\t<\/div>\n\t\t<\/div>\n\t\t\t\t\t<\/div>\n\t\t<\/section>\n\t\t\t\t<section class=\"elementor-section elementor-top-section elementor-element elementor-element-5c9677c7 elementor-section-boxed elementor-section-height-default elementor-section-height-default\" data-id=\"5c9677c7\" data-element_type=\"section\">\n\t\t\t\t\t\t<div class=\"elementor-container elementor-column-gap-default\">\n\t\t\t\t\t<div class=\"elementor-column elementor-col-100 elementor-top-column elementor-element elementor-element-42acc22c\" data-id=\"42acc22c\" data-element_type=\"column\">\n\t\t\t<div class=\"elementor-widget-wrap elementor-element-populated\">\n\t\t\t\t\t\t<div class=\"elementor-element elementor-element-7a89cfbe elementor-widget elementor-widget-heading\" data-id=\"7a89cfbe\" data-element_type=\"widget\" data-widget_type=\"heading.default\">\n\t\t\t\t<div class=\"elementor-widget-container\">\n\t\t\t<h2 class=\"elementor-heading-title elementor-size-default\">KOLZOV-PLATTEN SIND EINFACH ANZUWENDEN<\/h2>\t\t<\/div>\n\t\t\t\t<\/div>\n\t\t\t\t\t<\/div>\n\t\t<\/div>\n\t\t\t\t\t<\/div>\n\t\t<\/section>\n\t\t\t\t<section class=\"elementor-section elementor-top-section elementor-element elementor-element-7569394b elementor-section-boxed elementor-section-height-default elementor-section-height-default\" data-id=\"7569394b\" data-element_type=\"section\">\n\t\t\t\t\t\t<div class=\"elementor-container elementor-column-gap-default\">\n\t\t\t\t\t<div class=\"elementor-column elementor-col-100 elementor-top-column elementor-element elementor-element-3c1aaf2a\" data-id=\"3c1aaf2a\" data-element_type=\"column\">\n\t\t\t<div class=\"elementor-widget-wrap elementor-element-populated\">\n\t\t\t\t\t\t<div class=\"elementor-element elementor-element-7e3d7b91 elementor-widget-divider--view-line elementor-widget elementor-widget-divider\" data-id=\"7e3d7b91\" data-element_type=\"widget\" data-widget_type=\"divider.default\">\n\t\t\t\t<div class=\"elementor-widget-container\">\n\t\t\t\t\t<div class=\"elementor-divider\">\n\t\t\t<span class=\"elementor-divider-separator\">\n\t\t\t\t\t\t<\/span>\n\t\t<\/div>\n\t\t\t\t<\/div>\n\t\t\t\t<\/div>\n\t\t\t\t\t<\/div>\n\t\t<\/div>\n\t\t\t\t\t<\/div>\n\t\t<\/section>\n\t\t\t\t<section class=\"elementor-section elementor-top-section elementor-element elementor-element-261d699d elementor-section-boxed elementor-section-height-default elementor-section-height-default\" data-id=\"261d699d\" data-element_type=\"section\">\n\t\t\t\t\t\t<div class=\"elementor-container elementor-column-gap-default\">\n\t\t\t\t\t<div class=\"elementor-column elementor-col-33 elementor-top-column elementor-element elementor-element-235b01a1\" data-id=\"235b01a1\" data-element_type=\"column\">\n\t\t\t<div class=\"elementor-widget-wrap elementor-element-populated\">\n\t\t\t\t\t\t<div class=\"elementor-element elementor-element-5f8f8f84 elementor-widget elementor-widget-heading\" data-id=\"5f8f8f84\" data-element_type=\"widget\" data-widget_type=\"heading.default\">\n\t\t\t\t<div class=\"elementor-widget-container\">\n\t\t\t<h3 class=\"elementor-heading-title elementor-size-default\">TRINKEN SIE STRUKTURIERTES WASSER<\/h3>\t\t<\/div>\n\t\t\t\t<\/div>\n\t\t\t\t<div class=\"elementor-element elementor-element-1c998114 elementor-widget elementor-widget-image\" data-id=\"1c998114\" data-element_type=\"widget\" data-widget_type=\"image.default\">\n\t\t\t\t<div class=\"elementor-widget-container\">\n\t\t\t\t\t\t\t\t\t\t\t\t\t<img fetchpriority=\"high\" decoding=\"async\" width=\"600\" height=\"500\" src=\"https:\/\/centre-region.eu\/wp-content\/uploads\/2019\/11\/Drink-water-FSC.jpg\" class=\"attachment-large size-large wp-image-7972\" alt=\"\" srcset=\"https:\/\/centre-region.eu\/wp-content\/uploads\/2019\/11\/Drink-water-FSC.jpg 600w, https:\/\/centre-region.eu\/wp-content\/uploads\/2019\/11\/Drink-water-FSC-300x250.jpg 300w\" sizes=\"(max-width: 600px) 100vw, 600px\" \/>\t\t\t\t\t\t\t\t\t\t\t\t\t<\/div>\n\t\t\t\t<\/div>\n\t\t\t\t\t<\/div>\n\t\t<\/div>\n\t\t\t\t<div class=\"elementor-column elementor-col-33 elementor-top-column elementor-element elementor-element-17e292b3\" data-id=\"17e292b3\" data-element_type=\"column\">\n\t\t\t<div class=\"elementor-widget-wrap elementor-element-populated\">\n\t\t\t\t\t\t<div class=\"elementor-element elementor-element-b22b8d7 elementor-widget elementor-widget-heading\" data-id=\"b22b8d7\" data-element_type=\"widget\" data-widget_type=\"heading.default\">\n\t\t\t\t<div class=\"elementor-widget-container\">\n\t\t\t<h3 class=\"elementor-heading-title elementor-size-default\">TRAGEN SIE DIE KOLZOV-PLATTE BEI SICH<\/h3>\t\t<\/div>\n\t\t\t\t<\/div>\n\t\t\t\t<div class=\"elementor-element elementor-element-4ec2f78c elementor-widget elementor-widget-image\" data-id=\"4ec2f78c\" data-element_type=\"widget\" data-widget_type=\"image.default\">\n\t\t\t\t<div class=\"elementor-widget-container\">\n\t\t\t\t\t\t\t\t\t\t\t\t\t<img decoding=\"async\" width=\"600\" height=\"500\" src=\"https:\/\/centre-region.eu\/wp-content\/uploads\/2019\/11\/Carry-with-you.jpg\" class=\"attachment-large size-large wp-image-7970\" alt=\"\" srcset=\"https:\/\/centre-region.eu\/wp-content\/uploads\/2019\/11\/Carry-with-you.jpg 600w, https:\/\/centre-region.eu\/wp-content\/uploads\/2019\/11\/Carry-with-you-300x250.jpg 300w\" sizes=\"(max-width: 600px) 100vw, 600px\" \/>\t\t\t\t\t\t\t\t\t\t\t\t\t<\/div>\n\t\t\t\t<\/div>\n\t\t\t\t\t<\/div>\n\t\t<\/div>\n\t\t\t\t<div class=\"elementor-column elementor-col-33 elementor-top-column elementor-element elementor-element-1f55a86a\" data-id=\"1f55a86a\" data-element_type=\"column\">\n\t\t\t<div class=\"elementor-widget-wrap elementor-element-populated\">\n\t\t\t\t\t\t<div class=\"elementor-element elementor-element-724ead17 elementor-widget elementor-widget-heading\" data-id=\"724ead17\" data-element_type=\"widget\" data-widget_type=\"heading.default\">\n\t\t\t\t<div class=\"elementor-widget-container\">\n\t\t\t<h3 class=\"elementor-heading-title elementor-size-default\">MACHEN SIE ENERGIEAUSGLEICHS\u00dcBUNGEN<\/h3>\t\t<\/div>\n\t\t\t\t<\/div>\n\t\t\t\t<div class=\"elementor-element elementor-element-7ba0dbaa elementor-widget elementor-widget-image\" data-id=\"7ba0dbaa\" data-element_type=\"widget\" data-widget_type=\"image.default\">\n\t\t\t\t<div class=\"elementor-widget-container\">\n\t\t\t\t\t\t\t\t\t\t\t\t\t<img decoding=\"async\" width=\"600\" height=\"500\" src=\"https:\/\/centre-region.eu\/wp-content\/uploads\/2019\/11\/Energy-rebalancing.jpg\" class=\"attachment-large size-large wp-image-7974\" alt=\"\" srcset=\"https:\/\/centre-region.eu\/wp-content\/uploads\/2019\/11\/Energy-rebalancing.jpg 600w, https:\/\/centre-region.eu\/wp-content\/uploads\/2019\/11\/Energy-rebalancing-300x250.jpg 300w\" sizes=\"(max-width: 600px) 100vw, 600px\" \/>\t\t\t\t\t\t\t\t\t\t\t\t\t<\/div>\n\t\t\t\t<\/div>\n\t\t\t\t\t<\/div>\n\t\t<\/div>\n\t\t\t\t\t<\/div>\n\t\t<\/section>\n\t\t\t\t<\/div>\n\t\t","protected":false},"excerpt":{"rendered":"<p>Die Wirkung der Kolzov-Platte \u201eGeheimnis des Weisen Mannes\u201c hilft bei der Erzeugung und Verteilung der Energie, die f\u00fcr ein koordiniertes Funktionieren der Zellen, Organe und Systeme des K\u00f6rpers d. h. der gesamten Informationsstruktur, die den K\u00f6rper steuert, notwendig ist.<\/p>\n","protected":false},"featured_media":26428,"comment_status":"open","ping_status":"closed","template":"","meta":{"site-sidebar-layout":"no-sidebar","site-content-layout":"page-builder","ast-global-header-display":"","ast-main-header-display":"","ast-hfb-above-header-display":"","ast-hfb-below-header-display":"","ast-hfb-mobile-header-display":"","site-post-title":"disabled","ast-breadcrumbs-content":"","ast-featured-img":"disabled","footer-sml-layout":"","theme-transparent-header-meta":"default","adv-header-id-meta":"","stick-header-meta":"","header-above-stick-meta":"","header-main-stick-meta":"","header-below-stick-meta":""},"product_cat":[151,153],"product_tag":[],"class_list":{"0":"post-12854","1":"product","2":"type-product","3":"status-publish","4":"has-post-thumbnail","6":"product_cat-elite-serie","7":"product_cat-kolzov-platte","8":"desktop-align-center","9":"tablet-align-center","10":"mobile-align-center","11":"ast-product-gallery-layout-horizontal-slider","12":"ast-magnify-disabled","13":"ast-product-tabs-layout-horizontal","15":"first","16":"outofstock","17":"sale","18":"taxable","19":"shipping-taxable","20":"purchasable","21":"product-type-simple","22":"add-to-wishlist-after_add_to_cart"},"acf":[],"yoast_head":"<!-- This site is optimized with the Yoast SEO plugin v22.2 - https:\/\/yoast.com\/wordpress\/plugins\/seo\/ -->\n<title>KOLZOV-PLATTE \u00abGEHEIMNIS DES WEISEN MANNES\u00bb kaufen \u2014 Preis \u2705 und Foto - Centre-Region<\/title>\n<meta name=\"description\" content=\"Bester Preis f\u00fcr \u23e9KOLZOV-PLATTE \u00abGEHEIMNIS DES WEISEN MANNES\u00bb \u23ea zum Schutz vor EMF, 4G, 5G in unserem Online-Shop! Weltweite Lieferung | Erhalten Sie 10% Rabatt auf Ihre erste Bestellung | Offizieller H\u00e4ndler | Ausf\u00fchrliches Benutzerhandbuch. Bestellen Sie jetzt!\" \/>\n<meta name=\"robots\" content=\"index, follow, max-snippet:-1, max-image-preview:large, max-video-preview:-1\" \/>\n<link rel=\"canonical\" href=\"https:\/\/centre-region.eu\/de\/produkt\/fsc-wise-man-secret\/\" \/>\n<meta property=\"og:locale\" content=\"de_DE\" \/>\n<meta property=\"og:type\" content=\"article\" \/>\n<meta property=\"og:title\" content=\"KOLZOV-PLATTE \u00abGEHEIMNIS DES WEISEN MANNES\u00bb kaufen \u2014 Preis \u2705 und Foto - Centre-Region\" \/>\n<meta property=\"og:description\" content=\"Bester Preis f\u00fcr \u23e9KOLZOV-PLATTE \u00abGEHEIMNIS DES WEISEN MANNES\u00bb \u23ea zum Schutz vor EMF, 4G, 5G in unserem Online-Shop! Weltweite Lieferung | Erhalten Sie 10% Rabatt auf Ihre erste Bestellung | Offizieller H\u00e4ndler | Ausf\u00fchrliches Benutzerhandbuch. Bestellen Sie jetzt!\" \/>\n<meta property=\"og:url\" content=\"https:\/\/centre-region.eu\/de\/produkt\/fsc-wise-man-secret\/\" \/>\n<meta property=\"og:site_name\" content=\"Centre-Region\" \/>\n<meta property=\"article:modified_time\" content=\"2025-05-08T02:20:20+00:00\" \/>\n<meta property=\"og:image\" content=\"https:\/\/centre-region.eu\/wp-content\/uploads\/2019\/12\/\u041a\u0424\u0421_\u0422\u0410\u0419\u041d\u0410-\u041c\u0423\u0414\u0420\u0415\u0426\u0410-liquidation.jpg\" \/>\n\t<meta property=\"og:image:width\" content=\"600\" \/>\n\t<meta property=\"og:image:height\" content=\"600\" \/>\n\t<meta property=\"og:image:type\" content=\"image\/jpeg\" \/>\n<meta name=\"twitter:card\" content=\"summary_large_image\" \/>\n<meta name=\"twitter:label1\" content=\"Gesch\u00e4tzte Lesezeit\" \/>\n\t<meta name=\"twitter:data1\" content=\"2\u00a0Minuten\" \/>\n<script type=\"application\/ld+json\" class=\"yoast-schema-graph\">{\"@context\":\"https:\/\/schema.org\",\"@graph\":[{\"@type\":\"WebPage\",\"@id\":\"https:\/\/centre-region.eu\/de\/produkt\/fsc-wise-man-secret\/\",\"url\":\"https:\/\/centre-region.eu\/de\/produkt\/fsc-wise-man-secret\/\",\"name\":\"KOLZOV-PLATTE \u00abGEHEIMNIS DES WEISEN MANNES\u00bb kaufen \u2014 Preis \u2705 und Foto - Centre-Region\",\"isPartOf\":{\"@id\":\"https:\/\/centre-region.eu\/de\/#website\"},\"primaryImageOfPage\":{\"@id\":\"https:\/\/centre-region.eu\/de\/produkt\/fsc-wise-man-secret\/#primaryimage\"},\"image\":{\"@id\":\"https:\/\/centre-region.eu\/de\/produkt\/fsc-wise-man-secret\/#primaryimage\"},\"thumbnailUrl\":\"https:\/\/centre-region.eu\/wp-content\/uploads\/2019\/12\/\u041a\u0424\u0421_\u0422\u0410\u0419\u041d\u0410-\u041c\u0423\u0414\u0420\u0415\u0426\u0410-liquidation.jpg\",\"datePublished\":\"2020-05-26T21:41:01+00:00\",\"dateModified\":\"2025-05-08T02:20:20+00:00\",\"description\":\"Bester Preis f\u00fcr \u23e9KOLZOV-PLATTE \u00abGEHEIMNIS DES WEISEN MANNES\u00bb \u23ea zum Schutz vor EMF, 4G, 5G in unserem Online-Shop! Weltweite Lieferung | Erhalten Sie 10% Rabatt auf Ihre erste Bestellung | Offizieller H\u00e4ndler | Ausf\u00fchrliches Benutzerhandbuch. Bestellen Sie jetzt!\",\"breadcrumb\":{\"@id\":\"https:\/\/centre-region.eu\/de\/produkt\/fsc-wise-man-secret\/#breadcrumb\"},\"inLanguage\":\"de\",\"potentialAction\":[{\"@type\":\"ReadAction\",\"target\":[\"https:\/\/centre-region.eu\/de\/produkt\/fsc-wise-man-secret\/\"]}]},{\"@type\":\"ImageObject\",\"inLanguage\":\"de\",\"@id\":\"https:\/\/centre-region.eu\/de\/produkt\/fsc-wise-man-secret\/#primaryimage\",\"url\":\"https:\/\/centre-region.eu\/wp-content\/uploads\/2019\/12\/\u041a\u0424\u0421_\u0422\u0410\u0419\u041d\u0410-\u041c\u0423\u0414\u0420\u0415\u0426\u0410-liquidation.jpg\",\"contentUrl\":\"https:\/\/centre-region.eu\/wp-content\/uploads\/2019\/12\/\u041a\u0424\u0421_\u0422\u0410\u0419\u041d\u0410-\u041c\u0423\u0414\u0420\u0415\u0426\u0410-liquidation.jpg\",\"width\":600,\"height\":600},{\"@type\":\"BreadcrumbList\",\"@id\":\"https:\/\/centre-region.eu\/de\/produkt\/fsc-wise-man-secret\/#breadcrumb\",\"itemListElement\":[{\"@type\":\"ListItem\",\"position\":1,\"name\":\"Home\",\"item\":\"https:\/\/centre-region.eu\/de\/\"},{\"@type\":\"ListItem\",\"position\":2,\"name\":\"Webshop\",\"item\":\"https:\/\/centre-region.eu\/de\/webshop\/\"},{\"@type\":\"ListItem\",\"position\":3,\"name\":\"KOLZOV-PLATTE \u00abGEHEIMNIS DES WEISEN MANNES\u00bb\"}]},{\"@type\":\"WebSite\",\"@id\":\"https:\/\/centre-region.eu\/de\/#website\",\"url\":\"https:\/\/centre-region.eu\/de\/\",\"name\":\"Centre-Region\",\"description\":\"official European representative of the \u00abCentre Region\u00bb company\",\"publisher\":{\"@id\":\"https:\/\/centre-region.eu\/de\/#organization\"},\"potentialAction\":[{\"@type\":\"SearchAction\",\"target\":{\"@type\":\"EntryPoint\",\"urlTemplate\":\"https:\/\/centre-region.eu\/de\/?s={search_term_string}\"},\"query-input\":\"required name=search_term_string\"}],\"inLanguage\":\"de\"},{\"@type\":\"Organization\",\"@id\":\"https:\/\/centre-region.eu\/de\/#organization\",\"name\":\"Centre-Region\",\"url\":\"https:\/\/centre-region.eu\/de\/\",\"logo\":{\"@type\":\"ImageObject\",\"inLanguage\":\"de\",\"@id\":\"https:\/\/centre-region.eu\/de\/#\/schema\/logo\/image\/\",\"url\":\"https:\/\/centre-region.eu\/wp-content\/uploads\/2019\/11\/Logo-Centre-Region-eu-5-1.svg\",\"contentUrl\":\"https:\/\/centre-region.eu\/wp-content\/uploads\/2019\/11\/Logo-Centre-Region-eu-5-1.svg\",\"caption\":\"Centre-Region\"},\"image\":{\"@id\":\"https:\/\/centre-region.eu\/de\/#\/schema\/logo\/image\/\"}}]}<\/script>\n<!-- \/ Yoast SEO plugin. -->","yoast_head_json":{"title":"KOLZOV-PLATTE \u00abGEHEIMNIS DES WEISEN MANNES\u00bb kaufen \u2014 Preis \u2705 und Foto - Centre-Region","description":"Bester Preis f\u00fcr \u23e9KOLZOV-PLATTE \u00abGEHEIMNIS DES WEISEN MANNES\u00bb \u23ea zum Schutz vor EMF, 4G, 5G in unserem Online-Shop! Weltweite Lieferung | Erhalten Sie 10% Rabatt auf Ihre erste Bestellung | Offizieller H\u00e4ndler | Ausf\u00fchrliches Benutzerhandbuch. Bestellen Sie jetzt!","robots":{"index":"index","follow":"follow","max-snippet":"max-snippet:-1","max-image-preview":"max-image-preview:large","max-video-preview":"max-video-preview:-1"},"canonical":"https:\/\/centre-region.eu\/de\/produkt\/fsc-wise-man-secret\/","og_locale":"de_DE","og_type":"article","og_title":"KOLZOV-PLATTE \u00abGEHEIMNIS DES WEISEN MANNES\u00bb kaufen \u2014 Preis \u2705 und Foto - Centre-Region","og_description":"Bester Preis f\u00fcr \u23e9KOLZOV-PLATTE \u00abGEHEIMNIS DES WEISEN MANNES\u00bb \u23ea zum Schutz vor EMF, 4G, 5G in unserem Online-Shop! Weltweite Lieferung | Erhalten Sie 10% Rabatt auf Ihre erste Bestellung | Offizieller H\u00e4ndler | Ausf\u00fchrliches Benutzerhandbuch. Bestellen Sie jetzt!","og_url":"https:\/\/centre-region.eu\/de\/produkt\/fsc-wise-man-secret\/","og_site_name":"Centre-Region","article_modified_time":"2025-05-08T02:20:20+00:00","og_image":[{"width":600,"height":600,"url":"https:\/\/centre-region.eu\/wp-content\/uploads\/2019\/12\/\u041a\u0424\u0421_\u0422\u0410\u0419\u041d\u0410-\u041c\u0423\u0414\u0420\u0415\u0426\u0410-liquidation.jpg","type":"image\/jpeg"}],"twitter_card":"summary_large_image","twitter_misc":{"Gesch\u00e4tzte Lesezeit":"2\u00a0Minuten"},"schema":{"@context":"https:\/\/schema.org","@graph":[{"@type":"WebPage","@id":"https:\/\/centre-region.eu\/de\/produkt\/fsc-wise-man-secret\/","url":"https:\/\/centre-region.eu\/de\/produkt\/fsc-wise-man-secret\/","name":"KOLZOV-PLATTE \u00abGEHEIMNIS DES WEISEN MANNES\u00bb kaufen \u2014 Preis \u2705 und Foto - Centre-Region","isPartOf":{"@id":"https:\/\/centre-region.eu\/de\/#website"},"primaryImageOfPage":{"@id":"https:\/\/centre-region.eu\/de\/produkt\/fsc-wise-man-secret\/#primaryimage"},"image":{"@id":"https:\/\/centre-region.eu\/de\/produkt\/fsc-wise-man-secret\/#primaryimage"},"thumbnailUrl":"https:\/\/centre-region.eu\/wp-content\/uploads\/2019\/12\/\u041a\u0424\u0421_\u0422\u0410\u0419\u041d\u0410-\u041c\u0423\u0414\u0420\u0415\u0426\u0410-liquidation.jpg","datePublished":"2020-05-26T21:41:01+00:00","dateModified":"2025-05-08T02:20:20+00:00","description":"Bester Preis f\u00fcr \u23e9KOLZOV-PLATTE \u00abGEHEIMNIS DES WEISEN MANNES\u00bb \u23ea zum Schutz vor EMF, 4G, 5G in unserem Online-Shop! Weltweite Lieferung | Erhalten Sie 10% Rabatt auf Ihre erste Bestellung | Offizieller H\u00e4ndler | Ausf\u00fchrliches Benutzerhandbuch. Bestellen Sie jetzt!","breadcrumb":{"@id":"https:\/\/centre-region.eu\/de\/produkt\/fsc-wise-man-secret\/#breadcrumb"},"inLanguage":"de","potentialAction":[{"@type":"ReadAction","target":["https:\/\/centre-region.eu\/de\/produkt\/fsc-wise-man-secret\/"]}]},{"@type":"ImageObject","inLanguage":"de","@id":"https:\/\/centre-region.eu\/de\/produkt\/fsc-wise-man-secret\/#primaryimage","url":"https:\/\/centre-region.eu\/wp-content\/uploads\/2019\/12\/\u041a\u0424\u0421_\u0422\u0410\u0419\u041d\u0410-\u041c\u0423\u0414\u0420\u0415\u0426\u0410-liquidation.jpg","contentUrl":"https:\/\/centre-region.eu\/wp-content\/uploads\/2019\/12\/\u041a\u0424\u0421_\u0422\u0410\u0419\u041d\u0410-\u041c\u0423\u0414\u0420\u0415\u0426\u0410-liquidation.jpg","width":600,"height":600},{"@type":"BreadcrumbList","@id":"https:\/\/centre-region.eu\/de\/produkt\/fsc-wise-man-secret\/#breadcrumb","itemListElement":[{"@type":"ListItem","position":1,"name":"Home","item":"https:\/\/centre-region.eu\/de\/"},{"@type":"ListItem","position":2,"name":"Webshop","item":"https:\/\/centre-region.eu\/de\/webshop\/"},{"@type":"ListItem","position":3,"name":"KOLZOV-PLATTE \u00abGEHEIMNIS DES WEISEN MANNES\u00bb"}]},{"@type":"WebSite","@id":"https:\/\/centre-region.eu\/de\/#website","url":"https:\/\/centre-region.eu\/de\/","name":"Centre-Region","description":"official European representative of the \u00abCentre Region\u00bb company","publisher":{"@id":"https:\/\/centre-region.eu\/de\/#organization"},"potentialAction":[{"@type":"SearchAction","target":{"@type":"EntryPoint","urlTemplate":"https:\/\/centre-region.eu\/de\/?s={search_term_string}"},"query-input":"required name=search_term_string"}],"inLanguage":"de"},{"@type":"Organization","@id":"https:\/\/centre-region.eu\/de\/#organization","name":"Centre-Region","url":"https:\/\/centre-region.eu\/de\/","logo":{"@type":"ImageObject","inLanguage":"de","@id":"https:\/\/centre-region.eu\/de\/#\/schema\/logo\/image\/","url":"https:\/\/centre-region.eu\/wp-content\/uploads\/2019\/11\/Logo-Centre-Region-eu-5-1.svg","contentUrl":"https:\/\/centre-region.eu\/wp-content\/uploads\/2019\/11\/Logo-Centre-Region-eu-5-1.svg","caption":"Centre-Region"},"image":{"@id":"https:\/\/centre-region.eu\/de\/#\/schema\/logo\/image\/"}}]}},"_links":{"self":[{"href":"https:\/\/centre-region.eu\/de\/wp-json\/wp\/v2\/product\/12854","targetHints":{"allow":["GET"]}}],"collection":[{"href":"https:\/\/centre-region.eu\/de\/wp-json\/wp\/v2\/product"}],"about":[{"href":"https:\/\/centre-region.eu\/de\/wp-json\/wp\/v2\/types\/product"}],"replies":[{"embeddable":true,"href":"https:\/\/centre-region.eu\/de\/wp-json\/wp\/v2\/comments?post=12854"}],"version-history":[{"count":5,"href":"https:\/\/centre-region.eu\/de\/wp-json\/wp\/v2\/product\/12854\/revisions"}],"predecessor-version":[{"id":17323,"href":"https:\/\/centre-region.eu\/de\/wp-json\/wp\/v2\/product\/12854\/revisions\/17323"}],"wp:featuredmedia":[{"embeddable":true,"href":"https:\/\/centre-region.eu\/de\/wp-json\/wp\/v2\/media\/26428"}],"wp:attachment":[{"href":"https:\/\/centre-region.eu\/de\/wp-json\/wp\/v2\/media?parent=12854"}],"wp:term":[{"taxonomy":"product_cat","embeddable":true,"href":"https:\/\/centre-region.eu\/de\/wp-json\/wp\/v2\/product_cat?post=12854"},{"taxonomy":"product_tag","embeddable":true,"href":"https:\/\/centre-region.eu\/de\/wp-json\/wp\/v2\/product_tag?post=12854"}],"curies":[{"name":"wp","href":"https:\/\/api.w.org\/{rel}","templated":true}]}}