{"id":12775,"date":"2020-05-24T01:01:11","date_gmt":"2020-05-24T01:30:30","guid":{"rendered":"https:\/\/www.centre-region.eu\/product\/dummy-product-for-piokal\/"},"modified":"2023-08-09T20:48:08","modified_gmt":"2023-08-09T20:48:08","slug":"piokal-einlegesohlen","status":"publish","type":"product","link":"https:\/\/centre-region.eu\/de\/produkt\/piokal-einlegesohlen\/","title":{"rendered":"PIOKAL\u00ae BIOENERGETISCHE EINLEGESOHLEN"},"content":{"rendered":"\t\t<div data-elementor-type=\"product-post\" data-elementor-id=\"12775\" class=\"elementor elementor-12775 elementor-12756\" data-elementor-post-type=\"product\">\n\t\t\t\t\t\t<section class=\"elementor-section elementor-top-section elementor-element elementor-element-5cbf672 elementor-section-boxed elementor-section-height-default elementor-section-height-default\" data-id=\"5cbf672\" data-element_type=\"section\">\n\t\t\t\t\t\t<div class=\"elementor-container elementor-column-gap-default\">\n\t\t\t\t\t<div class=\"elementor-column elementor-col-66 elementor-top-column elementor-element elementor-element-1c583d3\" data-id=\"1c583d3\" data-element_type=\"column\">\n\t\t\t<div class=\"elementor-widget-wrap elementor-element-populated\">\n\t\t\t\t\t\t<div class=\"elementor-element elementor-element-5390b9a elementor-widget elementor-widget-text-editor\" data-id=\"5390b9a\" data-element_type=\"widget\" data-widget_type=\"text-editor.default\">\n\t\t\t\t<div class=\"elementor-widget-container\">\n\t\t\t\t\t\t\t<p><strong>WIE FUNKTIONIERT DIE PIOKAL\u00ae TECHNOLOGIE?<\/strong><\/p>\n<p>Die in den Sohlen eingearbeiteten PIOKAL\u00ae Bioenergiestimulatoren sorgen f\u00fcr die Reflexion und Verst\u00e4rkung der k\u00f6rpereigenen Wellenstrahlung, die von den aktiven Punkten an den Fu\u00dfsohlen erzeugt wird.<\/p>\n<p>Die PIOKAL\u00ae Technologie basiert auf der Wiederherstellung von Informationsverbindungen, der Normalisierung des Energieflusses und der Selbstregulierungsprozesse im K\u00f6rper, was zu einer Verj\u00fcngung auf tiefenzellul\u00e4rer Ebene f\u00fchrt.<\/p>\n<p>Stimulatoren tragen zur Normalisierung von ATP in biologischen Prozessen bei. ATP (Adenosin-5-Triphosphat) ist das Molek\u00fcl, das in der Biochemie aller lebenden Organismen die Energie f\u00fcr chemische Reaktionen im Stoffwechsel liefert.<\/p>\n<p>Die Bioenergie der von den Stimulatoren reflektierten Welle stellt die urspr\u00fcngliche Frequenz der Zelle wieder her: Sie reguliert den Mangel an Gleichgewicht innerhalb der Zelle und erm\u00f6glicht es ihr, mehr Energie zur Verbesserung ihrer vitalen Aktivit\u00e4t zu nutzen. Als Ergebnis dieses Prozesses beginnt die Zelle, alles abzusondern, was sie nicht braucht. Sie reinigt sich selbst und wird dadurch ges\u00fcnder.<\/p>\n<p>Ein thermischer Effekt entsteht, wenn Energie reflektiert wird, und unter seinem Einfluss weiten sich die Blutgef\u00e4\u00dfe der Haut und des subkutanen Zellgewebes. Dadurch \u00f6ffnen sich die inaktiven Kapillaren, wodurch der Blutzufluss zur Haut erh\u00f6ht wird. Deshalb wurden PIOKAL\u00ae Bioenergie-Einlegesohlen speziell f\u00fcr Menschen mit St\u00f6rungen der W\u00e4rmeregulierung (kalte F\u00fc\u00dfe) entwickelt.<\/p>\n\t\t\t\t\t\t<\/div>\n\t\t\t\t<\/div>\n\t\t\t\t\t<\/div>\n\t\t<\/div>\n\t\t\t\t<div class=\"elementor-column elementor-col-33 elementor-top-column elementor-element elementor-element-77914a6\" data-id=\"77914a6\" data-element_type=\"column\">\n\t\t\t<div class=\"elementor-widget-wrap elementor-element-populated\">\n\t\t\t\t\t\t<div class=\"elementor-element elementor-element-0ec040c elementor-widget elementor-widget-image\" data-id=\"0ec040c\" data-element_type=\"widget\" data-widget_type=\"image.default\">\n\t\t\t\t<div class=\"elementor-widget-container\">\n\t\t\t\t\t\t\t\t\t\t\t\t\t<img fetchpriority=\"high\" decoding=\"async\" width=\"432\" height=\"567\" src=\"https:\/\/centre-region.eu\/wp-content\/uploads\/2020\/05\/Semelles-Piokal.jpg\" class=\"attachment-large size-large wp-image-13034\" alt=\"\" srcset=\"https:\/\/centre-region.eu\/wp-content\/uploads\/2020\/05\/Semelles-Piokal.jpg 432w, https:\/\/centre-region.eu\/wp-content\/uploads\/2020\/05\/Semelles-Piokal-229x300.jpg 229w\" sizes=\"(max-width: 432px) 100vw, 432px\" \/>\t\t\t\t\t\t\t\t\t\t\t\t\t<\/div>\n\t\t\t\t<\/div>\n\t\t\t\t\t<\/div>\n\t\t<\/div>\n\t\t\t\t\t<\/div>\n\t\t<\/section>\n\t\t\t\t<section class=\"elementor-section elementor-top-section elementor-element elementor-element-1192054 elementor-section-boxed elementor-section-height-default elementor-section-height-default\" data-id=\"1192054\" data-element_type=\"section\">\n\t\t\t\t\t\t<div class=\"elementor-container elementor-column-gap-default\">\n\t\t\t\t\t<div class=\"elementor-column elementor-col-100 elementor-top-column elementor-element elementor-element-664e755\" data-id=\"664e755\" data-element_type=\"column\">\n\t\t\t<div class=\"elementor-widget-wrap elementor-element-populated\">\n\t\t\t\t\t\t<div class=\"elementor-element elementor-element-6eff6c3 elementor-widget elementor-widget-text-editor\" data-id=\"6eff6c3\" data-element_type=\"widget\" data-widget_type=\"text-editor.default\">\n\t\t\t\t<div class=\"elementor-widget-container\">\n\t\t\t\t\t\t\t<p><strong>Wer kann Bioenergiestimulatoren anwenden?<\/strong><\/p>\n<p>PIOKAL\u00ae Bioenergiestimulatoren k\u00f6nnen von jedem Menschen angewendet werden, unabh\u00e4ngig von seinem Gesundheitszustand. Sie sind besonders geeignet f\u00fcr \u00e4ltere oder gestresste Menschen, Kinder, Schwangere oder Frauen in den Wechseljahren.<\/p>\n<p>Piokal\u00ae Bioenergetische Einlegesohlen sind in 4 Gr\u00f6\u00dfen erh\u00e4ltlich (35-37, 38-40, 41-43, 44-47) und k\u00f6nnen individuell gek\u00fcrzt werden, indem sie an der Fersenseite abgeschnitten werden.<\/p>\n<p>Piokal\u00ae Bioenergetische Einlegesohlen sind gr\u00f6\u00dfer als herk\u00f6mmliche Sohlen. An den Seitenfl\u00e4chen sollten sie nicht verkleinert werden, da dies die Wirksamkeit der Stimulatoren verringern k\u00f6nnte. Tats\u00e4chlich befinden sich viele Akupunkturpunkte an den Seiten unserer F\u00fc\u00dfe. Ragen die Sohlen jedoch \u00fcber die Seiten der Schuhe hinaus, ist es m\u00f6glich, die Weite ohne Nachteile zu reduzieren.<\/p>\n<p><strong>KLINISCHE STUDIE:<\/strong><\/p>\n<p>PIOKAL\u00ae bioenergetische Stimulatoren wurden in vielen medizinischen Einrichtungen getestet<\/p>\n<ul>\n<li>Nowosibirsk Forschungsinstitut f\u00fcr Hygiene, Ministerium f\u00fcr Gesundheitswesen, Nowosibirsk, Russland<\/li>\n<li>Forschungsinstitut f\u00fcr H\u00e4matologie und Bluttransfusion des Gesundheitsministeriums der Republik<\/li>\n<li>St\u00e4dtisches Krankenhaus Nr. 2, Nowosibirsk, Russland<\/li>\n<li>Staatliche Medizinische Universit\u00e4t Altai, Russland<\/li>\n<li>Wissenschafts- und Erholungszentrum Agnia, Wei\u00dfrussland<\/li>\n<li>Nikolaus-Kopernikus-Universit\u00e4t, Polen<\/li>\n<\/ul>\n<p>Positive Bewertungen kamen auch von vielen \u00c4rzten und Anwendern weltweit.<\/p>\n<p>PIOKAL\u00ae bioenergetische Einlegesohlen sind in Europa als Medizinprodukt registriert und haben einen GMDN-Code.<\/p>\n\t\t\t\t\t\t<\/div>\n\t\t\t\t<\/div>\n\t\t\t\t\t<\/div>\n\t\t<\/div>\n\t\t\t\t\t<\/div>\n\t\t<\/section>\n\t\t\t\t<\/div>\n\t\t","protected":false},"excerpt":{"rendered":"<p>Die in den Sohlen eingearbeiteten PIOKAL\u00ae Bioenergiestimulatoren sorgen f\u00fcr die Reflexion und Verst\u00e4rkung der k\u00f6rpereigenen Wellenstrahlung, die von den aktiven Punkten an den Fu\u00dfsohlen erzeugt wird.<\/p>\n<p>Die PIOKAL\u00ae Technologie basiert auf der Wiederherstellung von Informationsverbindungen, der Normalisierung des Energieflusses und der Selbstregulierungsprozesse im K\u00f6rper, was zu einer Verj\u00fcngung auf tiefenzellul\u00e4rer Ebene f\u00fchrt.<\/p>\n<p>PIOKAL\u00ae bioenergetische Stimulatoren wurden in vielen medizinischen Einrichtungen getestet.<\/p>\n<p>Positive Bewertungen kamen auch von vielen \u00c4rzten und Anwendern weltweit.<\/p>\n<p>Bitte beachten Sie, dass wir dieses Produkt nicht nach Frankreich, Luxemburg, Belgien und in die Schweiz versenden d\u00fcrfen.<\/p>\n","protected":false},"featured_media":12816,"comment_status":"open","ping_status":"closed","template":"","meta":{"site-sidebar-layout":"no-sidebar","site-content-layout":"page-builder","ast-global-header-display":"","ast-main-header-display":"","ast-hfb-above-header-display":"","ast-hfb-below-header-display":"","ast-hfb-mobile-header-display":"","site-post-title":"disabled","ast-breadcrumbs-content":"","ast-featured-img":"disabled","footer-sml-layout":"","theme-transparent-header-meta":"default","adv-header-id-meta":"","stick-header-meta":"","header-above-stick-meta":"","header-main-stick-meta":"","header-below-stick-meta":""},"product_cat":[283],"product_tag":[],"class_list":{"0":"post-12775","1":"product","2":"type-product","3":"status-publish","4":"has-post-thumbnail","6":"product_cat-piokal-de","7":"desktop-align-center","8":"tablet-align-center","9":"mobile-align-center","10":"ast-product-gallery-layout-horizontal-slider","11":"ast-magnify-disabled","12":"ast-product-single-variable","13":"ast-product-tabs-layout-horizontal","15":"first","16":"instock","17":"sale","18":"taxable","19":"shipping-taxable","20":"purchasable","21":"product-type-variable","22":"add-to-wishlist-after_add_to_cart"},"acf":[],"yoast_head":"<!-- This site is optimized with the Yoast SEO plugin v22.2 - https:\/\/yoast.com\/wordpress\/plugins\/seo\/ -->\n<title>PIOKAL\u00ae BIOENERGETISCHE EINLEGESOHLEN kaufen \u2014 Preis \u2705 und Foto - Centre-Region<\/title>\n<meta name=\"description\" content=\"Bester Preis f\u00fcr \u23e9PIOKAL\u00ae BIOENERGETISCHE EINLEGESOHLEN\u23ea in unserem Online-Shop! Weltweite | Offizieller Distributor | Ausf\u00fchrliches Benutzerhandbuch. Bestellen Sie jetzt!\" \/>\n<meta name=\"robots\" content=\"index, follow, max-snippet:-1, max-image-preview:large, max-video-preview:-1\" \/>\n<link rel=\"canonical\" href=\"https:\/\/centre-region.eu\/de\/produkt\/piokal-einlegesohlen\/\" \/>\n<meta property=\"og:locale\" content=\"de_DE\" \/>\n<meta property=\"og:type\" content=\"article\" \/>\n<meta property=\"og:title\" content=\"PIOKAL\u00ae BIOENERGETISCHE EINLEGESOHLEN kaufen \u2014 Preis \u2705 und Foto - Centre-Region\" \/>\n<meta property=\"og:description\" content=\"Bester Preis f\u00fcr \u23e9PIOKAL\u00ae BIOENERGETISCHE EINLEGESOHLEN\u23ea in unserem Online-Shop! Weltweite | Offizieller Distributor | Ausf\u00fchrliches Benutzerhandbuch. Bestellen Sie jetzt!\" \/>\n<meta property=\"og:url\" content=\"https:\/\/centre-region.eu\/de\/produkt\/piokal-einlegesohlen\/\" \/>\n<meta property=\"og:site_name\" content=\"Centre-Region\" \/>\n<meta property=\"article:modified_time\" content=\"2023-08-09T20:48:08+00:00\" \/>\n<meta property=\"og:image\" content=\"https:\/\/centre-region.eu\/wp-content\/uploads\/2020\/05\/Insoles-Piokal-1.jpg\" \/>\n\t<meta property=\"og:image:width\" content=\"600\" \/>\n\t<meta property=\"og:image:height\" content=\"600\" \/>\n\t<meta property=\"og:image:type\" content=\"image\/jpeg\" \/>\n<meta name=\"twitter:card\" content=\"summary_large_image\" \/>\n<meta name=\"twitter:label1\" content=\"Gesch\u00e4tzte Lesezeit\" \/>\n\t<meta name=\"twitter:data1\" content=\"2\u00a0Minuten\" \/>\n<script type=\"application\/ld+json\" class=\"yoast-schema-graph\">{\"@context\":\"https:\/\/schema.org\",\"@graph\":[{\"@type\":\"WebPage\",\"@id\":\"https:\/\/centre-region.eu\/de\/produkt\/piokal-einlegesohlen\/\",\"url\":\"https:\/\/centre-region.eu\/de\/produkt\/piokal-einlegesohlen\/\",\"name\":\"PIOKAL\u00ae BIOENERGETISCHE EINLEGESOHLEN kaufen \u2014 Preis \u2705 und Foto - Centre-Region\",\"isPartOf\":{\"@id\":\"https:\/\/centre-region.eu\/de\/#website\"},\"primaryImageOfPage\":{\"@id\":\"https:\/\/centre-region.eu\/de\/produkt\/piokal-einlegesohlen\/#primaryimage\"},\"image\":{\"@id\":\"https:\/\/centre-region.eu\/de\/produkt\/piokal-einlegesohlen\/#primaryimage\"},\"thumbnailUrl\":\"https:\/\/centre-region.eu\/wp-content\/uploads\/2020\/05\/Insoles-Piokal-1.jpg\",\"datePublished\":\"2020-05-24T01:30:30+00:00\",\"dateModified\":\"2023-08-09T20:48:08+00:00\",\"description\":\"Bester Preis f\u00fcr \u23e9PIOKAL\u00ae BIOENERGETISCHE EINLEGESOHLEN\u23ea in unserem Online-Shop! Weltweite | Offizieller Distributor | Ausf\u00fchrliches Benutzerhandbuch. Bestellen Sie jetzt!\",\"breadcrumb\":{\"@id\":\"https:\/\/centre-region.eu\/de\/produkt\/piokal-einlegesohlen\/#breadcrumb\"},\"inLanguage\":\"de\",\"potentialAction\":[{\"@type\":\"ReadAction\",\"target\":[\"https:\/\/centre-region.eu\/de\/produkt\/piokal-einlegesohlen\/\"]}]},{\"@type\":\"ImageObject\",\"inLanguage\":\"de\",\"@id\":\"https:\/\/centre-region.eu\/de\/produkt\/piokal-einlegesohlen\/#primaryimage\",\"url\":\"https:\/\/centre-region.eu\/wp-content\/uploads\/2020\/05\/Insoles-Piokal-1.jpg\",\"contentUrl\":\"https:\/\/centre-region.eu\/wp-content\/uploads\/2020\/05\/Insoles-Piokal-1.jpg\",\"width\":600,\"height\":600},{\"@type\":\"BreadcrumbList\",\"@id\":\"https:\/\/centre-region.eu\/de\/produkt\/piokal-einlegesohlen\/#breadcrumb\",\"itemListElement\":[{\"@type\":\"ListItem\",\"position\":1,\"name\":\"Home\",\"item\":\"https:\/\/centre-region.eu\/de\/\"},{\"@type\":\"ListItem\",\"position\":2,\"name\":\"Webshop\",\"item\":\"https:\/\/centre-region.eu\/de\/webshop\/\"},{\"@type\":\"ListItem\",\"position\":3,\"name\":\"PIOKAL\u00ae BIOENERGETISCHE EINLEGESOHLEN\"}]},{\"@type\":\"WebSite\",\"@id\":\"https:\/\/centre-region.eu\/de\/#website\",\"url\":\"https:\/\/centre-region.eu\/de\/\",\"name\":\"Centre-Region\",\"description\":\"official European representative of the \u00abCentre Region\u00bb company\",\"publisher\":{\"@id\":\"https:\/\/centre-region.eu\/de\/#organization\"},\"potentialAction\":[{\"@type\":\"SearchAction\",\"target\":{\"@type\":\"EntryPoint\",\"urlTemplate\":\"https:\/\/centre-region.eu\/de\/?s={search_term_string}\"},\"query-input\":\"required name=search_term_string\"}],\"inLanguage\":\"de\"},{\"@type\":\"Organization\",\"@id\":\"https:\/\/centre-region.eu\/de\/#organization\",\"name\":\"Centre-Region\",\"url\":\"https:\/\/centre-region.eu\/de\/\",\"logo\":{\"@type\":\"ImageObject\",\"inLanguage\":\"de\",\"@id\":\"https:\/\/centre-region.eu\/de\/#\/schema\/logo\/image\/\",\"url\":\"https:\/\/centre-region.eu\/wp-content\/uploads\/2019\/11\/Logo-Centre-Region-eu-5-1.svg\",\"contentUrl\":\"https:\/\/centre-region.eu\/wp-content\/uploads\/2019\/11\/Logo-Centre-Region-eu-5-1.svg\",\"caption\":\"Centre-Region\"},\"image\":{\"@id\":\"https:\/\/centre-region.eu\/de\/#\/schema\/logo\/image\/\"}}]}<\/script>\n<!-- \/ Yoast SEO plugin. -->","yoast_head_json":{"title":"PIOKAL\u00ae BIOENERGETISCHE EINLEGESOHLEN kaufen \u2014 Preis \u2705 und Foto - Centre-Region","description":"Bester Preis f\u00fcr \u23e9PIOKAL\u00ae BIOENERGETISCHE EINLEGESOHLEN\u23ea in unserem Online-Shop! Weltweite | Offizieller Distributor | Ausf\u00fchrliches Benutzerhandbuch. Bestellen Sie jetzt!","robots":{"index":"index","follow":"follow","max-snippet":"max-snippet:-1","max-image-preview":"max-image-preview:large","max-video-preview":"max-video-preview:-1"},"canonical":"https:\/\/centre-region.eu\/de\/produkt\/piokal-einlegesohlen\/","og_locale":"de_DE","og_type":"article","og_title":"PIOKAL\u00ae BIOENERGETISCHE EINLEGESOHLEN kaufen \u2014 Preis \u2705 und Foto - Centre-Region","og_description":"Bester Preis f\u00fcr \u23e9PIOKAL\u00ae BIOENERGETISCHE EINLEGESOHLEN\u23ea in unserem Online-Shop! Weltweite | Offizieller Distributor | Ausf\u00fchrliches Benutzerhandbuch. Bestellen Sie jetzt!","og_url":"https:\/\/centre-region.eu\/de\/produkt\/piokal-einlegesohlen\/","og_site_name":"Centre-Region","article_modified_time":"2023-08-09T20:48:08+00:00","og_image":[{"width":600,"height":600,"url":"https:\/\/centre-region.eu\/wp-content\/uploads\/2020\/05\/Insoles-Piokal-1.jpg","type":"image\/jpeg"}],"twitter_card":"summary_large_image","twitter_misc":{"Gesch\u00e4tzte Lesezeit":"2\u00a0Minuten"},"schema":{"@context":"https:\/\/schema.org","@graph":[{"@type":"WebPage","@id":"https:\/\/centre-region.eu\/de\/produkt\/piokal-einlegesohlen\/","url":"https:\/\/centre-region.eu\/de\/produkt\/piokal-einlegesohlen\/","name":"PIOKAL\u00ae BIOENERGETISCHE EINLEGESOHLEN kaufen \u2014 Preis \u2705 und Foto - Centre-Region","isPartOf":{"@id":"https:\/\/centre-region.eu\/de\/#website"},"primaryImageOfPage":{"@id":"https:\/\/centre-region.eu\/de\/produkt\/piokal-einlegesohlen\/#primaryimage"},"image":{"@id":"https:\/\/centre-region.eu\/de\/produkt\/piokal-einlegesohlen\/#primaryimage"},"thumbnailUrl":"https:\/\/centre-region.eu\/wp-content\/uploads\/2020\/05\/Insoles-Piokal-1.jpg","datePublished":"2020-05-24T01:30:30+00:00","dateModified":"2023-08-09T20:48:08+00:00","description":"Bester Preis f\u00fcr \u23e9PIOKAL\u00ae BIOENERGETISCHE EINLEGESOHLEN\u23ea in unserem Online-Shop! Weltweite | Offizieller Distributor | Ausf\u00fchrliches Benutzerhandbuch. Bestellen Sie jetzt!","breadcrumb":{"@id":"https:\/\/centre-region.eu\/de\/produkt\/piokal-einlegesohlen\/#breadcrumb"},"inLanguage":"de","potentialAction":[{"@type":"ReadAction","target":["https:\/\/centre-region.eu\/de\/produkt\/piokal-einlegesohlen\/"]}]},{"@type":"ImageObject","inLanguage":"de","@id":"https:\/\/centre-region.eu\/de\/produkt\/piokal-einlegesohlen\/#primaryimage","url":"https:\/\/centre-region.eu\/wp-content\/uploads\/2020\/05\/Insoles-Piokal-1.jpg","contentUrl":"https:\/\/centre-region.eu\/wp-content\/uploads\/2020\/05\/Insoles-Piokal-1.jpg","width":600,"height":600},{"@type":"BreadcrumbList","@id":"https:\/\/centre-region.eu\/de\/produkt\/piokal-einlegesohlen\/#breadcrumb","itemListElement":[{"@type":"ListItem","position":1,"name":"Home","item":"https:\/\/centre-region.eu\/de\/"},{"@type":"ListItem","position":2,"name":"Webshop","item":"https:\/\/centre-region.eu\/de\/webshop\/"},{"@type":"ListItem","position":3,"name":"PIOKAL\u00ae BIOENERGETISCHE EINLEGESOHLEN"}]},{"@type":"WebSite","@id":"https:\/\/centre-region.eu\/de\/#website","url":"https:\/\/centre-region.eu\/de\/","name":"Centre-Region","description":"official European representative of the \u00abCentre Region\u00bb company","publisher":{"@id":"https:\/\/centre-region.eu\/de\/#organization"},"potentialAction":[{"@type":"SearchAction","target":{"@type":"EntryPoint","urlTemplate":"https:\/\/centre-region.eu\/de\/?s={search_term_string}"},"query-input":"required name=search_term_string"}],"inLanguage":"de"},{"@type":"Organization","@id":"https:\/\/centre-region.eu\/de\/#organization","name":"Centre-Region","url":"https:\/\/centre-region.eu\/de\/","logo":{"@type":"ImageObject","inLanguage":"de","@id":"https:\/\/centre-region.eu\/de\/#\/schema\/logo\/image\/","url":"https:\/\/centre-region.eu\/wp-content\/uploads\/2019\/11\/Logo-Centre-Region-eu-5-1.svg","contentUrl":"https:\/\/centre-region.eu\/wp-content\/uploads\/2019\/11\/Logo-Centre-Region-eu-5-1.svg","caption":"Centre-Region"},"image":{"@id":"https:\/\/centre-region.eu\/de\/#\/schema\/logo\/image\/"}}]}},"_links":{"self":[{"href":"https:\/\/centre-region.eu\/de\/wp-json\/wp\/v2\/product\/12775","targetHints":{"allow":["GET"]}}],"collection":[{"href":"https:\/\/centre-region.eu\/de\/wp-json\/wp\/v2\/product"}],"about":[{"href":"https:\/\/centre-region.eu\/de\/wp-json\/wp\/v2\/types\/product"}],"replies":[{"embeddable":true,"href":"https:\/\/centre-region.eu\/de\/wp-json\/wp\/v2\/comments?post=12775"}],"version-history":[{"count":17,"href":"https:\/\/centre-region.eu\/de\/wp-json\/wp\/v2\/product\/12775\/revisions"}],"predecessor-version":[{"id":27048,"href":"https:\/\/centre-region.eu\/de\/wp-json\/wp\/v2\/product\/12775\/revisions\/27048"}],"wp:featuredmedia":[{"embeddable":true,"href":"https:\/\/centre-region.eu\/de\/wp-json\/wp\/v2\/media\/12816"}],"wp:attachment":[{"href":"https:\/\/centre-region.eu\/de\/wp-json\/wp\/v2\/media?parent=12775"}],"wp:term":[{"taxonomy":"product_cat","embeddable":true,"href":"https:\/\/centre-region.eu\/de\/wp-json\/wp\/v2\/product_cat?post=12775"},{"taxonomy":"product_tag","embeddable":true,"href":"https:\/\/centre-region.eu\/de\/wp-json\/wp\/v2\/product_tag?post=12775"}],"curies":[{"name":"wp","href":"https:\/\/api.w.org\/{rel}","templated":true}]}}