{"id":9546,"date":"2020-01-03T08:20:13","date_gmt":"2020-01-03T08:20:13","guid":{"rendered":"https:\/\/www.centre-region.eu\/rueckgabe-ersatz\/"},"modified":"2023-11-06T13:55:04","modified_gmt":"2023-11-06T13:55:04","slug":"rueckgabe-ersatz","status":"publish","type":"page","link":"https:\/\/centre-region.eu\/de\/rueckgabe-ersatz\/","title":{"rendered":"R\u00fcckgabe &amp; Ersatz"},"content":{"rendered":"\t\t<div data-elementor-type=\"wp-page\" data-elementor-id=\"9546\" class=\"elementor elementor-9546 elementor-6109\" data-elementor-post-type=\"page\">\n\t\t\t\t\t\t<section class=\"elementor-section elementor-top-section elementor-element elementor-element-5dc1e6bf elementor-section-boxed elementor-section-height-default elementor-section-height-default\" data-id=\"5dc1e6bf\" data-element_type=\"section\">\n\t\t\t\t\t\t<div class=\"elementor-container elementor-column-gap-default\">\n\t\t\t\t\t<div class=\"elementor-column elementor-col-100 elementor-top-column elementor-element elementor-element-5a939c3f\" data-id=\"5a939c3f\" data-element_type=\"column\">\n\t\t\t<div class=\"elementor-widget-wrap elementor-element-populated\">\n\t\t\t\t\t\t<div class=\"elementor-element elementor-element-cb449b1 elementor-widget elementor-widget-woocommerce-breadcrumb\" data-id=\"cb449b1\" data-element_type=\"widget\" data-widget_type=\"woocommerce-breadcrumb.default\">\n\t\t\t\t<div class=\"elementor-widget-container\">\n\t\t\t<nav class=\"woocommerce-breadcrumb\" aria-label=\"Breadcrumb\">Home<\/nav>\t\t<\/div>\n\t\t\t\t<\/div>\n\t\t\t\t\t<\/div>\n\t\t<\/div>\n\t\t\t\t\t<\/div>\n\t\t<\/section>\n\t\t\t\t<section class=\"elementor-section elementor-top-section elementor-element elementor-element-4f4aa759 elementor-section-stretched elementor-section-boxed elementor-section-height-default elementor-section-height-default\" data-id=\"4f4aa759\" data-element_type=\"section\" data-settings=\"{&quot;stretch_section&quot;:&quot;section-stretched&quot;,&quot;background_background&quot;:&quot;classic&quot;}\">\n\t\t\t\t\t\t<div class=\"elementor-container elementor-column-gap-default\">\n\t\t\t\t\t<div class=\"elementor-column elementor-col-100 elementor-top-column elementor-element elementor-element-89e042d\" data-id=\"89e042d\" data-element_type=\"column\">\n\t\t\t<div class=\"elementor-widget-wrap elementor-element-populated\">\n\t\t\t\t\t\t<div class=\"elementor-element elementor-element-7eb43c30 elementor-widget elementor-widget-heading\" data-id=\"7eb43c30\" data-element_type=\"widget\" data-widget_type=\"heading.default\">\n\t\t\t\t<div class=\"elementor-widget-container\">\n\t\t\t<h3 class=\"elementor-heading-title elementor-size-default\">R\u00fcckgabe &amp; Ersatz<\/h3>\t\t<\/div>\n\t\t\t\t<\/div>\n\t\t\t\t\t<\/div>\n\t\t<\/div>\n\t\t\t\t\t<\/div>\n\t\t<\/section>\n\t\t\t\t<section class=\"elementor-section elementor-top-section elementor-element elementor-element-6b7f0142 elementor-section-stretched elementor-section-boxed elementor-section-height-default elementor-section-height-default\" data-id=\"6b7f0142\" data-element_type=\"section\" data-settings=\"{&quot;stretch_section&quot;:&quot;section-stretched&quot;}\">\n\t\t\t\t\t\t<div class=\"elementor-container elementor-column-gap-default\">\n\t\t\t\t\t<div class=\"elementor-column elementor-col-50 elementor-top-column elementor-element elementor-element-53eadd8b\" data-id=\"53eadd8b\" data-element_type=\"column\">\n\t\t\t<div class=\"elementor-widget-wrap elementor-element-populated\">\n\t\t\t\t\t\t<div class=\"elementor-element elementor-element-d050f2e elementor-widget elementor-widget-heading\" data-id=\"d050f2e\" data-element_type=\"widget\" data-widget_type=\"heading.default\">\n\t\t\t\t<div class=\"elementor-widget-container\">\n\t\t\t<h3 class=\"elementor-heading-title elementor-size-default\">R\u00fccksendungen, R\u00fcckerstattungen und Umtausch<\/h3>\t\t<\/div>\n\t\t\t\t<\/div>\n\t\t\t\t<div class=\"elementor-element elementor-element-94458fa elementor-widget elementor-widget-heading\" data-id=\"94458fa\" data-element_type=\"widget\" data-widget_type=\"heading.default\">\n\t\t\t\t<div class=\"elementor-widget-container\">\n\t\t\t<h3 class=\"elementor-heading-title elementor-size-default\">Ihre Zufriedenheit ist das Wichtigste f\u00fcr uns!<\/h3>\t\t<\/div>\n\t\t\t\t<\/div>\n\t\t\t\t<div class=\"elementor-element elementor-element-7a99716a elementor-widget elementor-widget-text-editor\" data-id=\"7a99716a\" data-element_type=\"widget\" data-widget_type=\"text-editor.default\">\n\t\t\t\t<div class=\"elementor-widget-container\">\n\t\t\t\t\t\t\t<p>Jeder bei Centre Region teilt die Philosophie, Ihnen dabei helfen zu wollen, genau die richtigen Produkte zu finden, die Ihren Bed\u00fcrfnissen entsprechen. Denken Sie daran, dass viele Produkte eine kumulative Wirkung haben und es unrealistisch ist, sofortige Ergebnisse zu erwarten. Lassen Sie dem Produkt gen\u00fcgend Zeit, um den gew\u00fcnschten Effekt zu erzielen.<\/p><p>Bitte kontaktieren Sie uns sofort nach Erhalt, wenn Ihr Produkt besch\u00e4digt oder defekt ist, und wir werden es umgehend ersetzen.<\/p><p>Alle Produkte unterliegen einer 14-t\u00e4gigen R\u00fcckgabepolice und unterliegen einer Geb\u00fchr von 20 Auff\u00fcllungsgeb\u00fchren. Versandkosten und PayPal-Geb\u00fchren sind nicht erstattungsf\u00e4hig.<\/p><p>F\u00fcr den Fall, dass der Kunde einfach seine Meinung ge\u00e4ndert hat und die Bestellung stornieren m\u00f6chte, beachten Sie bitte, dass die PayPal-Zahlungsgeb\u00fchren nicht erstattungsf\u00e4hig sind.<\/p><p>Wenn Sie ein Produkt zur\u00fccksenden m\u00f6chten, kontaktieren Sie uns bitte mit Ihrem Namen, Ihrer Adresse und Ihrer Bestellnummer. Wir senden Ihnen dann eine R\u00fccksendeautorisierungsnummer und Anweisungen, wie und wo Sie Ihre R\u00fccksendung senden k\u00f6nnen. Wir versenden Bestellungen von mehreren europ\u00e4ischen Standorten, und R\u00fccksendungen werden nicht immer an den Ort gesendet, von dem aus Ihre Bestellung versendet wurde. Wenn Sie Ihre R\u00fccksendung an eine andere Adresse als die, die wir Ihnen anweisen, senden oder die Lieferung einer Sendung verweigert wird, kann dies zu einer reduzierten oder keinen Gutschrift f\u00fchren. Um dies zu verhindern, bitten wir Sie, uns zu kontaktieren, bevor Sie einen Artikel an uns zur\u00fccksenden. Wir akzeptieren keine R\u00fccksendungen ohne R.A.N auf der Au\u00dfenseite des Kartons. Bitte stellen Sie sicher, dass Sich Ihr Artikel in einem neuen und unbenutzten Zustand befindet, und verpacken Sie ihn in seiner Originalverpackung. R\u00fccksendungen m\u00fcssen innerhalb von 30 Tagen nach Lieferung Ihrer Bestellung eingehen.<\/p><p>Alle R\u00fccksendungen m\u00fcssen in einem neuen Zustand sein, in Originalverpackung, mit Anweisungen und Zubeh\u00f6r. Artikel, die in weniger als neuem Zustand, unvollst\u00e4ndig, aus der Plastikfolie oder Verpackung zur\u00fcckgebracht oder nach 14 Tagen nach Erhalt bei uns erhalten werden, k\u00f6nnen zus\u00e4tzlichen Auff\u00fcllungsgeb\u00fchren bis zu 50 des Preises des Artikels unterliegen oder nicht akzeptiert werden. Wir behalten uns das Recht vor, die Ausgabe von Gutschriften f\u00fcr alle Artikel zu verweigern, die verwendet, missbraucht oder besch\u00e4digt wurden. Sie k\u00f6nnen Ihre R\u00fccksendung \u00fcber einen beliebigen Spediteur an uns senden, aber wir k\u00f6nnen nicht f\u00fcr den Nichterhalt von R\u00fccksendungen verantwortlich sein, die nicht durch Lieferadresse und Unterschrift verfolgt werden k\u00f6nnen, noch k\u00f6nnen wir den Eingang einer R\u00fccksendung\/Umtausch best\u00e4tigen, bis sie bearbeitet wurde. Versandkosten (f\u00fcr Denkverkehr) werden der Zahlungsmethode in Rechnung gestellt, die aus der urspr\u00fcnglichen Bestellung gespeichert wurde.<\/p><p>Nach Erhalt Ihrer R\u00fccksendung k\u00f6nnen wir einen Umtausch, Ersatz, Einlagerungsguthaben (das automatisch auf Ihre n\u00e4chste Bestellung angewendet wird) ausstellen oder Ihnen eine R\u00fcckerstattung senden.<\/p><p>R\u00fccksendungen werden in der Regel innerhalb von 4-5 Tagen nach Erhalt bearbeitet, und R\u00fcckerstattungen auf Ihre Kreditkarte dauern 10-14 Werktage nach der Bearbeitung Ihrer R\u00fccksendung. R\u00fcckerstattungen werden auf die gleiche Weise wie die urspr\u00fcngliche Zahlung ausgestellt. Kreditkartenunternehmen variieren in ihren Prozessen der R\u00fcckerstattung von R\u00fcckerstattungen auf Ihr Konto. Wenn Waren- oder Geschenkgutscheine als Zahlungsmittel verwendet wurden, stellen wir ihnen diese bei der Abwicklung Ihrer R\u00fccksendung erneut aus.<\/p><p>Die R\u00fccksendepolicen beinhalten keine Porto-, Fracht-, Bearbeitungs-, Versicherungs- oder Liefergeb\u00fchren. Sie deckt keine Sch\u00e4den, Defekte oder Ausf\u00e4lle ab, die durch Oder durch Unfall, \u00e4u\u00dfere Zerst\u00f6rung, \u00c4nderung, \u00c4nderung, unsachgem\u00e4\u00dfe Installation, Missbrauch, Missbrauch (wie \u00fcberm\u00e4\u00dfiger Wasserdruck auf zutreffende Gegenst\u00e4nde usw.) oder falsche Anwendung unserer Produkte. Dar\u00fcber hinaus decken unsere R\u00fcckgaberichtlinien keine Sch\u00e4den am Produkt ab, die durch R\u00fcckversand oder Handhabung entsteheVersandkosten und PayPal-Geb\u00fchren sind nicht erstattungsf\u00e4hig.<\/p>\t\t\t\t\t\t<\/div>\n\t\t\t\t<\/div>\n\t\t\t\t<div class=\"elementor-element elementor-element-7639a826 elementor-widget elementor-widget-heading\" data-id=\"7639a826\" data-element_type=\"widget\" data-widget_type=\"heading.default\">\n\t\t\t\t<div class=\"elementor-widget-container\">\n\t\t\t<h3 class=\"elementor-heading-title elementor-size-default\">Einzelhandel:<\/h3>\t\t<\/div>\n\t\t\t\t<\/div>\n\t\t\t\t<div class=\"elementor-element elementor-element-6e9ddbe7 elementor-widget elementor-widget-text-editor\" data-id=\"6e9ddbe7\" data-element_type=\"widget\" data-widget_type=\"text-editor.default\">\n\t\t\t\t<div class=\"elementor-widget-container\">\n\t\t\t\t\t\t\t<p>Wir haben nur einen Online-Shop und keinen Einzelhandelsladen. Leider sind wir nicht in der Lage, das St\u00f6bern, Kaufen oder Abholen von Bestellungen aus unseren Lagern unterzubringen.<\/p>\n\t\t\t\t\t\t<\/div>\n\t\t\t\t<\/div>\n\t\t\t\t\t<\/div>\n\t\t<\/div>\n\t\t\t\t<div class=\"elementor-column elementor-col-50 elementor-top-column elementor-element elementor-element-2d7be954\" data-id=\"2d7be954\" data-element_type=\"column\">\n\t\t\t<div class=\"elementor-widget-wrap elementor-element-populated\">\n\t\t\t\t\t\t<section class=\"elementor-section elementor-inner-section elementor-element elementor-element-79d3472b elementor-section-boxed elementor-section-height-default elementor-section-height-default\" data-id=\"79d3472b\" data-element_type=\"section\">\n\t\t\t\t\t\t<div class=\"elementor-container elementor-column-gap-default\">\n\t\t\t\t\t<div class=\"elementor-column elementor-col-100 elementor-inner-column elementor-element elementor-element-57ca9802\" data-id=\"57ca9802\" data-element_type=\"column\">\n\t\t\t<div class=\"elementor-widget-wrap elementor-element-populated\">\n\t\t\t\t\t\t<div class=\"elementor-element elementor-element-1e1c4173 elementor-widget elementor-widget-image\" data-id=\"1e1c4173\" data-element_type=\"widget\" data-widget_type=\"image.default\">\n\t\t\t\t<div class=\"elementor-widget-container\">\n\t\t\t\t\t\t\t\t\t\t\t\t\t<img fetchpriority=\"high\" decoding=\"async\" width=\"270\" height=\"490\" src=\"https:\/\/centre-region.eu\/wp-content\/uploads\/2020\/09\/Vertical-banner-partership-DE.jpg\" class=\"attachment-large size-large wp-image-15220\" alt=\"\" srcset=\"https:\/\/centre-region.eu\/wp-content\/uploads\/2020\/09\/Vertical-banner-partership-DE.jpg 270w, https:\/\/centre-region.eu\/wp-content\/uploads\/2020\/09\/Vertical-banner-partership-DE-165x300.jpg 165w\" sizes=\"(max-width: 270px) 100vw, 270px\" \/>\t\t\t\t\t\t\t\t\t\t\t\t\t<\/div>\n\t\t\t\t<\/div>\n\t\t\t\t\t<\/div>\n\t\t<\/div>\n\t\t\t\t\t<\/div>\n\t\t<\/section>\n\t\t\t\t<section class=\"elementor-section elementor-inner-section elementor-element elementor-element-54e0d706 elementor-section-boxed elementor-section-height-default elementor-section-height-default\" data-id=\"54e0d706\" data-element_type=\"section\">\n\t\t\t\t\t\t<div class=\"elementor-container elementor-column-gap-default\">\n\t\t\t\t\t<div class=\"elementor-column elementor-col-100 elementor-inner-column elementor-element elementor-element-68712312\" data-id=\"68712312\" data-element_type=\"column\">\n\t\t\t<div class=\"elementor-widget-wrap elementor-element-populated\">\n\t\t\t\t\t\t<div class=\"elementor-element elementor-element-39d5d3ef elementor-widget elementor-widget-heading\" data-id=\"39d5d3ef\" data-element_type=\"widget\" data-widget_type=\"heading.default\">\n\t\t\t\t<div class=\"elementor-widget-container\">\n\t\t\t<h3 class=\"elementor-heading-title elementor-size-default\">ZUS\u00c4TZLICHE INFORMATIONEN<\/h3>\t\t<\/div>\n\t\t\t\t<\/div>\n\t\t\t\t\t<\/div>\n\t\t<\/div>\n\t\t\t\t\t<\/div>\n\t\t<\/section>\n\t\t\t\t<div class=\"elementor-element elementor-element-4e044028 elementor-icon-list--layout-traditional elementor-list-item-link-full_width elementor-widget elementor-widget-icon-list\" data-id=\"4e044028\" data-element_type=\"widget\" data-widget_type=\"icon-list.default\">\n\t\t\t\t<div class=\"elementor-widget-container\">\n\t\t\t\t\t<ul class=\"elementor-icon-list-items\">\n\t\t\t\t\t\t\t<li class=\"elementor-icon-list-item\">\n\t\t\t\t\t\t\t\t\t\t\t<a href=\"https:\/\/www.centre-region.eu\/my-account\/\">\n\n\t\t\t\t\t\t\t\t\t\t\t<span class=\"elementor-icon-list-text\">Mein Konto<\/span>\n\t\t\t\t\t\t\t\t\t\t\t<\/a>\n\t\t\t\t\t\t\t\t\t<\/li>\n\t\t\t\t\t\t\t\t<li class=\"elementor-icon-list-item\">\n\t\t\t\t\t\t\t\t\t\t\t<a href=\"\/?page_id=6113\">\n\n\t\t\t\t\t\t\t\t\t\t\t<span class=\"elementor-icon-list-text\">Allgemeine Gesch\u00e4ftsbedingungen<\/span>\n\t\t\t\t\t\t\t\t\t\t\t<\/a>\n\t\t\t\t\t\t\t\t\t<\/li>\n\t\t\t\t\t\t\t\t<li class=\"elementor-icon-list-item\">\n\t\t\t\t\t\t\t\t\t\t\t<a href=\"https:\/\/www.centre-region.eu\/de\/affiliate-programm\/\">\n\n\t\t\t\t\t\t\t\t\t\t\t<span class=\"elementor-icon-list-text\">teilhaberschaft<\/span>\n\t\t\t\t\t\t\t\t\t\t\t<\/a>\n\t\t\t\t\t\t\t\t\t<\/li>\n\t\t\t\t\t\t\t\t<li class=\"elementor-icon-list-item\">\n\t\t\t\t\t\t\t\t\t\t\t<a href=\"\/?page_id=6114\">\n\n\t\t\t\t\t\t\t\t\t\t\t<span class=\"elementor-icon-list-text\">Gro\u00dfhandelspreise<\/span>\n\t\t\t\t\t\t\t\t\t\t\t<\/a>\n\t\t\t\t\t\t\t\t\t<\/li>\n\t\t\t\t\t\t<\/ul>\n\t\t\t\t<\/div>\n\t\t\t\t<\/div>\n\t\t\t\t\t<\/div>\n\t\t<\/div>\n\t\t\t\t\t<\/div>\n\t\t<\/section>\n\t\t\t\t<\/div>\n\t\t","protected":false},"excerpt":{"rendered":"<p>R\u00fccksendungen, R\u00fcckerstattungen und Umtausch Ihre Zufriedenheit ist das Wichtigste f\u00fcr uns! Jeder bei Centre Region teilt die Philosophie, Ihnen dabei helfen zu wollen, genau die richtigen Produkte zu finden, die Ihren Bed\u00fcrfnissen entsprechen. Denken Sie daran, dass viele Produkte eine kumulative Wirkung haben und es unrealistisch ist, sofortige Ergebnisse zu erwarten. Lassen Sie dem Produkt &hellip;<\/p>\n<p class=\"read-more\"> <a class=\"\" href=\"https:\/\/centre-region.eu\/de\/rueckgabe-ersatz\/\"> <span class=\"screen-reader-text\">R\u00fcckgabe &amp; Ersatz<\/span> Weiterlesen &raquo;<\/a><\/p>\n","protected":false},"author":2,"featured_media":0,"parent":0,"menu_order":0,"comment_status":"closed","ping_status":"closed","template":"elementor_header_footer","meta":{"site-sidebar-layout":"no-sidebar","site-content-layout":"page-builder","ast-global-header-display":"","ast-main-header-display":"","ast-hfb-above-header-display":"","ast-hfb-below-header-display":"","ast-hfb-mobile-header-display":"","site-post-title":"disabled","ast-breadcrumbs-content":"","ast-featured-img":"disabled","footer-sml-layout":"","theme-transparent-header-meta":"default","adv-header-id-meta":"","stick-header-meta":"","header-above-stick-meta":"","header-main-stick-meta":"","header-below-stick-meta":"","footnotes":""},"class_list":["post-9546","page","type-page","status-publish","hentry"],"acf":[],"yoast_head":"<!-- This site is optimized with the Yoast SEO plugin v22.2 - https:\/\/yoast.com\/wordpress\/plugins\/seo\/ -->\n<title>R\u00fcckgabe &amp; Ersatz - Centre-Region<\/title>\n<meta name=\"robots\" content=\"index, follow, max-snippet:-1, max-image-preview:large, max-video-preview:-1\" \/>\n<link rel=\"canonical\" href=\"https:\/\/centre-region.eu\/de\/rueckgabe-ersatz\/\" \/>\n<meta property=\"og:locale\" content=\"de_DE\" \/>\n<meta property=\"og:type\" content=\"article\" \/>\n<meta property=\"og:title\" content=\"R\u00fcckgabe &amp; Ersatz - Centre-Region\" \/>\n<meta property=\"og:description\" content=\"R\u00fccksendungen, R\u00fcckerstattungen und Umtausch Ihre Zufriedenheit ist das Wichtigste f\u00fcr uns! Jeder bei Centre Region teilt die Philosophie, Ihnen dabei helfen zu wollen, genau die richtigen Produkte zu finden, die Ihren Bed\u00fcrfnissen entsprechen. Denken Sie daran, dass viele Produkte eine kumulative Wirkung haben und es unrealistisch ist, sofortige Ergebnisse zu erwarten. Lassen Sie dem Produkt &hellip; R\u00fcckgabe &amp; Ersatz Weiterlesen &raquo;\" \/>\n<meta property=\"og:url\" content=\"https:\/\/centre-region.eu\/de\/rueckgabe-ersatz\/\" \/>\n<meta property=\"og:site_name\" content=\"Centre-Region\" \/>\n<meta property=\"article:modified_time\" content=\"2023-11-06T13:55:04+00:00\" \/>\n<meta property=\"og:image\" content=\"https:\/\/centre-region.eu\/wp-content\/uploads\/2020\/09\/Vertical-banner-partership-DE.jpg\" \/>\n<meta name=\"twitter:card\" content=\"summary_large_image\" \/>\n<meta name=\"twitter:label1\" content=\"Gesch\u00e4tzte Lesezeit\" \/>\n\t<meta name=\"twitter:data1\" content=\"4\u00a0Minuten\" \/>\n<script type=\"application\/ld+json\" class=\"yoast-schema-graph\">{\"@context\":\"https:\/\/schema.org\",\"@graph\":[{\"@type\":\"WebPage\",\"@id\":\"https:\/\/centre-region.eu\/de\/rueckgabe-ersatz\/\",\"url\":\"https:\/\/centre-region.eu\/de\/rueckgabe-ersatz\/\",\"name\":\"R\u00fcckgabe &amp; Ersatz - Centre-Region\",\"isPartOf\":{\"@id\":\"https:\/\/centre-region.eu\/de\/#website\"},\"primaryImageOfPage\":{\"@id\":\"https:\/\/centre-region.eu\/de\/rueckgabe-ersatz\/#primaryimage\"},\"image\":{\"@id\":\"https:\/\/centre-region.eu\/de\/rueckgabe-ersatz\/#primaryimage\"},\"thumbnailUrl\":\"https:\/\/centre-region.eu\/wp-content\/uploads\/2020\/09\/Vertical-banner-partership-DE.jpg\",\"datePublished\":\"2020-01-03T08:20:13+00:00\",\"dateModified\":\"2023-11-06T13:55:04+00:00\",\"breadcrumb\":{\"@id\":\"https:\/\/centre-region.eu\/de\/rueckgabe-ersatz\/#breadcrumb\"},\"inLanguage\":\"de\",\"potentialAction\":[{\"@type\":\"ReadAction\",\"target\":[\"https:\/\/centre-region.eu\/de\/rueckgabe-ersatz\/\"]}]},{\"@type\":\"ImageObject\",\"inLanguage\":\"de\",\"@id\":\"https:\/\/centre-region.eu\/de\/rueckgabe-ersatz\/#primaryimage\",\"url\":\"https:\/\/centre-region.eu\/wp-content\/uploads\/2020\/09\/Vertical-banner-partership-DE.jpg\",\"contentUrl\":\"https:\/\/centre-region.eu\/wp-content\/uploads\/2020\/09\/Vertical-banner-partership-DE.jpg\",\"width\":270,\"height\":490},{\"@type\":\"BreadcrumbList\",\"@id\":\"https:\/\/centre-region.eu\/de\/rueckgabe-ersatz\/#breadcrumb\",\"itemListElement\":[{\"@type\":\"ListItem\",\"position\":1,\"name\":\"Home\",\"item\":\"https:\/\/centre-region.eu\/de\/\"},{\"@type\":\"ListItem\",\"position\":2,\"name\":\"R\u00fcckgabe &amp; Ersatz\"}]},{\"@type\":\"WebSite\",\"@id\":\"https:\/\/centre-region.eu\/de\/#website\",\"url\":\"https:\/\/centre-region.eu\/de\/\",\"name\":\"Centre-Region\",\"description\":\"official European representative of the \u00abCentre Region\u00bb company\",\"publisher\":{\"@id\":\"https:\/\/centre-region.eu\/de\/#organization\"},\"potentialAction\":[{\"@type\":\"SearchAction\",\"target\":{\"@type\":\"EntryPoint\",\"urlTemplate\":\"https:\/\/centre-region.eu\/de\/?s={search_term_string}\"},\"query-input\":\"required name=search_term_string\"}],\"inLanguage\":\"de\"},{\"@type\":\"Organization\",\"@id\":\"https:\/\/centre-region.eu\/de\/#organization\",\"name\":\"Centre-Region\",\"url\":\"https:\/\/centre-region.eu\/de\/\",\"logo\":{\"@type\":\"ImageObject\",\"inLanguage\":\"de\",\"@id\":\"https:\/\/centre-region.eu\/de\/#\/schema\/logo\/image\/\",\"url\":\"https:\/\/centre-region.eu\/wp-content\/uploads\/2019\/11\/Logo-Centre-Region-eu-5-1.svg\",\"contentUrl\":\"https:\/\/centre-region.eu\/wp-content\/uploads\/2019\/11\/Logo-Centre-Region-eu-5-1.svg\",\"caption\":\"Centre-Region\"},\"image\":{\"@id\":\"https:\/\/centre-region.eu\/de\/#\/schema\/logo\/image\/\"}}]}<\/script>\n<!-- \/ Yoast SEO plugin. -->","yoast_head_json":{"title":"R\u00fcckgabe &amp; Ersatz - Centre-Region","robots":{"index":"index","follow":"follow","max-snippet":"max-snippet:-1","max-image-preview":"max-image-preview:large","max-video-preview":"max-video-preview:-1"},"canonical":"https:\/\/centre-region.eu\/de\/rueckgabe-ersatz\/","og_locale":"de_DE","og_type":"article","og_title":"R\u00fcckgabe &amp; Ersatz - Centre-Region","og_description":"R\u00fccksendungen, R\u00fcckerstattungen und Umtausch Ihre Zufriedenheit ist das Wichtigste f\u00fcr uns! Jeder bei Centre Region teilt die Philosophie, Ihnen dabei helfen zu wollen, genau die richtigen Produkte zu finden, die Ihren Bed\u00fcrfnissen entsprechen. Denken Sie daran, dass viele Produkte eine kumulative Wirkung haben und es unrealistisch ist, sofortige Ergebnisse zu erwarten. Lassen Sie dem Produkt &hellip; R\u00fcckgabe &amp; Ersatz Weiterlesen &raquo;","og_url":"https:\/\/centre-region.eu\/de\/rueckgabe-ersatz\/","og_site_name":"Centre-Region","article_modified_time":"2023-11-06T13:55:04+00:00","og_image":[{"url":"https:\/\/centre-region.eu\/wp-content\/uploads\/2020\/09\/Vertical-banner-partership-DE.jpg"}],"twitter_card":"summary_large_image","twitter_misc":{"Gesch\u00e4tzte Lesezeit":"4\u00a0Minuten"},"schema":{"@context":"https:\/\/schema.org","@graph":[{"@type":"WebPage","@id":"https:\/\/centre-region.eu\/de\/rueckgabe-ersatz\/","url":"https:\/\/centre-region.eu\/de\/rueckgabe-ersatz\/","name":"R\u00fcckgabe &amp; Ersatz - Centre-Region","isPartOf":{"@id":"https:\/\/centre-region.eu\/de\/#website"},"primaryImageOfPage":{"@id":"https:\/\/centre-region.eu\/de\/rueckgabe-ersatz\/#primaryimage"},"image":{"@id":"https:\/\/centre-region.eu\/de\/rueckgabe-ersatz\/#primaryimage"},"thumbnailUrl":"https:\/\/centre-region.eu\/wp-content\/uploads\/2020\/09\/Vertical-banner-partership-DE.jpg","datePublished":"2020-01-03T08:20:13+00:00","dateModified":"2023-11-06T13:55:04+00:00","breadcrumb":{"@id":"https:\/\/centre-region.eu\/de\/rueckgabe-ersatz\/#breadcrumb"},"inLanguage":"de","potentialAction":[{"@type":"ReadAction","target":["https:\/\/centre-region.eu\/de\/rueckgabe-ersatz\/"]}]},{"@type":"ImageObject","inLanguage":"de","@id":"https:\/\/centre-region.eu\/de\/rueckgabe-ersatz\/#primaryimage","url":"https:\/\/centre-region.eu\/wp-content\/uploads\/2020\/09\/Vertical-banner-partership-DE.jpg","contentUrl":"https:\/\/centre-region.eu\/wp-content\/uploads\/2020\/09\/Vertical-banner-partership-DE.jpg","width":270,"height":490},{"@type":"BreadcrumbList","@id":"https:\/\/centre-region.eu\/de\/rueckgabe-ersatz\/#breadcrumb","itemListElement":[{"@type":"ListItem","position":1,"name":"Home","item":"https:\/\/centre-region.eu\/de\/"},{"@type":"ListItem","position":2,"name":"R\u00fcckgabe &amp; Ersatz"}]},{"@type":"WebSite","@id":"https:\/\/centre-region.eu\/de\/#website","url":"https:\/\/centre-region.eu\/de\/","name":"Centre-Region","description":"official European representative of the \u00abCentre Region\u00bb company","publisher":{"@id":"https:\/\/centre-region.eu\/de\/#organization"},"potentialAction":[{"@type":"SearchAction","target":{"@type":"EntryPoint","urlTemplate":"https:\/\/centre-region.eu\/de\/?s={search_term_string}"},"query-input":"required name=search_term_string"}],"inLanguage":"de"},{"@type":"Organization","@id":"https:\/\/centre-region.eu\/de\/#organization","name":"Centre-Region","url":"https:\/\/centre-region.eu\/de\/","logo":{"@type":"ImageObject","inLanguage":"de","@id":"https:\/\/centre-region.eu\/de\/#\/schema\/logo\/image\/","url":"https:\/\/centre-region.eu\/wp-content\/uploads\/2019\/11\/Logo-Centre-Region-eu-5-1.svg","contentUrl":"https:\/\/centre-region.eu\/wp-content\/uploads\/2019\/11\/Logo-Centre-Region-eu-5-1.svg","caption":"Centre-Region"},"image":{"@id":"https:\/\/centre-region.eu\/de\/#\/schema\/logo\/image\/"}}]}},"_links":{"self":[{"href":"https:\/\/centre-region.eu\/de\/wp-json\/wp\/v2\/pages\/9546","targetHints":{"allow":["GET"]}}],"collection":[{"href":"https:\/\/centre-region.eu\/de\/wp-json\/wp\/v2\/pages"}],"about":[{"href":"https:\/\/centre-region.eu\/de\/wp-json\/wp\/v2\/types\/page"}],"author":[{"embeddable":true,"href":"https:\/\/centre-region.eu\/de\/wp-json\/wp\/v2\/users\/2"}],"replies":[{"embeddable":true,"href":"https:\/\/centre-region.eu\/de\/wp-json\/wp\/v2\/comments?post=9546"}],"version-history":[{"count":15,"href":"https:\/\/centre-region.eu\/de\/wp-json\/wp\/v2\/pages\/9546\/revisions"}],"predecessor-version":[{"id":27454,"href":"https:\/\/centre-region.eu\/de\/wp-json\/wp\/v2\/pages\/9546\/revisions\/27454"}],"wp:attachment":[{"href":"https:\/\/centre-region.eu\/de\/wp-json\/wp\/v2\/media?parent=9546"}],"curies":[{"name":"wp","href":"https:\/\/api.w.org\/{rel}","templated":true}]}}