{"id":9526,"date":"2020-01-03T08:17:17","date_gmt":"2020-01-03T08:17:17","guid":{"rendered":"https:\/\/www.centre-region.eu\/garantie\/"},"modified":"2021-09-16T21:08:36","modified_gmt":"2021-09-16T21:08:36","slug":"garantie","status":"publish","type":"page","link":"https:\/\/centre-region.eu\/de\/garantie\/","title":{"rendered":"Garantie"},"content":{"rendered":"\t\t<div data-elementor-type=\"wp-page\" data-elementor-id=\"9526\" class=\"elementor elementor-9526 elementor-6105\" data-elementor-post-type=\"page\">\n\t\t\t\t\t\t<section class=\"elementor-section elementor-top-section elementor-element elementor-element-6b3070cc elementor-section-boxed elementor-section-height-default elementor-section-height-default\" data-id=\"6b3070cc\" data-element_type=\"section\">\n\t\t\t\t\t\t<div class=\"elementor-container elementor-column-gap-default\">\n\t\t\t\t\t<div class=\"elementor-column elementor-col-100 elementor-top-column elementor-element elementor-element-4db9fa41\" data-id=\"4db9fa41\" data-element_type=\"column\">\n\t\t\t<div class=\"elementor-widget-wrap elementor-element-populated\">\n\t\t\t\t\t\t<div class=\"elementor-element elementor-element-6ffdec2 elementor-widget elementor-widget-woocommerce-breadcrumb\" data-id=\"6ffdec2\" data-element_type=\"widget\" data-widget_type=\"woocommerce-breadcrumb.default\">\n\t\t\t\t<div class=\"elementor-widget-container\">\n\t\t\t<nav class=\"woocommerce-breadcrumb\" aria-label=\"Breadcrumb\">Home<\/nav>\t\t<\/div>\n\t\t\t\t<\/div>\n\t\t\t\t\t<\/div>\n\t\t<\/div>\n\t\t\t\t\t<\/div>\n\t\t<\/section>\n\t\t\t\t<section class=\"elementor-section elementor-top-section elementor-element elementor-element-691de6ea elementor-section-stretched elementor-section-boxed elementor-section-height-default elementor-section-height-default\" data-id=\"691de6ea\" data-element_type=\"section\" data-settings=\"{&quot;stretch_section&quot;:&quot;section-stretched&quot;,&quot;background_background&quot;:&quot;classic&quot;}\">\n\t\t\t\t\t\t<div class=\"elementor-container elementor-column-gap-default\">\n\t\t\t\t\t<div class=\"elementor-column elementor-col-100 elementor-top-column elementor-element elementor-element-7a64f869\" data-id=\"7a64f869\" data-element_type=\"column\">\n\t\t\t<div class=\"elementor-widget-wrap elementor-element-populated\">\n\t\t\t\t\t\t<div class=\"elementor-element elementor-element-1fc959e elementor-widget elementor-widget-heading\" data-id=\"1fc959e\" data-element_type=\"widget\" data-widget_type=\"heading.default\">\n\t\t\t\t<div class=\"elementor-widget-container\">\n\t\t\t<h3 class=\"elementor-heading-title elementor-size-default\">Garantie<\/h3>\t\t<\/div>\n\t\t\t\t<\/div>\n\t\t\t\t\t<\/div>\n\t\t<\/div>\n\t\t\t\t\t<\/div>\n\t\t<\/section>\n\t\t\t\t<section class=\"elementor-section elementor-top-section elementor-element elementor-element-4175e4dc elementor-section-stretched elementor-section-boxed elementor-section-height-default elementor-section-height-default\" data-id=\"4175e4dc\" data-element_type=\"section\" data-settings=\"{&quot;stretch_section&quot;:&quot;section-stretched&quot;}\">\n\t\t\t\t\t\t<div class=\"elementor-container elementor-column-gap-default\">\n\t\t\t\t\t<div class=\"elementor-column elementor-col-50 elementor-top-column elementor-element elementor-element-89bf927\" data-id=\"89bf927\" data-element_type=\"column\">\n\t\t\t<div class=\"elementor-widget-wrap elementor-element-populated\">\n\t\t\t\t\t\t<div class=\"elementor-element elementor-element-5aa998c1 elementor-widget elementor-widget-heading\" data-id=\"5aa998c1\" data-element_type=\"widget\" data-widget_type=\"heading.default\">\n\t\t\t\t<div class=\"elementor-widget-container\">\n\t\t\t<h3 class=\"elementor-heading-title elementor-size-default\">PRODUKTGARANTIE<\/h3>\t\t<\/div>\n\t\t\t\t<\/div>\n\t\t\t\t<div class=\"elementor-element elementor-element-1fa96d0 elementor-widget elementor-widget-text-editor\" data-id=\"1fa96d0\" data-element_type=\"widget\" data-widget_type=\"text-editor.default\">\n\t\t\t\t<div class=\"elementor-widget-container\">\n\t\t\t\t\t\t\t<p>Centre Region UAB garantiert dem K\u00e4ufer, dass die unter diese beschr\u00e4nkte Garantieerkl\u00e4rung fallenden Produkte, den Spezifikationen des Herstellers entsprechen und f\u00fcr einen Zeitraum von einem (1) Jahr ab dem urspr\u00fcnglichen Kaufdatum frei von Verarbeitungs- und Materialfehlern sind. F\u00fcr Garantieleistungen ben\u00f6tigen wir den Nachweis des urspr\u00fcnglichen Kaufdatums. (In Ausnahme von FK-Armb\u00e4ndern <span style=\"font-size: 15px; font-style: normal; font-weight: 400;\">(3 Monate Garantiezeit)<\/span> <span style=\"font-size: 15px;\">und Piokal-Produkten<\/span> <span style=\"font-size: 15px; font-style: normal; font-weight: 400;\">(<\/span>1 <span style=\"font-size: 15px; font-style: normal; font-weight: 400;\">Monat Garantiezeit<\/span><span style=\"font-size: 15px; font-style: normal; font-weight: 400;\">)).<\/span><span style=\"font-size: 15px;\">). F\u00fcr den Garantieservice m\u00fcssen Sie den Nachweis \u00fcber das Datum des urspr\u00fcnglichen Kaufs vorlegen.<\/span><\/p>\n<p>Sollte das von Ihnen gekaufte Produkt w\u00e4hrend der Garantiezeit defekt sein, kontaktieren Sie bitte den Kundendienst von Centre Region UAB unter der Telefonnummer +370 520 78 105 oder per E-Mail unter contact@centre-region.eu f\u00fcr die Erteilung einer R\u00fccksendegenehmigung. Ein Vertreter der Region Mitte wird mit Ihnen kommunizieren, um zu entscheiden, ob der Garantieersatz autorisiert werden soll. Alle R\u00fccksendungen m\u00fcssen eine RMA-Nummer (Return Merchandise Authorization Number) haben. Weitere Informationen finden Sie auf der Seite R\u00fcckgabepolitik.<\/p>\n\t\t\t\t\t\t<\/div>\n\t\t\t\t<\/div>\n\t\t\t\t<div class=\"elementor-element elementor-element-67ccc90b elementor-widget elementor-widget-heading\" data-id=\"67ccc90b\" data-element_type=\"widget\" data-widget_type=\"heading.default\">\n\t\t\t\t<div class=\"elementor-widget-container\">\n\t\t\t<h3 class=\"elementor-heading-title elementor-size-default\">DATENSICHERHEIT<\/h3>\t\t<\/div>\n\t\t\t\t<\/div>\n\t\t\t\t<div class=\"elementor-element elementor-element-1a2060cc elementor-widget elementor-widget-text-editor\" data-id=\"1a2060cc\" data-element_type=\"widget\" data-widget_type=\"text-editor.default\">\n\t\t\t\t<div class=\"elementor-widget-container\">\n\t\t\t\t\t\t\t<p>Wir haben geeignete technische und Sicherheitsma\u00dfnahmen getroffen, um unbefugten oder unrechtm\u00e4\u00dfigen Zugriff auf Ihre Daten oder versehentlichen Verlust oder Zerst\u00f6rung oder Besch\u00e4digung Ihrer Daten zu verhindern.<\/p>\n<p>Unsere Website ist PCI Level 1konform. Der Payment Card Industry Data Security Standard (PCI DSS) gilt f\u00fcr alle, die Kreditkarten akzeptieren und kreditkartendiebstahl und betr\u00fcgerische Zahlungen verhindern sollen.<\/p>\n<p>Nach Erhalt Ihrer Daten wenden wir strenge Verfahren und Sicherheitsma\u00dfnahmen an, um unbefugten Zugriff zu verhindern. Um sicherzustellen, dass Ihre personenbezogenen Daten im Internet optimal gesch\u00fctzt sind, haben wir unsere Website so sicher wie m\u00f6glich gemacht, daher die &#8220;https&#8221;-URL und DIE TLS Transport Layer Security-Verschl\u00fcsselung.<\/p>\n<p>Die Sicherheit Ihrer Daten h\u00e4ngt auch von Ihnen ab. Wenn wir Ihnen ein Passwort f\u00fcr den Zugriff auf bestimmte Teile unserer Website gegeben haben (oder wenn Sie es gew\u00e4hlt haben), sind Sie daf\u00fcr verantwortlich, dieses Passwort vertraulich zu behandeln. Wir bitten Sie, Ihr Passwort nicht mit jemandem zu teilen.<\/p>\n\t\t\t\t\t\t<\/div>\n\t\t\t\t<\/div>\n\t\t\t\t\t<\/div>\n\t\t<\/div>\n\t\t\t\t<div class=\"elementor-column elementor-col-50 elementor-top-column elementor-element elementor-element-743ebbe4\" data-id=\"743ebbe4\" data-element_type=\"column\">\n\t\t\t<div class=\"elementor-widget-wrap elementor-element-populated\">\n\t\t\t\t\t\t<section class=\"elementor-section elementor-inner-section elementor-element elementor-element-7c38f5be elementor-section-boxed elementor-section-height-default elementor-section-height-default\" data-id=\"7c38f5be\" data-element_type=\"section\">\n\t\t\t\t\t\t<div class=\"elementor-container elementor-column-gap-default\">\n\t\t\t\t\t<div class=\"elementor-column elementor-col-100 elementor-inner-column elementor-element elementor-element-66100f46\" data-id=\"66100f46\" data-element_type=\"column\">\n\t\t\t<div class=\"elementor-widget-wrap elementor-element-populated\">\n\t\t\t\t\t\t<div class=\"elementor-element elementor-element-421dd1e6 elementor-widget elementor-widget-image\" data-id=\"421dd1e6\" data-element_type=\"widget\" data-widget_type=\"image.default\">\n\t\t\t\t<div class=\"elementor-widget-container\">\n\t\t\t\t\t\t\t\t\t\t\t\t\t<img fetchpriority=\"high\" decoding=\"async\" width=\"270\" height=\"490\" src=\"https:\/\/centre-region.eu\/wp-content\/uploads\/2020\/09\/Vertical-banner-partership-EN.jpg\" class=\"attachment-large size-large wp-image-15214\" alt=\"\" srcset=\"https:\/\/centre-region.eu\/wp-content\/uploads\/2020\/09\/Vertical-banner-partership-EN.jpg 270w, https:\/\/centre-region.eu\/wp-content\/uploads\/2020\/09\/Vertical-banner-partership-EN-165x300.jpg 165w\" sizes=\"(max-width: 270px) 100vw, 270px\" \/>\t\t\t\t\t\t\t\t\t\t\t\t\t<\/div>\n\t\t\t\t<\/div>\n\t\t\t\t\t<\/div>\n\t\t<\/div>\n\t\t\t\t\t<\/div>\n\t\t<\/section>\n\t\t\t\t<section class=\"elementor-section elementor-inner-section elementor-element elementor-element-75d8cf7e elementor-section-boxed elementor-section-height-default elementor-section-height-default\" data-id=\"75d8cf7e\" data-element_type=\"section\">\n\t\t\t\t\t\t<div class=\"elementor-container elementor-column-gap-default\">\n\t\t\t\t\t<div class=\"elementor-column elementor-col-100 elementor-inner-column elementor-element elementor-element-1659568a\" data-id=\"1659568a\" data-element_type=\"column\">\n\t\t\t<div class=\"elementor-widget-wrap elementor-element-populated\">\n\t\t\t\t\t\t<div class=\"elementor-element elementor-element-7aa5e912 elementor-widget elementor-widget-heading\" data-id=\"7aa5e912\" data-element_type=\"widget\" data-widget_type=\"heading.default\">\n\t\t\t\t<div class=\"elementor-widget-container\">\n\t\t\t<h3 class=\"elementor-heading-title elementor-size-default\">KUNDENSERVICE<\/h3>\t\t<\/div>\n\t\t\t\t<\/div>\n\t\t\t\t<div class=\"elementor-element elementor-element-4ddcd851 elementor-icon-list--layout-traditional elementor-list-item-link-full_width elementor-widget elementor-widget-icon-list\" data-id=\"4ddcd851\" data-element_type=\"widget\" data-widget_type=\"icon-list.default\">\n\t\t\t\t<div class=\"elementor-widget-container\">\n\t\t\t\t\t<ul class=\"elementor-icon-list-items\">\n\t\t\t\t\t\t\t<li class=\"elementor-icon-list-item\">\n\t\t\t\t\t\t\t\t\t\t<span class=\"elementor-icon-list-text\">Mein Konto<\/span>\n\t\t\t\t\t\t\t\t\t<\/li>\n\t\t\t\t\t\t\t\t<li class=\"elementor-icon-list-item\">\n\t\t\t\t\t\t\t\t\t\t<span class=\"elementor-icon-list-text\">Allgemeine Gesch\u00e4ftsbedingungen<\/span>\n\t\t\t\t\t\t\t\t\t<\/li>\n\t\t\t\t\t\t\t\t<li class=\"elementor-icon-list-item\">\n\t\t\t\t\t\t\t\t\t\t<span class=\"elementor-icon-list-text\">FSC Professional<\/span>\n\t\t\t\t\t\t\t\t\t<\/li>\n\t\t\t\t\t\t\t\t<li class=\"elementor-icon-list-item\">\n\t\t\t\t\t\t\t\t\t\t<span class=\"elementor-icon-list-text\">Partner Werden<\/span>\n\t\t\t\t\t\t\t\t\t<\/li>\n\t\t\t\t\t\t<\/ul>\n\t\t\t\t<\/div>\n\t\t\t\t<\/div>\n\t\t\t\t\t<\/div>\n\t\t<\/div>\n\t\t\t\t\t<\/div>\n\t\t<\/section>\n\t\t\t\t\t<\/div>\n\t\t<\/div>\n\t\t\t\t\t<\/div>\n\t\t<\/section>\n\t\t\t\t<\/div>\n\t\t","protected":false},"excerpt":{"rendered":"<p>PRODUKTGARANTIE Centre Region UAB garantiert dem K\u00e4ufer, dass die unter diese beschr\u00e4nkte Garantieerkl\u00e4rung fallenden Produkte, den Spezifikationen des Herstellers entsprechen und f\u00fcr einen Zeitraum von einem (1) Jahr ab dem urspr\u00fcnglichen Kaufdatum frei von Verarbeitungs- und Materialfehlern sind. F\u00fcr Garantieleistungen ben\u00f6tigen wir den Nachweis des urspr\u00fcnglichen Kaufdatums. (In Ausnahme von FK-Armb\u00e4ndern (3 Monate Garantiezeit) und &hellip;<\/p>\n<p class=\"read-more\"> <a class=\"\" href=\"https:\/\/centre-region.eu\/de\/garantie\/\"> <span class=\"screen-reader-text\">Garantie<\/span> Weiterlesen &raquo;<\/a><\/p>\n","protected":false},"author":2,"featured_media":0,"parent":0,"menu_order":0,"comment_status":"closed","ping_status":"closed","template":"elementor_header_footer","meta":{"site-sidebar-layout":"no-sidebar","site-content-layout":"page-builder","ast-global-header-display":"","ast-main-header-display":"","ast-hfb-above-header-display":"","ast-hfb-below-header-display":"","ast-hfb-mobile-header-display":"","site-post-title":"disabled","ast-breadcrumbs-content":"","ast-featured-img":"disabled","footer-sml-layout":"","theme-transparent-header-meta":"default","adv-header-id-meta":"","stick-header-meta":"","header-above-stick-meta":"","header-main-stick-meta":"","header-below-stick-meta":"","footnotes":""},"class_list":["post-9526","page","type-page","status-publish","hentry"],"acf":[],"yoast_head":"<!-- This site is optimized with the Yoast SEO plugin v22.2 - https:\/\/yoast.com\/wordpress\/plugins\/seo\/ -->\n<title>Garantie - Centre-Region<\/title>\n<meta name=\"robots\" content=\"index, follow, max-snippet:-1, max-image-preview:large, max-video-preview:-1\" \/>\n<link rel=\"canonical\" href=\"https:\/\/centre-region.eu\/de\/garantie\/\" \/>\n<meta property=\"og:locale\" content=\"de_DE\" \/>\n<meta property=\"og:type\" content=\"article\" \/>\n<meta property=\"og:title\" content=\"Garantie - Centre-Region\" \/>\n<meta property=\"og:description\" content=\"PRODUKTGARANTIE Centre Region UAB garantiert dem K\u00e4ufer, dass die unter diese beschr\u00e4nkte Garantieerkl\u00e4rung fallenden Produkte, den Spezifikationen des Herstellers entsprechen und f\u00fcr einen Zeitraum von einem (1) Jahr ab dem urspr\u00fcnglichen Kaufdatum frei von Verarbeitungs- und Materialfehlern sind. F\u00fcr Garantieleistungen ben\u00f6tigen wir den Nachweis des urspr\u00fcnglichen Kaufdatums. (In Ausnahme von FK-Armb\u00e4ndern (3 Monate Garantiezeit) und &hellip; Garantie Weiterlesen &raquo;\" \/>\n<meta property=\"og:url\" content=\"https:\/\/centre-region.eu\/de\/garantie\/\" \/>\n<meta property=\"og:site_name\" content=\"Centre-Region\" \/>\n<meta property=\"article:modified_time\" content=\"2021-09-16T21:08:36+00:00\" \/>\n<meta property=\"og:image\" content=\"https:\/\/centre-region.eu\/wp-content\/uploads\/2020\/09\/Vertical-banner-partership-EN.jpg\" \/>\n<meta name=\"twitter:card\" content=\"summary_large_image\" \/>\n<meta name=\"twitter:label1\" content=\"Gesch\u00e4tzte Lesezeit\" \/>\n\t<meta name=\"twitter:data1\" content=\"2\u00a0Minuten\" \/>\n<script type=\"application\/ld+json\" class=\"yoast-schema-graph\">{\"@context\":\"https:\/\/schema.org\",\"@graph\":[{\"@type\":\"WebPage\",\"@id\":\"https:\/\/centre-region.eu\/de\/garantie\/\",\"url\":\"https:\/\/centre-region.eu\/de\/garantie\/\",\"name\":\"Garantie - Centre-Region\",\"isPartOf\":{\"@id\":\"https:\/\/centre-region.eu\/de\/#website\"},\"primaryImageOfPage\":{\"@id\":\"https:\/\/centre-region.eu\/de\/garantie\/#primaryimage\"},\"image\":{\"@id\":\"https:\/\/centre-region.eu\/de\/garantie\/#primaryimage\"},\"thumbnailUrl\":\"https:\/\/centre-region.eu\/wp-content\/uploads\/2020\/09\/Vertical-banner-partership-EN.jpg\",\"datePublished\":\"2020-01-03T08:17:17+00:00\",\"dateModified\":\"2021-09-16T21:08:36+00:00\",\"breadcrumb\":{\"@id\":\"https:\/\/centre-region.eu\/de\/garantie\/#breadcrumb\"},\"inLanguage\":\"de\",\"potentialAction\":[{\"@type\":\"ReadAction\",\"target\":[\"https:\/\/centre-region.eu\/de\/garantie\/\"]}]},{\"@type\":\"ImageObject\",\"inLanguage\":\"de\",\"@id\":\"https:\/\/centre-region.eu\/de\/garantie\/#primaryimage\",\"url\":\"https:\/\/centre-region.eu\/wp-content\/uploads\/2020\/09\/Vertical-banner-partership-EN.jpg\",\"contentUrl\":\"https:\/\/centre-region.eu\/wp-content\/uploads\/2020\/09\/Vertical-banner-partership-EN.jpg\",\"width\":270,\"height\":490},{\"@type\":\"BreadcrumbList\",\"@id\":\"https:\/\/centre-region.eu\/de\/garantie\/#breadcrumb\",\"itemListElement\":[{\"@type\":\"ListItem\",\"position\":1,\"name\":\"Home\",\"item\":\"https:\/\/centre-region.eu\/de\/\"},{\"@type\":\"ListItem\",\"position\":2,\"name\":\"Garantie\"}]},{\"@type\":\"WebSite\",\"@id\":\"https:\/\/centre-region.eu\/de\/#website\",\"url\":\"https:\/\/centre-region.eu\/de\/\",\"name\":\"Centre-Region\",\"description\":\"official European representative of the \u00abCentre Region\u00bb company\",\"publisher\":{\"@id\":\"https:\/\/centre-region.eu\/de\/#organization\"},\"potentialAction\":[{\"@type\":\"SearchAction\",\"target\":{\"@type\":\"EntryPoint\",\"urlTemplate\":\"https:\/\/centre-region.eu\/de\/?s={search_term_string}\"},\"query-input\":\"required name=search_term_string\"}],\"inLanguage\":\"de\"},{\"@type\":\"Organization\",\"@id\":\"https:\/\/centre-region.eu\/de\/#organization\",\"name\":\"Centre-Region\",\"url\":\"https:\/\/centre-region.eu\/de\/\",\"logo\":{\"@type\":\"ImageObject\",\"inLanguage\":\"de\",\"@id\":\"https:\/\/centre-region.eu\/de\/#\/schema\/logo\/image\/\",\"url\":\"https:\/\/centre-region.eu\/wp-content\/uploads\/2019\/11\/Logo-Centre-Region-eu-5-1.svg\",\"contentUrl\":\"https:\/\/centre-region.eu\/wp-content\/uploads\/2019\/11\/Logo-Centre-Region-eu-5-1.svg\",\"caption\":\"Centre-Region\"},\"image\":{\"@id\":\"https:\/\/centre-region.eu\/de\/#\/schema\/logo\/image\/\"}}]}<\/script>\n<!-- \/ Yoast SEO plugin. -->","yoast_head_json":{"title":"Garantie - Centre-Region","robots":{"index":"index","follow":"follow","max-snippet":"max-snippet:-1","max-image-preview":"max-image-preview:large","max-video-preview":"max-video-preview:-1"},"canonical":"https:\/\/centre-region.eu\/de\/garantie\/","og_locale":"de_DE","og_type":"article","og_title":"Garantie - Centre-Region","og_description":"PRODUKTGARANTIE Centre Region UAB garantiert dem K\u00e4ufer, dass die unter diese beschr\u00e4nkte Garantieerkl\u00e4rung fallenden Produkte, den Spezifikationen des Herstellers entsprechen und f\u00fcr einen Zeitraum von einem (1) Jahr ab dem urspr\u00fcnglichen Kaufdatum frei von Verarbeitungs- und Materialfehlern sind. F\u00fcr Garantieleistungen ben\u00f6tigen wir den Nachweis des urspr\u00fcnglichen Kaufdatums. (In Ausnahme von FK-Armb\u00e4ndern (3 Monate Garantiezeit) und &hellip; Garantie Weiterlesen &raquo;","og_url":"https:\/\/centre-region.eu\/de\/garantie\/","og_site_name":"Centre-Region","article_modified_time":"2021-09-16T21:08:36+00:00","og_image":[{"url":"https:\/\/centre-region.eu\/wp-content\/uploads\/2020\/09\/Vertical-banner-partership-EN.jpg"}],"twitter_card":"summary_large_image","twitter_misc":{"Gesch\u00e4tzte Lesezeit":"2\u00a0Minuten"},"schema":{"@context":"https:\/\/schema.org","@graph":[{"@type":"WebPage","@id":"https:\/\/centre-region.eu\/de\/garantie\/","url":"https:\/\/centre-region.eu\/de\/garantie\/","name":"Garantie - Centre-Region","isPartOf":{"@id":"https:\/\/centre-region.eu\/de\/#website"},"primaryImageOfPage":{"@id":"https:\/\/centre-region.eu\/de\/garantie\/#primaryimage"},"image":{"@id":"https:\/\/centre-region.eu\/de\/garantie\/#primaryimage"},"thumbnailUrl":"https:\/\/centre-region.eu\/wp-content\/uploads\/2020\/09\/Vertical-banner-partership-EN.jpg","datePublished":"2020-01-03T08:17:17+00:00","dateModified":"2021-09-16T21:08:36+00:00","breadcrumb":{"@id":"https:\/\/centre-region.eu\/de\/garantie\/#breadcrumb"},"inLanguage":"de","potentialAction":[{"@type":"ReadAction","target":["https:\/\/centre-region.eu\/de\/garantie\/"]}]},{"@type":"ImageObject","inLanguage":"de","@id":"https:\/\/centre-region.eu\/de\/garantie\/#primaryimage","url":"https:\/\/centre-region.eu\/wp-content\/uploads\/2020\/09\/Vertical-banner-partership-EN.jpg","contentUrl":"https:\/\/centre-region.eu\/wp-content\/uploads\/2020\/09\/Vertical-banner-partership-EN.jpg","width":270,"height":490},{"@type":"BreadcrumbList","@id":"https:\/\/centre-region.eu\/de\/garantie\/#breadcrumb","itemListElement":[{"@type":"ListItem","position":1,"name":"Home","item":"https:\/\/centre-region.eu\/de\/"},{"@type":"ListItem","position":2,"name":"Garantie"}]},{"@type":"WebSite","@id":"https:\/\/centre-region.eu\/de\/#website","url":"https:\/\/centre-region.eu\/de\/","name":"Centre-Region","description":"official European representative of the \u00abCentre Region\u00bb company","publisher":{"@id":"https:\/\/centre-region.eu\/de\/#organization"},"potentialAction":[{"@type":"SearchAction","target":{"@type":"EntryPoint","urlTemplate":"https:\/\/centre-region.eu\/de\/?s={search_term_string}"},"query-input":"required name=search_term_string"}],"inLanguage":"de"},{"@type":"Organization","@id":"https:\/\/centre-region.eu\/de\/#organization","name":"Centre-Region","url":"https:\/\/centre-region.eu\/de\/","logo":{"@type":"ImageObject","inLanguage":"de","@id":"https:\/\/centre-region.eu\/de\/#\/schema\/logo\/image\/","url":"https:\/\/centre-region.eu\/wp-content\/uploads\/2019\/11\/Logo-Centre-Region-eu-5-1.svg","contentUrl":"https:\/\/centre-region.eu\/wp-content\/uploads\/2019\/11\/Logo-Centre-Region-eu-5-1.svg","caption":"Centre-Region"},"image":{"@id":"https:\/\/centre-region.eu\/de\/#\/schema\/logo\/image\/"}}]}},"_links":{"self":[{"href":"https:\/\/centre-region.eu\/de\/wp-json\/wp\/v2\/pages\/9526","targetHints":{"allow":["GET"]}}],"collection":[{"href":"https:\/\/centre-region.eu\/de\/wp-json\/wp\/v2\/pages"}],"about":[{"href":"https:\/\/centre-region.eu\/de\/wp-json\/wp\/v2\/types\/page"}],"author":[{"embeddable":true,"href":"https:\/\/centre-region.eu\/de\/wp-json\/wp\/v2\/users\/2"}],"replies":[{"embeddable":true,"href":"https:\/\/centre-region.eu\/de\/wp-json\/wp\/v2\/comments?post=9526"}],"version-history":[{"count":25,"href":"https:\/\/centre-region.eu\/de\/wp-json\/wp\/v2\/pages\/9526\/revisions"}],"predecessor-version":[{"id":18575,"href":"https:\/\/centre-region.eu\/de\/wp-json\/wp\/v2\/pages\/9526\/revisions\/18575"}],"wp:attachment":[{"href":"https:\/\/centre-region.eu\/de\/wp-json\/wp\/v2\/media?parent=9526"}],"curies":[{"name":"wp","href":"https:\/\/api.w.org\/{rel}","templated":true}]}}