{"id":8463,"date":"2019-12-20T18:24:03","date_gmt":"2019-12-20T18:24:03","guid":{"rendered":"https:\/\/www.centre-region.eu\/fsc-patents\/"},"modified":"2020-02-13T20:09:34","modified_gmt":"2020-02-13T20:09:34","slug":"fsc-patents","status":"publish","type":"page","link":"https:\/\/centre-region.eu\/de\/fsc-patents\/","title":{"rendered":"PATENTE"},"content":{"rendered":"\t\t<div data-elementor-type=\"wp-page\" data-elementor-id=\"8463\" class=\"elementor elementor-8463 elementor-7114\" data-elementor-post-type=\"page\">\n\t\t\t\t\t\t<section class=\"elementor-section elementor-top-section elementor-element elementor-element-9587d15 elementor-section-boxed elementor-section-height-default elementor-section-height-default\" data-id=\"9587d15\" data-element_type=\"section\">\n\t\t\t\t\t\t<div class=\"elementor-container elementor-column-gap-default\">\n\t\t\t\t\t<div class=\"elementor-column elementor-col-100 elementor-top-column elementor-element elementor-element-650d70f\" data-id=\"650d70f\" data-element_type=\"column\">\n\t\t\t<div class=\"elementor-widget-wrap elementor-element-populated\">\n\t\t\t\t\t\t<div class=\"elementor-element elementor-element-759f21f elementor-widget elementor-widget-woocommerce-breadcrumb\" data-id=\"759f21f\" data-element_type=\"widget\" data-widget_type=\"woocommerce-breadcrumb.default\">\n\t\t\t\t<div class=\"elementor-widget-container\">\n\t\t\t<nav class=\"woocommerce-breadcrumb\" aria-label=\"Breadcrumb\">Home<\/nav>\t\t<\/div>\n\t\t\t\t<\/div>\n\t\t\t\t\t<\/div>\n\t\t<\/div>\n\t\t\t\t\t<\/div>\n\t\t<\/section>\n\t\t\t\t<section class=\"elementor-section elementor-top-section elementor-element elementor-element-323359f elementor-section-stretched elementor-section-boxed elementor-section-height-default elementor-section-height-default\" data-id=\"323359f\" data-element_type=\"section\" data-settings=\"{&quot;stretch_section&quot;:&quot;section-stretched&quot;,&quot;background_background&quot;:&quot;classic&quot;}\">\n\t\t\t\t\t\t<div class=\"elementor-container elementor-column-gap-default\">\n\t\t\t\t\t<div class=\"elementor-column elementor-col-100 elementor-top-column elementor-element elementor-element-0ecdf31\" data-id=\"0ecdf31\" data-element_type=\"column\">\n\t\t\t<div class=\"elementor-widget-wrap elementor-element-populated\">\n\t\t\t\t\t\t<div class=\"elementor-element elementor-element-dea0e1e elementor-widget elementor-widget-heading\" data-id=\"dea0e1e\" data-element_type=\"widget\" data-widget_type=\"heading.default\">\n\t\t\t\t<div class=\"elementor-widget-container\">\n\t\t\t<h3 class=\"elementor-heading-title elementor-size-default\">PATENTE<\/h3>\t\t<\/div>\n\t\t\t\t<\/div>\n\t\t\t\t<div class=\"elementor-element elementor-element-1d75abb elementor-widget elementor-widget-text-editor\" data-id=\"1d75abb\" data-element_type=\"widget\" data-widget_type=\"text-editor.default\">\n\t\t\t\t<div class=\"elementor-widget-container\">\n\t\t\t\t\t\t\t<p>Funktionskorrektoren (Kolzov Platten) unterliegen 3 Patenten<\/p>\n\t\t\t\t\t\t<\/div>\n\t\t\t\t<\/div>\n\t\t\t\t\t<\/div>\n\t\t<\/div>\n\t\t\t\t\t<\/div>\n\t\t<\/section>\n\t\t\t\t<section class=\"elementor-section elementor-top-section elementor-element elementor-element-9cd25f2 elementor-section-boxed elementor-section-height-default elementor-section-height-default\" data-id=\"9cd25f2\" data-element_type=\"section\">\n\t\t\t\t\t\t<div class=\"elementor-container elementor-column-gap-default\">\n\t\t\t\t\t<div class=\"elementor-column elementor-col-33 elementor-top-column elementor-element elementor-element-737c79f\" data-id=\"737c79f\" data-element_type=\"column\">\n\t\t\t<div class=\"elementor-widget-wrap elementor-element-populated\">\n\t\t\t\t\t\t<div class=\"elementor-element elementor-element-949d0f9 elementor-widget elementor-widget-image\" data-id=\"949d0f9\" data-element_type=\"widget\" data-widget_type=\"image.default\">\n\t\t\t\t<div class=\"elementor-widget-container\">\n\t\t\t\t\t\t\t\t\t\t\t\t\t<img fetchpriority=\"high\" decoding=\"async\" width=\"373\" height=\"500\" src=\"https:\/\/centre-region.eu\/wp-content\/uploads\/2019\/11\/Patent-2262361-FSC.jpg\" class=\"attachment-full size-full wp-image-7968\" alt=\"\" srcset=\"https:\/\/centre-region.eu\/wp-content\/uploads\/2019\/11\/Patent-2262361-FSC.jpg 373w, https:\/\/centre-region.eu\/wp-content\/uploads\/2019\/11\/Patent-2262361-FSC-224x300.jpg 224w\" sizes=\"(max-width: 373px) 100vw, 373px\" \/>\t\t\t\t\t\t\t\t\t\t\t\t\t<\/div>\n\t\t\t\t<\/div>\n\t\t\t\t<div class=\"elementor-element elementor-element-001d49f elementor-widget elementor-widget-text-editor\" data-id=\"001d49f\" data-element_type=\"widget\" data-widget_type=\"text-editor.default\">\n\t\t\t\t<div class=\"elementor-widget-container\">\n\t\t\t\t\t\t\t<h3>Funktionskorrektor, Schutzvorrichtung vor elektromagnetischer Strahlung<\/h3>\n<h6>Patent Nr. 2262361<\/h6>\n\t\t\t\t\t\t<\/div>\n\t\t\t\t<\/div>\n\t\t\t\t<div class=\"elementor-element elementor-element-4fe3aa3 elementor-widget elementor-widget-text-editor\" data-id=\"4fe3aa3\" data-element_type=\"widget\" data-widget_type=\"text-editor.default\">\n\t\t\t\t<div class=\"elementor-widget-container\">\n\t\t\t\t\t\t\t<p>Ger\u00e4t zur Korrektur des \u00e4u\u00dferen elektromagnetischen Feldes, das auf den lebenden Organismus einwirkt, und dessen Herstellungsprinzip. Erfinder und Patentinhaber: Sergej Kolzov und Tatiana Starikova. Anfrage Nr. 200313137727 Eingetragen im Nationalen Register f\u00fcr Erfindungen der Russischen F\u00f6deration am 20. Oktober 2005. G\u00fcltigkeitsdatum des Patents: 30. Dezember 2023. F\u00f6deraler Dienst f\u00fcr geistiges Eigentum, Patente und Marken, B.P. Simonov<\/p>\n\t\t\t\t\t\t<\/div>\n\t\t\t\t<\/div>\n\t\t\t\t\t<\/div>\n\t\t<\/div>\n\t\t\t\t<div class=\"elementor-column elementor-col-33 elementor-top-column elementor-element elementor-element-1c44c7e\" data-id=\"1c44c7e\" data-element_type=\"column\">\n\t\t\t<div class=\"elementor-widget-wrap elementor-element-populated\">\n\t\t\t\t\t\t<div class=\"elementor-element elementor-element-c262dee elementor-widget elementor-widget-image\" data-id=\"c262dee\" data-element_type=\"widget\" data-widget_type=\"image.default\">\n\t\t\t\t<div class=\"elementor-widget-container\">\n\t\t\t\t\t\t\t\t\t\t\t\t\t<img decoding=\"async\" width=\"373\" height=\"500\" src=\"https:\/\/centre-region.eu\/wp-content\/uploads\/2019\/11\/Patent-2251534-FSC.jpg\" class=\"attachment-full size-full wp-image-7967\" alt=\"\" srcset=\"https:\/\/centre-region.eu\/wp-content\/uploads\/2019\/11\/Patent-2251534-FSC.jpg 373w, https:\/\/centre-region.eu\/wp-content\/uploads\/2019\/11\/Patent-2251534-FSC-224x300.jpg 224w\" sizes=\"(max-width: 373px) 100vw, 373px\" \/>\t\t\t\t\t\t\t\t\t\t\t\t\t<\/div>\n\t\t\t\t<\/div>\n\t\t\t\t<div class=\"elementor-element elementor-element-2c6a1f1 elementor-widget elementor-widget-text-editor\" data-id=\"2c6a1f1\" data-element_type=\"widget\" data-widget_type=\"text-editor.default\">\n\t\t\t\t<div class=\"elementor-widget-container\">\n\t\t\t\t\t\t\t<h3>Funktionskorrektor, Wasserstrukturierungssystem<\/h3>\n<h6>Patent Nr. 2251534<\/h6>\n\t\t\t\t\t\t<\/div>\n\t\t\t\t<\/div>\n\t\t\t\t<div class=\"elementor-element elementor-element-e238385 elementor-widget elementor-widget-text-editor\" data-id=\"e238385\" data-element_type=\"widget\" data-widget_type=\"text-editor.default\">\n\t\t\t\t<div class=\"elementor-widget-container\">\n\t\t\t\t\t\t\t<p>Vorrichtung zur Behandlung von wasserartigen Medien.<\/p>\n<p>Erfinder und Patentinhaber: Sergej Kolzov und Tatiana Starikova<\/p>\n<p>Anfrage n\u00b02003134507<\/p>\n<p>Eingetragen im Nationalen Register f\u00fcr Erfindungen der Russischen F\u00f6deration am 10. Mai 2005.<\/p>\n<p>G\u00fcltigkeitsdatum des Patents: 28. November 2023.<\/p>\n<p>F\u00f6deraler Dienst f\u00fcr geistiges Eigentum, Patente und Marken, B.P. Simonov.<\/p>\n\t\t\t\t\t\t<\/div>\n\t\t\t\t<\/div>\n\t\t\t\t\t<\/div>\n\t\t<\/div>\n\t\t\t\t<div class=\"elementor-column elementor-col-33 elementor-top-column elementor-element elementor-element-a29d53a\" data-id=\"a29d53a\" data-element_type=\"column\">\n\t\t\t<div class=\"elementor-widget-wrap elementor-element-populated\">\n\t\t\t\t\t\t<div class=\"elementor-element elementor-element-6654a2b elementor-widget elementor-widget-image\" data-id=\"6654a2b\" data-element_type=\"widget\" data-widget_type=\"image.default\">\n\t\t\t\t<div class=\"elementor-widget-container\">\n\t\t\t\t\t\t\t\t\t\t\t\t\t<img decoding=\"async\" width=\"373\" height=\"500\" src=\"https:\/\/centre-region.eu\/wp-content\/uploads\/2019\/11\/Patent-2214843-FSC.jpg\" class=\"attachment-full size-full wp-image-7966\" alt=\"\" srcset=\"https:\/\/centre-region.eu\/wp-content\/uploads\/2019\/11\/Patent-2214843-FSC.jpg 373w, https:\/\/centre-region.eu\/wp-content\/uploads\/2019\/11\/Patent-2214843-FSC-224x300.jpg 224w\" sizes=\"(max-width: 373px) 100vw, 373px\" \/>\t\t\t\t\t\t\t\t\t\t\t\t\t<\/div>\n\t\t\t\t<\/div>\n\t\t\t\t<div class=\"elementor-element elementor-element-e82c6cd elementor-widget elementor-widget-text-editor\" data-id=\"e82c6cd\" data-element_type=\"widget\" data-widget_type=\"text-editor.default\">\n\t\t\t\t<div class=\"elementor-widget-container\">\n\t\t\t\t\t\t\t<h3>Funktionskorrektor, Vorrichtung zur Korrektur des Funktionszustandes des biologischen Objektes<\/h3>\n<h6>Patent Nr. 2214843<\/h6>\n\t\t\t\t\t\t<\/div>\n\t\t\t\t<\/div>\n\t\t\t\t<div class=\"elementor-element elementor-element-30bfcaf elementor-widget elementor-widget-text-editor\" data-id=\"30bfcaf\" data-element_type=\"widget\" data-widget_type=\"text-editor.default\">\n\t\t\t\t<div class=\"elementor-widget-container\">\n\t\t\t\t\t\t\t<p>Gem\u00e4\u00df dem Gesetz vom 14. Oktober 1992 \u00fcber Erfindungspatente hat das russische Patent- und Markenamt dieses Patent Herrn Sergej Kolzov erteilt:<br \/>\nVorrichtung zur Korrektur des Funktionszustandes des biologischen Objektes<br \/>\nAnfrage Nr. 200213262688<br \/>\nDieses Patent ist auf dem gesamten Gebiet der Russischen F\u00f6deration f\u00fcr 20 Jahre, ab dem 5. Dezember 2002, g\u00fcltig.<br \/>\nEingetragen im Nationalen Register f\u00fcr Erfindungen der Russischen F\u00f6deration.<br \/>\nMoskau, 27. Oktober 2003. Generaldirektor A.D. Kortchagine<\/p>\n\t\t\t\t\t\t<\/div>\n\t\t\t\t<\/div>\n\t\t\t\t\t<\/div>\n\t\t<\/div>\n\t\t\t\t\t<\/div>\n\t\t<\/section>\n\t\t\t\t<\/div>\n\t\t","protected":false},"excerpt":{"rendered":"<p>Funktionskorrektoren (Kolzov Platten) unterliegen 3 Patenten Funktionskorrektor, Schutzvorrichtung vor elektromagnetischer Strahlung Patent Nr. 2262361 Ger\u00e4t zur Korrektur des \u00e4u\u00dferen elektromagnetischen Feldes, das auf den lebenden Organismus einwirkt, und dessen Herstellungsprinzip. Erfinder und Patentinhaber: Sergej Kolzov und Tatiana Starikova. Anfrage Nr. 200313137727 Eingetragen im Nationalen Register f\u00fcr Erfindungen der Russischen F\u00f6deration am 20. Oktober 2005. G\u00fcltigkeitsdatum &hellip;<\/p>\n<p class=\"read-more\"> <a class=\"\" href=\"https:\/\/centre-region.eu\/de\/fsc-patents\/\"> <span class=\"screen-reader-text\">PATENTE<\/span> Weiterlesen &raquo;<\/a><\/p>\n","protected":false},"author":2,"featured_media":0,"parent":0,"menu_order":0,"comment_status":"closed","ping_status":"closed","template":"","meta":{"site-sidebar-layout":"no-sidebar","site-content-layout":"page-builder","ast-global-header-display":"","ast-main-header-display":"","ast-hfb-above-header-display":"","ast-hfb-below-header-display":"","ast-hfb-mobile-header-display":"","site-post-title":"disabled","ast-breadcrumbs-content":"","ast-featured-img":"disabled","footer-sml-layout":"","theme-transparent-header-meta":"default","adv-header-id-meta":"","stick-header-meta":"","header-above-stick-meta":"","header-main-stick-meta":"","header-below-stick-meta":"","footnotes":""},"class_list":["post-8463","page","type-page","status-publish","hentry"],"acf":[],"yoast_head":"<!-- This site is optimized with the Yoast SEO plugin v22.2 - https:\/\/yoast.com\/wordpress\/plugins\/seo\/ -->\n<title>PATENTE - Centre-Region<\/title>\n<meta name=\"robots\" content=\"index, follow, max-snippet:-1, max-image-preview:large, max-video-preview:-1\" \/>\n<link rel=\"canonical\" href=\"https:\/\/centre-region.eu\/de\/fsc-patents\/\" \/>\n<meta property=\"og:locale\" content=\"de_DE\" \/>\n<meta property=\"og:type\" content=\"article\" \/>\n<meta property=\"og:title\" content=\"PATENTE - Centre-Region\" \/>\n<meta property=\"og:description\" content=\"Funktionskorrektoren (Kolzov Platten) unterliegen 3 Patenten Funktionskorrektor, Schutzvorrichtung vor elektromagnetischer Strahlung Patent Nr. 2262361 Ger\u00e4t zur Korrektur des \u00e4u\u00dferen elektromagnetischen Feldes, das auf den lebenden Organismus einwirkt, und dessen Herstellungsprinzip. Erfinder und Patentinhaber: Sergej Kolzov und Tatiana Starikova. Anfrage Nr. 200313137727 Eingetragen im Nationalen Register f\u00fcr Erfindungen der Russischen F\u00f6deration am 20. Oktober 2005. G\u00fcltigkeitsdatum &hellip; PATENTE Weiterlesen &raquo;\" \/>\n<meta property=\"og:url\" content=\"https:\/\/centre-region.eu\/de\/fsc-patents\/\" \/>\n<meta property=\"og:site_name\" content=\"Centre-Region\" \/>\n<meta property=\"article:modified_time\" content=\"2020-02-13T20:09:34+00:00\" \/>\n<meta property=\"og:image\" content=\"https:\/\/www.centre-region.eu\/wp-content\/uploads\/2019\/11\/Patent-2262361-FSC.jpg\" \/>\n<meta name=\"twitter:card\" content=\"summary_large_image\" \/>\n<meta name=\"twitter:label1\" content=\"Gesch\u00e4tzte Lesezeit\" \/>\n\t<meta name=\"twitter:data1\" content=\"1\u00a0Minute\" \/>\n<script type=\"application\/ld+json\" class=\"yoast-schema-graph\">{\"@context\":\"https:\/\/schema.org\",\"@graph\":[{\"@type\":\"WebPage\",\"@id\":\"https:\/\/centre-region.eu\/de\/fsc-patents\/\",\"url\":\"https:\/\/centre-region.eu\/de\/fsc-patents\/\",\"name\":\"PATENTE - Centre-Region\",\"isPartOf\":{\"@id\":\"https:\/\/centre-region.eu\/de\/#website\"},\"primaryImageOfPage\":{\"@id\":\"https:\/\/centre-region.eu\/de\/fsc-patents\/#primaryimage\"},\"image\":{\"@id\":\"https:\/\/centre-region.eu\/de\/fsc-patents\/#primaryimage\"},\"thumbnailUrl\":\"https:\/\/www.centre-region.eu\/wp-content\/uploads\/2019\/11\/Patent-2262361-FSC.jpg\",\"datePublished\":\"2019-12-20T18:24:03+00:00\",\"dateModified\":\"2020-02-13T20:09:34+00:00\",\"breadcrumb\":{\"@id\":\"https:\/\/centre-region.eu\/de\/fsc-patents\/#breadcrumb\"},\"inLanguage\":\"de\",\"potentialAction\":[{\"@type\":\"ReadAction\",\"target\":[\"https:\/\/centre-region.eu\/de\/fsc-patents\/\"]}]},{\"@type\":\"ImageObject\",\"inLanguage\":\"de\",\"@id\":\"https:\/\/centre-region.eu\/de\/fsc-patents\/#primaryimage\",\"url\":\"https:\/\/www.centre-region.eu\/wp-content\/uploads\/2019\/11\/Patent-2262361-FSC.jpg\",\"contentUrl\":\"https:\/\/www.centre-region.eu\/wp-content\/uploads\/2019\/11\/Patent-2262361-FSC.jpg\"},{\"@type\":\"BreadcrumbList\",\"@id\":\"https:\/\/centre-region.eu\/de\/fsc-patents\/#breadcrumb\",\"itemListElement\":[{\"@type\":\"ListItem\",\"position\":1,\"name\":\"Home\",\"item\":\"https:\/\/centre-region.eu\/de\/\"},{\"@type\":\"ListItem\",\"position\":2,\"name\":\"PATENTE\"}]},{\"@type\":\"WebSite\",\"@id\":\"https:\/\/centre-region.eu\/de\/#website\",\"url\":\"https:\/\/centre-region.eu\/de\/\",\"name\":\"Centre-Region\",\"description\":\"official European representative of the \u00abCentre Region\u00bb company\",\"publisher\":{\"@id\":\"https:\/\/centre-region.eu\/de\/#organization\"},\"potentialAction\":[{\"@type\":\"SearchAction\",\"target\":{\"@type\":\"EntryPoint\",\"urlTemplate\":\"https:\/\/centre-region.eu\/de\/?s={search_term_string}\"},\"query-input\":\"required name=search_term_string\"}],\"inLanguage\":\"de\"},{\"@type\":\"Organization\",\"@id\":\"https:\/\/centre-region.eu\/de\/#organization\",\"name\":\"Centre-Region\",\"url\":\"https:\/\/centre-region.eu\/de\/\",\"logo\":{\"@type\":\"ImageObject\",\"inLanguage\":\"de\",\"@id\":\"https:\/\/centre-region.eu\/de\/#\/schema\/logo\/image\/\",\"url\":\"https:\/\/centre-region.eu\/wp-content\/uploads\/2019\/11\/Logo-Centre-Region-eu-5-1.svg\",\"contentUrl\":\"https:\/\/centre-region.eu\/wp-content\/uploads\/2019\/11\/Logo-Centre-Region-eu-5-1.svg\",\"caption\":\"Centre-Region\"},\"image\":{\"@id\":\"https:\/\/centre-region.eu\/de\/#\/schema\/logo\/image\/\"}}]}<\/script>\n<!-- \/ Yoast SEO plugin. -->","yoast_head_json":{"title":"PATENTE - Centre-Region","robots":{"index":"index","follow":"follow","max-snippet":"max-snippet:-1","max-image-preview":"max-image-preview:large","max-video-preview":"max-video-preview:-1"},"canonical":"https:\/\/centre-region.eu\/de\/fsc-patents\/","og_locale":"de_DE","og_type":"article","og_title":"PATENTE - Centre-Region","og_description":"Funktionskorrektoren (Kolzov Platten) unterliegen 3 Patenten Funktionskorrektor, Schutzvorrichtung vor elektromagnetischer Strahlung Patent Nr. 2262361 Ger\u00e4t zur Korrektur des \u00e4u\u00dferen elektromagnetischen Feldes, das auf den lebenden Organismus einwirkt, und dessen Herstellungsprinzip. Erfinder und Patentinhaber: Sergej Kolzov und Tatiana Starikova. Anfrage Nr. 200313137727 Eingetragen im Nationalen Register f\u00fcr Erfindungen der Russischen F\u00f6deration am 20. Oktober 2005. G\u00fcltigkeitsdatum &hellip; PATENTE Weiterlesen &raquo;","og_url":"https:\/\/centre-region.eu\/de\/fsc-patents\/","og_site_name":"Centre-Region","article_modified_time":"2020-02-13T20:09:34+00:00","og_image":[{"url":"https:\/\/www.centre-region.eu\/wp-content\/uploads\/2019\/11\/Patent-2262361-FSC.jpg"}],"twitter_card":"summary_large_image","twitter_misc":{"Gesch\u00e4tzte Lesezeit":"1\u00a0Minute"},"schema":{"@context":"https:\/\/schema.org","@graph":[{"@type":"WebPage","@id":"https:\/\/centre-region.eu\/de\/fsc-patents\/","url":"https:\/\/centre-region.eu\/de\/fsc-patents\/","name":"PATENTE - Centre-Region","isPartOf":{"@id":"https:\/\/centre-region.eu\/de\/#website"},"primaryImageOfPage":{"@id":"https:\/\/centre-region.eu\/de\/fsc-patents\/#primaryimage"},"image":{"@id":"https:\/\/centre-region.eu\/de\/fsc-patents\/#primaryimage"},"thumbnailUrl":"https:\/\/www.centre-region.eu\/wp-content\/uploads\/2019\/11\/Patent-2262361-FSC.jpg","datePublished":"2019-12-20T18:24:03+00:00","dateModified":"2020-02-13T20:09:34+00:00","breadcrumb":{"@id":"https:\/\/centre-region.eu\/de\/fsc-patents\/#breadcrumb"},"inLanguage":"de","potentialAction":[{"@type":"ReadAction","target":["https:\/\/centre-region.eu\/de\/fsc-patents\/"]}]},{"@type":"ImageObject","inLanguage":"de","@id":"https:\/\/centre-region.eu\/de\/fsc-patents\/#primaryimage","url":"https:\/\/www.centre-region.eu\/wp-content\/uploads\/2019\/11\/Patent-2262361-FSC.jpg","contentUrl":"https:\/\/www.centre-region.eu\/wp-content\/uploads\/2019\/11\/Patent-2262361-FSC.jpg"},{"@type":"BreadcrumbList","@id":"https:\/\/centre-region.eu\/de\/fsc-patents\/#breadcrumb","itemListElement":[{"@type":"ListItem","position":1,"name":"Home","item":"https:\/\/centre-region.eu\/de\/"},{"@type":"ListItem","position":2,"name":"PATENTE"}]},{"@type":"WebSite","@id":"https:\/\/centre-region.eu\/de\/#website","url":"https:\/\/centre-region.eu\/de\/","name":"Centre-Region","description":"official European representative of the \u00abCentre Region\u00bb company","publisher":{"@id":"https:\/\/centre-region.eu\/de\/#organization"},"potentialAction":[{"@type":"SearchAction","target":{"@type":"EntryPoint","urlTemplate":"https:\/\/centre-region.eu\/de\/?s={search_term_string}"},"query-input":"required name=search_term_string"}],"inLanguage":"de"},{"@type":"Organization","@id":"https:\/\/centre-region.eu\/de\/#organization","name":"Centre-Region","url":"https:\/\/centre-region.eu\/de\/","logo":{"@type":"ImageObject","inLanguage":"de","@id":"https:\/\/centre-region.eu\/de\/#\/schema\/logo\/image\/","url":"https:\/\/centre-region.eu\/wp-content\/uploads\/2019\/11\/Logo-Centre-Region-eu-5-1.svg","contentUrl":"https:\/\/centre-region.eu\/wp-content\/uploads\/2019\/11\/Logo-Centre-Region-eu-5-1.svg","caption":"Centre-Region"},"image":{"@id":"https:\/\/centre-region.eu\/de\/#\/schema\/logo\/image\/"}}]}},"_links":{"self":[{"href":"https:\/\/centre-region.eu\/de\/wp-json\/wp\/v2\/pages\/8463","targetHints":{"allow":["GET"]}}],"collection":[{"href":"https:\/\/centre-region.eu\/de\/wp-json\/wp\/v2\/pages"}],"about":[{"href":"https:\/\/centre-region.eu\/de\/wp-json\/wp\/v2\/types\/page"}],"author":[{"embeddable":true,"href":"https:\/\/centre-region.eu\/de\/wp-json\/wp\/v2\/users\/2"}],"replies":[{"embeddable":true,"href":"https:\/\/centre-region.eu\/de\/wp-json\/wp\/v2\/comments?post=8463"}],"version-history":[{"count":12,"href":"https:\/\/centre-region.eu\/de\/wp-json\/wp\/v2\/pages\/8463\/revisions"}],"predecessor-version":[{"id":11246,"href":"https:\/\/centre-region.eu\/de\/wp-json\/wp\/v2\/pages\/8463\/revisions\/11246"}],"wp:attachment":[{"href":"https:\/\/centre-region.eu\/de\/wp-json\/wp\/v2\/media?parent=8463"}],"curies":[{"name":"wp","href":"https:\/\/api.w.org\/{rel}","templated":true}]}}