{"id":8457,"date":"2019-12-20T18:21:13","date_gmt":"2019-12-20T18:21:13","guid":{"rendered":"https:\/\/www.centre-region.eu\/heimat\/"},"modified":"2023-06-26T14:28:42","modified_gmt":"2023-06-26T14:28:42","slug":"heimat","status":"publish","type":"page","link":"https:\/\/centre-region.eu\/de\/","title":{"rendered":"HOME"},"content":{"rendered":"\t\t<div data-elementor-type=\"wp-page\" data-elementor-id=\"8457\" class=\"elementor elementor-8457 elementor-6137\" data-elementor-post-type=\"page\">\n\t\t\t\t\t\t<section class=\"elementor-section elementor-top-section elementor-element elementor-element-3bdd22f elementor-section-boxed elementor-section-height-default elementor-section-height-default\" data-id=\"3bdd22f\" data-element_type=\"section\" data-settings=\"{&quot;background_background&quot;:&quot;classic&quot;}\">\n\t\t\t\t\t\t\t<div class=\"elementor-background-overlay\"><\/div>\n\t\t\t\t\t\t\t<div class=\"elementor-container elementor-column-gap-default\">\n\t\t\t\t\t<div class=\"elementor-column elementor-col-100 elementor-top-column elementor-element elementor-element-23ccc9f\" data-id=\"23ccc9f\" data-element_type=\"column\">\n\t\t\t<div class=\"elementor-widget-wrap elementor-element-populated\">\n\t\t\t\t\t\t<div class=\"elementor-element elementor-element-177221a elementor-widget elementor-widget-text-editor\" data-id=\"177221a\" data-element_type=\"widget\" data-widget_type=\"text-editor.default\">\n\t\t\t\t<div class=\"elementor-widget-container\">\n\t\t\t\t\t\t\t<p><span style=\"color: #ffffff;\">Sehr geehrte Kunden,<\/span><\/p><p><span style=\"color: #ffffff;\">Wir bedauern, Ihnen wichtige Informationen mitteilen zu m\u00fcssen. Nach reiflicher \u00dcberlegung haben wir beschlossen, unseren Online-Shop zu schlie\u00dfen und alle Produkte zu verkaufen. Diese Entscheidung hat uns Bitterkeit und Entt\u00e4uschung gebracht, aber wir f\u00fchlen, dass wir nicht l\u00e4nger mit Fehlinformationen und unredlicher Zusammenarbeit fortfahren k\u00f6nnen.<\/span><\/p><p><span style=\"color: #ffffff;\">Wir m\u00f6chten Ihnen den Grund f\u00fcr unsere Entscheidung mitteilen. Unser Unternehmen wurde als Distributor auf eine schwarze Liste gesetzt. Dies geschah, weil der Hersteller &#8221; Planet der Regionen &#8221; als Monopolist eine Preispolicy f\u00fcr en Verkauf seiner Kolzov-Platten eingef\u00fchrt hat.<\/span><\/p><p><span style=\"color: #ffffff;\">Es besteht darauf, dass alle Einzelh\u00e4ndler seine Kolzov-Platten zum festgelegten Preis verkaufen (139 \u20ac f\u00fcr die platten mit 8 elementen und Elite-Serie Kolzov-Platten, 119 \u20ac f\u00fcr die Kolzov-Platten der Basisserie mit 5 Elementen). Diejenigen, die gegen diese Preispolicy versto\u00dfen, werden auf die schwarze Liste gesetzt. Aufgrund des Drucks unserer Konkurrenten hat der Hersteller eine separate Erkl\u00e4rung abgegeben, in der er zus\u00e4tzlich Zweifel an der Qualit\u00e4t der von uns verkauften Produkte \u00e4u\u00dfert und damit suggeriert, dass wir m\u00f6glicherweise gef\u00e4lschte Platten verkaufen.<\/span><\/p><p><span style=\"color: #ffffff;\">Wir betrachten dies als hinterlistige Vorgehensweise. Wir haben alle Beweise, die belegen, dass wir direkt vom Hersteller einkaufen, und wir k\u00f6nnen dies vor jedem Gericht beweisen. Unsere Buchhaltungsunterlagen sind sauber und unsere Motive, die Platten zu reduzierten Preisen zu verkaufen, sind ehrlich.<\/span><\/p><p><span style=\"color: #ffffff;\">Wir sind der festen \u00dcberzeugung, dass die Politik des Herstellers, die Preise so hoch wie m\u00f6glich zu halten, verhindert, dass die Kolzov-Platten f\u00fcr so viele Menschen wie m\u00f6glich zug\u00e4nglich sind. Dies widerspricht unserer Philosophie des Wohlergehens der Gesellschaft und aller B\u00fcrger der Welt.<\/span><\/p><p><span style=\"color: #ffffff;\">Unsere Absicht war es nicht nur, den Gewinn zu maximieren, sondern auch Menschen mit unterschiedlichem Einkommen den Kauf dieser teuren, aber \u00e4u\u00dferst n\u00fctzlichen Produkte zu erm\u00f6glichen. Leider wurden unsere guten Absichten von unseren Kollegen als Konkurrenz angesehen.<\/span><\/p><p><span style=\"color: #ffffff;\">Wir bestehen darauf, dass wir offizielle Dokumente und Rechnungen haben, die belegen, dass wir direkt beim Hersteller einkaufen. Aufgrund unbegr\u00fcndeter Anschuldigungen halten wir es jedoch f\u00fcr nicht m\u00f6glich, die Zusammenarbeit mit Planet of Regions fortzusetzen, da sie eine unfaire Politik gegen\u00fcber unserem Unternehmen verfolgen.<\/span><\/p><p><span style=\"color: #ffffff;\">Basierend auf diesen Informationen haben wir beschlossen, unseren Bestand zu liquidieren und den Shop zu schlie\u00dfen. Wir verstehen, dass dies Entt\u00e4uschung und Unannehmlichkeiten f\u00fcr unsere treuen Kunden verursachen kann, und daf\u00fcr m\u00f6chten wir uns aufrichtig entschuldigen. Es war uns eine Ehre, Sie zu bedienen und mit Ihnen zusammenzuarbeiten.<\/span><\/p><p><span style=\"color: #ffffff;\">Wir sind Ihnen f\u00fcr Ihre Unterst\u00fctzung dankbar. Wenn Sie Fragen haben oder w\u00e4hrend des Verkaufs Unterst\u00fctzung ben\u00f6tigen, steht Ihnen unser Team zur Verf\u00fcgung. Wir werden Ihnen bis zum letzten Tag unseres Shops die bestm\u00f6gliche Betreuung und Aufmerksamkeit zukommen lassen.<\/span><\/p><p><span style=\"color: #ffffff;\">Wir hoffen, dass Sie von unseren neuen Preisen profitieren und weiterhin gerne bei uns einkaufen.<\/span><\/p><p><span style=\"color: #ffffff;\">Mit freundlichen Gr\u00fc\u00dfen,<\/span><\/p><p><span style=\"color: #ffffff;\">Eimantas Galvydis und Alena Latapie, Direktoren<\/span><\/p>\t\t\t\t\t\t<\/div>\n\t\t\t\t<\/div>\n\t\t\t\t\t<\/div>\n\t\t<\/div>\n\t\t\t\t\t<\/div>\n\t\t<\/section>\n\t\t\t\t<\/div>\n\t\t","protected":false},"excerpt":{"rendered":"<p>Sehr geehrte Kunden, Wir bedauern, Ihnen wichtige Informationen mitteilen zu m\u00fcssen. Nach reiflicher \u00dcberlegung haben wir beschlossen, unseren Online-Shop zu schlie\u00dfen und alle Produkte zu verkaufen. Diese Entscheidung hat uns Bitterkeit und Entt\u00e4uschung gebracht, aber wir f\u00fchlen, dass wir nicht l\u00e4nger mit Fehlinformationen und unredlicher Zusammenarbeit fortfahren k\u00f6nnen. Wir m\u00f6chten Ihnen den Grund f\u00fcr unsere &hellip;<\/p>\n<p class=\"read-more\"> <a class=\"\" href=\"https:\/\/centre-region.eu\/de\/\"> <span class=\"screen-reader-text\">HOME<\/span> Weiterlesen &raquo;<\/a><\/p>\n","protected":false},"author":2,"featured_media":0,"parent":0,"menu_order":0,"comment_status":"closed","ping_status":"closed","template":"","meta":{"site-sidebar-layout":"no-sidebar","site-content-layout":"page-builder","ast-global-header-display":"","ast-main-header-display":"","ast-hfb-above-header-display":"","ast-hfb-below-header-display":"","ast-hfb-mobile-header-display":"","site-post-title":"disabled","ast-breadcrumbs-content":"","ast-featured-img":"disabled","footer-sml-layout":"","theme-transparent-header-meta":"default","adv-header-id-meta":"","stick-header-meta":"","header-above-stick-meta":"","header-main-stick-meta":"","header-below-stick-meta":"","footnotes":""},"class_list":["post-8457","page","type-page","status-publish","hentry"],"acf":[],"yoast_head":"<!-- This site is optimized with the Yoast SEO plugin v22.2 - https:\/\/yoast.com\/wordpress\/plugins\/seo\/ -->\n<title>Centre-Region \u2013 official European representative of the \u00abCentre Region\u00bb company<\/title>\n<meta name=\"robots\" content=\"index, follow, max-snippet:-1, max-image-preview:large, max-video-preview:-1\" \/>\n<link rel=\"canonical\" href=\"https:\/\/centre-region.eu\/de\/\" \/>\n<meta property=\"og:locale\" content=\"de_DE\" \/>\n<meta property=\"og:type\" content=\"article\" \/>\n<meta property=\"og:title\" content=\"Centre-Region \u2013 official European representative of the \u00abCentre Region\u00bb company\" \/>\n<meta property=\"og:description\" content=\"Sehr geehrte Kunden, Wir bedauern, Ihnen wichtige Informationen mitteilen zu m\u00fcssen. Nach reiflicher \u00dcberlegung haben wir beschlossen, unseren Online-Shop zu schlie\u00dfen und alle Produkte zu verkaufen. Diese Entscheidung hat uns Bitterkeit und Entt\u00e4uschung gebracht, aber wir f\u00fchlen, dass wir nicht l\u00e4nger mit Fehlinformationen und unredlicher Zusammenarbeit fortfahren k\u00f6nnen. Wir m\u00f6chten Ihnen den Grund f\u00fcr unsere &hellip; HOME Weiterlesen &raquo;\" \/>\n<meta property=\"og:url\" content=\"https:\/\/centre-region.eu\/de\/\" \/>\n<meta property=\"og:site_name\" content=\"Centre-Region\" \/>\n<meta property=\"article:modified_time\" content=\"2023-06-26T14:28:42+00:00\" \/>\n<meta name=\"twitter:card\" content=\"summary_large_image\" \/>\n<meta name=\"twitter:label1\" content=\"Gesch\u00e4tzte Lesezeit\" \/>\n\t<meta name=\"twitter:data1\" content=\"3\u00a0Minuten\" \/>\n<script type=\"application\/ld+json\" class=\"yoast-schema-graph\">{\"@context\":\"https:\/\/schema.org\",\"@graph\":[{\"@type\":\"WebPage\",\"@id\":\"https:\/\/centre-region.eu\/de\/\",\"url\":\"https:\/\/centre-region.eu\/de\/\",\"name\":\"Centre-Region \u2013 official European representative of the \u00abCentre Region\u00bb company\",\"isPartOf\":{\"@id\":\"https:\/\/centre-region.eu\/de\/#website\"},\"datePublished\":\"2019-12-20T18:21:13+00:00\",\"dateModified\":\"2023-06-26T14:28:42+00:00\",\"breadcrumb\":{\"@id\":\"https:\/\/centre-region.eu\/de\/#breadcrumb\"},\"inLanguage\":\"de\",\"potentialAction\":[{\"@type\":\"ReadAction\",\"target\":[\"https:\/\/centre-region.eu\/de\/\"]}]},{\"@type\":\"BreadcrumbList\",\"@id\":\"https:\/\/centre-region.eu\/de\/#breadcrumb\",\"itemListElement\":[{\"@type\":\"ListItem\",\"position\":1,\"name\":\"Home\",\"item\":\"https:\/\/centre-region.eu\/de\/\"},{\"@type\":\"ListItem\",\"position\":2,\"name\":\"HOME\"}]},{\"@type\":\"WebSite\",\"@id\":\"https:\/\/centre-region.eu\/de\/#website\",\"url\":\"https:\/\/centre-region.eu\/de\/\",\"name\":\"Centre-Region\",\"description\":\"official European representative of the \u00abCentre Region\u00bb company\",\"publisher\":{\"@id\":\"https:\/\/centre-region.eu\/de\/#organization\"},\"potentialAction\":[{\"@type\":\"SearchAction\",\"target\":{\"@type\":\"EntryPoint\",\"urlTemplate\":\"https:\/\/centre-region.eu\/de\/?s={search_term_string}\"},\"query-input\":\"required name=search_term_string\"}],\"inLanguage\":\"de\"},{\"@type\":\"Organization\",\"@id\":\"https:\/\/centre-region.eu\/de\/#organization\",\"name\":\"Centre-Region\",\"url\":\"https:\/\/centre-region.eu\/de\/\",\"logo\":{\"@type\":\"ImageObject\",\"inLanguage\":\"de\",\"@id\":\"https:\/\/centre-region.eu\/de\/#\/schema\/logo\/image\/\",\"url\":\"https:\/\/centre-region.eu\/wp-content\/uploads\/2019\/11\/Logo-Centre-Region-eu-5-1.svg\",\"contentUrl\":\"https:\/\/centre-region.eu\/wp-content\/uploads\/2019\/11\/Logo-Centre-Region-eu-5-1.svg\",\"caption\":\"Centre-Region\"},\"image\":{\"@id\":\"https:\/\/centre-region.eu\/de\/#\/schema\/logo\/image\/\"}}]}<\/script>\n<!-- \/ Yoast SEO plugin. -->","yoast_head_json":{"title":"Centre-Region \u2013 official European representative of the \u00abCentre Region\u00bb company","robots":{"index":"index","follow":"follow","max-snippet":"max-snippet:-1","max-image-preview":"max-image-preview:large","max-video-preview":"max-video-preview:-1"},"canonical":"https:\/\/centre-region.eu\/de\/","og_locale":"de_DE","og_type":"article","og_title":"Centre-Region \u2013 official European representative of the \u00abCentre Region\u00bb company","og_description":"Sehr geehrte Kunden, Wir bedauern, Ihnen wichtige Informationen mitteilen zu m\u00fcssen. Nach reiflicher \u00dcberlegung haben wir beschlossen, unseren Online-Shop zu schlie\u00dfen und alle Produkte zu verkaufen. Diese Entscheidung hat uns Bitterkeit und Entt\u00e4uschung gebracht, aber wir f\u00fchlen, dass wir nicht l\u00e4nger mit Fehlinformationen und unredlicher Zusammenarbeit fortfahren k\u00f6nnen. Wir m\u00f6chten Ihnen den Grund f\u00fcr unsere &hellip; HOME Weiterlesen &raquo;","og_url":"https:\/\/centre-region.eu\/de\/","og_site_name":"Centre-Region","article_modified_time":"2023-06-26T14:28:42+00:00","twitter_card":"summary_large_image","twitter_misc":{"Gesch\u00e4tzte Lesezeit":"3\u00a0Minuten"},"schema":{"@context":"https:\/\/schema.org","@graph":[{"@type":"WebPage","@id":"https:\/\/centre-region.eu\/de\/","url":"https:\/\/centre-region.eu\/de\/","name":"Centre-Region \u2013 official European representative of the \u00abCentre Region\u00bb company","isPartOf":{"@id":"https:\/\/centre-region.eu\/de\/#website"},"datePublished":"2019-12-20T18:21:13+00:00","dateModified":"2023-06-26T14:28:42+00:00","breadcrumb":{"@id":"https:\/\/centre-region.eu\/de\/#breadcrumb"},"inLanguage":"de","potentialAction":[{"@type":"ReadAction","target":["https:\/\/centre-region.eu\/de\/"]}]},{"@type":"BreadcrumbList","@id":"https:\/\/centre-region.eu\/de\/#breadcrumb","itemListElement":[{"@type":"ListItem","position":1,"name":"Home","item":"https:\/\/centre-region.eu\/de\/"},{"@type":"ListItem","position":2,"name":"HOME"}]},{"@type":"WebSite","@id":"https:\/\/centre-region.eu\/de\/#website","url":"https:\/\/centre-region.eu\/de\/","name":"Centre-Region","description":"official European representative of the \u00abCentre Region\u00bb company","publisher":{"@id":"https:\/\/centre-region.eu\/de\/#organization"},"potentialAction":[{"@type":"SearchAction","target":{"@type":"EntryPoint","urlTemplate":"https:\/\/centre-region.eu\/de\/?s={search_term_string}"},"query-input":"required name=search_term_string"}],"inLanguage":"de"},{"@type":"Organization","@id":"https:\/\/centre-region.eu\/de\/#organization","name":"Centre-Region","url":"https:\/\/centre-region.eu\/de\/","logo":{"@type":"ImageObject","inLanguage":"de","@id":"https:\/\/centre-region.eu\/de\/#\/schema\/logo\/image\/","url":"https:\/\/centre-region.eu\/wp-content\/uploads\/2019\/11\/Logo-Centre-Region-eu-5-1.svg","contentUrl":"https:\/\/centre-region.eu\/wp-content\/uploads\/2019\/11\/Logo-Centre-Region-eu-5-1.svg","caption":"Centre-Region"},"image":{"@id":"https:\/\/centre-region.eu\/de\/#\/schema\/logo\/image\/"}}]}},"_links":{"self":[{"href":"https:\/\/centre-region.eu\/de\/wp-json\/wp\/v2\/pages\/8457","targetHints":{"allow":["GET"]}}],"collection":[{"href":"https:\/\/centre-region.eu\/de\/wp-json\/wp\/v2\/pages"}],"about":[{"href":"https:\/\/centre-region.eu\/de\/wp-json\/wp\/v2\/types\/page"}],"author":[{"embeddable":true,"href":"https:\/\/centre-region.eu\/de\/wp-json\/wp\/v2\/users\/2"}],"replies":[{"embeddable":true,"href":"https:\/\/centre-region.eu\/de\/wp-json\/wp\/v2\/comments?post=8457"}],"version-history":[{"count":97,"href":"https:\/\/centre-region.eu\/de\/wp-json\/wp\/v2\/pages\/8457\/revisions"}],"predecessor-version":[{"id":26749,"href":"https:\/\/centre-region.eu\/de\/wp-json\/wp\/v2\/pages\/8457\/revisions\/26749"}],"wp:attachment":[{"href":"https:\/\/centre-region.eu\/de\/wp-json\/wp\/v2\/media?parent=8457"}],"curies":[{"name":"wp","href":"https:\/\/api.w.org\/{rel}","templated":true}]}}