{"id":8438,"date":"2019-12-20T18:02:03","date_gmt":"2019-12-20T18:02:03","guid":{"rendered":"https:\/\/www.centre-region.eu\/ueber-uns\/"},"modified":"2020-10-19T18:24:12","modified_gmt":"2020-10-19T18:24:12","slug":"ueber-uns","status":"publish","type":"page","link":"https:\/\/centre-region.eu\/de\/ueber-uns\/","title":{"rendered":"\u00dcber uns"},"content":{"rendered":"\t\t<div data-elementor-type=\"wp-page\" data-elementor-id=\"8438\" class=\"elementor elementor-8438 elementor-6097\" data-elementor-post-type=\"page\">\n\t\t\t\t\t\t<section class=\"elementor-section elementor-top-section elementor-element elementor-element-a2fd761 elementor-section-boxed elementor-section-height-default elementor-section-height-default\" data-id=\"a2fd761\" data-element_type=\"section\">\n\t\t\t\t\t\t<div class=\"elementor-container elementor-column-gap-default\">\n\t\t\t\t\t<div class=\"elementor-column elementor-col-100 elementor-top-column elementor-element elementor-element-7400768\" data-id=\"7400768\" data-element_type=\"column\">\n\t\t\t<div class=\"elementor-widget-wrap elementor-element-populated\">\n\t\t\t\t\t\t<div class=\"elementor-element elementor-element-6e59bc3 elementor-widget elementor-widget-woocommerce-breadcrumb\" data-id=\"6e59bc3\" data-element_type=\"widget\" data-widget_type=\"woocommerce-breadcrumb.default\">\n\t\t\t\t<div class=\"elementor-widget-container\">\n\t\t\t<nav class=\"woocommerce-breadcrumb\" aria-label=\"Breadcrumb\">Home<\/nav>\t\t<\/div>\n\t\t\t\t<\/div>\n\t\t\t\t\t<\/div>\n\t\t<\/div>\n\t\t\t\t\t<\/div>\n\t\t<\/section>\n\t\t\t\t<section class=\"elementor-section elementor-top-section elementor-element elementor-element-39ef825 elementor-section-stretched elementor-section-boxed elementor-section-height-default elementor-section-height-default\" data-id=\"39ef825\" data-element_type=\"section\" data-settings=\"{&quot;stretch_section&quot;:&quot;section-stretched&quot;,&quot;background_background&quot;:&quot;classic&quot;}\">\n\t\t\t\t\t\t<div class=\"elementor-container elementor-column-gap-default\">\n\t\t\t\t\t<div class=\"elementor-column elementor-col-100 elementor-top-column elementor-element elementor-element-f33511f\" data-id=\"f33511f\" data-element_type=\"column\">\n\t\t\t<div class=\"elementor-widget-wrap elementor-element-populated\">\n\t\t\t\t\t\t<div class=\"elementor-element elementor-element-1119fe5 elementor-widget elementor-widget-heading\" data-id=\"1119fe5\" data-element_type=\"widget\" data-widget_type=\"heading.default\">\n\t\t\t\t<div class=\"elementor-widget-container\">\n\t\t\t<h3 class=\"elementor-heading-title elementor-size-default\">\u00dcber uns<\/h3>\t\t<\/div>\n\t\t\t\t<\/div>\n\t\t\t\t\t<\/div>\n\t\t<\/div>\n\t\t\t\t\t<\/div>\n\t\t<\/section>\n\t\t\t\t<section class=\"elementor-section elementor-top-section elementor-element elementor-element-9708519 elementor-section-stretched elementor-section-boxed elementor-section-height-default elementor-section-height-default\" data-id=\"9708519\" data-element_type=\"section\" data-settings=\"{&quot;stretch_section&quot;:&quot;section-stretched&quot;}\">\n\t\t\t\t\t\t<div class=\"elementor-container elementor-column-gap-default\">\n\t\t\t\t\t<div class=\"elementor-column elementor-col-50 elementor-top-column elementor-element elementor-element-9dfe185\" data-id=\"9dfe185\" data-element_type=\"column\">\n\t\t\t<div class=\"elementor-widget-wrap elementor-element-populated\">\n\t\t\t\t\t\t<div class=\"elementor-element elementor-element-4769be9 elementor-widget elementor-widget-text-editor\" data-id=\"4769be9\" data-element_type=\"widget\" data-widget_type=\"text-editor.default\">\n\t\t\t\t<div class=\"elementor-widget-container\">\n\t\t\t\t\t\t\t<p>Willkommen auf der Website des offiziellen europ\u00e4ischen Vertreters der Firma \u201ePlanet der Regionen&#8221;- ID 836<\/p><p>Die Geschichte des Unternehmens reicht bis ins Jahr 2008 zur\u00fcck, als der FUNKTIONSKORREKTOR (engl. Functional State Corrector = FSC) bzw. die Kolzov-Platte eingef\u00fchrt wurde. Der Funktionskorrektor ist eine einzigartige Erfindung von Sergej Kolzov. Bis heute gilt sie als Vorzeigeprodukt des Unternehmens. Bis heute gilt es als der Standardtr\u00e4ger des Unternehmens.<\/p><p>Ganz gleich, ob Sie an kognitiven Verbesserungen, k\u00f6rperlichen oder geistigen H\u00f6chstleistungen, Erforschung und Erweiterung des Bewusstseins, optimalem Wohlbefinden, Schutz vor sch\u00e4dlichen Umwelteinfl\u00fcssen, Self-Improvement oder einfach an einem bewussteren Lebensstil interessiert sind, wir helfen Ihnen, die Produkte zu finden, die Ihren Bed\u00fcrfnissen entsprechen.<\/p><p>Jedes unserer Produkte wird mit gr\u00f6\u00dfter Sorgfalt und unter Ber\u00fccksichtigung Ihres Wohlbefindens ausgew\u00e4hlt. Daher resultiert auch der weltweite Ruf als zuverl\u00e4ssige und umfassende Quelle f\u00fcr Self-Improvement Technologien und innovative Gesundheitsprodukte.<\/p><p>Bei Centre Region stehen Ihnen unsere freundlichen Mitarbeiter mit Rat und Tat zur Seite. Und im Gegensatz zu vielen anderen Unternehmen heutzutage wird Ihr Anruf oder Ihre E-Mail von einer echten Person beantwortet. (Bitte beachten Sie, dass in unserem Mitarbeiterteam keine \u00c4rzte sind. Daher k\u00f6nnen wir keine medizinische Beratung anbieten.)<\/p><p>Vielen Dank f\u00fcr Ihren Besuch und wir freuen uns auf Sie!<\/p><p>\u00a0<\/p>\t\t\t\t\t\t<\/div>\n\t\t\t\t<\/div>\n\t\t\t\t<div class=\"elementor-element elementor-element-5e8d67e elementor-widget elementor-widget-heading\" data-id=\"5e8d67e\" data-element_type=\"widget\" data-widget_type=\"heading.default\">\n\t\t\t\t<div class=\"elementor-widget-container\">\n\t\t\t<h3 class=\"elementor-heading-title elementor-size-default\">WOLLEN SIE UNSER PARTNER WERDEN?<\/h3>\t\t<\/div>\n\t\t\t\t<\/div>\n\t\t\t\t<div class=\"elementor-element elementor-element-97a77e8 elementor-widget elementor-widget-text-editor\" data-id=\"97a77e8\" data-element_type=\"widget\" data-widget_type=\"text-editor.default\">\n\t\t\t\t<div class=\"elementor-widget-container\">\n\t\t\t\t\t\t\t<p>Im Rahmen der aktiven Entwicklung unseres Unternehmens bieten wir Ihnen die M\u00f6glichkeit, ein vollwertiger Partner an unserem Projekt zu werden. Sie k\u00f6nnen so ein einzigartiges Produkt f\u00f6rdern und Gewinne erzielen.<\/p><p>Mit Centre Region haben Sie die M\u00f6glichkeit, eine positive Ver\u00e4nderung in Ihr Leben zu bringen!<\/p><p>Bitte senden Sie uns eine Anfrage per E-Mail an contact@centre-region.eu oder verwenden Sie das auf unserer Website verf\u00fcgbare Kontaktformular: Klicken Sie hier <a href=\"https:\/\/www.centre-region.eu\/contact-us\/\">uns<\/a><\/p>\t\t\t\t\t\t<\/div>\n\t\t\t\t<\/div>\n\t\t\t\t\t<\/div>\n\t\t<\/div>\n\t\t\t\t<div class=\"elementor-column elementor-col-50 elementor-top-column elementor-element elementor-element-691508f\" data-id=\"691508f\" data-element_type=\"column\">\n\t\t\t<div class=\"elementor-widget-wrap elementor-element-populated\">\n\t\t\t\t\t\t<section class=\"elementor-section elementor-inner-section elementor-element elementor-element-98cc24c elementor-section-boxed elementor-section-height-default elementor-section-height-default\" data-id=\"98cc24c\" data-element_type=\"section\">\n\t\t\t\t\t\t<div class=\"elementor-container elementor-column-gap-default\">\n\t\t\t\t\t<div class=\"elementor-column elementor-col-100 elementor-inner-column elementor-element elementor-element-cc7ca59\" data-id=\"cc7ca59\" data-element_type=\"column\">\n\t\t\t<div class=\"elementor-widget-wrap elementor-element-populated\">\n\t\t\t\t\t\t<div class=\"elementor-element elementor-element-816e450 elementor-widget elementor-widget-image\" data-id=\"816e450\" data-element_type=\"widget\" data-widget_type=\"image.default\">\n\t\t\t\t<div class=\"elementor-widget-container\">\n\t\t\t\t\t\t\t\t\t\t\t\t\t<img fetchpriority=\"high\" decoding=\"async\" width=\"680\" height=\"290\" src=\"https:\/\/centre-region.eu\/wp-content\/uploads\/2020\/10\/200922_ID836_centre-region.eu_ID836-EN-1.png\" class=\"attachment-large size-large wp-image-15961\" alt=\"\" srcset=\"https:\/\/centre-region.eu\/wp-content\/uploads\/2020\/10\/200922_ID836_centre-region.eu_ID836-EN-1.png 680w, https:\/\/centre-region.eu\/wp-content\/uploads\/2020\/10\/200922_ID836_centre-region.eu_ID836-EN-1-300x128.png 300w, https:\/\/centre-region.eu\/wp-content\/uploads\/2020\/10\/200922_ID836_centre-region.eu_ID836-EN-1-610x260.png 610w, https:\/\/centre-region.eu\/wp-content\/uploads\/2020\/10\/200922_ID836_centre-region.eu_ID836-EN-1-600x256.png 600w\" sizes=\"(max-width: 680px) 100vw, 680px\" \/>\t\t\t\t\t\t\t\t\t\t\t\t\t<\/div>\n\t\t\t\t<\/div>\n\t\t\t\t<div class=\"elementor-element elementor-element-9b3ee82 elementor-widget elementor-widget-image\" data-id=\"9b3ee82\" data-element_type=\"widget\" data-widget_type=\"image.default\">\n\t\t\t\t<div class=\"elementor-widget-container\">\n\t\t\t\t\t\t\t\t\t\t\t\t\t<img decoding=\"async\" width=\"270\" height=\"490\" src=\"https:\/\/centre-region.eu\/wp-content\/uploads\/2020\/09\/Vertical-banner-partership-DE.jpg\" class=\"attachment-large size-large wp-image-15220\" alt=\"\" srcset=\"https:\/\/centre-region.eu\/wp-content\/uploads\/2020\/09\/Vertical-banner-partership-DE.jpg 270w, https:\/\/centre-region.eu\/wp-content\/uploads\/2020\/09\/Vertical-banner-partership-DE-165x300.jpg 165w\" sizes=\"(max-width: 270px) 100vw, 270px\" \/>\t\t\t\t\t\t\t\t\t\t\t\t\t<\/div>\n\t\t\t\t<\/div>\n\t\t\t\t\t<\/div>\n\t\t<\/div>\n\t\t\t\t\t<\/div>\n\t\t<\/section>\n\t\t\t\t\t<\/div>\n\t\t<\/div>\n\t\t\t\t\t<\/div>\n\t\t<\/section>\n\t\t\t\t<\/div>\n\t\t","protected":false},"excerpt":{"rendered":"<p>Willkommen auf der Website des offiziellen europ\u00e4ischen Vertreters der Firma \u201ePlanet der Regionen&#8221;- ID 836 Die Geschichte des Unternehmens reicht bis ins Jahr 2008 zur\u00fcck, als der FUNKTIONSKORREKTOR (engl. Functional State Corrector = FSC) bzw. die Kolzov-Platte eingef\u00fchrt wurde. Der Funktionskorrektor ist eine einzigartige Erfindung von Sergej Kolzov. Bis heute gilt sie als Vorzeigeprodukt des &hellip;<\/p>\n<p class=\"read-more\"> <a class=\"\" href=\"https:\/\/centre-region.eu\/de\/ueber-uns\/\"> <span class=\"screen-reader-text\">\u00dcber uns<\/span> Weiterlesen &raquo;<\/a><\/p>\n","protected":false},"author":2,"featured_media":0,"parent":0,"menu_order":0,"comment_status":"closed","ping_status":"closed","template":"elementor_header_footer","meta":{"site-sidebar-layout":"no-sidebar","site-content-layout":"page-builder","ast-global-header-display":"","ast-main-header-display":"","ast-hfb-above-header-display":"","ast-hfb-below-header-display":"","ast-hfb-mobile-header-display":"","site-post-title":"disabled","ast-breadcrumbs-content":"","ast-featured-img":"disabled","footer-sml-layout":"","theme-transparent-header-meta":"default","adv-header-id-meta":"","stick-header-meta":"","header-above-stick-meta":"","header-main-stick-meta":"","header-below-stick-meta":"","footnotes":""},"class_list":["post-8438","page","type-page","status-publish","hentry"],"acf":[],"yoast_head":"<!-- This site is optimized with the Yoast SEO plugin v22.2 - https:\/\/yoast.com\/wordpress\/plugins\/seo\/ -->\n<title>\u00dcber uns - Centre-Region<\/title>\n<meta name=\"robots\" content=\"index, follow, max-snippet:-1, max-image-preview:large, max-video-preview:-1\" \/>\n<link rel=\"canonical\" href=\"https:\/\/centre-region.eu\/de\/ueber-uns\/\" \/>\n<meta property=\"og:locale\" content=\"de_DE\" \/>\n<meta property=\"og:type\" content=\"article\" \/>\n<meta property=\"og:title\" content=\"\u00dcber uns - Centre-Region\" \/>\n<meta property=\"og:description\" content=\"Willkommen auf der Website des offiziellen europ\u00e4ischen Vertreters der Firma \u201ePlanet der Regionen&#8221;- ID 836 Die Geschichte des Unternehmens reicht bis ins Jahr 2008 zur\u00fcck, als der FUNKTIONSKORREKTOR (engl. Functional State Corrector = FSC) bzw. die Kolzov-Platte eingef\u00fchrt wurde. Der Funktionskorrektor ist eine einzigartige Erfindung von Sergej Kolzov. Bis heute gilt sie als Vorzeigeprodukt des &hellip; \u00dcber uns Weiterlesen &raquo;\" \/>\n<meta property=\"og:url\" content=\"https:\/\/centre-region.eu\/de\/ueber-uns\/\" \/>\n<meta property=\"og:site_name\" content=\"Centre-Region\" \/>\n<meta property=\"article:modified_time\" content=\"2020-10-19T18:24:12+00:00\" \/>\n<meta property=\"og:image\" content=\"https:\/\/www.centre-region.eu\/wp-content\/uploads\/2020\/10\/200922_ID836_centre-region.eu_ID836-EN-1.png\" \/>\n<meta name=\"twitter:card\" content=\"summary_large_image\" \/>\n<meta name=\"twitter:label1\" content=\"Gesch\u00e4tzte Lesezeit\" \/>\n\t<meta name=\"twitter:data1\" content=\"1\u00a0Minute\" \/>\n<script type=\"application\/ld+json\" class=\"yoast-schema-graph\">{\"@context\":\"https:\/\/schema.org\",\"@graph\":[{\"@type\":\"WebPage\",\"@id\":\"https:\/\/centre-region.eu\/de\/ueber-uns\/\",\"url\":\"https:\/\/centre-region.eu\/de\/ueber-uns\/\",\"name\":\"\u00dcber uns - Centre-Region\",\"isPartOf\":{\"@id\":\"https:\/\/centre-region.eu\/de\/#website\"},\"primaryImageOfPage\":{\"@id\":\"https:\/\/centre-region.eu\/de\/ueber-uns\/#primaryimage\"},\"image\":{\"@id\":\"https:\/\/centre-region.eu\/de\/ueber-uns\/#primaryimage\"},\"thumbnailUrl\":\"https:\/\/www.centre-region.eu\/wp-content\/uploads\/2020\/10\/200922_ID836_centre-region.eu_ID836-EN-1.png\",\"datePublished\":\"2019-12-20T18:02:03+00:00\",\"dateModified\":\"2020-10-19T18:24:12+00:00\",\"breadcrumb\":{\"@id\":\"https:\/\/centre-region.eu\/de\/ueber-uns\/#breadcrumb\"},\"inLanguage\":\"de\",\"potentialAction\":[{\"@type\":\"ReadAction\",\"target\":[\"https:\/\/centre-region.eu\/de\/ueber-uns\/\"]}]},{\"@type\":\"ImageObject\",\"inLanguage\":\"de\",\"@id\":\"https:\/\/centre-region.eu\/de\/ueber-uns\/#primaryimage\",\"url\":\"https:\/\/centre-region.eu\/wp-content\/uploads\/2020\/10\/200922_ID836_centre-region.eu_ID836-EN-1.png\",\"contentUrl\":\"https:\/\/centre-region.eu\/wp-content\/uploads\/2020\/10\/200922_ID836_centre-region.eu_ID836-EN-1.png\",\"width\":680,\"height\":290},{\"@type\":\"BreadcrumbList\",\"@id\":\"https:\/\/centre-region.eu\/de\/ueber-uns\/#breadcrumb\",\"itemListElement\":[{\"@type\":\"ListItem\",\"position\":1,\"name\":\"Home\",\"item\":\"https:\/\/centre-region.eu\/de\/\"},{\"@type\":\"ListItem\",\"position\":2,\"name\":\"\u00dcber uns\"}]},{\"@type\":\"WebSite\",\"@id\":\"https:\/\/centre-region.eu\/de\/#website\",\"url\":\"https:\/\/centre-region.eu\/de\/\",\"name\":\"Centre-Region\",\"description\":\"official European representative of the \u00abCentre Region\u00bb company\",\"publisher\":{\"@id\":\"https:\/\/centre-region.eu\/de\/#organization\"},\"potentialAction\":[{\"@type\":\"SearchAction\",\"target\":{\"@type\":\"EntryPoint\",\"urlTemplate\":\"https:\/\/centre-region.eu\/de\/?s={search_term_string}\"},\"query-input\":\"required name=search_term_string\"}],\"inLanguage\":\"de\"},{\"@type\":\"Organization\",\"@id\":\"https:\/\/centre-region.eu\/de\/#organization\",\"name\":\"Centre-Region\",\"url\":\"https:\/\/centre-region.eu\/de\/\",\"logo\":{\"@type\":\"ImageObject\",\"inLanguage\":\"de\",\"@id\":\"https:\/\/centre-region.eu\/de\/#\/schema\/logo\/image\/\",\"url\":\"https:\/\/centre-region.eu\/wp-content\/uploads\/2019\/11\/Logo-Centre-Region-eu-5-1.svg\",\"contentUrl\":\"https:\/\/centre-region.eu\/wp-content\/uploads\/2019\/11\/Logo-Centre-Region-eu-5-1.svg\",\"caption\":\"Centre-Region\"},\"image\":{\"@id\":\"https:\/\/centre-region.eu\/de\/#\/schema\/logo\/image\/\"}}]}<\/script>\n<!-- \/ Yoast SEO plugin. -->","yoast_head_json":{"title":"\u00dcber uns - Centre-Region","robots":{"index":"index","follow":"follow","max-snippet":"max-snippet:-1","max-image-preview":"max-image-preview:large","max-video-preview":"max-video-preview:-1"},"canonical":"https:\/\/centre-region.eu\/de\/ueber-uns\/","og_locale":"de_DE","og_type":"article","og_title":"\u00dcber uns - Centre-Region","og_description":"Willkommen auf der Website des offiziellen europ\u00e4ischen Vertreters der Firma \u201ePlanet der Regionen&#8221;- ID 836 Die Geschichte des Unternehmens reicht bis ins Jahr 2008 zur\u00fcck, als der FUNKTIONSKORREKTOR (engl. Functional State Corrector = FSC) bzw. die Kolzov-Platte eingef\u00fchrt wurde. Der Funktionskorrektor ist eine einzigartige Erfindung von Sergej Kolzov. Bis heute gilt sie als Vorzeigeprodukt des &hellip; \u00dcber uns Weiterlesen &raquo;","og_url":"https:\/\/centre-region.eu\/de\/ueber-uns\/","og_site_name":"Centre-Region","article_modified_time":"2020-10-19T18:24:12+00:00","og_image":[{"url":"https:\/\/www.centre-region.eu\/wp-content\/uploads\/2020\/10\/200922_ID836_centre-region.eu_ID836-EN-1.png"}],"twitter_card":"summary_large_image","twitter_misc":{"Gesch\u00e4tzte Lesezeit":"1\u00a0Minute"},"schema":{"@context":"https:\/\/schema.org","@graph":[{"@type":"WebPage","@id":"https:\/\/centre-region.eu\/de\/ueber-uns\/","url":"https:\/\/centre-region.eu\/de\/ueber-uns\/","name":"\u00dcber uns - Centre-Region","isPartOf":{"@id":"https:\/\/centre-region.eu\/de\/#website"},"primaryImageOfPage":{"@id":"https:\/\/centre-region.eu\/de\/ueber-uns\/#primaryimage"},"image":{"@id":"https:\/\/centre-region.eu\/de\/ueber-uns\/#primaryimage"},"thumbnailUrl":"https:\/\/www.centre-region.eu\/wp-content\/uploads\/2020\/10\/200922_ID836_centre-region.eu_ID836-EN-1.png","datePublished":"2019-12-20T18:02:03+00:00","dateModified":"2020-10-19T18:24:12+00:00","breadcrumb":{"@id":"https:\/\/centre-region.eu\/de\/ueber-uns\/#breadcrumb"},"inLanguage":"de","potentialAction":[{"@type":"ReadAction","target":["https:\/\/centre-region.eu\/de\/ueber-uns\/"]}]},{"@type":"ImageObject","inLanguage":"de","@id":"https:\/\/centre-region.eu\/de\/ueber-uns\/#primaryimage","url":"https:\/\/centre-region.eu\/wp-content\/uploads\/2020\/10\/200922_ID836_centre-region.eu_ID836-EN-1.png","contentUrl":"https:\/\/centre-region.eu\/wp-content\/uploads\/2020\/10\/200922_ID836_centre-region.eu_ID836-EN-1.png","width":680,"height":290},{"@type":"BreadcrumbList","@id":"https:\/\/centre-region.eu\/de\/ueber-uns\/#breadcrumb","itemListElement":[{"@type":"ListItem","position":1,"name":"Home","item":"https:\/\/centre-region.eu\/de\/"},{"@type":"ListItem","position":2,"name":"\u00dcber uns"}]},{"@type":"WebSite","@id":"https:\/\/centre-region.eu\/de\/#website","url":"https:\/\/centre-region.eu\/de\/","name":"Centre-Region","description":"official European representative of the \u00abCentre Region\u00bb company","publisher":{"@id":"https:\/\/centre-region.eu\/de\/#organization"},"potentialAction":[{"@type":"SearchAction","target":{"@type":"EntryPoint","urlTemplate":"https:\/\/centre-region.eu\/de\/?s={search_term_string}"},"query-input":"required name=search_term_string"}],"inLanguage":"de"},{"@type":"Organization","@id":"https:\/\/centre-region.eu\/de\/#organization","name":"Centre-Region","url":"https:\/\/centre-region.eu\/de\/","logo":{"@type":"ImageObject","inLanguage":"de","@id":"https:\/\/centre-region.eu\/de\/#\/schema\/logo\/image\/","url":"https:\/\/centre-region.eu\/wp-content\/uploads\/2019\/11\/Logo-Centre-Region-eu-5-1.svg","contentUrl":"https:\/\/centre-region.eu\/wp-content\/uploads\/2019\/11\/Logo-Centre-Region-eu-5-1.svg","caption":"Centre-Region"},"image":{"@id":"https:\/\/centre-region.eu\/de\/#\/schema\/logo\/image\/"}}]}},"_links":{"self":[{"href":"https:\/\/centre-region.eu\/de\/wp-json\/wp\/v2\/pages\/8438","targetHints":{"allow":["GET"]}}],"collection":[{"href":"https:\/\/centre-region.eu\/de\/wp-json\/wp\/v2\/pages"}],"about":[{"href":"https:\/\/centre-region.eu\/de\/wp-json\/wp\/v2\/types\/page"}],"author":[{"embeddable":true,"href":"https:\/\/centre-region.eu\/de\/wp-json\/wp\/v2\/users\/2"}],"replies":[{"embeddable":true,"href":"https:\/\/centre-region.eu\/de\/wp-json\/wp\/v2\/comments?post=8438"}],"version-history":[{"count":20,"href":"https:\/\/centre-region.eu\/de\/wp-json\/wp\/v2\/pages\/8438\/revisions"}],"predecessor-version":[{"id":15968,"href":"https:\/\/centre-region.eu\/de\/wp-json\/wp\/v2\/pages\/8438\/revisions\/15968"}],"wp:attachment":[{"href":"https:\/\/centre-region.eu\/de\/wp-json\/wp\/v2\/media?parent=8438"}],"curies":[{"name":"wp","href":"https:\/\/api.w.org\/{rel}","templated":true}]}}