{"id":19160,"date":"2021-11-01T22:54:51","date_gmt":"2021-11-01T22:54:51","guid":{"rendered":"https:\/\/centre-region.eu\/black-sunday-sale-kolzov-platte-ab-79-euro\/"},"modified":"2021-11-01T23:18:46","modified_gmt":"2021-11-01T23:18:46","slug":"black-sunday-sale-kolzov-platte-ab-79-euro","status":"publish","type":"page","link":"https:\/\/centre-region.eu\/de\/black-sunday-sale-kolzov-platte-ab-79-euro\/","title":{"rendered":"BLACK SUNDAY SALE &#8211; Kolzov-Platte ab 79 Euro"},"content":{"rendered":"\t\t<div data-elementor-type=\"wp-page\" data-elementor-id=\"19160\" class=\"elementor elementor-19160 elementor-19132\" data-elementor-post-type=\"page\">\n\t\t\t\t\t\t<section class=\"elementor-section elementor-top-section elementor-element elementor-element-112059e elementor-section-boxed elementor-section-height-default elementor-section-height-default\" data-id=\"112059e\" data-element_type=\"section\">\n\t\t\t\t\t\t<div class=\"elementor-container elementor-column-gap-default\">\n\t\t\t\t\t<div class=\"elementor-column elementor-col-100 elementor-top-column elementor-element elementor-element-cd91135\" data-id=\"cd91135\" data-element_type=\"column\">\n\t\t\t<div class=\"elementor-widget-wrap elementor-element-populated\">\n\t\t\t\t\t\t<div class=\"elementor-element elementor-element-b5b714d elementor-widget elementor-widget-heading\" data-id=\"b5b714d\" data-element_type=\"widget\" data-widget_type=\"heading.default\">\n\t\t\t\t<div class=\"elementor-widget-container\">\n\t\t\t<h2 class=\"elementor-heading-title elementor-size-default\">Informieren Sie sich \u00fcber die n\u00e4chsten <\/h2>\t\t<\/div>\n\t\t\t\t<\/div>\n\t\t\t\t\t<\/div>\n\t\t<\/div>\n\t\t\t\t\t<\/div>\n\t\t<\/section>\n\t\t\t\t<section class=\"elementor-section elementor-top-section elementor-element elementor-element-2fcb749c elementor-section-content-middle elementor-section-boxed elementor-section-height-default elementor-section-height-default\" data-id=\"2fcb749c\" data-element_type=\"section\">\n\t\t\t\t\t\t<div class=\"elementor-container elementor-column-gap-no\">\n\t\t\t\t\t<div class=\"elementor-column elementor-col-100 elementor-top-column elementor-element elementor-element-2f7560b1\" data-id=\"2f7560b1\" data-element_type=\"column\">\n\t\t\t<div class=\"elementor-widget-wrap elementor-element-populated\">\n\t\t\t\t\t\t<div class=\"elementor-element elementor-element-35973136 elementor-widget elementor-widget-heading\" data-id=\"35973136\" data-element_type=\"widget\" data-widget_type=\"heading.default\">\n\t\t\t\t<div class=\"elementor-widget-container\">\n\t\t\t<h3 class=\"elementor-heading-title elementor-size-default\"><span style=\"font-size: 58px; font-style: normal; font-weight: 600; white-space: normal;\">Black Sunday Sale<\/span><\/h3>\t\t<\/div>\n\t\t\t\t<\/div>\n\t\t\t\t<div class=\"elementor-element elementor-element-3fe1807 elementor-widget elementor-widget-text-editor\" data-id=\"3fe1807\" data-element_type=\"widget\" data-widget_type=\"text-editor.default\">\n\t\t\t\t<div class=\"elementor-widget-container\">\n\t\t\t\t\t\t\t<div style=\"text-align: center;\" data-pm-slice=\"1 1 []\" data-en-clipboard=\"true\"><span style=\"color: #000000;\">Unsere Verkaufspolitik sieht folgenderma\u00dfen aus: ein- bis zweimal im Monat veranstalten wir einen gro\u00dfen Verkaufstag, den wir Black Friday oder Black Sunday Sale nennen. <span style=\"font-size: 15px; font-family: var( --e-global-typography-text-font-family ), Sans-serif;\">Zus\u00e4tzlich zum erm\u00e4\u00dfigten Preis bieten wir Geschenke wie eine Tasche f\u00fcr die Kolzov-Platte, eine Halterung f\u00fcr die Kolzov-Platte.\u00a0<\/span><span style=\"font-size: 15px; font-family: var( --e-global-typography-text-font-family ), Sans-serif;\">An diesem Tag k\u00f6nnen Sie alle unsere Produkte mit einem Rabatt von 20-35% kaufen. Wir benachrichtigen unsere Abonnenten einen Tag im Voraus \u00fcber einen solchen Verkauf.<\/span><\/span><\/div>\t\t\t\t\t\t<\/div>\n\t\t\t\t<\/div>\n\t\t\t\t<section class=\"elementor-section elementor-inner-section elementor-element elementor-element-75f3eac8 elementor-section-content-middle elementor-section-boxed elementor-section-height-default elementor-section-height-default\" data-id=\"75f3eac8\" data-element_type=\"section\">\n\t\t\t\t\t\t<div class=\"elementor-container elementor-column-gap-no\">\n\t\t\t\t\t<div class=\"elementor-column elementor-col-50 elementor-inner-column elementor-element elementor-element-20e37ccc\" data-id=\"20e37ccc\" data-element_type=\"column\">\n\t\t\t<div class=\"elementor-widget-wrap elementor-element-populated\">\n\t\t\t\t\t\t<div class=\"elementor-element elementor-element-4d77b1ca elementor-button-align-end elementor-mobile-button-align-center elementor-widget elementor-widget-form\" data-id=\"4d77b1ca\" data-element_type=\"widget\" data-settings=\"{&quot;step_next_label&quot;:&quot;n\\u00e4chster&quot;,&quot;step_previous_label&quot;:&quot;fr\\u00fcher&quot;,&quot;button_width&quot;:&quot;100&quot;,&quot;step_type&quot;:&quot;number_text&quot;,&quot;step_icon_shape&quot;:&quot;circle&quot;}\" data-widget_type=\"form.default\">\n\t\t\t\t<div class=\"elementor-widget-container\">\n\t\t\t\t\t<form class=\"elementor-form\" method=\"post\" name=\"Neues Formular\">\n\t\t\t<input type=\"hidden\" name=\"post_id\" value=\"19160\"\/>\n\t\t\t<input type=\"hidden\" name=\"form_id\" value=\"4d77b1ca\"\/>\n\t\t\t<input type=\"hidden\" name=\"referer_title\" value=\"Centre-Region\" \/>\n\n\t\t\t\n\t\t\t<div class=\"elementor-form-fields-wrapper elementor-labels-\">\n\t\t\t\t\t\t\t\t<div class=\"elementor-field-type-text elementor-field-group elementor-column elementor-field-group-name elementor-col-50\">\n\t\t\t\t\t\t\t\t\t\t\t\t<label for=\"form-field-name\" class=\"elementor-field-label elementor-screen-only\">\n\t\t\t\t\t\t\t\tName\t\t\t\t\t\t\t<\/label>\n\t\t\t\t\t\t\t\t\t\t\t\t\t\t<input size=\"1\" type=\"text\" name=\"form_fields[name]\" id=\"form-field-name\" class=\"elementor-field elementor-size-sm  elementor-field-textual\" placeholder=\"Name\">\n\t\t\t\t\t\t\t\t\t\t\t<\/div>\n\t\t\t\t\t\t\t\t<div class=\"elementor-field-type-email elementor-field-group elementor-column elementor-field-group-email elementor-col-50 elementor-field-required\">\n\t\t\t\t\t\t\t\t\t\t\t\t<label for=\"form-field-email\" class=\"elementor-field-label elementor-screen-only\">\n\t\t\t\t\t\t\t\tEmail\t\t\t\t\t\t\t<\/label>\n\t\t\t\t\t\t\t\t\t\t\t\t\t\t<input size=\"1\" type=\"email\" name=\"form_fields[email]\" id=\"form-field-email\" class=\"elementor-field elementor-size-sm  elementor-field-textual\" placeholder=\"Email\" required=\"required\" aria-required=\"true\">\n\t\t\t\t\t\t\t\t\t\t\t<\/div>\n\t\t\t\t\t\t\t\t<div class=\"elementor-field-type-text elementor-field-group elementor-column elementor-field-group-b26ecb6 elementor-col-100 elementor-field-required\">\n\t\t\t\t\t\t\t\t\t\t\t\t<label for=\"form-field-b26ecb6\" class=\"elementor-field-label elementor-screen-only\">\n\t\t\t\t\t\t\t\tSprache\t\t\t\t\t\t\t<\/label>\n\t\t\t\t\t\t\t\t\t\t\t\t\t\t<input size=\"1\" type=\"text\" name=\"form_fields[b26ecb6]\" id=\"form-field-b26ecb6\" class=\"elementor-field elementor-size-sm  elementor-field-textual\" placeholder=\"Sprache\" required=\"required\" aria-required=\"true\">\n\t\t\t\t\t\t\t\t\t\t\t<\/div>\n\t\t\t\t\t\t\t\t<div class=\"elementor-field-type-textarea elementor-field-group elementor-column elementor-field-group-message elementor-col-100\">\n\t\t\t\t\t\t\t\t\t\t\t\t<label for=\"form-field-message\" class=\"elementor-field-label elementor-screen-only\">\n\t\t\t\t\t\t\t\tNachricht\t\t\t\t\t\t\t<\/label>\n\t\t\t\t\t\t<textarea class=\"elementor-field-textual elementor-field  elementor-size-sm\" name=\"form_fields[message]\" id=\"form-field-message\" rows=\"4\" placeholder=\"Bitte schreiben Sie &quot;Ich m\u00f6chte \u00fcber das Datum des n\u00e4chsten Black Sunday-Verkaufs informiert werden&quot;.\"><\/textarea>\t\t\t\t<\/div>\n\t\t\t\t\t\t\t\t<div class=\"elementor-field-group elementor-column elementor-field-type-submit elementor-col-100 e-form__buttons\">\n\t\t\t\t\t<button type=\"submit\" class=\"elementor-button elementor-size-sm\">\n\t\t\t\t\t\t<span >\n\t\t\t\t\t\t\t\t\t\t\t\t\t\t\t<span class=\" elementor-button-icon\">\n\t\t\t\t\t\t\t\t\t\t\t\t\t\t\t\t\t\t\t\t\t\t\t\t\t\t<\/span>\n\t\t\t\t\t\t\t\t\t\t\t\t\t\t\t\t\t\t\t\t\t\t<span class=\"elementor-button-text\">Nachricht senden<\/span>\n\t\t\t\t\t\t\t\t\t\t\t\t\t<\/span>\n\t\t\t\t\t<\/button>\n\t\t\t\t<\/div>\n\t\t\t<\/div>\n\t\t<\/form>\n\t\t\t\t<\/div>\n\t\t\t\t<\/div>\n\t\t\t\t\t<\/div>\n\t\t<\/div>\n\t\t\t\t<div class=\"elementor-column elementor-col-50 elementor-inner-column elementor-element elementor-element-64ea1b53\" data-id=\"64ea1b53\" data-element_type=\"column\" data-settings=\"{&quot;background_background&quot;:&quot;classic&quot;}\">\n\t\t\t<div class=\"elementor-widget-wrap elementor-element-populated\">\n\t\t\t\t\t\t<div class=\"elementor-element elementor-element-7ac216c elementor-widget elementor-widget-image\" data-id=\"7ac216c\" data-element_type=\"widget\" data-widget_type=\"image.default\">\n\t\t\t\t<div class=\"elementor-widget-container\">\n\t\t\t\t\t\t\t\t\t\t\t\t\t<img fetchpriority=\"high\" decoding=\"async\" width=\"600\" height=\"309\" src=\"https:\/\/centre-region.eu\/wp-content\/uploads\/2021\/11\/Black-friday-DE-sigh-up-2.jpg\" class=\"attachment-large size-large wp-image-19165\" alt=\"\" srcset=\"https:\/\/centre-region.eu\/wp-content\/uploads\/2021\/11\/Black-friday-DE-sigh-up-2.jpg 600w, https:\/\/centre-region.eu\/wp-content\/uploads\/2021\/11\/Black-friday-DE-sigh-up-2-300x155.jpg 300w\" sizes=\"(max-width: 600px) 100vw, 600px\" \/>\t\t\t\t\t\t\t\t\t\t\t\t\t<\/div>\n\t\t\t\t<\/div>\n\t\t\t\t\t<\/div>\n\t\t<\/div>\n\t\t\t\t\t<\/div>\n\t\t<\/section>\n\t\t\t\t\t<\/div>\n\t\t<\/div>\n\t\t\t\t\t<\/div>\n\t\t<\/section>\n\t\t\t\t<\/div>\n\t\t","protected":false},"excerpt":{"rendered":"<p>Informieren Sie sich \u00fcber die n\u00e4chsten Black Sunday Sale Unsere Verkaufspolitik sieht folgenderma\u00dfen aus: ein- bis zweimal im Monat veranstalten wir einen gro\u00dfen Verkaufstag, den wir Black Friday oder Black Sunday Sale nennen. Zus\u00e4tzlich zum erm\u00e4\u00dfigten Preis bieten wir Geschenke wie eine Tasche f\u00fcr die Kolzov-Platte, eine Halterung f\u00fcr die Kolzov-Platte.\u00a0An diesem Tag k\u00f6nnen Sie &hellip;<\/p>\n<p class=\"read-more\"> <a class=\"\" href=\"https:\/\/centre-region.eu\/de\/black-sunday-sale-kolzov-platte-ab-79-euro\/\"> <span class=\"screen-reader-text\">BLACK SUNDAY SALE &#8211; Kolzov-Platte ab 79 Euro<\/span> Weiterlesen &raquo;<\/a><\/p>\n","protected":false},"author":2,"featured_media":0,"parent":0,"menu_order":0,"comment_status":"closed","ping_status":"closed","template":"","meta":{"site-sidebar-layout":"no-sidebar","site-content-layout":"page-builder","ast-global-header-display":"","ast-main-header-display":"","ast-hfb-above-header-display":"","ast-hfb-below-header-display":"","ast-hfb-mobile-header-display":"","site-post-title":"disabled","ast-breadcrumbs-content":"","ast-featured-img":"disabled","footer-sml-layout":"","theme-transparent-header-meta":"default","adv-header-id-meta":"","stick-header-meta":"","header-above-stick-meta":"","header-main-stick-meta":"","header-below-stick-meta":"","footnotes":""},"class_list":["post-19160","page","type-page","status-publish","hentry"],"acf":[],"yoast_head":"<!-- This site is optimized with the Yoast SEO plugin v22.2 - https:\/\/yoast.com\/wordpress\/plugins\/seo\/ -->\n<title>BLACK SUNDAY SALE - Kolzov-Platte ab 79 Euro - Centre-Region<\/title>\n<meta name=\"description\" content=\"Kolzov-Platte so niedrig wie 79 Euro kaufen. Black Sunday Sale vom europ\u00e4ischen Vertriebsh\u00e4ndler CentreRegion. Tragen Sie sich in die Mailingliste ein, um das n\u00e4chste Verkaufsdatum zu erfahren.\" \/>\n<meta name=\"robots\" content=\"index, follow, max-snippet:-1, max-image-preview:large, max-video-preview:-1\" \/>\n<link rel=\"canonical\" href=\"https:\/\/centre-region.eu\/de\/black-sunday-sale-kolzov-platte-ab-79-euro\/\" \/>\n<meta property=\"og:locale\" content=\"de_DE\" \/>\n<meta property=\"og:type\" content=\"article\" \/>\n<meta property=\"og:title\" content=\"BLACK SUNDAY SALE - Kolzov-Platte ab 79 Euro - Centre-Region\" \/>\n<meta property=\"og:description\" content=\"Kolzov-Platte so niedrig wie 79 Euro kaufen. Black Sunday Sale vom europ\u00e4ischen Vertriebsh\u00e4ndler CentreRegion. Tragen Sie sich in die Mailingliste ein, um das n\u00e4chste Verkaufsdatum zu erfahren.\" \/>\n<meta property=\"og:url\" content=\"https:\/\/centre-region.eu\/de\/black-sunday-sale-kolzov-platte-ab-79-euro\/\" \/>\n<meta property=\"og:site_name\" content=\"Centre-Region\" \/>\n<meta property=\"article:modified_time\" content=\"2021-11-01T23:18:46+00:00\" \/>\n<meta property=\"og:image\" content=\"https:\/\/centre-region.eu\/wp-content\/uploads\/2021\/11\/Black-friday-DE-sigh-up-2.jpg\" \/>\n<meta name=\"twitter:card\" content=\"summary_large_image\" \/>\n<meta name=\"twitter:label1\" content=\"Gesch\u00e4tzte Lesezeit\" \/>\n\t<meta name=\"twitter:data1\" content=\"1\u00a0Minute\" \/>\n<script type=\"application\/ld+json\" class=\"yoast-schema-graph\">{\"@context\":\"https:\/\/schema.org\",\"@graph\":[{\"@type\":\"WebPage\",\"@id\":\"https:\/\/centre-region.eu\/de\/black-sunday-sale-kolzov-platte-ab-79-euro\/\",\"url\":\"https:\/\/centre-region.eu\/de\/black-sunday-sale-kolzov-platte-ab-79-euro\/\",\"name\":\"BLACK SUNDAY SALE - Kolzov-Platte ab 79 Euro - Centre-Region\",\"isPartOf\":{\"@id\":\"https:\/\/centre-region.eu\/de\/#website\"},\"primaryImageOfPage\":{\"@id\":\"https:\/\/centre-region.eu\/de\/black-sunday-sale-kolzov-platte-ab-79-euro\/#primaryimage\"},\"image\":{\"@id\":\"https:\/\/centre-region.eu\/de\/black-sunday-sale-kolzov-platte-ab-79-euro\/#primaryimage\"},\"thumbnailUrl\":\"https:\/\/centre-region.eu\/wp-content\/uploads\/2021\/11\/Black-friday-DE-sigh-up-2.jpg\",\"datePublished\":\"2021-11-01T22:54:51+00:00\",\"dateModified\":\"2021-11-01T23:18:46+00:00\",\"description\":\"Kolzov-Platte so niedrig wie 79 Euro kaufen. Black Sunday Sale vom europ\u00e4ischen Vertriebsh\u00e4ndler CentreRegion. Tragen Sie sich in die Mailingliste ein, um das n\u00e4chste Verkaufsdatum zu erfahren.\",\"breadcrumb\":{\"@id\":\"https:\/\/centre-region.eu\/de\/black-sunday-sale-kolzov-platte-ab-79-euro\/#breadcrumb\"},\"inLanguage\":\"de\",\"potentialAction\":[{\"@type\":\"ReadAction\",\"target\":[\"https:\/\/centre-region.eu\/de\/black-sunday-sale-kolzov-platte-ab-79-euro\/\"]}]},{\"@type\":\"ImageObject\",\"inLanguage\":\"de\",\"@id\":\"https:\/\/centre-region.eu\/de\/black-sunday-sale-kolzov-platte-ab-79-euro\/#primaryimage\",\"url\":\"https:\/\/centre-region.eu\/wp-content\/uploads\/2021\/11\/Black-friday-DE-sigh-up-2.jpg\",\"contentUrl\":\"https:\/\/centre-region.eu\/wp-content\/uploads\/2021\/11\/Black-friday-DE-sigh-up-2.jpg\",\"width\":600,\"height\":309},{\"@type\":\"BreadcrumbList\",\"@id\":\"https:\/\/centre-region.eu\/de\/black-sunday-sale-kolzov-platte-ab-79-euro\/#breadcrumb\",\"itemListElement\":[{\"@type\":\"ListItem\",\"position\":1,\"name\":\"Home\",\"item\":\"https:\/\/centre-region.eu\/de\/\"},{\"@type\":\"ListItem\",\"position\":2,\"name\":\"BLACK SUNDAY SALE &#8211; Kolzov-Platte ab 79 Euro\"}]},{\"@type\":\"WebSite\",\"@id\":\"https:\/\/centre-region.eu\/de\/#website\",\"url\":\"https:\/\/centre-region.eu\/de\/\",\"name\":\"Centre-Region\",\"description\":\"official European representative of the \u00abCentre Region\u00bb company\",\"publisher\":{\"@id\":\"https:\/\/centre-region.eu\/de\/#organization\"},\"potentialAction\":[{\"@type\":\"SearchAction\",\"target\":{\"@type\":\"EntryPoint\",\"urlTemplate\":\"https:\/\/centre-region.eu\/de\/?s={search_term_string}\"},\"query-input\":\"required name=search_term_string\"}],\"inLanguage\":\"de\"},{\"@type\":\"Organization\",\"@id\":\"https:\/\/centre-region.eu\/de\/#organization\",\"name\":\"Centre-Region\",\"url\":\"https:\/\/centre-region.eu\/de\/\",\"logo\":{\"@type\":\"ImageObject\",\"inLanguage\":\"de\",\"@id\":\"https:\/\/centre-region.eu\/de\/#\/schema\/logo\/image\/\",\"url\":\"https:\/\/centre-region.eu\/wp-content\/uploads\/2019\/11\/Logo-Centre-Region-eu-5-1.svg\",\"contentUrl\":\"https:\/\/centre-region.eu\/wp-content\/uploads\/2019\/11\/Logo-Centre-Region-eu-5-1.svg\",\"caption\":\"Centre-Region\"},\"image\":{\"@id\":\"https:\/\/centre-region.eu\/de\/#\/schema\/logo\/image\/\"}}]}<\/script>\n<!-- \/ Yoast SEO plugin. -->","yoast_head_json":{"title":"BLACK SUNDAY SALE - Kolzov-Platte ab 79 Euro - Centre-Region","description":"Kolzov-Platte so niedrig wie 79 Euro kaufen. Black Sunday Sale vom europ\u00e4ischen Vertriebsh\u00e4ndler CentreRegion. Tragen Sie sich in die Mailingliste ein, um das n\u00e4chste Verkaufsdatum zu erfahren.","robots":{"index":"index","follow":"follow","max-snippet":"max-snippet:-1","max-image-preview":"max-image-preview:large","max-video-preview":"max-video-preview:-1"},"canonical":"https:\/\/centre-region.eu\/de\/black-sunday-sale-kolzov-platte-ab-79-euro\/","og_locale":"de_DE","og_type":"article","og_title":"BLACK SUNDAY SALE - Kolzov-Platte ab 79 Euro - Centre-Region","og_description":"Kolzov-Platte so niedrig wie 79 Euro kaufen. Black Sunday Sale vom europ\u00e4ischen Vertriebsh\u00e4ndler CentreRegion. Tragen Sie sich in die Mailingliste ein, um das n\u00e4chste Verkaufsdatum zu erfahren.","og_url":"https:\/\/centre-region.eu\/de\/black-sunday-sale-kolzov-platte-ab-79-euro\/","og_site_name":"Centre-Region","article_modified_time":"2021-11-01T23:18:46+00:00","og_image":[{"url":"https:\/\/centre-region.eu\/wp-content\/uploads\/2021\/11\/Black-friday-DE-sigh-up-2.jpg"}],"twitter_card":"summary_large_image","twitter_misc":{"Gesch\u00e4tzte Lesezeit":"1\u00a0Minute"},"schema":{"@context":"https:\/\/schema.org","@graph":[{"@type":"WebPage","@id":"https:\/\/centre-region.eu\/de\/black-sunday-sale-kolzov-platte-ab-79-euro\/","url":"https:\/\/centre-region.eu\/de\/black-sunday-sale-kolzov-platte-ab-79-euro\/","name":"BLACK SUNDAY SALE - Kolzov-Platte ab 79 Euro - Centre-Region","isPartOf":{"@id":"https:\/\/centre-region.eu\/de\/#website"},"primaryImageOfPage":{"@id":"https:\/\/centre-region.eu\/de\/black-sunday-sale-kolzov-platte-ab-79-euro\/#primaryimage"},"image":{"@id":"https:\/\/centre-region.eu\/de\/black-sunday-sale-kolzov-platte-ab-79-euro\/#primaryimage"},"thumbnailUrl":"https:\/\/centre-region.eu\/wp-content\/uploads\/2021\/11\/Black-friday-DE-sigh-up-2.jpg","datePublished":"2021-11-01T22:54:51+00:00","dateModified":"2021-11-01T23:18:46+00:00","description":"Kolzov-Platte so niedrig wie 79 Euro kaufen. Black Sunday Sale vom europ\u00e4ischen Vertriebsh\u00e4ndler CentreRegion. Tragen Sie sich in die Mailingliste ein, um das n\u00e4chste Verkaufsdatum zu erfahren.","breadcrumb":{"@id":"https:\/\/centre-region.eu\/de\/black-sunday-sale-kolzov-platte-ab-79-euro\/#breadcrumb"},"inLanguage":"de","potentialAction":[{"@type":"ReadAction","target":["https:\/\/centre-region.eu\/de\/black-sunday-sale-kolzov-platte-ab-79-euro\/"]}]},{"@type":"ImageObject","inLanguage":"de","@id":"https:\/\/centre-region.eu\/de\/black-sunday-sale-kolzov-platte-ab-79-euro\/#primaryimage","url":"https:\/\/centre-region.eu\/wp-content\/uploads\/2021\/11\/Black-friday-DE-sigh-up-2.jpg","contentUrl":"https:\/\/centre-region.eu\/wp-content\/uploads\/2021\/11\/Black-friday-DE-sigh-up-2.jpg","width":600,"height":309},{"@type":"BreadcrumbList","@id":"https:\/\/centre-region.eu\/de\/black-sunday-sale-kolzov-platte-ab-79-euro\/#breadcrumb","itemListElement":[{"@type":"ListItem","position":1,"name":"Home","item":"https:\/\/centre-region.eu\/de\/"},{"@type":"ListItem","position":2,"name":"BLACK SUNDAY SALE &#8211; Kolzov-Platte ab 79 Euro"}]},{"@type":"WebSite","@id":"https:\/\/centre-region.eu\/de\/#website","url":"https:\/\/centre-region.eu\/de\/","name":"Centre-Region","description":"official European representative of the \u00abCentre Region\u00bb company","publisher":{"@id":"https:\/\/centre-region.eu\/de\/#organization"},"potentialAction":[{"@type":"SearchAction","target":{"@type":"EntryPoint","urlTemplate":"https:\/\/centre-region.eu\/de\/?s={search_term_string}"},"query-input":"required name=search_term_string"}],"inLanguage":"de"},{"@type":"Organization","@id":"https:\/\/centre-region.eu\/de\/#organization","name":"Centre-Region","url":"https:\/\/centre-region.eu\/de\/","logo":{"@type":"ImageObject","inLanguage":"de","@id":"https:\/\/centre-region.eu\/de\/#\/schema\/logo\/image\/","url":"https:\/\/centre-region.eu\/wp-content\/uploads\/2019\/11\/Logo-Centre-Region-eu-5-1.svg","contentUrl":"https:\/\/centre-region.eu\/wp-content\/uploads\/2019\/11\/Logo-Centre-Region-eu-5-1.svg","caption":"Centre-Region"},"image":{"@id":"https:\/\/centre-region.eu\/de\/#\/schema\/logo\/image\/"}}]}},"_links":{"self":[{"href":"https:\/\/centre-region.eu\/de\/wp-json\/wp\/v2\/pages\/19160","targetHints":{"allow":["GET"]}}],"collection":[{"href":"https:\/\/centre-region.eu\/de\/wp-json\/wp\/v2\/pages"}],"about":[{"href":"https:\/\/centre-region.eu\/de\/wp-json\/wp\/v2\/types\/page"}],"author":[{"embeddable":true,"href":"https:\/\/centre-region.eu\/de\/wp-json\/wp\/v2\/users\/2"}],"replies":[{"embeddable":true,"href":"https:\/\/centre-region.eu\/de\/wp-json\/wp\/v2\/comments?post=19160"}],"version-history":[{"count":12,"href":"https:\/\/centre-region.eu\/de\/wp-json\/wp\/v2\/pages\/19160\/revisions"}],"predecessor-version":[{"id":19188,"href":"https:\/\/centre-region.eu\/de\/wp-json\/wp\/v2\/pages\/19160\/revisions\/19188"}],"wp:attachment":[{"href":"https:\/\/centre-region.eu\/de\/wp-json\/wp\/v2\/media?parent=19160"}],"curies":[{"name":"wp","href":"https:\/\/api.w.org\/{rel}","templated":true}]}}